{"id":1046,"date":"2018-02-12T14:40:53","date_gmt":"2018-02-12T13:40:53","guid":{"rendered":"http:\/\/www2.krajskakniznicazilina.sk\/?page_id=1046"},"modified":"2019-06-17T09:56:15","modified_gmt":"2019-06-17T07:56:15","slug":"kia","status":"publish","type":"page","link":"https:\/\/www.krajskakniznicazilina.sk\/index.php\/o-kniznici\/projekty\/kia\/","title":{"rendered":"KIA Motors Slovakia"},"content":{"rendered":"<p style=\"text-align: justify;\">V\u00a0roku 2018 Nad\u00e1cia Kia Motors Slovakia poskytla Krajskej kni\u017enici v\u00a0\u017diline grant na realiz\u00e1ciu projektu \u201e<strong>Kni\u017enica \u2013 vzdel\u00e1vacie centrum pre deti i\u00a0dospel\u00fdch<\/strong>\u201c vo v\u00fd\u0161ke\u00a0<strong>1\u00a0865,63<\/strong>\u00a0<strong>\u20ac.<\/strong>\u00a0V\u010faka spom\u00ednan\u00e9mu projektu mohla\u00a0 Krajsk\u00e1 kni\u017enica v\u00a0\u017diline vybavi\u0165 klubov\u00fa miestnos\u0165, kde sa realizuj\u00fa po\u010detn\u00e9 kult\u00farno-vzdel\u00e1vacie. podujatia, kvalitnou technikou, ktor\u00e1 bude sl\u00fa\u017ei\u0165 pou\u017e\u00edvate\u013eom. Taktie\u017e boli zak\u00fapen\u00e9 z\u00e1bavn\u00e9 interakt\u00edvne knihy a\u00a0eduka\u010dn\u00e9 hry, ktor\u00e9 bud\u00fa k\u00a0dispoz\u00edci\u00ed pre deti na prezen\u010dn\u00e9 i\u00a0absen\u010dn\u00e9 po\u017ei\u010diavanie.<\/p>\n<p style=\"text-align: justify;\">V\u00a0roku 2017 Nad\u00e1cia Kia Motors Slovakia poskytla\u00a0 Krajskej kni\u017enici v\u00a0\u017diline grant na realiz\u00e1ciu projektu \u201e<strong>\u010c\u00edtanie d\u00e1va \u010dloveku to, \u010do cez \u017eiadne in\u00e9 m\u00e9di\u00e1 nedostane<\/strong>\u201c.\u00a0 V\u00a0r\u00e1mci realiz\u00e1cie projektu boli nak\u00fapen\u00e9 nov\u00e9 knihy s\u00a0d\u00f4razom na literat\u00faru pre deti a\u00a0ml\u00e1de\u017e v\u00a0hodnote <strong>1\u00a0520,92<\/strong> \u20ac.<\/p>\n<p style=\"text-align: justify;\"><a href=\"https:\/\/www.nadaciakia.sk\/\"><img decoding=\"async\" class=\"size-medium alignright\" src=\"https:\/\/www.krajskakniznicazilina.sk\/menu\/okniz\/part\/kia_logo.png\" width=\"30%\" height=\"30%\" \/><\/a>V\u010faka finan\u010dnej podpore Nada\u010dn\u00e9ho fondu KIA Motors Slovakia v Nad\u00e1cii Pontis sme v r\u00e1mci projektu<strong>\u00a0Kni\u017enica pre v\u0161etk\u00fdch v roku 2016<\/strong>\u00a0mohli zak\u00fapi\u0165 nov\u00e9 MP3 prehr\u00e1va\u010de zvukov\u00fdch kn\u00edh a \u010d\u00edta\u010dky elektronick\u00fdch kn\u00edh. Fond detskej literat\u00fary sa rozr\u00e1stol o nov\u00e9 hmatov\u00e9 knihy ur\u010den\u00e9 pre \u010ditate\u013eov z radov najmen\u0161\u00edch a znev\u00fdhodnen\u00fdch det\u00ed.<\/p>\n<p style=\"text-align: justify;\">KIA Motors Slovakia v Nad\u00e1cii Pontis v roku 2015 finan\u010dne prispela na k\u00fapu detsk\u00fdch kn\u00edh, hier, materi\u00e1lov a detsk\u00fdch kobercov do\u00a0Rozpr\u00e1vkovej miestnosti Krajskej kni\u017enice v \u017diline.<\/p>\n<p>Po\u010das rokov 2012 a 2014 spolo\u010dnos\u0165 KIA Motors finan\u010dne prispela na n\u00e1kup kn\u00edh a hra\u010diek do Krajskej kni\u017enice v \u017diline.<\/p>\n","protected":false},"excerpt":{"rendered":"<p>V\u00a0roku 2018 Nad\u00e1cia Kia Motors Slovakia poskytla Krajskej kni\u017enici v\u00a0\u017diline grant na realiz\u00e1ciu projektu \u201eKni\u017enica \u2013 vzdel\u00e1vacie centrum pre deti i\u00a0dospel\u00fdch\u201c vo v\u00fd\u0161ke\u00a01\u00a0865,63\u00a0\u20ac.\u00a0V\u010faka spom\u00ednan\u00e9mu projektu mohla\u00a0 Krajsk\u00e1 kni\u017enica v\u00a0\u017diline vybavi\u0165 klubov\u00fa miestnos\u0165, kde sa realizuj\u00fa po\u010detn\u00e9 kult\u00farno-vzdel\u00e1vacie. podujatia, kvalitnou technikou, ktor\u00e1 bude sl\u00fa\u017ei\u0165 pou\u017e\u00edvate\u013eom. Taktie\u017e boli zak\u00fapen\u00e9 z\u00e1bavn\u00e9 interakt\u00edvne knihy a\u00a0eduka\u010dn\u00e9 hry, ktor\u00e9 bud\u00fa k\u00a0dispoz\u00edci\u00ed &#8230; <a title=\"KIA Motors Slovakia\" class=\"read-more\" href=\"https:\/\/www.krajskakniznicazilina.sk\/index.php\/o-kniznici\/projekty\/kia\/\" aria-label=\"Pre\u010d\u00edtajte si viac o KIA Motors Slovakia\">\u010c\u00edta\u0165 viac<\/a><\/p>\n","protected":false},"author":1,"featured_media":0,"parent":73,"menu_order":0,"comment_status":"closed","ping_status":"closed","template":"","meta":{"footnotes":""},"class_list":["post-1046","page","type-page","status-publish"],"_links":{"self":[{"href":"https:\/\/www.krajskakniznicazilina.sk\/index.php\/wp-json\/wp\/v2\/pages\/1046","targetHints":{"allow":["GET"]}}],"collection":[{"href":"https:\/\/www.krajskakniznicazilina.sk\/index.php\/wp-json\/wp\/v2\/pages"}],"about":[{"href":"https:\/\/www.krajskakniznicazilina.sk\/index.php\/wp-json\/wp\/v2\/types\/page"}],"author":[{"embeddable":true,"href":"https:\/\/www.krajskakniznicazilina.sk\/index.php\/wp-json\/wp\/v2\/users\/1"}],"replies":[{"embeddable":true,"href":"https:\/\/www.krajskakniznicazilina.sk\/index.php\/wp-json\/wp\/v2\/comments?post=1046"}],"version-history":[{"count":14,"href":"https:\/\/www.krajskakniznicazilina.sk\/index.php\/wp-json\/wp\/v2\/pages\/1046\/revisions"}],"predecessor-version":[{"id":3883,"href":"https:\/\/www.krajskakniznicazilina.sk\/index.php\/wp-json\/wp\/v2\/pages\/1046\/revisions\/3883"}],"up":[{"embeddable":true,"href":"https:\/\/www.krajskakniznicazilina.sk\/index.php\/wp-json\/wp\/v2\/pages\/73"}],"wp:attachment":[{"href":"https:\/\/www.krajskakniznicazilina.sk\/index.php\/wp-json\/wp\/v2\/media?parent=1046"}],"curies":[{"name":"wp","href":"https:\/\/api.w.org\/{rel}","templated":true}]}}