{"id":1061,"date":"2018-02-12T15:43:35","date_gmt":"2018-02-12T14:43:35","guid":{"rendered":"http:\/\/www2.krajskakniznicazilina.sk\/?page_id=1061"},"modified":"2019-06-17T10:05:27","modified_gmt":"2019-06-17T08:05:27","slug":"books-on-line","status":"publish","type":"page","link":"https:\/\/www.krajskakniznicazilina.sk\/index.php\/o-kniznici\/projekty\/books-on-line\/","title":{"rendered":"Boo &#8211; Books On-Line"},"content":{"rendered":"<p>Kni\u017enica participuje na medzin\u00e1rodnom projekte\u00a0Booo \u2013\u00a0<a href=\"https:\/\/www.booksonlineguide.eu\/\">Books On-Line<\/a>\u00a0v r\u00e1mci programu celo\u017eivotn\u00e9ho vzdel\u00e1vania GRUNDTVIG.<img loading=\"lazy\" decoding=\"async\" class=\"aligncenter\" title=\"GRUNDTVIG\" src=\"https:\/\/www.krajskakniznicazilina.sk\/menu\/okniz\/pro\/bol\/grundtvig.gif\" alt=\"GRUNDTVIG\" width=\"96\" height=\"77\" align=\"middle\" border=\"1\" \/><\/p>\n<p><a href=\"https:\/\/www.krajskakniznicazilina.sk\/menu\/okniz\/pro\/bol\/bolSK.pdf\"><img decoding=\"async\" class=\"alignleft\" src=\"https:\/\/www.krajskakniznicazilina.sk\/menu\/okniz\/pro\/bol\/bolSK.png\" alt=\"Books online - SK plag\u00e1t\" width=\"40%\" height=\"40%\" \/><\/a><a href=\"https:\/\/www.krajskakniznicazilina.sk\/menu\/okniz\/pro\/bol\/bolENG.pdf\"><img decoding=\"async\" class=\"alignright\" src=\"https:\/\/www.krajskakniznicazilina.sk\/menu\/okniz\/pro\/bol\/bolENG.jpg\" alt=\"Books online - ENG plag\u00e1t\" width=\"40%\" height=\"40%\" \/><\/a><\/p>\n","protected":false},"excerpt":{"rendered":"<p>Kni\u017enica participuje na medzin\u00e1rodnom projekte\u00a0Booo \u2013\u00a0Books On-Line\u00a0v r\u00e1mci programu celo\u017eivotn\u00e9ho vzdel\u00e1vania GRUNDTVIG.<\/p>\n","protected":false},"author":1,"featured_media":0,"parent":73,"menu_order":0,"comment_status":"closed","ping_status":"closed","template":"","meta":{"footnotes":""},"class_list":["post-1061","page","type-page","status-publish"],"_links":{"self":[{"href":"https:\/\/www.krajskakniznicazilina.sk\/index.php\/wp-json\/wp\/v2\/pages\/1061","targetHints":{"allow":["GET"]}}],"collection":[{"href":"https:\/\/www.krajskakniznicazilina.sk\/index.php\/wp-json\/wp\/v2\/pages"}],"about":[{"href":"https:\/\/www.krajskakniznicazilina.sk\/index.php\/wp-json\/wp\/v2\/types\/page"}],"author":[{"embeddable":true,"href":"https:\/\/www.krajskakniznicazilina.sk\/index.php\/wp-json\/wp\/v2\/users\/1"}],"replies":[{"embeddable":true,"href":"https:\/\/www.krajskakniznicazilina.sk\/index.php\/wp-json\/wp\/v2\/comments?post=1061"}],"version-history":[{"count":8,"href":"https:\/\/www.krajskakniznicazilina.sk\/index.php\/wp-json\/wp\/v2\/pages\/1061\/revisions"}],"predecessor-version":[{"id":3889,"href":"https:\/\/www.krajskakniznicazilina.sk\/index.php\/wp-json\/wp\/v2\/pages\/1061\/revisions\/3889"}],"up":[{"embeddable":true,"href":"https:\/\/www.krajskakniznicazilina.sk\/index.php\/wp-json\/wp\/v2\/pages\/73"}],"wp:attachment":[{"href":"https:\/\/www.krajskakniznicazilina.sk\/index.php\/wp-json\/wp\/v2\/media?parent=1061"}],"curies":[{"name":"wp","href":"https:\/\/api.w.org\/{rel}","templated":true}]}}