{"id":11090,"date":"2023-03-28T12:18:11","date_gmt":"2023-03-28T10:18:11","guid":{"rendered":"https:\/\/www.krajskakniznicazilina.sk\/?page_id=11090"},"modified":"2026-03-12T10:53:33","modified_gmt":"2026-03-12T09:53:33","slug":"darujte-svoje-2-oz-brana-poznania","status":"publish","type":"page","link":"https:\/\/www.krajskakniznicazilina.sk\/index.php\/o-kniznici\/oz-poznania\/darujte-svoje-2-oz-brana-poznania\/","title":{"rendered":"Darujte svoje 2% OZ Br\u00e1na poznania"},"content":{"rendered":"<p style=\"text-align: justify;\"><a href=\"https:\/\/www.krajskakniznicazilina.sk\/menu\/okniz\/KKZA.jpg\"><img decoding=\"async\" class=\"size-full alignright\" src=\"https:\/\/www.krajskakniznicazilina.sk\/menu\/okniz\/KKZA.jpg\" width=\"20%\" height=\"20%\" \/><\/a><\/p>\n<p style=\"text-align: justify;\">Mil\u00ed priatelia Krajskej kni\u017enice v\u00a0\u017diline,<\/p>\n<p style=\"text-align: justify;\">i\u00a0tento rok si V\u00e1s\u00a0dovo\u013eujeme po\u017eiada\u0165 o pouk\u00e1zanie 2 % z\u00a0Va\u0161ich dan\u00ed\u00a0ob\u010dianskemu zdru\u017eeniu \u010ditate\u013eov, zamestnancov a\u00a0priate\u013eov na\u0161ej kni\u017enice.<\/p>\n<p style=\"text-align: justify;\"><strong>Postup <\/strong><strong>pre pr\u00e1vnick\u00e9 osoby a fyzick\u00e9 osoby, ktor\u00e9 si sam\u00e9 pod\u00e1vaj\u00fa da\u0148ov\u00e9 priznanie:<\/strong><\/p>\n<p style=\"text-align: justify;\">V\u00a0da\u0148ovom priznan\u00ed do kol\u00f3nky o pouk\u00e1zan\u00ed podielu zaplatenej dane pros\u00edm uve\u010fte:<\/p>\n<table width=\"397\">\n<tbody>\n<tr>\n<td width=\"179\">I\u010cO\/SID:<\/td>\n<td width=\"191\"><strong>37972626<\/strong><\/td>\n<\/tr>\n<tr>\n<td width=\"179\">Pr\u00e1vna forma:<\/td>\n<td width=\"191\"><strong>Ob\u010dianske zdru\u017eenie<\/strong><\/td>\n<\/tr>\n<tr>\n<td width=\"179\">Obchodn\u00e9 meno (n\u00e1zov):<\/td>\n<td width=\"191\"><strong>BR\u00c1NA POZNANIA<\/strong><\/td>\n<\/tr>\n<tr>\n<td width=\"179\">Ulica:<\/td>\n<td width=\"191\"><strong>Bernol\u00e1kova<\/strong><\/td>\n<\/tr>\n<tr>\n<td width=\"179\">S\u00fapisn\u00e9\/orienta\u010dn\u00e9 \u010d\u00edslo:<\/td>\n<td width=\"191\"><strong>47<\/strong><\/td>\n<\/tr>\n<tr>\n<td width=\"179\">PS\u010c:<\/td>\n<td width=\"191\"><strong>011 77<\/strong><\/td>\n<\/tr>\n<tr>\n<td width=\"179\">Obec:<\/td>\n<td width=\"191\"><strong>\u017dILINA<\/strong><\/td>\n<\/tr>\n<\/tbody>\n<\/table>\n<p style=\"text-align: justify;\"><strong>Postup <\/strong><strong>pre zamestnancov: <\/strong><\/p>\n<p style=\"text-align: justify;\">Po\u017eiadajte zamestn\u00e1vate\u013ea, aby V\u00e1m vystavil <a href=\"https:\/\/pfseform.financnasprava.sk\/Formulare\/eFormVzor\/DP\/form.623.html\">Potvrdenie o zaplateni dane<\/a><strong>.<\/strong> Vypl\u0148te <a href=\"https:\/\/pfseform.financnasprava.sk\/Formulare\/eFormVzor\/DP\/form.623.html\"><u><strong>Vyhl\u00e1senie o pouk\u00e1zan\u00ed podielu zaplatenej dane<\/strong><\/u><\/a>.<\/p>\n<p style=\"text-align: justify;\">Obe vyplnen\u00e9 tla\u010div\u00e1 pros\u00edm doru\u010dte <strong>do 30. apr\u00edla 2026<\/strong>\u00a0na pr\u00edslu\u0161n\u00fd da\u0148ov\u00fd \u00farad pod\u013ea miesta bydliska.<\/p>\n<p style=\"text-align: justify;\">V\u00a0uplynul\u00fdch rokoch sme v\u010faka V\u00e1m mohli nak\u00fapi\u0165 nov\u00e9 knihy a\u00a0realizova\u0165 mnoh\u00e9 kult\u00farne a\u00a0vzdel\u00e1vacie podujatia pre deti a\u00a0ml\u00e1de\u017e.<\/p>\n<p><a href=\"https:\/\/www.financnasprava.sk\/sk\/obcania\/dane\/dan-z-prijmov\/danove-priznanie-dan-prijem#PoukazaniePercentaDane\">Podrobnej\u0161ie inform\u00e1cie.<\/a><\/p>\n<p style=\"text-align: justify;\">\u010eakujeme za Va\u0161u podporu.<\/p>\n","protected":false},"excerpt":{"rendered":"<p>Mil\u00ed priatelia Krajskej kni\u017enice v\u00a0\u017diline, i\u00a0tento rok si V\u00e1s\u00a0dovo\u013eujeme po\u017eiada\u0165 o pouk\u00e1zanie 2 % z\u00a0Va\u0161ich dan\u00ed\u00a0ob\u010dianskemu zdru\u017eeniu \u010ditate\u013eov, zamestnancov a\u00a0priate\u013eov na\u0161ej kni\u017enice. Postup pre pr\u00e1vnick\u00e9 osoby a fyzick\u00e9 osoby, ktor\u00e9 si sam\u00e9 pod\u00e1vaj\u00fa da\u0148ov\u00e9 priznanie: V\u00a0da\u0148ovom priznan\u00ed do kol\u00f3nky o pouk\u00e1zan\u00ed podielu zaplatenej dane pros\u00edm uve\u010fte: I\u010cO\/SID: 37972626 Pr\u00e1vna forma: Ob\u010dianske zdru\u017eenie Obchodn\u00e9 meno (n\u00e1zov): &#8230; <a title=\"Darujte svoje 2% OZ Br\u00e1na poznania\" class=\"read-more\" href=\"https:\/\/www.krajskakniznicazilina.sk\/index.php\/o-kniznici\/oz-poznania\/darujte-svoje-2-oz-brana-poznania\/\" aria-label=\"Pre\u010d\u00edtajte si viac o Darujte svoje 2% OZ Br\u00e1na poznania\">\u010c\u00edta\u0165 viac<\/a><\/p>\n","protected":false},"author":1,"featured_media":0,"parent":758,"menu_order":0,"comment_status":"closed","ping_status":"closed","template":"","meta":{"footnotes":""},"class_list":["post-11090","page","type-page","status-publish"],"_links":{"self":[{"href":"https:\/\/www.krajskakniznicazilina.sk\/index.php\/wp-json\/wp\/v2\/pages\/11090","targetHints":{"allow":["GET"]}}],"collection":[{"href":"https:\/\/www.krajskakniznicazilina.sk\/index.php\/wp-json\/wp\/v2\/pages"}],"about":[{"href":"https:\/\/www.krajskakniznicazilina.sk\/index.php\/wp-json\/wp\/v2\/types\/page"}],"author":[{"embeddable":true,"href":"https:\/\/www.krajskakniznicazilina.sk\/index.php\/wp-json\/wp\/v2\/users\/1"}],"replies":[{"embeddable":true,"href":"https:\/\/www.krajskakniznicazilina.sk\/index.php\/wp-json\/wp\/v2\/comments?post=11090"}],"version-history":[{"count":12,"href":"https:\/\/www.krajskakniznicazilina.sk\/index.php\/wp-json\/wp\/v2\/pages\/11090\/revisions"}],"predecessor-version":[{"id":16916,"href":"https:\/\/www.krajskakniznicazilina.sk\/index.php\/wp-json\/wp\/v2\/pages\/11090\/revisions\/16916"}],"up":[{"embeddable":true,"href":"https:\/\/www.krajskakniznicazilina.sk\/index.php\/wp-json\/wp\/v2\/pages\/758"}],"wp:attachment":[{"href":"https:\/\/www.krajskakniznicazilina.sk\/index.php\/wp-json\/wp\/v2\/media?parent=11090"}],"curies":[{"name":"wp","href":"https:\/\/api.w.org\/{rel}","templated":true}]}}