{"id":11610,"date":"2023-08-02T14:02:25","date_gmt":"2023-08-02T12:02:25","guid":{"rendered":"https:\/\/www.krajskakniznicazilina.sk\/?page_id=11610"},"modified":"2023-08-03T07:13:50","modified_gmt":"2023-08-03T05:13:50","slug":"kniznice-pre-slovensko","status":"publish","type":"page","link":"https:\/\/www.krajskakniznicazilina.sk\/index.php\/pre-kniznice\/kniznice-pre-slovensko\/","title":{"rendered":"Kni\u017enice pre Slovensko"},"content":{"rendered":"<p style=\"text-align: justify;\">Krajsk\u00e1 kni\u017enica v \u017diline je s\u00fa\u010das\u0165ou konzorcia <a href=\"https:\/\/kniznicepreslovensko.cvtisr.sk\/\"><strong>Kni\u017enice pre Slovensko<\/strong><\/a>. <em>\u201eCie\u013eom konzorcia Kni\u017enice pre Slovensko (KPS) je intenzifik\u00e1cia vyu\u017eitia kni\u017en\u00edc ako miest pre z\u00edskanie v\u0161etk\u00fdch druhov inform\u00e1ci\u00ed, celo\u017eivotn\u00e9ho vzdel\u00e1vania, po\u010d\u00edta\u010dov\u00fdch a Industry 4.0 zru\u010dnost\u00ed, rozvoja kreativity, podpory inov\u00e1ci\u00ed a\u202fpodnikania pre v\u0161etky vekov\u00e9 skupiny obyvate\u013eov.\u201c<\/em><\/p>\n<p style=\"text-align: justify;\">Krajsk\u00e1 kni\u017enica v \u017diline sa v r.2023 stala jednou z verejn\u00fdch kni\u017en\u00edc, ktorej Centrum vedecko-technick\u00fdch inform\u00e1cii v Bratislave pomohlo zdigitalizova\u0165 region\u00e1lne periodik\u00e1. Zdigitalizovan\u00e9 periodik\u00e1 s\u00fa dostupn\u00e9 na \u00daseku region\u00e1lneho v\u00fdskumu a\u00a0bibliografie, \u010doskoro sa stan\u00fa s\u00fa\u010das\u0165ou spolo\u010dn\u00e9ho <a href=\"https:\/\/www.minedu.sk\/pocitaju-aj-v-stotisicoch-digitalizacia-fondov-slovenskych-kniznic-rozsiruje-pristup-k-informaciam\/\"><strong>zdigitalizovan\u00e9ho obsahu<\/strong><\/a>.<\/p>\n<p style=\"text-align: justify;\"><a href=\"https:\/\/nvk.cvtisr.sk\/wp-content\/uploads\/2023\/07\/TS-AI-kniznice.pdf\">Nov\u00e1 kompetencia bude v bl\u00edzkej bud\u00facnosti k\u013e\u00fa\u010dov\u00e1. <strong>Knihovn\u00edci sa zoznamuj\u00fa s umelou inteligenciou<\/strong><\/a><\/p>\n","protected":false},"excerpt":{"rendered":"<p>Krajsk\u00e1 kni\u017enica v \u017diline je s\u00fa\u010das\u0165ou konzorcia Kni\u017enice pre Slovensko. \u201eCie\u013eom konzorcia Kni\u017enice pre Slovensko (KPS) je intenzifik\u00e1cia vyu\u017eitia kni\u017en\u00edc ako miest pre z\u00edskanie v\u0161etk\u00fdch druhov inform\u00e1ci\u00ed, celo\u017eivotn\u00e9ho vzdel\u00e1vania, po\u010d\u00edta\u010dov\u00fdch a Industry 4.0 zru\u010dnost\u00ed, rozvoja kreativity, podpory inov\u00e1ci\u00ed a\u202fpodnikania pre v\u0161etky vekov\u00e9 skupiny obyvate\u013eov.\u201c Krajsk\u00e1 kni\u017enica v \u017diline sa v r.2023 stala jednou z verejn\u00fdch &#8230; <a title=\"Kni\u017enice pre Slovensko\" class=\"read-more\" href=\"https:\/\/www.krajskakniznicazilina.sk\/index.php\/pre-kniznice\/kniznice-pre-slovensko\/\" aria-label=\"Pre\u010d\u00edtajte si viac o Kni\u017enice pre Slovensko\">\u010c\u00edta\u0165 viac<\/a><\/p>\n","protected":false},"author":1,"featured_media":0,"parent":51,"menu_order":0,"comment_status":"closed","ping_status":"closed","template":"","meta":{"footnotes":""},"class_list":["post-11610","page","type-page","status-publish"],"_links":{"self":[{"href":"https:\/\/www.krajskakniznicazilina.sk\/index.php\/wp-json\/wp\/v2\/pages\/11610","targetHints":{"allow":["GET"]}}],"collection":[{"href":"https:\/\/www.krajskakniznicazilina.sk\/index.php\/wp-json\/wp\/v2\/pages"}],"about":[{"href":"https:\/\/www.krajskakniznicazilina.sk\/index.php\/wp-json\/wp\/v2\/types\/page"}],"author":[{"embeddable":true,"href":"https:\/\/www.krajskakniznicazilina.sk\/index.php\/wp-json\/wp\/v2\/users\/1"}],"replies":[{"embeddable":true,"href":"https:\/\/www.krajskakniznicazilina.sk\/index.php\/wp-json\/wp\/v2\/comments?post=11610"}],"version-history":[{"count":5,"href":"https:\/\/www.krajskakniznicazilina.sk\/index.php\/wp-json\/wp\/v2\/pages\/11610\/revisions"}],"predecessor-version":[{"id":11620,"href":"https:\/\/www.krajskakniznicazilina.sk\/index.php\/wp-json\/wp\/v2\/pages\/11610\/revisions\/11620"}],"up":[{"embeddable":true,"href":"https:\/\/www.krajskakniznicazilina.sk\/index.php\/wp-json\/wp\/v2\/pages\/51"}],"wp:attachment":[{"href":"https:\/\/www.krajskakniznicazilina.sk\/index.php\/wp-json\/wp\/v2\/media?parent=11610"}],"curies":[{"name":"wp","href":"https:\/\/api.w.org\/{rel}","templated":true}]}}