{"id":11643,"date":"2023-08-08T14:26:06","date_gmt":"2023-08-08T12:26:06","guid":{"rendered":"https:\/\/www.krajskakniznicazilina.sk\/?page_id=11643"},"modified":"2025-09-08T13:59:24","modified_gmt":"2025-09-08T11:59:24","slug":"makerspace","status":"publish","type":"page","link":"https:\/\/www.krajskakniznicazilina.sk\/index.php\/sluzby\/makerspace\/","title":{"rendered":"SmartLab"},"content":{"rendered":"<p style=\"text-align: justify;\"><strong><a href=\"https:\/\/www.krajskakniznicazilina.sk\/menu\/sluz\/SmartLab\/Brozura_SmartLab.pdf\"><img decoding=\"async\" class=\"alignright size-full\" src=\"https:\/\/www.krajskakniznicazilina.sk\/menu\/sluz\/SmartLab\/Plagat_SmartLab.jpg\" alt=\"plag\u00e1t\" width=\"30%\" height=\"30%\" \/><\/a><a href=\"https:\/\/smartlab.cvtisr.sk\/index.php\/o-smartlabe\/\">SmartLab<\/a><\/strong> <strong>&#8211; Inteligentn\u00e9 laborat\u00f3rium v kni\u017enici<\/strong><\/p>\n<p style=\"text-align: justify;\">Kreat\u00edvna diel\u0148a, makerspace, urban workshop \u010di Fablab. To s\u00fa n\u00e1zvy pre priestory, ktor\u00e9 zdie\u013eaj\u00fa spolo\u010dn\u00e9 vlastnosti, ako podpora kreativity, pr\u00edstup k modern\u00fdm v\u00fdrobn\u00fdm technol\u00f3gi\u00e1m a inovat\u00edvne vzdel\u00e1vanie. Ide o miesto, kde sa jednotlivci m\u00f4\u017eu spolo\u010dne stretn\u00fa\u0165, zdie\u013ea\u0165 n\u00e1pady, experimentova\u0165 s r\u00f4znymi n\u00e1strojmi a technol\u00f3giami a vytv\u00e1ra\u0165 fyzick\u00e9 diela. Priestor je otvoren\u00fd pre verejnos\u0165 a pon\u00faka r\u00f4znorod\u00e9 n\u00e1stroje a vybavenie, ako s\u00fa 3D tla\u010diarne, \u0161ijacie stroje, vy\u0161\u00edvac\u00ed stroj, rezac\u00ed plotter, sublima\u010dn\u00fa tla\u010d, pyrografick\u00e9 per\u00e1 pre vypa\u013eovanie do dreva a \u010fal\u0161ie technol\u00f3gie.<\/p>\n<p style=\"text-align: justify;\">Inteligentn\u00e9 laborat\u00f3rium, skr\u00e1tene\u00a0SmartLab, je tak\u00fdmto typom priestoru koncipovan\u00fdm pre verejn\u00e9 kni\u017enice, ktor\u00e9 sa rozhodli realizova\u0165 z\u00e1\u017eitkov\u00e9\u00a0<a href=\"https:\/\/smartlab.cvtisr.sk\/index.php\/podpora-zrucnost\/\">STEAM vzdel\u00e1vanie<\/a>, podporova\u0165 kreativitu, rozv\u00edja\u0165 digit\u00e1lne a\u00a0manu\u00e1lne zru\u010dnosti, popularizova\u0165 vedu a\u00a0techniku a\u00a0poskytova\u0165 inovat\u00edvne slu\u017eby svojim pou\u017e\u00edvate\u013eom.<\/p>\n<p style=\"text-align: justify;\"><em>\u201e<\/em><em>Realizovan\u00e9 v spolupr\u00e1ci s Centrom vedecko-technick\u00fdch inform\u00e1ci\u00ed SR ako priamo riadenej organiz\u00e1cii M\u0160VVaM SR v r\u00e1mci implement\u00e1cie opatrenia Podporovanie rozvoja inteligentn\u00fdch laborat\u00f3ri\u00ed v kni\u017eniciach Ak\u010dn\u00e9ho pl\u00e1nu N\u00e1rodnej strat\u00e9gie v\u00fdskumu, v\u00fdvoja a inov\u00e1ci\u00ed 2030.\u201c<\/em><\/p>\n<p><strong>Pravidl\u00e1 SmartLabu<\/strong> <strong>&#8211; Inteligentn\u00e9ho laborat\u00f3ria<\/strong><\/p>\n<ol>\n<li>Kni\u017enica prev\u00e1dzkuje SmartLab s\u00a0cie\u013eom realizova\u0165 z\u00e1\u017eitkov\u00e9\u00a0STEAM vzdel\u00e1vanie, podporova\u0165 kreativitu, rozv\u00edja\u0165 digit\u00e1lne a\u00a0manu\u00e1lne zru\u010dnosti n\u00e1v\u0161tevn\u00edkov, popularizova\u0165 vedu a\u00a0techniku a\u00a0poskytova\u0165 inovat\u00edvne slu\u017eby svojim pou\u017e\u00edvate\u013eom.<\/li>\n<li>Z\u00e1kladom je technick\u00e9 vybavenie kni\u017enice a\u00a0technick\u00e9 vybavenie z\u00edskan\u00e9 v spolupr\u00e1ci s Centrom vedecko-technick\u00fdch inform\u00e1ci\u00ed SR.<\/li>\n<li>Vyu\u017e\u00edva\u0165 slu\u017eby SmartLabu m\u00f4\u017ee pou\u017e\u00edvate\u013e s\u00a0platn\u00fdm \u010ditate\u013esk\u00fdm preukazom, v\u00fdnimku tvoria \u00fa\u010dastn\u00edci \u0161kolsk\u00fdch a vybran\u00fdch propaga\u010dn\u00fdch podujat\u00ed.<\/li>\n<li>Pou\u017e\u00edvate\u013e vyu\u017e\u00edva technick\u00e9 vybavenie pracoviska len v\u00a0pr\u00edtomnosti knihovn\u00edka, resp. po zaevidovan\u00ed \u00fadajov potrebn\u00fdch pre vyu\u017e\u00edvanie konkr\u00e9tneho zariadenia.<\/li>\n<li>Pou\u017e\u00edvate\u013e preber\u00e1 zodpovednos\u0165 za vyu\u017e\u00edvan\u00e9 zariadenie, s\u00a0v\u00fdnimkou ch\u00fdb zisten\u00fdch a\u00a0nahl\u00e1sen\u00fdch knihovn\u00edkovi na za\u010diatku pr\u00e1ce.<\/li>\n<li>Vyu\u017e\u00edvanie konkr\u00e9tneho typu technick\u00e9ho zariadenia je spoplatnen\u00e9 v\u00a0zmysle cenn\u00edka.<\/li>\n<li>V\u00a0priestoroch SmartLabu kni\u017enica pou\u017e\u00edvate\u013eom spr\u00edstup\u0148uje: 3D tla\u010diarne, \u0161ijacie stroje, <a href=\"https:\/\/www.krajskakniznicazilina.sk\/index.php\/sluzby\/makerspace\/vysivaci-stroj\/\">vy\u0161\u00edvac\u00ed stroj, <\/a><a href=\"https:\/\/www.krajskakniznicazilina.sk\/index.php\/sluzby\/makerspace\/lis-na-odznaky\/\">lis na odznaky<\/a>(Button Maker), <a href=\"https:\/\/www.krajskakniznicazilina.sk\/index.php\/sluzby\/makerspace\/sublimacna-tlaciaren\/\">sublima\u010dn\u00fa tla\u010diare\u0148<\/a>, <a href=\"https:\/\/www.krajskakniznicazilina.sk\/index.php\/sluzby\/makerspace\/pyrograficke-stanice\/\">pyrografick\u00e9 stanice<\/a>, <a href=\"https:\/\/www.krajskakniznicazilina.sk\/index.php\/sluzby\/makerspace\/rezaci-plotter\/\">rezac\u00ed plotter<\/a>, <a href=\"https:\/\/www.krajskakniznicazilina.sk\/index.php\/sluzby\/makerspace\/termolis\/\">termolis<\/a> a\u00a0\u010fal\u0161ie.<\/li>\n<li>Podmienky vyu\u017e\u00edvania konkr\u00e9tneho zariadenia a cenn\u00edk vypl\u00fdvaj\u00fa z povahy zariadenia a n\u00e1kladov na jeho prev\u00e1dzku.<\/li>\n<\/ol>\n<h3 class=\"entry-title\"><a href=\"https:\/\/www.krajskakniznicazilina.sk\/index.php\/podujatia\/smartlab-podujatia-pre-skoly\/\">SmartLab podujatia pre \u0161koly<\/a><\/h3>\n<p>&nbsp;<\/p>\n<h3><a href=\"https:\/\/www.krajskakniznicazilina.sk\/index.php\/sluzby\/makerspace\/cennik-smartlab\/\"><strong>Cenn\u00edk slu\u017eieb SmartLab<\/strong><\/a><\/h3>\n<table>\n<tbody>\n<tr>\n<td><a href=\"https:\/\/www.krajskakniznicazilina.sk\/index.php\/sluzby\/3d-tlac\/\"><img loading=\"lazy\" decoding=\"async\" class=\"alignleft\" src=\"https:\/\/www.krajskakniznicazilina.sk\/menu\/sluz\/SmartLab\/3Dprint.png\" alt=\"\" width=\"100\" height=\"100\" \/><\/a><br \/>\n<strong><a href=\"https:\/\/www.krajskakniznicazilina.sk\/index.php\/sluzby\/3d-tlac\/\">3D tla\u010d<\/a><\/strong> (Original Prusa i3 MK2,\u00a0Original Prusa Mini+ a Original Prusa MK4 S)<\/td>\n<td><a href=\"https:\/\/www.krajskakniznicazilina.sk\/index.php\/sluzby\/makerspace\/lis-na-odznaky\/\"><img loading=\"lazy\" decoding=\"async\" class=\"alignleft\" src=\"https:\/\/www.krajskakniznicazilina.sk\/menu\/sluz\/SmartLab\/button.png\" alt=\"\" width=\"100\" height=\"100\" \/><\/a><br \/>\n<a href=\"https:\/\/www.krajskakniznicazilina.sk\/index.php\/sluzby\/makerspace\/lis-na-odznaky\/\"><strong>Lis na odznaky<\/strong><\/a> (Button Maker)<\/td>\n<\/tr>\n<tr>\n<td><a href=\"https:\/\/www.krajskakniznicazilina.sk\/index.php\/sluzby\/makerspace\/termolis\/\"><img loading=\"lazy\" decoding=\"async\" class=\"alignleft\" src=\"https:\/\/www.krajskakniznicazilina.sk\/menu\/sluz\/SmartLab\/heatpress.png\" alt=\"\" width=\"100\" height=\"100\" \/><\/a><br \/>\n<a href=\"https:\/\/www.krajskakniznicazilina.sk\/index.php\/sluzby\/makerspace\/termolis\/\"><strong>Termolis<\/strong><\/a><\/td>\n<td><a href=\"https:\/\/www.krajskakniznicazilina.sk\/index.php\/sluzby\/makerspace\/sijacie-stroje\/\"><img loading=\"lazy\" decoding=\"async\" class=\"alignleft\" src=\"https:\/\/www.krajskakniznicazilina.sk\/menu\/sluz\/SmartLab\/overlock.png\" alt=\"\" width=\"100\" height=\"100\" \/><\/a><br \/>\n<a href=\"https:\/\/www.krajskakniznicazilina.sk\/index.php\/sluzby\/makerspace\/sijacie-stroje\/\"><strong>\u0160ijacie stroje Singer<\/strong><\/a> (mechanick\u00fd ME457 a overlock S0235)<\/td>\n<\/tr>\n<tr>\n<td><a href=\"https:\/\/www.krajskakniznicazilina.sk\/index.php\/sluzby\/makerspace\/rezaci-plotter\/\"><img loading=\"lazy\" decoding=\"async\" class=\"alignleft\" src=\"https:\/\/www.krajskakniznicazilina.sk\/menu\/sluz\/SmartLab\/plotter.png\" alt=\"\" width=\"100\" height=\"100\" \/><\/a><br \/>\n<a href=\"https:\/\/www.krajskakniznicazilina.sk\/index.php\/sluzby\/makerspace\/rezaci-plotter\/\"><strong>Rezac\u00ed plotter<\/strong><\/a><\/td>\n<td><a href=\"https:\/\/www.krajskakniznicazilina.sk\/index.php\/sluzby\/makerspace\/pyrograficke-stanice\/\"><img loading=\"lazy\" decoding=\"async\" class=\"alignleft\" src=\"https:\/\/www.krajskakniznicazilina.sk\/menu\/sluz\/SmartLab\/pyrograf.png\" alt=\"\" width=\"100\" height=\"100\" \/><\/a><br \/>\n<a href=\"https:\/\/www.krajskakniznicazilina.sk\/index.php\/sluzby\/makerspace\/pyrograficke-stanice\/\"><strong>Pyrografick\u00e9 stanice<\/strong><\/a><\/td>\n<\/tr>\n<tr>\n<td><a href=\"https:\/\/www.krajskakniznicazilina.sk\/index.php\/sluzby\/makerspace\/pyrograficke-stanice\/\"><img loading=\"lazy\" decoding=\"async\" class=\"alignleft\" src=\"https:\/\/www.krajskakniznicazilina.sk\/menu\/sluz\/SmartLab\/sublime.png\" alt=\"\" width=\"100\" height=\"100\" \/><\/a><br \/>\n<a href=\"https:\/\/www.krajskakniznicazilina.sk\/index.php\/sluzby\/makerspace\/sublimacna-tlaciaren\/\"><strong>Sublima\u010dn\u00e1 tla\u010diare\u0148<\/strong><\/a><\/td>\n<td><a href=\"https:\/\/www.krajskakniznicazilina.sk\/index.php\/sluzby\/makerspace\/pyrograficke-stanice\/\"><img loading=\"lazy\" decoding=\"async\" class=\"alignleft\" src=\"https:\/\/www.krajskakniznicazilina.sk\/menu\/sluz\/SmartLab\/vysivanie.png\" alt=\"\" width=\"100\" height=\"100\" \/><\/a><br \/>\n<a href=\"https:\/\/www.krajskakniznicazilina.sk\/index.php\/sluzby\/makerspace\/vysivaci-stroj\/\"><strong>Vy\u0161\u00edvac\u00ed stroj<\/strong> <\/a>Brother Innovis V3<\/td>\n<\/tr>\n<\/tbody>\n<\/table>\n","protected":false},"excerpt":{"rendered":"<p>SmartLab &#8211; Inteligentn\u00e9 laborat\u00f3rium v kni\u017enici Kreat\u00edvna diel\u0148a, makerspace, urban workshop \u010di Fablab. To s\u00fa n\u00e1zvy pre priestory, ktor\u00e9 zdie\u013eaj\u00fa spolo\u010dn\u00e9 vlastnosti, ako podpora kreativity, pr\u00edstup k modern\u00fdm v\u00fdrobn\u00fdm technol\u00f3gi\u00e1m a inovat\u00edvne vzdel\u00e1vanie. Ide o miesto, kde sa jednotlivci m\u00f4\u017eu spolo\u010dne stretn\u00fa\u0165, zdie\u013ea\u0165 n\u00e1pady, experimentova\u0165 s r\u00f4znymi n\u00e1strojmi a technol\u00f3giami a vytv\u00e1ra\u0165 fyzick\u00e9 diela. Priestor &#8230; <a title=\"SmartLab\" class=\"read-more\" href=\"https:\/\/www.krajskakniznicazilina.sk\/index.php\/sluzby\/makerspace\/\" aria-label=\"Pre\u010d\u00edtajte si viac o SmartLab\">\u010c\u00edta\u0165 viac<\/a><\/p>\n","protected":false},"author":1,"featured_media":0,"parent":31,"menu_order":0,"comment_status":"closed","ping_status":"closed","template":"","meta":{"footnotes":""},"class_list":["post-11643","page","type-page","status-publish"],"_links":{"self":[{"href":"https:\/\/www.krajskakniznicazilina.sk\/index.php\/wp-json\/wp\/v2\/pages\/11643","targetHints":{"allow":["GET"]}}],"collection":[{"href":"https:\/\/www.krajskakniznicazilina.sk\/index.php\/wp-json\/wp\/v2\/pages"}],"about":[{"href":"https:\/\/www.krajskakniznicazilina.sk\/index.php\/wp-json\/wp\/v2\/types\/page"}],"author":[{"embeddable":true,"href":"https:\/\/www.krajskakniznicazilina.sk\/index.php\/wp-json\/wp\/v2\/users\/1"}],"replies":[{"embeddable":true,"href":"https:\/\/www.krajskakniznicazilina.sk\/index.php\/wp-json\/wp\/v2\/comments?post=11643"}],"version-history":[{"count":47,"href":"https:\/\/www.krajskakniznicazilina.sk\/index.php\/wp-json\/wp\/v2\/pages\/11643\/revisions"}],"predecessor-version":[{"id":15844,"href":"https:\/\/www.krajskakniznicazilina.sk\/index.php\/wp-json\/wp\/v2\/pages\/11643\/revisions\/15844"}],"up":[{"embeddable":true,"href":"https:\/\/www.krajskakniznicazilina.sk\/index.php\/wp-json\/wp\/v2\/pages\/31"}],"wp:attachment":[{"href":"https:\/\/www.krajskakniznicazilina.sk\/index.php\/wp-json\/wp\/v2\/media?parent=11643"}],"curies":[{"name":"wp","href":"https:\/\/api.w.org\/{rel}","templated":true}]}}