{"id":11652,"date":"2023-08-09T07:25:42","date_gmt":"2023-08-09T05:25:42","guid":{"rendered":"https:\/\/www.krajskakniznicazilina.sk\/?page_id=11652"},"modified":"2024-09-19T10:42:08","modified_gmt":"2024-09-19T08:42:08","slug":"sijacie-stroje","status":"publish","type":"page","link":"https:\/\/www.krajskakniznicazilina.sk\/index.php\/sluzby\/makerspace\/sijacie-stroje\/","title":{"rendered":"\u0160ijacie stroje"},"content":{"rendered":"<p style=\"text-align: justify;\">Krajsk\u00e1 kni\u017enica v \u017diline pon\u00faka svojim <strong>registrovan\u00fdm \u010ditate\u013eom<\/strong> mo\u017enos\u0165 vyu\u017ei\u0165 dva <strong>\u0161ijacie stroje Singer<\/strong>: mechanick\u00fd ME457 a overlock S0235. Na prvom poschod\u00ed na \u00faseku odbornej literat\u00fary si m\u00f4\u017eete za\u0161i\u0165 po\u0161koden\u00e9 oble\u010denie alebo u\u0161i\u0165 nie\u010do nov\u00e9.<\/p>\n<p style=\"text-align: justify;\"><strong><a href=\"https:\/\/www.krajskakniznicazilina.sk\/menu\/sluz\/sitie\/%C5%A1ijace%20stroje%20_R.jpg\"><img decoding=\"async\" class=\"alignright size-full\" src=\"https:\/\/www.krajskakniznicazilina.sk\/menu\/sluz\/sitie\/%C5%A1ijace%20stroje%20_R.jpg\" width=\"30%\" height=\"30%\" \/><\/a>Viac o \u0161ijac\u00edch strojoch v kni\u017enici<\/strong><\/p>\n<ul style=\"text-align: justify;\">\n<li style=\"text-align: justify;\">Singer mechanick\u00fd ME457 &#8211; <a href=\"https:\/\/www.krajskakniznicazilina.sk\/menu\/sluz\/sitie\/ME457cz.pdf\">n\u00e1vod CZ<\/a>, <a href=\"https:\/\/www.krajskakniznicazilina.sk\/menu\/sluz\/sitie\/ME457eng.pdf\">n\u00e1vod ENG<\/a><\/li>\n<li style=\"text-align: justify;\">Singer overlock S0235 &#8211; <a href=\"https:\/\/www.krajskakniznicazilina.sk\/menu\/sluz\/sitie\/S0235eng.pdf\">n\u00e1vod ENG<\/a><\/li>\n<\/ul>\n<p style=\"text-align: justify;\"><strong>Pravidl\u00e1 vyu\u017e\u00edvania \u0161ijac\u00edch strojov<\/strong><\/p>\n<ul>\n<li style=\"text-align: justify;\">\u0160ijacie stroje s\u00fa pr\u00edstupn\u00e9 pre registrovan\u00fdch \u010ditate\u013eov. Cena slu\u017eby je <strong>0,50 \u20ac za ka\u017ed\u00fa za\u010dat\u00fa pol hodinu pr\u00e1ce<\/strong>.<\/li>\n<li style=\"text-align: justify;\">Pre vyu\u017eitie \u0161ijacieho stroja oslovte knihovn\u00ed\u010dku alebo knihovn\u00edka na \u00faseku odbornej literat\u00fary.<strong> Po zap\u00edsan\u00ed \u010dasu za\u010datia pr\u00e1ce<\/strong> v\u00e1m bude <strong>zapo\u017ei\u010dan\u00e9 z\u00e1kladn\u00e9 vybavenie<\/strong> potrebn\u00e9 pre pr\u00e1cu s vybran\u00fdm \u0161ijac\u00edm strojom. Pri vr\u00e1ten\u00ed bude zaznamenan\u00fd \u010das ukon\u010denia pr\u00e1ce a pod\u013ea toho v\u00e1m bude za\u00fa\u010dtovan\u00e1 suma.<\/li>\n<li style=\"text-align: justify;\">Za pr\u00e1cu na \u0161ijacom stroji je zodpovedn\u00fd pou\u017e\u00edvate\u013e.<\/li>\n<li style=\"text-align: justify;\">Kni\u017enica pon\u00faka len nieko\u013eko z\u00e1kladn\u00fdch farieb nit\u00ed. <strong>Odpor\u00fa\u010dame donies\u0165 si po\u017eadovan\u00fa farbu.<\/strong><\/li>\n<\/ul>\n","protected":false},"excerpt":{"rendered":"<p>Krajsk\u00e1 kni\u017enica v \u017diline pon\u00faka svojim registrovan\u00fdm \u010ditate\u013eom mo\u017enos\u0165 vyu\u017ei\u0165 dva \u0161ijacie stroje Singer: mechanick\u00fd ME457 a overlock S0235. Na prvom poschod\u00ed na \u00faseku odbornej literat\u00fary si m\u00f4\u017eete za\u0161i\u0165 po\u0161koden\u00e9 oble\u010denie alebo u\u0161i\u0165 nie\u010do nov\u00e9. Viac o \u0161ijac\u00edch strojoch v kni\u017enici Singer mechanick\u00fd ME457 &#8211; n\u00e1vod CZ, n\u00e1vod ENG Singer overlock S0235 &#8211; n\u00e1vod ENG &#8230; <a title=\"\u0160ijacie stroje\" class=\"read-more\" href=\"https:\/\/www.krajskakniznicazilina.sk\/index.php\/sluzby\/makerspace\/sijacie-stroje\/\" aria-label=\"Pre\u010d\u00edtajte si viac o \u0160ijacie stroje\">\u010c\u00edta\u0165 viac<\/a><\/p>\n","protected":false},"author":1,"featured_media":0,"parent":11643,"menu_order":0,"comment_status":"closed","ping_status":"closed","template":"","meta":{"footnotes":""},"class_list":["post-11652","page","type-page","status-publish"],"_links":{"self":[{"href":"https:\/\/www.krajskakniznicazilina.sk\/index.php\/wp-json\/wp\/v2\/pages\/11652","targetHints":{"allow":["GET"]}}],"collection":[{"href":"https:\/\/www.krajskakniznicazilina.sk\/index.php\/wp-json\/wp\/v2\/pages"}],"about":[{"href":"https:\/\/www.krajskakniznicazilina.sk\/index.php\/wp-json\/wp\/v2\/types\/page"}],"author":[{"embeddable":true,"href":"https:\/\/www.krajskakniznicazilina.sk\/index.php\/wp-json\/wp\/v2\/users\/1"}],"replies":[{"embeddable":true,"href":"https:\/\/www.krajskakniznicazilina.sk\/index.php\/wp-json\/wp\/v2\/comments?post=11652"}],"version-history":[{"count":10,"href":"https:\/\/www.krajskakniznicazilina.sk\/index.php\/wp-json\/wp\/v2\/pages\/11652\/revisions"}],"predecessor-version":[{"id":13729,"href":"https:\/\/www.krajskakniznicazilina.sk\/index.php\/wp-json\/wp\/v2\/pages\/11652\/revisions\/13729"}],"up":[{"embeddable":true,"href":"https:\/\/www.krajskakniznicazilina.sk\/index.php\/wp-json\/wp\/v2\/pages\/11643"}],"wp:attachment":[{"href":"https:\/\/www.krajskakniznicazilina.sk\/index.php\/wp-json\/wp\/v2\/media?parent=11652"}],"curies":[{"name":"wp","href":"https:\/\/api.w.org\/{rel}","templated":true}]}}