{"id":120,"date":"2017-08-18T10:44:47","date_gmt":"2017-08-18T08:44:47","guid":{"rendered":"http:\/\/www.krajskakniznicazilina.sk\/novastranka\/?page_id=120"},"modified":"2024-07-16T07:51:50","modified_gmt":"2024-07-16T05:51:50","slug":"beletria","status":"publish","type":"page","link":"https:\/\/www.krajskakniznicazilina.sk\/index.php\/sluzby\/beletria\/","title":{"rendered":"Beletria"},"content":{"rendered":"<p style=\"text-align: justify;\">Jedno z najnav\u0161tevovanej\u0161\u00edch oddelen\u00ed kni\u017enice sa nach\u00e1dza na pr\u00edzem\u00ed a je n\u00edm oddelenie beletrie. \u010citatelia tu n\u00e1jdu kr\u00e1snu literat\u00faru rozdelen\u00fa pod\u013ea \u017e\u00e1nrov:<\/p>\n<p><img decoding=\"async\" class=\"alignright\" src=\"https:\/\/www.krajskakniznicazilina.sk\/menu\/sluz\/bel\/beletria.jpg\" alt=\"fotografia knihy\" width=\"55%\" height=\"55%\" \/><\/p>\n<ul style=\"text-align: justify;\">\n<li>literat\u00fara faktu<\/li>\n<li>sci-fi<\/li>\n<li>fantasy<\/li>\n<li>dobrodru\u017en\u00e1 literat\u00fara<\/li>\n<li>detekt\u00edvky<\/li>\n<li>po\u00e9zia<\/li>\n<li>\u010d\u00edtanie \u0161tuduj\u00facej ml\u00e1de\u017ee<\/li>\n<li>divadeln\u00e9 hry<\/li>\n<li>humor<\/li>\n<li>\u017eivotopisy<\/li>\n<li>cestopisy<\/li>\n<li>\u013e\u00fabostn\u00e1 literat\u00fara<\/li>\n<li>s\u00fa\u010dasn\u00e1 a p\u00f4vodn\u00e1 slovensk\u00e1 tvorba<\/li>\n<li>n\u00e1bo\u017eensk\u00e1 literat\u00fara<\/li>\n<li>ml\u00e1de\u017en\u00edcka literat\u00fara (Young Adult)<\/li>\n<\/ul>\n<p class=\"Standard\" style=\"text-align: justify;\">Na lep\u0161iu orient\u00e1ciu s\u00fa jednotliv\u00e9 \u017e\u00e1nre odl\u00ed\u0161en\u00e9 farebn\u00fdm \u0161t\u00edtkom, ktor\u00fd u\u013eah\u010duje orient\u00e1ciu nielen knihovn\u00edkom, ale aj \u010ditate\u013eom h\u013eadaj\u00facim vybran\u00fa literat\u00faru.<\/p>\n<p>Po reorganiz\u00e1cii sa na tomto oddelen\u00ed od febru\u00e1ra 2018 nach\u00e1dza aj literat\u00fara pre ml\u00e1de\u017e vo veku od 15 do 25 (tzv. Young Adult).<\/p>\n","protected":false},"excerpt":{"rendered":"<p>Jedno z najnav\u0161tevovanej\u0161\u00edch oddelen\u00ed kni\u017enice sa nach\u00e1dza na pr\u00edzem\u00ed a je n\u00edm oddelenie beletrie. \u010citatelia tu n\u00e1jdu kr\u00e1snu literat\u00faru rozdelen\u00fa pod\u013ea \u017e\u00e1nrov: literat\u00fara faktu sci-fi fantasy dobrodru\u017en\u00e1 literat\u00fara detekt\u00edvky po\u00e9zia \u010d\u00edtanie \u0161tuduj\u00facej ml\u00e1de\u017ee divadeln\u00e9 hry humor \u017eivotopisy cestopisy \u013e\u00fabostn\u00e1 literat\u00fara s\u00fa\u010dasn\u00e1 a p\u00f4vodn\u00e1 slovensk\u00e1 tvorba n\u00e1bo\u017eensk\u00e1 literat\u00fara ml\u00e1de\u017en\u00edcka literat\u00fara (Young Adult) Na lep\u0161iu orient\u00e1ciu s\u00fa &#8230; <a title=\"Beletria\" class=\"read-more\" href=\"https:\/\/www.krajskakniznicazilina.sk\/index.php\/sluzby\/beletria\/\" aria-label=\"Pre\u010d\u00edtajte si viac o Beletria\">\u010c\u00edta\u0165 viac<\/a><\/p>\n","protected":false},"author":1,"featured_media":0,"parent":31,"menu_order":0,"comment_status":"closed","ping_status":"closed","template":"","meta":{"footnotes":""},"class_list":["post-120","page","type-page","status-publish"],"_links":{"self":[{"href":"https:\/\/www.krajskakniznicazilina.sk\/index.php\/wp-json\/wp\/v2\/pages\/120","targetHints":{"allow":["GET"]}}],"collection":[{"href":"https:\/\/www.krajskakniznicazilina.sk\/index.php\/wp-json\/wp\/v2\/pages"}],"about":[{"href":"https:\/\/www.krajskakniznicazilina.sk\/index.php\/wp-json\/wp\/v2\/types\/page"}],"author":[{"embeddable":true,"href":"https:\/\/www.krajskakniznicazilina.sk\/index.php\/wp-json\/wp\/v2\/users\/1"}],"replies":[{"embeddable":true,"href":"https:\/\/www.krajskakniznicazilina.sk\/index.php\/wp-json\/wp\/v2\/comments?post=120"}],"version-history":[{"count":21,"href":"https:\/\/www.krajskakniznicazilina.sk\/index.php\/wp-json\/wp\/v2\/pages\/120\/revisions"}],"predecessor-version":[{"id":13275,"href":"https:\/\/www.krajskakniznicazilina.sk\/index.php\/wp-json\/wp\/v2\/pages\/120\/revisions\/13275"}],"up":[{"embeddable":true,"href":"https:\/\/www.krajskakniznicazilina.sk\/index.php\/wp-json\/wp\/v2\/pages\/31"}],"wp:attachment":[{"href":"https:\/\/www.krajskakniznicazilina.sk\/index.php\/wp-json\/wp\/v2\/media?parent=120"}],"curies":[{"name":"wp","href":"https:\/\/api.w.org\/{rel}","templated":true}]}}