{"id":121,"date":"2017-08-18T10:44:47","date_gmt":"2017-08-18T08:44:47","guid":{"rendered":"http:\/\/www.krajskakniznicazilina.sk\/novastranka\/?page_id=121"},"modified":"2025-11-13T12:02:28","modified_gmt":"2025-11-13T11:02:28","slug":"odborna-literatura","status":"publish","type":"page","link":"https:\/\/www.krajskakniznicazilina.sk\/index.php\/sluzby\/odborna-literatura\/","title":{"rendered":"Odborn\u00e1 literat\u00fara"},"content":{"rendered":"<p style=\"text-align: justify;\">Oddelenie odbornej literat\u00fary pon\u00faka \u010ditate\u013eom predov\u0161etk\u00fdm odborn\u00fa literat\u00faru, ale taktie\u017e \u010dasopisy zameran\u00e9 na odborn\u00e9 t\u00e9my. Fond odbornej literat\u00fary je rozdelen\u00fd a rozmiestnen\u00fd na z\u00e1klade Medzin\u00e1rodn\u00e9ho desatinn\u00e9ho triedenia (MDT), ktor\u00e9 za\u010dle\u0148uje knihy do jednotliv\u00fdch tried.<\/p>\n<p style=\"text-align: justify;\"><img loading=\"lazy\" decoding=\"async\" class=\"aligncenter\" src=\"https:\/\/www.krajskakniznicazilina.sk\/menu\/sluz\/odborna\/nao.jpg\" alt=\"fotografia\" width=\"1504\" height=\"727\" \/><\/p>\n<p style=\"text-align: justify;\">Okrem odbornej literat\u00fary n\u00e1u\u010dn\u00e9 oddelenie pon\u00faka aj \u0161peci\u00e1lne slu\u017eby:<\/p>\n<h3 style=\"text-align: justify;\"><strong>Medzikni\u017eni\u010dn\u00e1 V\u00fdpo\u017ei\u010dn\u00e1 Slu\u017eba<\/strong><\/h3>\n<ul>\n<li><strong>MVS<\/strong> (medzikni\u017eni\u010dn\u00e1 v\u00fdpo\u017ei\u010dn\u00e1 slu\u017eba) \u2013 sprostredkovanie v\u00fdpo\u017ei\u010dky dokumentu, ktor\u00fd sa\u00a0nenach\u00e1dza vo fonde kni\u017enice, z inej kni\u017enice na \u00fazem\u00ed SR.<\/li>\n<li><strong>MMVS<\/strong> (medzin\u00e1rodn\u00e1 medzikni\u017eni\u010dn\u00e1 v\u00fdpo\u017ei\u010dn\u00e1 slu\u017eba) \u2013 ak sa po\u017eadovan\u00fd dokument nenach\u00e1dza na \u00fazem\u00ed SR je mo\u017en\u00e9 sprostredkovanie v\u00fdpo\u017ei\u010dky z kni\u017enice na \u00fazem\u00ed Eur\u00f3py.<\/li>\n<li>Ak ste nena\u0161li vo fonde Krajskej kni\u017enice v \u017diline Vami po\u017eadovan\u00fd titul (kniha, \u010dasopiseck\u00fd zdroj), m\u00e1te mo\u017enos\u0165 vyu\u017ei\u0165 spom\u00ednan\u00fa slu\u017ebu medzikni\u017eni\u010dnej v\u00fdpo\u017ei\u010dky. Pri osobnej n\u00e1v\u0161teve po <strong>vyp\u00edsan\u00ed \u017eiadanky <\/strong>(<a href=\"https:\/\/www.krajskakniznicazilina.sk\/menu\/okniz\/dok\/MVSkniha.pdf\">MVS kniha<\/a>; <a href=\"https:\/\/www.krajskakniznicazilina.sk\/menu\/okniz\/dok\/MVSclanok.pdf\">MVS \u010dl\u00e1nok<\/a>) a uhraden\u00ed poplatku V\u00e1m bude sprostredkovan\u00e1 v\u00fdpo\u017ei\u010dka dokumentu, v s\u00falade s podmienkami \u017eiadanej kni\u017enice. Svoju \u017eiados\u0165 n\u00e1m m\u00f4\u017eete posla\u0165 aj mailom na adresu: <strong><a href=\"mailto:kniznica@krajskakniznicazilina.sk\">kniznica@krajskakniznicazilina.sk<\/a><\/strong>, v takom pr\u00edpade je potrebn\u00e9 uvies\u0165 vydavate\u013esk\u00e9 \u00fadaje \u017eiadan\u00e9ho dokumentu.<\/li>\n<\/ul>\n<h3 style=\"text-align: justify;\"><a href=\"https:\/\/www.krajskakniznicazilina.sk\/index.php\/sluzby\/odborna-literatura\/resers\/\"><strong>Re\u0161er\u0161<\/strong><\/a><\/h3>\n<ul style=\"text-align: justify;\">\n<li>vypracovanie zoznamu odbornej literat\u00fary na z\u00e1klade individu\u00e1lnej po\u017eiadavky \u010ditate\u013ea na konkr\u00e9tnu t\u00e9mu<\/li>\n<li>podmienkou pri vypracovan\u00ed re\u0161er\u0161e je by\u0165\u00a0<strong>registrovan\u00fdm \u010ditate\u013eom kni\u017enice<\/strong>\u00a0s platn\u00fdm preukazom<\/li>\n<li>zoznam odkazuje na existenciu zdrojov inform\u00e1ci\u00ed (knihy, \u010dl\u00e1nky v \u010dasopisoch, zborn\u00edk a pod.)<\/li>\n<li>sa vypracov\u00e1va na z\u00e1klade vyp\u00edsanej \u017eiadanky \u010ditate\u013ea a po uhraden\u00ed poplatku do 7 dn\u00ed alebo do 24 hod\u00edn<\/li>\n<\/ul>\n<h3 style=\"text-align: justify;\"><strong>E-knihy a \u010d\u00edta\u010dky\u00a0e-kn\u00edh<\/strong><\/h3>\n<ul style=\"text-align: justify;\">\n<li>medzi nov\u0161ie slu\u017eby patr\u00ed prezen\u010dn\u00e9 i absen\u010dn\u00e9 po\u017ei\u010diavanie \u010d\u00edta\u010diek e-kn\u00edh.\u00a0\u010citate\u013e si m\u00f4\u017ee do \u010d\u00edta\u010dky e-kn\u00edh stiahnu\u0165 <strong>obsah, z\u00edskan\u00fd leg\u00e1lnou cestou<\/strong>.<\/li>\n<\/ul>\n<p style=\"text-align: justify;\">Krajsk\u00e1 kni\u017enica vypo\u017ei\u010diva e-knihy aj prostredn\u00edctvom platformy <strong><a href=\"https:\/\/www.palmknihy.cz\/\">Palmknihy.cz<\/a><\/strong>. E -knihy n\u00e1jdete v <a href=\"https:\/\/zsk.tritius.sk\/\">online katal\u00f3gu<\/a>. Je nutn\u00e1 registr\u00e1cia na str\u00e1nke\/v aplik\u00e1ci\u00ed Palmknihy s rovnak\u00fdm mailom ak\u00fd m\u00e1 \u010ditate\u013e uveden\u00fd v KKZA.<\/p>\n<p>\u010fal\u0161ia aplik\u00e1cia <a href=\"https:\/\/www.krajskakniznicazilina.sk\/index.php\/sluzby\/e-knihy\/kubo-club\/\"><strong>KUBO CLUB<\/strong><\/a> poskytuje pr\u00edstup k viac ako 1000 detsk\u00fdm knih\u00e1m kdeko\u013evek a kedyko\u013evek.<\/p>\n<p style=\"text-align: justify;\">Kni\u017enica pon\u00faka registrovan\u00fdm \u010ditate\u013eom \u010d\u00edta\u010dky e-kn\u00edh. V\u00fdpo\u017ei\u010dky nasleduj\u00facich \u010d\u00edta\u010diek e-kn\u00edh sa realizuj\u00fa prezen\u010dnou formou v priestoroch kni\u017enice na \u00faseku odborej literat\u00fary. \u010c\u00edta\u010dky e-kn\u00edh obsahuj\u00fa v\u00fdber vo\u013ene dostupn\u00fdch e-kn\u00edh v angli\u010dtine, sloven\u010dine a in\u00fdch jazykoch.\u00a0<a title=\"eknihy\" href=\"https:\/\/www.krajskakniznicazilina.sk\/menu\/sluz\/odborna\/z_eknih.pdf\">Zoznam kn\u00edh na PocketBook \u010d\u00edta\u010dkach<\/a>.\u00a0\u010cas\u0165 z nich je spr\u00edstupnen\u00e1 touto formou v\u010faka\u00a0<a title=\"o projekte\" href=\"https:\/\/www.mlp.cz\/cz\/projekty\/on-line-projekty\/\">projektu digitaliz\u00e1cie M\u011bstsk\u00e9 knihovny v Praze.<\/a><\/p>\n<table border=\"0\">\n<tbody>\n<tr>\n<td style=\"text-align: center;\"><strong><a href=\"https:\/\/www.krajskakniznicazilina.sk\/index.php\/sluzby\/odborna-literatura\/pocketbook-basic-2\/\">PocketBook\u00a0Basic\u00a02\u00a0\u00a0<\/a>\u00a0\u00a0\u00a0<\/strong><\/td>\n<td style=\"text-align: center;\"><strong><a href=\"https:\/\/www.krajskakniznicazilina.sk\/index.php\/sluzby\/odborna-literatura\/pocketbook-basic-touch-624\/\">PocketBook\u00a0Basic\u00a0Touch\u00a0624\u00a0<\/a>\u00a0<\/strong><\/td>\n<td style=\"text-align: center;\"><a href=\"https:\/\/www.krajskakniznicazilina.sk\/index.php\/sluzby\/odborna-literatura\/pocketbook-basic-touch-lux-2\/\"><strong>PocketBook\u00a0Basic\u00a0Touch<\/strong><strong>\u00a0Lux 2<\/strong><\/a><\/td>\n<\/tr>\n<tr>\n<td>\u00a0<img loading=\"lazy\" decoding=\"async\" class=\"aligncenter\" title=\"PocketBook Basic 2\" src=\"https:\/\/www.krajskakniznicazilina.sk\/menu\/sluz\/odborna\/pbasic2.jpg\" alt=\"PocketBook Basic 2\" width=\"120\" height=\"188\" \/><\/td>\n<td>\u00a0<img loading=\"lazy\" decoding=\"async\" class=\"aligncenter\" title=\"Pocket Book 624\" src=\"https:\/\/www.krajskakniznicazilina.sk\/menu\/sluz\/odborna\/pbook624.jpg\" alt=\"Pocket Book 624\" width=\"120\" height=\"184\" \/><\/td>\n<td>\u00a0<img loading=\"lazy\" decoding=\"async\" class=\"aligncenter\" title=\"Pocket Book Touch 2\" src=\"https:\/\/www.krajskakniznicazilina.sk\/menu\/sluz\/odborna\/touch2.jpg\" alt=\"Pocket Book Touch 2\" width=\"120\" height=\"185\" \/><\/td>\n<\/tr>\n<\/tbody>\n<\/table>\n<p style=\"text-align: justify;\"><strong>Krajsk\u00e1 kni\u017enica v \u017diline \u010fakuje spolo\u010dnosti PocketBook za podporu.<\/strong><\/p>\n<p style=\"text-align: justify;\">Do fondu kni\u017enice pribudli tri nov\u00e9 \u010d\u00edta\u010dky e-kn\u00edh, ktor\u00e9 je mo\u017en\u00e9 vypo\u017ei\u010da\u0165 si aj absen\u010dne. Tieto \u010d\u00edta\u010dky e-kn\u00edh s\u00fa dostupn\u00e9 \u00a0na mesiac na z\u00e1klade podp\u00edsanej dohody a finan\u010dnej z\u00e1lohy. Do \u010d\u00edta\u010diek je mo\u017en\u00e9 s\u0165ahova\u0165 aj vlastn\u00fd obsah, ktor\u00fd mus\u00ed by\u0165 z\u00edskan\u00fd leg\u00e1lnou formou.<\/p>\n","protected":false},"excerpt":{"rendered":"<p>Oddelenie odbornej literat\u00fary pon\u00faka \u010ditate\u013eom predov\u0161etk\u00fdm odborn\u00fa literat\u00faru, ale taktie\u017e \u010dasopisy zameran\u00e9 na odborn\u00e9 t\u00e9my. Fond odbornej literat\u00fary je rozdelen\u00fd a rozmiestnen\u00fd na z\u00e1klade Medzin\u00e1rodn\u00e9ho desatinn\u00e9ho triedenia (MDT), ktor\u00e9 za\u010dle\u0148uje knihy do jednotliv\u00fdch tried. Okrem odbornej literat\u00fary n\u00e1u\u010dn\u00e9 oddelenie pon\u00faka aj \u0161peci\u00e1lne slu\u017eby: Medzikni\u017eni\u010dn\u00e1 V\u00fdpo\u017ei\u010dn\u00e1 Slu\u017eba MVS (medzikni\u017eni\u010dn\u00e1 v\u00fdpo\u017ei\u010dn\u00e1 slu\u017eba) \u2013 sprostredkovanie v\u00fdpo\u017ei\u010dky dokumentu, ktor\u00fd &#8230; <a title=\"Odborn\u00e1 literat\u00fara\" class=\"read-more\" href=\"https:\/\/www.krajskakniznicazilina.sk\/index.php\/sluzby\/odborna-literatura\/\" aria-label=\"Pre\u010d\u00edtajte si viac o Odborn\u00e1 literat\u00fara\">\u010c\u00edta\u0165 viac<\/a><\/p>\n","protected":false},"author":1,"featured_media":0,"parent":31,"menu_order":0,"comment_status":"closed","ping_status":"closed","template":"","meta":{"footnotes":""},"class_list":["post-121","page","type-page","status-publish"],"_links":{"self":[{"href":"https:\/\/www.krajskakniznicazilina.sk\/index.php\/wp-json\/wp\/v2\/pages\/121","targetHints":{"allow":["GET"]}}],"collection":[{"href":"https:\/\/www.krajskakniznicazilina.sk\/index.php\/wp-json\/wp\/v2\/pages"}],"about":[{"href":"https:\/\/www.krajskakniznicazilina.sk\/index.php\/wp-json\/wp\/v2\/types\/page"}],"author":[{"embeddable":true,"href":"https:\/\/www.krajskakniznicazilina.sk\/index.php\/wp-json\/wp\/v2\/users\/1"}],"replies":[{"embeddable":true,"href":"https:\/\/www.krajskakniznicazilina.sk\/index.php\/wp-json\/wp\/v2\/comments?post=121"}],"version-history":[{"count":58,"href":"https:\/\/www.krajskakniznicazilina.sk\/index.php\/wp-json\/wp\/v2\/pages\/121\/revisions"}],"predecessor-version":[{"id":16248,"href":"https:\/\/www.krajskakniznicazilina.sk\/index.php\/wp-json\/wp\/v2\/pages\/121\/revisions\/16248"}],"up":[{"embeddable":true,"href":"https:\/\/www.krajskakniznicazilina.sk\/index.php\/wp-json\/wp\/v2\/pages\/31"}],"wp:attachment":[{"href":"https:\/\/www.krajskakniznicazilina.sk\/index.php\/wp-json\/wp\/v2\/media?parent=121"}],"curies":[{"name":"wp","href":"https:\/\/api.w.org\/{rel}","templated":true}]}}