{"id":12246,"date":"2024-01-11T09:40:29","date_gmt":"2024-01-11T08:40:29","guid":{"rendered":"https:\/\/www.krajskakniznicazilina.sk\/?page_id=12246"},"modified":"2024-07-19T09:40:21","modified_gmt":"2024-07-19T07:40:21","slug":"about-library-eng","status":"publish","type":"page","link":"https:\/\/www.krajskakniznicazilina.sk\/index.php\/about-library-eng\/","title":{"rendered":"About The Library"},"content":{"rendered":"<p style=\"text-align: justify;\">The Regional Library in \u017dilina is a <strong>public library with regional scope<\/strong>. It is a contributory organization of the \u017dilina Self-governing Region and acts as a cultural, informational, scientific, and educational institution, <strong>providing citizens with general and unrestricted access to information<\/strong> within its territorial jurisdiction.<\/p>\n<p style=\"text-align: justify;\">Its collection includes books of various genres, scientific, specialized, and leisure periodicals, maps, CDs, and other information sources. The library also offers its users internet connection and scanning and printing services.<\/p>\n<p><a href=\"https:\/\/www.krajskakniznicazilina.sk\/menu\/okniz\/KKZA.jpg\"><img decoding=\"async\" class=\"aligncenter\" src=\"https:\/\/www.krajskakniznicazilina.sk\/menu\/okniz\/KKZA.jpg\" alt=\"fotografia kni\u017enice\" width=\"50%\" height=\"50%\" \/><\/a><\/p>\n","protected":false},"excerpt":{"rendered":"<p>The Regional Library in \u017dilina is a public library with regional scope. It is a contributory organization of the \u017dilina Self-governing Region and acts as a cultural, informational, scientific, and educational institution, providing citizens with general and unrestricted access to information within its territorial jurisdiction. Its collection includes books of various genres, scientific, specialized, and &#8230; <a title=\"About The Library\" class=\"read-more\" href=\"https:\/\/www.krajskakniznicazilina.sk\/index.php\/about-library-eng\/\" aria-label=\"Pre\u010d\u00edtajte si viac o About The Library\">\u010c\u00edta\u0165 viac<\/a><\/p>\n","protected":false},"author":1,"featured_media":0,"parent":0,"menu_order":0,"comment_status":"closed","ping_status":"closed","template":"","meta":{"footnotes":""},"class_list":["post-12246","page","type-page","status-publish"],"_links":{"self":[{"href":"https:\/\/www.krajskakniznicazilina.sk\/index.php\/wp-json\/wp\/v2\/pages\/12246","targetHints":{"allow":["GET"]}}],"collection":[{"href":"https:\/\/www.krajskakniznicazilina.sk\/index.php\/wp-json\/wp\/v2\/pages"}],"about":[{"href":"https:\/\/www.krajskakniznicazilina.sk\/index.php\/wp-json\/wp\/v2\/types\/page"}],"author":[{"embeddable":true,"href":"https:\/\/www.krajskakniznicazilina.sk\/index.php\/wp-json\/wp\/v2\/users\/1"}],"replies":[{"embeddable":true,"href":"https:\/\/www.krajskakniznicazilina.sk\/index.php\/wp-json\/wp\/v2\/comments?post=12246"}],"version-history":[{"count":5,"href":"https:\/\/www.krajskakniznicazilina.sk\/index.php\/wp-json\/wp\/v2\/pages\/12246\/revisions"}],"predecessor-version":[{"id":13419,"href":"https:\/\/www.krajskakniznicazilina.sk\/index.php\/wp-json\/wp\/v2\/pages\/12246\/revisions\/13419"}],"wp:attachment":[{"href":"https:\/\/www.krajskakniznicazilina.sk\/index.php\/wp-json\/wp\/v2\/media?parent=12246"}],"curies":[{"name":"wp","href":"https:\/\/api.w.org\/{rel}","templated":true}]}}