{"id":123,"date":"2017-08-18T10:44:47","date_gmt":"2017-08-18T08:44:47","guid":{"rendered":"http:\/\/www.krajskakniznicazilina.sk\/novastranka\/?page_id=123"},"modified":"2025-08-04T09:52:37","modified_gmt":"2025-08-04T07:52:37","slug":"citaren","status":"publish","type":"page","link":"https:\/\/www.krajskakniznicazilina.sk\/index.php\/sluzby\/citaren\/","title":{"rendered":"Periodik\u00e1"},"content":{"rendered":"<p style=\"text-align: justify;\">\u010cit\u00e1re\u0148 je priestor ur\u010den\u00fd na \u010d\u00edtanie dennej tla\u010de a najnov\u0161\u00edch \u010d\u00edsel titulov period\u00edk, ktor\u00e9 s\u00fa vo fonde kni\u017enice. Pr\u00edru\u010dn\u00fd fond \u010dit\u00e1rne tvoria jednotliv\u00e9 \u010d\u00edsla aktu\u00e1lneho ro\u010dn\u00edka nov\u00edn a \u010dasopisov. V\u00fdtla\u010dky s\u00fa pravidelne obmie\u0148an\u00e9 tak, aby mali pou\u017e\u00edvatelia k dispoz\u00edcii najnov\u0161ie \u010d\u00edsla hne\u010f po otvoren\u00ed kni\u017enice. Po \u00faprav\u00e1ch koncom roka 2017 sa \u010dit\u00e1re\u0148 premiestnila bli\u017e\u0161ie k \u0161tudovni, resp. spad\u00e1 pod Oddelenie odbornej literat\u00fary.<\/p>\n<p style=\"text-align: justify;\">Po\u010das letn\u00fdch mesiacov sa \u010das\u0165 fondu pres\u00fava aj do tzv. letnej \u010dit\u00e1rne, ktor\u00e1 je zriaden\u00e1 vonku za budovou kni\u017enice (liter\u00e1rny park), kde si m\u00f4\u017eu \u010ditatelia posedie\u0165 na \u010derstvom vzduchu a letnom slnku.<\/p>\n<p>V\u0161etky odborn\u00e9 \u010dasopisy ako aj najnov\u0161ie \u010d\u00edsla \u010dasopisov z \u010dit\u00e1rne s\u00fa spr\u00edstup\u0148ovan\u00e9 prezen\u010dnou formou, teda na \u010d\u00edtanie v budove kni\u017enice.<\/p>\n<p>Av\u0161ak star\u0161ie \u010d\u00edsla period\u00edk, ktor\u00e9 spadaj\u00fa pod \u010dit\u00e1re\u0148 je mo\u017en\u00e9 vypo\u017ei\u010da\u0165 aj absen\u010dnou formou na dobu 2 t\u00fd\u017ed\u0148ov. Maxim\u00e1lny po\u010det naraz vypo\u017ei\u010dan\u00fdch period\u00edk je 15.<\/p>\n<p style=\"text-align: justify;\">Kni\u017enica odober\u00e1 popul\u00e1rne, odborn\u00e9, region\u00e1lne, detsk\u00e9 periodik\u00e1 a aj\u00a0 periodik\u00e1 v anglickom jazyku.<\/p>\n<p><strong>Popul\u00e1rne periodik\u00e1<\/strong> (\u010dit\u00e1re\u0148):<\/p>\n<p style=\"text-align: justify;\">\n<table id=\"tablepress-10\" class=\"tablepress tablepress-id-10\">\n<tbody class=\"row-striping row-hover\">\n<tr class=\"row-1\">\n\t<td class=\"column-1\">100+1<\/td><td class=\"column-2\">Geo<\/td><td class=\"column-3\">M\u00f4j dom<\/td><td class=\"column-4\">Rotary<\/td><td class=\"column-5\">Torty od mamy<\/td>\n<\/tr>\n<tr class=\"row-2\">\n\t<td class=\"column-1\">21. stolet\u00ed<\/td><td class=\"column-2\">History revue<\/td><td class=\"column-3\">My \u017dilinsk\u00e9 noviny<\/td><td class=\"column-4\">Rus\u00edn<\/td><td class=\"column-5\">Trend<\/td>\n<\/tr>\n<tr class=\"row-3\">\n\t<td class=\"column-1\">B\u00e1je\u010dn\u00e1 \u017eena<\/td><td class=\"column-2\">Hospod\u00e1rske noviny<\/td><td class=\"column-3\">My Kysuck\u00e9 noviny<\/td><td class=\"column-4\">Rytmus \u017eivota<\/td><td class=\"column-5\">T\u00fdden<\/td>\n<\/tr>\n<tr class=\"row-4\">\n\t<td class=\"column-1\">Beauty &amp; Woman<\/td><td class=\"column-2\">Hviezdy ciest<\/td><td class=\"column-3\">My Liptovsk\u00e9 noviny<\/td><td class=\"column-4\">SaB<\/td><td class=\"column-5\">T\u00fd\u017ede\u0148<\/td>\n<\/tr>\n<tr class=\"row-5\">\n\t<td class=\"column-1\">Burda<\/td><td class=\"column-2\">Index<\/td><td class=\"column-3\">MY Oravsk\u00e9 noviny<\/td><td class=\"column-4\">Senior<\/td><td class=\"column-5\">Urob si s\u00e1m<\/td>\n<\/tr>\n<tr class=\"row-6\">\n\t<td class=\"column-1\">\u010carovn\u00e9 Slovensko<\/td><td class=\"column-2\">Katol\u00edcke noviny<\/td><td class=\"column-3\">MY Tur\u010dianske noviny<\/td><td class=\"column-4\">Slovenka<\/td><td class=\"column-5\">Vlasta<\/td>\n<\/tr>\n<tr class=\"row-7\">\n\t<td class=\"column-1\">Denn\u00edk N<\/td><td class=\"column-2\">Kult\u00fara<\/td><td class=\"column-3\">Nov\u00fd \u010das<\/td><td class=\"column-4\">Slovensk\u00e9 n\u00e1rodn\u00e9 noviny<\/td><td class=\"column-5\">Z\u00e1hradk\u00e1r<\/td>\n<\/tr>\n<tr class=\"row-8\">\n\t<td class=\"column-1\">Die\u0165a<\/td><td class=\"column-2\">Kysuce<\/td><td class=\"column-3\">Nov\u00fd \u010das pre \u017eeny<\/td><td class=\"column-4\">Slovensk\u00fd ryb\u00e1r<\/td><td class=\"column-5\">Zdravie<\/td>\n<\/tr>\n<tr class=\"row-9\">\n\t<td class=\"column-1\">Dobr\u00e9 jedlo<\/td><td class=\"column-2\">Lid\u00e9 a zem\u011b<\/td><td class=\"column-3\">Obecn\u00e9 noviny (online)<\/td><td class=\"column-4\">Sme<\/td><td class=\"column-5\">\u017dilinsk\u00fd ve\u010dern\u00edk<\/td>\n<\/tr>\n<tr class=\"row-10\">\n\t<td class=\"column-1\">Epocha<\/td><td class=\"column-2\">Mlad\u00e1 fronta Dnes<\/td><td class=\"column-3\">Plus 7 dn\u00ed<\/td><td class=\"column-4\">Sv\u011bt motoru<\/td><td class=\"column-5\">\u017divot<\/td>\n<\/tr>\n<tr class=\"row-11\">\n\t<td class=\"column-1\">Evanjelick\u00fd v\u00fdchod<\/td><td class=\"column-2\">Modern\u00ed byt<\/td><td class=\"column-3\">Plus jeden de\u0148<\/td><td class=\"column-4\">\u0160arm<\/td><td class=\"column-5\"><\/td>\n<\/tr>\n<tr class=\"row-12\">\n\t<td class=\"column-1\">Evita<\/td><td class=\"column-2\">Moja chalupa<\/td><td class=\"column-3\">Pravda<\/td><td class=\"column-4\">\u0160port<\/td><td class=\"column-5\"><\/td>\n<\/tr>\n<tr class=\"row-13\">\n\t<td class=\"column-1\">Fit \u0161t\u00fdl<\/td><td class=\"column-2\">Moja psychol\u00f3gia<\/td><td class=\"column-3\">Quark<\/td><td class=\"column-4\">T\u00e9ma<\/td><td class=\"column-5\"><\/td>\n<\/tr>\n<tr class=\"row-14\">\n\t<td class=\"column-1\">Foto video<\/td><td class=\"column-2\">Moje \u0161\u0165astn\u00e1 hv\u011bzda<\/td><td class=\"column-3\">Reflex<\/td><td class=\"column-4\">Top cars<\/td><td class=\"column-5\"><\/td>\n<\/tr>\n<\/tbody>\n<\/table>\n<!-- #tablepress-10 from cache --><\/p>\n<p><strong>Odborn\u00e9 periodik\u00e1<\/strong>:<\/p>\n<p style=\"text-align: justify;\">\n<table id=\"tablepress-11\" class=\"tablepress tablepress-id-11\">\n<tbody class=\"row-striping row-hover\">\n<tr class=\"row-1\">\n\t<td class=\"column-1\">1000 rie\u0161en\u00ed<\/td><td class=\"column-2\">Ekonomick\u00e1 revue<\/td><td class=\"column-3\">Mana\u017ement \u0161koly v\u00a0praxi<\/td><td class=\"column-4\">Psychiatria pre prax<\/td><td class=\"column-5\">Svedectvo<\/td>\n<\/tr>\n<tr class=\"row-2\">\n\t<td class=\"column-1\">Acta Electrotechnica et Informatica<\/td><td class=\"column-2\">Ekonomick\u00fd \u010dasopis<\/td><td class=\"column-3\">Ml\u00e1de\u017e a\u00a0spolo\u010dnos\u0165<\/td><td class=\"column-4\">Psychol\u00f3gia a\u00a0patopsychol\u00f3gia<\/td><td class=\"column-5\">TP+TP<\/td>\n<\/tr>\n<tr class=\"row-3\">\n\t<td class=\"column-1\">Akademik<\/td><td class=\"column-2\">Forever<\/td><td class=\"column-3\">Monitor Poloniny<\/td><td class=\"column-4\">Rab\u010diansky ch\u00fdrnik<\/td><td class=\"column-5\">Transport a\u00a0logistika<\/td>\n<\/tr>\n<tr class=\"row-4\">\n\t<td class=\"column-1\">Anest\u00e9ziol\u00f3gia a intenz\u00edvna medic\u00edna<\/td><td class=\"column-2\">Foto noviny<\/td><td class=\"column-3\">N\u00e1dej<\/td><td class=\"column-4\">Rehabilit\u00e1cia<\/td><td class=\"column-5\">Urologie pro praxi<br \/>\n<\/td>\n<\/tr>\n<tr class=\"row-5\">\n\t<td class=\"column-1\">Ateroskler\u00f3za<\/td><td class=\"column-2\">Gaudium<\/td><td class=\"column-3\">Na\u0161a univerzita<\/td><td class=\"column-4\">Revue medic\u00edny v\u00a0praxi<\/td><td class=\"column-5\">V meste<\/td>\n<\/tr>\n<tr class=\"row-6\">\n\t<td class=\"column-1\">ATP Journal<\/td><td class=\"column-2\">Historick\u00e1 revue<\/td><td class=\"column-3\">Na\u0161e svedectvo<\/td><td class=\"column-4\">ROMBOID<\/td><td class=\"column-5\">Vaskul\u00e1rna medic\u00edna<\/td>\n<\/tr>\n<tr class=\"row-7\">\n\t<td class=\"column-1\">Bulletin slovenskej advok\u00e1cie<\/td><td class=\"column-2\">Hlasy z domova misi\u00ed<\/td><td class=\"column-3\">Neurol\u00f3gia pre prax<\/td><td class=\"column-4\">Rozmer<\/td><td class=\"column-5\">Vestn\u00edk ministerstva zdravotn\u00edctva SR<\/td>\n<\/tr>\n<tr class=\"row-8\">\n\t<td class=\"column-1\">Bulletin slovenskej botanickej spolo\u010dnosti<br \/>\n<\/td><td class=\"column-2\">Informa\u010dn\u00fd list: Detskej misie na Slovensku<\/td><td class=\"column-3\">Nextech<\/td><td class=\"column-4\">Sestra<\/td><td class=\"column-5\">Via practica<\/td>\n<\/tr>\n<tr class=\"row-9\">\n\t<td class=\"column-1\">Cestou svetla<\/td><td class=\"column-2\">Interven\u010dn\u00ed a\u00a0akutn\u00ed kardiologie<\/td><td class=\"column-3\">Obrana<\/td><td class=\"column-4\">Slne\u010dnica<\/td><td class=\"column-5\">Vodohospod\u00e1rsky spravodajca<\/td>\n<\/tr>\n<tr class=\"row-10\">\n\t<td class=\"column-1\">Civiln\u00e1 ochrana<\/td><td class=\"column-2\">ITlib<\/td><td class=\"column-3\">Onkol\u00f3gia<\/td><td class=\"column-4\">Slovensk\u00e1 chirurgia<\/td><td class=\"column-5\">Vojensk\u00e1 hist\u00f3ria<\/td>\n<\/tr>\n<tr class=\"row-11\">\n\t<td class=\"column-1\">\u010clovek \u010dloveku<\/td><td class=\"column-2\">Justi\u010dn\u00e1 revue<\/td><td class=\"column-3\">Ozvena<\/td><td class=\"column-4\">Slovensk\u00e9 n\u00e1rodn\u00e9 noviny<\/td><td class=\"column-5\">Z\u00e1horie<\/td>\n<\/tr>\n<tr class=\"row-12\">\n\t<td class=\"column-1\">Dane. \u00da\u010dtovn\u00edctvo. Odvody: bez ch\u00fdb, pok\u00fat a\u00a0pen\u00e1le.<\/td><td class=\"column-2\">Karpatenblatt<\/td><td class=\"column-3\">Pamiatky a\u00a0m\u00faze\u00e1<\/td><td class=\"column-4\">Slovensk\u00e9 poh\u013eady<\/td><td class=\"column-5\">Z\u00e1kony<\/td>\n<\/tr>\n<tr class=\"row-13\">\n\t<td class=\"column-1\">Da\u0148ov\u00e9 a neda\u0148ov\u00e9 v\u00fddavky A-Z<\/td><td class=\"column-2\">Klinick\u00e1 imunol\u00f3gia a\u00a0alergol\u00f3gia<\/td><td class=\"column-3\">Pediatria pre prax<\/td><td class=\"column-4\">Slovensk\u00fd lek\u00e1rnik<\/td><td class=\"column-5\">Zdravotn\u00edcke noviny<\/td>\n<\/tr>\n<tr class=\"row-14\">\n\t<td class=\"column-1\">Da\u0148ov\u00e9 priznania<\/td><td class=\"column-2\">Kni\u017en\u00e1 revue<\/td><td class=\"column-3\">Poradca<\/td><td class=\"column-4\">Slovilco<\/td><td class=\"column-5\">\u017delezni\u010dn\u00fd semafor<\/td>\n<\/tr>\n<tr class=\"row-15\">\n\t<td class=\"column-1\">Dermatol\u00f3gia pre prax<\/td><td class=\"column-2\">Kult\u00fara<\/td><td class=\"column-3\">Pr\u00e1ce a\u00a0mzdy: bez ch\u00fdb, pok\u00fat a\u00a0pen\u00e1le<\/td><td class=\"column-4\">Sociol\u00f3gia<\/td><td class=\"column-5\"><\/td>\n<\/tr>\n<tr class=\"row-16\">\n\t<td class=\"column-1\">Didaktika<\/td><td class=\"column-2\">Lek\u00e1rnicke listy<\/td><td class=\"column-3\">Praktick\u00e9 lek\u00e1rnictvo<\/td><td class=\"column-4\">Stavebn\u00edctvo a\u00a0b\u00fdvanie<\/td><td class=\"column-5\"><\/td>\n<\/tr>\n<tr class=\"row-17\">\n\t<td class=\"column-1\">Don Bosco<\/td><td class=\"column-2\">Likavan<\/td><td class=\"column-3\">Pr\u00e1vny obzor<\/td><td class=\"column-4\">Stredoeur\u00f3pske poh\u013eady<\/td><td class=\"column-5\"><\/td>\n<\/tr>\n<tr class=\"row-18\">\n\t<td class=\"column-1\">Du\u0161evn\u00e9 vlastn\u00edctvo<\/td><td class=\"column-2\">Liter\u00e1rny dvojt\u00fd\u017edenn\u00edk<\/td><td class=\"column-3\">Pred\u0161kolsk\u00e1 v\u00fdchova<\/td><td class=\"column-4\">Stroj\u00e1renstvo. Stroj\u00e1\u0159enstv\u00ed<\/td><td class=\"column-5\"><\/td>\n<\/tr>\n<\/tbody>\n<\/table>\n<!-- #tablepress-11 from cache --><\/p>\n<p><strong>Periodik\u00e1 s region\u00e1nym zameran\u00edm<\/strong>:<\/p>\n<p style=\"text-align: justify;\">\n<table id=\"tablepress-12\" class=\"tablepress tablepress-id-12\">\n<tbody class=\"row-striping row-hover\">\n<tr class=\"row-1\">\n\t<td class=\"column-1\">APHRODITE<\/td><td class=\"column-2\">Informa\u010dn\u00edk obce Divina - Lalinok<\/td><td class=\"column-3\">Obecn\u00e9 noviny Tepli\u010dky nad V\u00e1hom<\/td><td class=\"column-4\">Spravodajca Mestsk\u00e9ho m\u00fazea v Rajci<\/td><td class=\"column-5\">Var\u00edn\u010dan<\/td>\n<\/tr>\n<tr class=\"row-2\">\n\t<td class=\"column-1\">Belsk\u00e9 noviny<br \/>\n<\/td><td class=\"column-2\">Mirage<br \/>\n<\/td><td class=\"column-3\">Podhorsk\u00fd hl\u00e1snik<\/td><td class=\"column-4\">Spravodajca \u017dilinskej Univerzity v \u017diline<\/td><td class=\"column-5\">Za kraj<\/td>\n<\/tr>\n<tr class=\"row-3\">\n\t<td class=\"column-1\">Dlhopo\u013e<\/td><td class=\"column-2\">Moj\u0161ansk\u00e9 listy<br \/>\n<\/td><td class=\"column-3\">Radni\u010dn\u00e9 noviny mesta \u017dilina<\/td><td class=\"column-4\">Str\u00e1\u0148avsk\u00e9 zvesti<\/td><td class=\"column-5\">Za\u010d\u00edtaj sa<\/td>\n<\/tr>\n<tr class=\"row-4\">\n\t<td class=\"column-1\">EKOb\u00fdvanie<\/td><td class=\"column-2\">MY nez\u00e1visl\u00e9 noviny pre va\u0161u obec, mesto a\u00a0regi\u00f3n \u017dilinsk\u00e9 noviny<br \/>\n<\/td><td class=\"column-3\">Raj\u010dan<\/td><td class=\"column-4\">Stre\u010dniansky hl\u00e1snik<br \/>\n<\/td><td class=\"column-5\">Zbynov\u010dan<\/td>\n<\/tr>\n<tr class=\"row-5\">\n\t<td class=\"column-1\">GALZA Press<br \/>\n<\/td><td class=\"column-2\">Na\u0161a \u017dilinsk\u00e1 Diec\u00e9za<br \/>\n<\/td><td class=\"column-3\">Schody<\/td><td class=\"column-4\">Terchov\u00e1<br \/>\n<\/td><td class=\"column-5\">\u017dilinsk\u00e9 ECHO<\/td>\n<\/tr>\n<tr class=\"row-6\">\n\t<td class=\"column-1\">Gbe\u013eansk\u00e9 noviny<br \/>\n<\/td><td class=\"column-2\">Neded\u017ean<br \/>\n<\/td><td class=\"column-3\">Spravodaj : informa\u010dn\u00e9 periodikum obce Turie <br \/>\n<\/td><td class=\"column-4\">Top Fashon<\/td><td class=\"column-5\">\u017dilinsko Byt\u010diansko<\/td>\n<\/tr>\n<tr class=\"row-7\">\n\t<td class=\"column-1\">Informa\u010dn\u00edk farnos\u0165 Lietava<\/td><td class=\"column-2\">Novinky z Rudinky<br \/>\n<\/td><td class=\"column-3\">Spravodajca: mesta Rajeck\u00e9 Teplice<\/td><td class=\"column-4\">Top hotelierstvo<\/td><td class=\"column-5\">\u017dilinsk\u00fd ve\u010dern\u00edk<\/td>\n<\/tr>\n<tr class=\"row-8\">\n\t<td class=\"column-1\"><\/td><td class=\"column-2\"><\/td><td class=\"column-3\"><\/td><td class=\"column-4\"><\/td><td class=\"column-5\"><\/td>\n<\/tr>\n<\/tbody>\n<\/table>\n<!-- #tablepress-12 from cache --><\/p>\n<p><strong>Periodik\u00e1 pre deti<\/strong>:<\/p>\n<p>Bublina, Rebr\u00edk, Slnie\u010dko<\/p>\n<p><strong>Periodik\u00e1 v anglickom jazyku<\/strong>:<\/p>\n<p>Communications: scientific letters of the University of \u017dilina, WAB magazine<\/p>\n","protected":false},"excerpt":{"rendered":"<p>\u010cit\u00e1re\u0148 je priestor ur\u010den\u00fd na \u010d\u00edtanie dennej tla\u010de a najnov\u0161\u00edch \u010d\u00edsel titulov period\u00edk, ktor\u00e9 s\u00fa vo fonde kni\u017enice. Pr\u00edru\u010dn\u00fd fond \u010dit\u00e1rne tvoria jednotliv\u00e9 \u010d\u00edsla aktu\u00e1lneho ro\u010dn\u00edka nov\u00edn a \u010dasopisov. V\u00fdtla\u010dky s\u00fa pravidelne obmie\u0148an\u00e9 tak, aby mali pou\u017e\u00edvatelia k dispoz\u00edcii najnov\u0161ie \u010d\u00edsla hne\u010f po otvoren\u00ed kni\u017enice. Po \u00faprav\u00e1ch koncom roka 2017 sa \u010dit\u00e1re\u0148 premiestnila bli\u017e\u0161ie k &#8230; <a title=\"Periodik\u00e1\" class=\"read-more\" href=\"https:\/\/www.krajskakniznicazilina.sk\/index.php\/sluzby\/citaren\/\" aria-label=\"Pre\u010d\u00edtajte si viac o Periodik\u00e1\">\u010c\u00edta\u0165 viac<\/a><\/p>\n","protected":false},"author":1,"featured_media":0,"parent":31,"menu_order":0,"comment_status":"closed","ping_status":"closed","template":"","meta":{"footnotes":""},"class_list":["post-123","page","type-page","status-publish"],"_links":{"self":[{"href":"https:\/\/www.krajskakniznicazilina.sk\/index.php\/wp-json\/wp\/v2\/pages\/123","targetHints":{"allow":["GET"]}}],"collection":[{"href":"https:\/\/www.krajskakniznicazilina.sk\/index.php\/wp-json\/wp\/v2\/pages"}],"about":[{"href":"https:\/\/www.krajskakniznicazilina.sk\/index.php\/wp-json\/wp\/v2\/types\/page"}],"author":[{"embeddable":true,"href":"https:\/\/www.krajskakniznicazilina.sk\/index.php\/wp-json\/wp\/v2\/users\/1"}],"replies":[{"embeddable":true,"href":"https:\/\/www.krajskakniznicazilina.sk\/index.php\/wp-json\/wp\/v2\/comments?post=123"}],"version-history":[{"count":14,"href":"https:\/\/www.krajskakniznicazilina.sk\/index.php\/wp-json\/wp\/v2\/pages\/123\/revisions"}],"predecessor-version":[{"id":15598,"href":"https:\/\/www.krajskakniznicazilina.sk\/index.php\/wp-json\/wp\/v2\/pages\/123\/revisions\/15598"}],"up":[{"embeddable":true,"href":"https:\/\/www.krajskakniznicazilina.sk\/index.php\/wp-json\/wp\/v2\/pages\/31"}],"wp:attachment":[{"href":"https:\/\/www.krajskakniznicazilina.sk\/index.php\/wp-json\/wp\/v2\/media?parent=123"}],"curies":[{"name":"wp","href":"https:\/\/api.w.org\/{rel}","templated":true}]}}