{"id":124,"date":"2017-08-18T10:44:47","date_gmt":"2017-08-18T08:44:47","guid":{"rendered":"http:\/\/www.krajskakniznicazilina.sk\/novastranka\/?page_id=124"},"modified":"2025-08-18T14:53:35","modified_gmt":"2025-08-18T12:53:35","slug":"dml","status":"publish","type":"page","link":"https:\/\/www.krajskakniznicazilina.sk\/index.php\/sluzby\/dml\/","title":{"rendered":"Detsk\u00e1 literat\u00fara"},"content":{"rendered":"<p style=\"text-align: justify;\">Oddelenie ur\u010den\u00e9 pre pou\u017e\u00edvate\u013eov vo veku od 0 do 15 rokov sa nach\u00e1dza na druhom poschod\u00ed kni\u017enice. Je priestorovo rozdelen\u00e9 na \u010das\u0165\u00a0 pre najmen\u0161\u00edch pou\u017e\u00edvate\u013eov a \u010das\u0165 pre deti \u0161kolsk\u00e9ho veku. Okrem kni\u017eni\u010dn\u00e9ho fondu pon\u00faka svojim po\u017e\u00edvate\u013eom aj fond hier a didaktick\u00fdch pom\u00f4cok tzv. ludot\u00e9ku. Postupne buduje aj fond Montessori pom\u00f4cok, ktor\u00e9 si m\u00f4\u017eu pou\u017e\u00edvatelia prezen\u010dne vypo\u017ei\u010da\u0165. Svoj\u00edm priestorom sa sna\u017e\u00ed o vytvorenie priate\u013esk\u00e9ho prostredia pre deti a ich rodi\u010dov. Prostredia, v ktorom sa bud\u00fa stret\u00e1va\u0165 a vyu\u017e\u00edva\u0165 slu\u017eby a fond, ktor\u00fd im \u00dasek detskej literat\u00fary pon\u00faka.<\/p>\n<p style=\"text-align: justify;\"><b><a href=\"https:\/\/www.krajskakniznicazilina.sk\/index.php\/sluzby\/detska-a-mladeznicka-literatura\/podujatia-udml\/\">Pravideln\u00e9 aktivity \u00daseku detskej literat\u00fary<\/a> pre verejnos\u0165<\/b><\/p>\n<p style=\"text-align: justify;\"><b><a href=\"https:\/\/www.krajskakniznicazilina.sk\/index.php\/projekty-udml\/\">Projekty \u00daseku detskej literat\u00fary<\/a> na podporu \u010d\u00edtania<\/b><\/p>\n<p style=\"text-align: justify;\">Dokumenty na tomto oddelen\u00ed m\u00f4\u017eete n\u00e1js\u0165 zaraden\u00e9 do kateg\u00f3ri\u00ed:<\/p>\n<p style=\"text-align: justify;\"><img decoding=\"async\" class=\"alignright\" src=\"https:\/\/www.krajskakniznicazilina.sk\/menu\/sluz\/deti\/det.jpg\" alt=\"knihy - detsk\u00e9 oddelenie\" width=\"45%\" height=\"45%\" \/><\/p>\n<ul style=\"text-align: justify;\">\n<li style=\"text-align: justify;\">leporel\u00e1<\/li>\n<li style=\"text-align: justify;\">rozpr\u00e1vky<\/li>\n<li style=\"text-align: justify;\">pr\u00edbehy pre mlad\u0161\u00ed \u0161kolsk\u00fd vek<\/li>\n<li style=\"text-align: justify;\">pr\u00edbehy pre star\u0161\u00ed \u0161kolsk\u00fd vek<\/li>\n<li style=\"text-align: justify;\">detsk\u00e9 komiksy<\/li>\n<li style=\"text-align: justify;\">po\u00e9zia pre deti<\/li>\n<li style=\"text-align: justify;\">n\u00e1u\u010dn\u00e1 literat\u00fara pre deti<\/li>\n<li style=\"text-align: justify;\">detsk\u00e9 \u010dasopisy<\/li>\n<li style=\"text-align: justify;\">cudzojazy\u010dn\u00e1 detsk\u00e1 literat\u00fara<\/li>\n<\/ul>\n<p style=\"text-align: justify;\"><span style=\"font-weight: 400;\">Z<\/span>\u00e1kladn\u00fdm poslan\u00edm oddelenia je najm\u00e4 rozvoj pred\u010ditate\u013eskej a\u00a0\u010ditate\u013eskej gramotnosti det\u00ed a\u00a0ich socializ\u00e1cia. Pon\u00faka mno\u017estvo podujat\u00ed, workshopov, tvoriv\u00fdch dieln\u00ed, semin\u00e1rov pre rodi\u010dov a\u00a0odborn\u00edkov z\u00a0oblasti pr\u00e1ce s\u00a0de\u0165mi. Okrem organizovan\u00fdch podujat\u00ed pre \u0161koly, pon\u00faka aj mno\u017estvo aktiv\u00edt pre verejnos\u0165.<\/p>\n<p style=\"text-align: justify;\">O na\u0161ich <a href=\"https:\/\/www.krajskakniznicazilina.sk\/index.php\/podujatia\/klubova-cinnost\/klub-hier\/\">spolo\u010densk\u00fdch hr\u00e1ch<\/a>.<\/p>\n","protected":false},"excerpt":{"rendered":"<p>Oddelenie ur\u010den\u00e9 pre pou\u017e\u00edvate\u013eov vo veku od 0 do 15 rokov sa nach\u00e1dza na druhom poschod\u00ed kni\u017enice. Je priestorovo rozdelen\u00e9 na \u010das\u0165\u00a0 pre najmen\u0161\u00edch pou\u017e\u00edvate\u013eov a \u010das\u0165 pre deti \u0161kolsk\u00e9ho veku. Okrem kni\u017eni\u010dn\u00e9ho fondu pon\u00faka svojim po\u017e\u00edvate\u013eom aj fond hier a didaktick\u00fdch pom\u00f4cok tzv. ludot\u00e9ku. Postupne buduje aj fond Montessori pom\u00f4cok, ktor\u00e9 si m\u00f4\u017eu pou\u017e\u00edvatelia &#8230; <a title=\"Detsk\u00e1 literat\u00fara\" class=\"read-more\" href=\"https:\/\/www.krajskakniznicazilina.sk\/index.php\/sluzby\/dml\/\" aria-label=\"Pre\u010d\u00edtajte si viac o Detsk\u00e1 literat\u00fara\">\u010c\u00edta\u0165 viac<\/a><\/p>\n","protected":false},"author":1,"featured_media":0,"parent":31,"menu_order":0,"comment_status":"closed","ping_status":"closed","template":"","meta":{"footnotes":""},"class_list":["post-124","page","type-page","status-publish"],"_links":{"self":[{"href":"https:\/\/www.krajskakniznicazilina.sk\/index.php\/wp-json\/wp\/v2\/pages\/124","targetHints":{"allow":["GET"]}}],"collection":[{"href":"https:\/\/www.krajskakniznicazilina.sk\/index.php\/wp-json\/wp\/v2\/pages"}],"about":[{"href":"https:\/\/www.krajskakniznicazilina.sk\/index.php\/wp-json\/wp\/v2\/types\/page"}],"author":[{"embeddable":true,"href":"https:\/\/www.krajskakniznicazilina.sk\/index.php\/wp-json\/wp\/v2\/users\/1"}],"replies":[{"embeddable":true,"href":"https:\/\/www.krajskakniznicazilina.sk\/index.php\/wp-json\/wp\/v2\/comments?post=124"}],"version-history":[{"count":26,"href":"https:\/\/www.krajskakniznicazilina.sk\/index.php\/wp-json\/wp\/v2\/pages\/124\/revisions"}],"predecessor-version":[{"id":15672,"href":"https:\/\/www.krajskakniznicazilina.sk\/index.php\/wp-json\/wp\/v2\/pages\/124\/revisions\/15672"}],"up":[{"embeddable":true,"href":"https:\/\/www.krajskakniznicazilina.sk\/index.php\/wp-json\/wp\/v2\/pages\/31"}],"wp:attachment":[{"href":"https:\/\/www.krajskakniznicazilina.sk\/index.php\/wp-json\/wp\/v2\/media?parent=124"}],"curies":[{"name":"wp","href":"https:\/\/api.w.org\/{rel}","templated":true}]}}