{"id":125,"date":"2017-08-18T10:44:47","date_gmt":"2017-08-18T08:44:47","guid":{"rendered":"http:\/\/www.krajskakniznicazilina.sk\/novastranka\/?page_id=125"},"modified":"2023-10-26T10:40:44","modified_gmt":"2023-10-26T08:40:44","slug":"britske-centrum","status":"publish","type":"page","link":"https:\/\/www.krajskakniznicazilina.sk\/index.php\/sluzby\/britske-centrum\/","title":{"rendered":"Britsk\u00e9 centrum"},"content":{"rendered":"<p>Britsk\u00e9 centrum v\u00a0Krajskej kni\u017enici v\u00a0\u017diline bolo zalo\u017een\u00e9 v\u00a0roku 2007 v\u00a0spolupr\u00e1ci s\u00a0<a href=\"https:\/\/www.britishcouncil.sk\/\">British Council v Bratislave<\/a>. Pon\u00faka knihy britsk\u00fdch i svetov\u00fdch autorov v\u00a0anglickom jazyku.<\/p>\n<p><strong>E-mail:\u00a0<a href=\"mailto:britskecentrum@krajskakniznicazilina.sk\">britskecentrum@krajskakniznicazilina.sk<\/a><\/strong><\/p>\n<p><strong>N\u00e1jdete tu: <\/strong><\/p>\n<ul>\n<li>materi\u00e1ly na v\u00fdu\u010dbu a\u00a0\u0161t\u00fadium anglick\u00e9ho jazyka,<\/li>\n<li>beletriu v angli\u010dtine pre v\u0161etky vekov\u00e9 kateg\u00f3rie,<\/li>\n<li>v\u0161eobecn\u00e9 aj \u0161pecializovan\u00e9 u\u010debnice anglick\u00e9ho jazyka, medzi nimi aj pr\u00edpravu na maturitu a sk\u00fa\u0161ky TOEFL, IELTS, CAE, FCE, CPE,<\/li>\n<li>odborn\u00e9 literat\u00faru z oblasti anglickej literat\u00fary, lingvistiky, hist\u00f3rie, politiky,<\/li>\n<li>CD-ROM a\u00a0CD.<\/li>\n<\/ul>\n<p><strong>Podujatia a\u00a0kluby:<\/strong><\/p>\n<ul>\n<li><strong>podujatia pre \u0161kolsk\u00e9 kolekt\u00edvy &#8211; <\/strong> K. Rowling, Kr\u00e1\u013eovsk\u00e1 rodina, Lond\u00fdn, Spojen\u00e9 kr\u00e1\u013eovstvo Ve\u013ekej Brit\u00e1nie a Severn\u00e9ho \u00cdrska <strong>\u2013 bli\u017e\u0161ie inform\u00e1cie <\/strong><a href=\"https:\/\/www.krajskakniznicazilina.sk\/index.php\/podujatia\/skoly\/podujatia-v-anglickom-jazyku\/\">TU<\/a><\/li>\n<li><strong>Britsk\u00fd klub \u2013<\/strong> je neform\u00e1lnym klubom pre v\u0161etk\u00fdch milovn\u00edkov literat\u00fary od 15 rokov, klub sa stret\u00e1va raz mesa\u010dne, v utorok o\u00a017:00.\u00a0Stretnutia prebiehaj\u00fa v\u00a0anglickom jazyku, d\u00e1tum a\u00a0t\u00e9ma stretnutia pod\u013ea aktu\u00e1lneho programu kni\u017enice.<\/li>\n<\/ul>\n","protected":false},"excerpt":{"rendered":"<p>Britsk\u00e9 centrum v\u00a0Krajskej kni\u017enici v\u00a0\u017diline bolo zalo\u017een\u00e9 v\u00a0roku 2007 v\u00a0spolupr\u00e1ci s\u00a0British Council v Bratislave. Pon\u00faka knihy britsk\u00fdch i svetov\u00fdch autorov v\u00a0anglickom jazyku. E-mail:\u00a0britskecentrum@krajskakniznicazilina.sk N\u00e1jdete tu: materi\u00e1ly na v\u00fdu\u010dbu a\u00a0\u0161t\u00fadium anglick\u00e9ho jazyka, beletriu v angli\u010dtine pre v\u0161etky vekov\u00e9 kateg\u00f3rie, v\u0161eobecn\u00e9 aj \u0161pecializovan\u00e9 u\u010debnice anglick\u00e9ho jazyka, medzi nimi aj pr\u00edpravu na maturitu a sk\u00fa\u0161ky TOEFL, IELTS, CAE, &#8230; <a title=\"Britsk\u00e9 centrum\" class=\"read-more\" href=\"https:\/\/www.krajskakniznicazilina.sk\/index.php\/sluzby\/britske-centrum\/\" aria-label=\"Pre\u010d\u00edtajte si viac o Britsk\u00e9 centrum\">\u010c\u00edta\u0165 viac<\/a><\/p>\n","protected":false},"author":1,"featured_media":0,"parent":31,"menu_order":0,"comment_status":"closed","ping_status":"closed","template":"","meta":{"footnotes":""},"class_list":["post-125","page","type-page","status-publish"],"_links":{"self":[{"href":"https:\/\/www.krajskakniznicazilina.sk\/index.php\/wp-json\/wp\/v2\/pages\/125","targetHints":{"allow":["GET"]}}],"collection":[{"href":"https:\/\/www.krajskakniznicazilina.sk\/index.php\/wp-json\/wp\/v2\/pages"}],"about":[{"href":"https:\/\/www.krajskakniznicazilina.sk\/index.php\/wp-json\/wp\/v2\/types\/page"}],"author":[{"embeddable":true,"href":"https:\/\/www.krajskakniznicazilina.sk\/index.php\/wp-json\/wp\/v2\/users\/1"}],"replies":[{"embeddable":true,"href":"https:\/\/www.krajskakniznicazilina.sk\/index.php\/wp-json\/wp\/v2\/comments?post=125"}],"version-history":[{"count":18,"href":"https:\/\/www.krajskakniznicazilina.sk\/index.php\/wp-json\/wp\/v2\/pages\/125\/revisions"}],"predecessor-version":[{"id":12028,"href":"https:\/\/www.krajskakniznicazilina.sk\/index.php\/wp-json\/wp\/v2\/pages\/125\/revisions\/12028"}],"up":[{"embeddable":true,"href":"https:\/\/www.krajskakniznicazilina.sk\/index.php\/wp-json\/wp\/v2\/pages\/31"}],"wp:attachment":[{"href":"https:\/\/www.krajskakniznicazilina.sk\/index.php\/wp-json\/wp\/v2\/media?parent=125"}],"curies":[{"name":"wp","href":"https:\/\/api.w.org\/{rel}","templated":true}]}}