{"id":128,"date":"2017-08-18T10:44:48","date_gmt":"2017-08-18T08:44:48","guid":{"rendered":"http:\/\/www.krajskakniznicazilina.sk\/novastranka\/?page_id=128"},"modified":"2026-03-19T13:52:27","modified_gmt":"2026-03-19T12:52:27","slug":"faq","status":"publish","type":"page","link":"https:\/\/www.krajskakniznicazilina.sk\/index.php\/sluzby\/faq\/","title":{"rendered":"FAQ"},"content":{"rendered":"<h3 style=\"text-align: justify;\"><strong>Na ak\u00fa dobu plat\u00ed registr\u00e1cia? Ak\u00e1 je v\u00fd\u0161ka poplatku za registr\u00e1ciu?<\/strong><\/h3>\n<p style=\"text-align: justify;\">Z\u00e1pisn\u00e9 plat\u00ed na dobu 365 dn\u00ed odo d\u0148a registr\u00e1cie v kni\u017enici. V\u00fd\u0161ku poplatku za registr\u00e1ciu n\u00e1jdete v aktu\u00e1lnom <a href=\"https:\/\/www.krajskakniznicazilina.sk\/index.php\/sluzby\/cennik\/\">cenn\u00edku slu\u017eieb a poplatkov<\/a>.<\/p>\n<h3 style=\"text-align: justify;\"><strong>Ako sa zaregistrova\u0165?<\/strong><\/h3>\n<p style=\"text-align: justify;\"><strong>Osobne v kni\u017enici<\/strong> &#8211; vyplnen\u00edm prihl\u00e1\u0161ky a uhraden\u00edm poplatku za registr\u00e1ciu. <a href=\"https:\/\/www.krajskakniznicazilina.sk\/index.php\/sluzby\/cennik\/\">Cenn\u00edk poplatkov za registr\u00e1ciu<\/a><\/p>\n<p style=\"text-align: justify;\"><strong>Online<\/strong> &#8211;\u00a0v pr\u00edpade online registr\u00e1cie\u00a0mus\u00edte\u00a0<strong>zasla\u0165 mailom<\/strong>\u00a0(<a href=\"mailto:mjartanova@krajskakniznicazilina.sk\">mjartanova@krajskakniznicazilina.sk<\/a>)\u00a0<strong>\u00fadaje<\/strong>: Meno a priezvisko, d\u00e1tum narodenia, adresa bydliska, \u010d\u00edslo ob\u010dianskeho preukazu, ukon\u010den\u00e9 vzdelanie, kateg\u00f3ria \u2013 vi\u010f\u00a0<strong><a href=\"https:\/\/www.krajskakniznicazilina.sk\/index.php\/sluzby\/cennik\/\">cenn\u00edk<\/a><\/strong>. Prihl\u00e1\u0161ku si podp\u00ed\u0161te pri prvej osobnej n\u00e1v\u0161teve kni\u017enice.<\/p>\n<p style=\"padding-left: 40px; text-align: justify;\"><strong>\u010c\u00edslo \u00fa\u010dtu<\/strong><br \/>\nKrajsk\u00e1 kni\u017enica v \u017diline<br \/>\nIBAN:\u00a0<strong>SK20 8180 0000 0070 0048 1379<\/strong>\u00a0\u2013 \u0161t\u00e1tna pokladnica<\/p>\n<p style=\"padding-left: 40px; text-align: justify;\"><strong>Variabiln\u00fd symbol<\/strong><br \/>\n\u010d\u00edslo V\u00e1\u0161ho \u010ditate\u013esk\u00e9ho preukazu \u2013 v\u00a0pr\u00edpade preregistr\u00e1cie<\/p>\n<p style=\"padding-left: 40px; text-align: justify;\"><strong>\u0160pecifick\u00fd symbol<\/strong>:<br \/>\n01 (registrovanie, preregistrovanie)<\/p>\n<p style=\"padding-left: 40px; text-align: justify;\">Ceny\u00a0pod\u013ea\u00a0<a class=\"imCssLink\" href=\"https:\/\/www.krajskakniznicazilina.sk\/index.php\/sluzby\/cennik\/\" target=\"_blank\" rel=\"noopener noreferrer\">aktu\u00e1lneho cenn\u00edka<\/a><\/p>\n<p style=\"padding-left: 40px; text-align: justify;\"><strong>Do spr\u00e1vy pre prij\u00edmate\u013ea: <\/strong>meno a priezvisko + \u0161pecifik\u00e1cia platby\u00a0(\u010dlensk\u00e9\/registr\u00e1cia)<\/p>\n<p style=\"padding-left: 40px; text-align: justify;\">Sp\u00e1rovanie platby trv\u00e1 nieko\u013eko dn\u00ed. Pre ur\u00fdchlenie registr\u00e1cie\/poskytnutia slu\u017eby m\u00f4\u017eete posla\u0165 potvrdenie o\u00a0platbe na adresu:\u00a0<a href=\"mailto:mjartanova@krajskakniznicazilina.sk\">mjartanova@krajskakniznicazilina.sk<\/a><\/p>\n<p style=\"text-align: justify;\"><strong>\u00a0Poplatky za registr\u00e1ciu\u00a0<\/strong><strong>pou\u017e\u00edvate\u013ea v Krajskej kni\u017enici v \u017diline<\/strong><\/p>\n<p style=\"text-align: justify;\">\n<table id=\"tablepress-1\" class=\"tablepress tablepress-id-1\">\n<tbody class=\"row-striping row-hover\">\n<tr class=\"row-1\">\n\t<td class=\"column-1\">pred\u0161kol\u00e1ci a deti do 6 r., vojnov\u00ed veter\u00e1ni, od\u00eddenci,<br \/>\ndarca krvi (dr\u017eite\u013e zlatej Jansk\u00e9ho plakety)<\/td><td class=\"column-2\">2,00 \u20ac<\/td>\n<\/tr>\n<tr class=\"row-2\">\n\t<td class=\"column-1\">darca krvi (ak daroval krv za ostatn\u00fdch 365 dn\u00ed)<\/td><td class=\"column-2\">50% z reg. poplatku<\/td>\n<\/tr>\n<tr class=\"row-3\">\n\t<td class=\"column-1\">\u017eiaci z\u00e1kladn\u00fdch \u0161k\u00f4l a deti do 15 rokov,<br \/>\ndr\u017eitelia preukazov Z\u0164P, Z\u0164PS<\/td><td class=\"column-2\">5,00 \u20ac<\/td>\n<\/tr>\n<tr class=\"row-4\">\n\t<td class=\"column-1\">\u0161tudenti S\u0160 a denn\u00e9ho \u0161t\u00fadia V\u0160 do 26 rokov, \u0161tudenti univerzity tretieho veku, d\u00f4chodcovia, invalidn\u00ed d\u00f4chodcovia, nezamestnan\u00ed, \u017eeny na MD<\/td><td class=\"column-2\">8,00 \u20ac<\/td>\n<\/tr>\n<tr class=\"row-5\">\n\t<td class=\"column-1\">dospel\u00ed (zamestnan\u00ed, SZ\u010c)<\/td><td class=\"column-2\">12,00 \u20ac<\/td>\n<\/tr>\n<tr class=\"row-6\">\n\t<td class=\"column-1\">in\u0161tit\u00facie<\/td><td class=\"column-2\">20,00 \u20ac<\/td>\n<\/tr>\n<\/tbody>\n<\/table>\n<!-- #tablepress-1 from cache --><\/p>\n<h3 style=\"text-align: justify;\"><strong>Je mo\u017en\u00e9 vyu\u017e\u00edva\u0165 v kni\u017enici kult\u00farne poukazy?<\/strong><\/h3>\n<p style=\"text-align: justify;\">Kult\u00farne poukazy je mo\u017en\u00e9 vyu\u017ei\u0165 na registr\u00e1ciu do kni\u017enice (\u010dlensk\u00fd poplatok). Kni\u017enica v\u017edy oznamuje na svojej str\u00e1nke obdobie, v ktorom je t\u00e1to mo\u017enos\u0165 aktu\u00e1lna.<\/p>\n<h3 style=\"text-align: justify;\"><strong>D\u00e1 sa v kni\u017enici plati\u0165 kartou?<\/strong><\/h3>\n<p style=\"text-align: justify;\">Pri centr\u00e1lnom pulte je mo\u017en\u00e9 vyu\u017ei\u0165 platbu kartou, platen\u00e1 suma mus\u00ed prevy\u0161ova\u0165 3\u20ac. (Men\u0161ie poplatky je mo\u017en\u00e9 plati\u0165 len v hotovosti.)<\/p>\n<h3 style=\"text-align: justify;\"><strong>M\u00f4\u017eem uhradi\u0165 vybran\u00e9 poplatky prevodom na \u00fa\u010det?<\/strong><\/h3>\n<p style=\"text-align: justify;\">\u00c1no, Krajsk\u00e1 kni\u017enica v \u017diline pon\u00faka svojim \u010ditate\u013eom mo\u017enos\u0165 zaplati\u0165 poplatky (\u010dlensk\u00e9, upomienky, rezerv\u00e1cie, re\u0161er\u0161e a pod.) prevodom na \u00fa\u010det prostredn\u00edctvom internet bankingu. (<a href=\"https:\/\/www.krajskakniznicazilina.sk\/index.php\/sluzby\/cennik\/elektronicke-platby\/\">Elektronick\u00e9 platby<\/a>)<\/p>\n<p style=\"padding-left: 40px; text-align: justify;\"><strong>\u010c\u00edslo \u00fa\u010dtu<\/strong><br \/>\nKrajsk\u00e1 kni\u017enica v \u017diline<br \/>\nIBAN:\u00a0<strong>SK20 8180 0000 0070 0048 1379<\/strong>\u00a0\u2013 \u0161t\u00e1tna pokladnica<\/p>\n<p style=\"padding-left: 40px; text-align: justify;\"><strong>Variabiln\u00fd symbol<\/strong><br \/>\n\u010d\u00edslo V\u00e1\u0161ho \u010ditate\u013esk\u00e9ho preukazu \u2013 v\u00a0pr\u00edpade preregistr\u00e1cie<\/p>\n<p style=\"padding-left: 40px; text-align: justify;\"><strong>\u0160pecifick\u00fd symbol<\/strong>:<br \/>\n01 (registrovanie, preregistrovanie)<br \/>\n02 (platba upomienky)<br \/>\n03 (platba za re\u0161er\u0161)<br \/>\n04 (platba za MVS)<br \/>\n05 (e-knihy, audioknihy)<\/p>\n<p style=\"padding-left: 40px; text-align: justify;\"><strong>Ceny\u00a0<\/strong>pod\u013ea\u00a0<a class=\"imCssLink\" href=\"https:\/\/www.krajskakniznicazilina.sk\/index.php\/sluzby\/cennik\/\" target=\"_blank\" rel=\"noopener noreferrer\">aktu\u00e1lneho cenn\u00edka<\/a><\/p>\n<p style=\"padding-left: 40px; text-align: justify;\"><strong>Do spr\u00e1vy pre prij\u00edmate\u013ea: <\/strong>meno a priezvisko + \u0161pecifik\u00e1cia platby\u00a0(\u010dlensk\u00e9, pokuty, re\u0161er\u0161, MVS \u2026)<\/p>\n<h3 style=\"text-align: justify;\"><strong>Je mo\u017en\u00e9 po\u017ei\u010diava\u0165 si knihy na preukaz pr\u00edbuznej osoby?<\/strong><\/h3>\n<p style=\"text-align: justify;\">Preukaz je neprenosn\u00fd a vypo\u017ei\u010diava\u0165 si na\u0148 m\u00f4\u017ee len osoba, ktorej bol vystaven\u00fd. T\u00e1to osoba nesie pln\u00fa zodpovednos\u0165 za svoje v\u00fdpo\u017ei\u010dky a podl\u017enosti vo\u010di kni\u017enici.<\/p>\n<h3 style=\"text-align: justify;\"><strong>Ako sa prihl\u00e1sim do online katal\u00f3gu a ako si tiahnem digit\u00e1lny preukaz?<\/strong><\/h3>\n<p style=\"text-align: justify;\">Podrobn\u00fd n\u00e1vod n\u00e1jdete na blogu kni\u017enice &#8211; <strong><a href=\"https:\/\/kniznicazilina.blogspot.com\/2026\/01\/prihlasenie-do-noveho-online-katalogu.html\">Prihl\u00e1senie do katal\u00f3gu \/ stiahnutie digit\u00e1lneho preukazu<\/a><\/strong><\/p>\n<h3 style=\"text-align: justify;\"><strong>Ako si m\u00f4\u017eem pred\u013a\u017ei\u0165 vypo\u017ei\u010dan\u00e9 knihy?<\/strong><\/h3>\n<p style=\"text-align: justify;\">Je viacero sp\u00f4sobov, ako sa daj\u00fa v\u00fdpo\u017ei\u010dky pred\u013a\u017ei\u0165:<\/p>\n<ul style=\"text-align: justify;\">\n<li>osobne<\/li>\n<li>telefonicky: 041\/723 30 90<\/li>\n<li>po prihl\u00e1sen\u00ed sa do <a href=\"https:\/\/zsk.tritius.sk\/\"><strong>katal\u00f3gu<\/strong><\/a>\n<ul>\n<li>\u010d\u00edslo preukazu = \u010diarov\u00fd k\u00f3d z v\u00e1\u0161ho preukazu<\/li>\n<li>heslo &#8211; d\u00e1tum narodenia v tvare RRMMDD, napr. 19.09.2015 = 150919<\/li>\n<\/ul>\n<\/li>\n<li>emailom: <a href=\"mailto:kniznica@krajskakniznicazilina.sk\">kniznica@krajskakniznicazilina.sk<\/a><\/li>\n<\/ul>\n<p style=\"text-align: justify;\"><strong>POZOR:<\/strong> Nepredl\u017eujte si v\u00fdpo\u017ei\u010dky cez e-mailov\u00fa odpove\u010f na predupomienku\/upomienku, tieto spr\u00e1vy rozposiela automatick\u00e1 slu\u017eba!<\/p>\n<h3 style=\"text-align: justify;\"><strong>Nepri\u0161la mi prv\u00e1 upomienka a v kni\u017enici bola odo m\u0148a vy\u017eadovan\u00e1 platba za nedodr\u017eanie v\u00fdpo\u017ei\u010dnej doby. Je to spr\u00e1vne?<\/strong><\/h3>\n<p style=\"text-align: justify;\">V zmysle <a href=\"https:\/\/www.krajskakniznicazilina.sk\/index.php\/sluzby\/kniz-vypozic-poriadok\/\">Kni\u017eni\u010dn\u00e9ho a v\u00fdpo\u017ei\u010dn\u00e9ho poriadku<\/a> Krajskej kni\u017enice v \u017diline je prv\u00e1 upomienka nep\u00edsan\u00e1 a generuje sa obvykle 30 dn\u00ed od vypo\u017ei\u010dania publik\u00e1cie. Povinnos\u0165ou \u010ditate\u013ea je sledova\u0165 v\u00fdpo\u017ei\u010dn\u00fa dobu a v pr\u00edpade, \u017ee knihy nem\u00f4\u017ee vr\u00e1ti\u0165 na\u010das, v\u00fdpo\u017ei\u010dn\u00fa domu si pred\u013a\u017ei\u0165. V inom pr\u00edpade sa mu automaticky generuje upomienka, ktor\u00fa mus\u00ed uhradi\u0165 v zmysle <a href=\"https:\/\/www.krajskakniznicazilina.sk\/index.php\/sluzby\/cennik\/\">cenn\u00edka<\/a> kni\u017enice. To plat\u00ed aj pri ostatn\u00fdch upomienkach bez oh\u013eadu na to, \u010di pou\u017e\u00edvate\u013e dostal p\u00edsomn\u00e9 upovedomenie.<\/p>\n<h3 style=\"text-align: justify;\"><strong>Plat\u00ed sa na podujatia, besedy \u010di tvoriv\u00e9 dielne <\/strong><strong>vstupn\u00e9<\/strong><strong>?<\/strong><\/h3>\n<p style=\"text-align: justify;\">Kni\u017enica organizuje svoje podujatia pre \u0161irok\u00fa verejnos\u0165 <strong>bezplatne<\/strong>. Pokia\u013e v jej priestoroch organizuje podujatie in\u00fd subjekt, je mo\u017en\u00e9, \u017ee si ur\u010d\u00ed in\u00e9 podmienky. V niektor\u00fdch pr\u00edpadoch kni\u017enica podmie\u0148uje \u00fa\u010das\u0165 na podujatiach \u010dlenstvom v kni\u017enici (napr. Detsk\u00e9 leto), o \u010dom vopred informuje. Po\u010d\u00edta\u010dov\u00e9 kurzy, tr\u00e9ningy pam\u00e4ti, materi\u00e1l na tvoriv\u00e9 kluby a <strong>vybran\u00e9 podujatia s\u00fa spoplatnen\u00e9<\/strong> pod\u013ea cenn\u00edka.<\/p>\n<h3 style=\"text-align: justify;\"><strong>M\u00f4\u017eem si prostredn\u00edctvom kni\u017enice vypo\u017ei\u010da\u0165 knihu z inej kni\u017enice?<\/strong><\/h3>\n<p style=\"text-align: justify;\">\u00c1no, pokia\u013e sa kniha nenach\u00e1dza vo fonde kni\u017enice, je mo\u017en\u00e9 vypo\u017ei\u010da\u0165 si ju prostredn\u00edctvom Medzikni\u017eni\u010dnej v\u00fdpo\u017ei\u010dnej slu\u017eby (MVS) z inej kni\u017enice, ak dan\u00fa publik\u00e1ciu t\u00e1to kni\u017enica spr\u00edstup\u0148uje touto slu\u017ebou. Slu\u017eba MVS je spoplatnen\u00e1 v zmysle <a href=\"https:\/\/www.krajskakniznicazilina.sk\/index.php\/sluzby\/cennik\/\">cenn\u00edka<\/a> Krajskej kni\u017enice v \u017diline.<\/p>\n<h3 style=\"text-align: justify;\"><strong>M\u00f4\u017eem si knihu rezervova\u0165, ak je moment\u00e1lne vypo\u017ei\u010dan\u00e1? Plat\u00ed sa za t\u00fato slu\u017ebu?<\/strong><\/h3>\n<p style=\"text-align: justify;\">Knihu je mo\u017en\u00e9 rezervova\u0165:<\/p>\n<ul style=\"text-align: justify;\">\n<li>pri v\u00fdpo\u017ei\u010dnom pulte<\/li>\n<li>prostredn\u00edctvom <a href=\"https:\/\/zsk.tritius.sk\/\">katal\u00f3gu<\/a> po prihl\u00e1sen\u00ed<\/li>\n<\/ul>\n<p style=\"text-align: justify;\">T\u00e1to slu\u017eba je spoplatnen\u00e1 v zmysle <a href=\"https:\/\/www.krajskakniznicazilina.sk\/index.php\/sluzby\/cennik\/\">cenn\u00edka KK\u017d<\/a> a platba sa realizuje len ak bola kniha spr\u00edstupnen\u00e1 \u010ditate\u013eovi do po\u017eadovan\u00e9ho d\u00e1tumu, ktor\u00fd \u010ditate\u013e uviedol pri rezervovan\u00ed.<\/p>\n<h3 style=\"text-align: justify;\"><strong>Ako postupova\u0165 pri \u017eiadan\u00ed o vypracovanie re\u0161er\u0161e?<\/strong><\/h3>\n<p style=\"text-align: justify;\">Podrobn\u00fd postup n\u00e1jdete na podstr\u00e1nke <a href=\"https:\/\/www.krajskakniznicazilina.sk\/index.php\/sluzby\/odborna-literatura\/resers\/\"><strong>Re\u0161er\u0161<\/strong> &#8211; TU<\/a>. Na po\u017eiadanie o re\u0161er\u0161 m\u00f4\u017eete vyu\u017ei\u0165 <strong><a href=\"https:\/\/www.krajskakniznicazilina.sk\/index.php\/sluzby\/odborna-literatura\/resers\/online-ziadanka-o-resers\/\">Online \u017eiadanku o re\u0161er\u0161<\/a><\/strong>.<\/p>\n<h3 style=\"text-align: justify;\"><strong>Existuje nejak\u00e1 slu\u017eba v\u010faka, ktorej by som pri\u0161iel do kni\u017enice a mal nachystan\u00e9 knihy pod\u013ea m\u00f4jho v\u00fdberu?<\/strong><\/h3>\n<p style=\"text-align: justify;\">\u00c1no. Odlo\u017eenie kn\u00edh je spoplatnen\u00e9 pod\u013ea <a href=\"https:\/\/www.krajskakniznicazilina.sk\/index.php\/sluzby\/cennik\/\">cenn\u00edku KK\u017d<\/a>. Knihu, ktor\u00fa chcete ma\u0165 pripraven\u00fa, si m\u00f4\u017eete objedna\u0165 po prihl\u00e1sen\u00ed prostredn\u00edctvom <a href=\"https:\/\/zsk.tritius.sk\/\">katal\u00f3gu<\/a>. Je nutn\u00e9, aby bol v kni\u017enici dostupn\u00fd vo\u013en\u00fd exempl\u00e1r danej knihy &#8211; a\u017e vtedy si ju m\u00f4\u017eete necha\u0165 za poplatok odlo\u017ei\u0165 (ak v kni\u017enici nie je dostupn\u00fd exempl\u00e1r, ide o rezerv\u00e1ciu). Knihu v\u00e1m nachyst\u00e1me do 24 hod\u00edn k centr\u00e1lnemu pultu, kde si ju m\u00f4\u017eete pr\u00eds\u0165 vyzdvihn\u00fa\u0165 po ozn\u00e1men\u00ed zaslanom prostredn\u00edctvom e-mailu.<\/p>\n<h3 style=\"text-align: justify;\"><strong>M\u00e1 va\u0161a kni\u017enica inform\u00e1cie o dian\u00ed v na\u0161om regi\u00f3ne? Ak \u00e1no, kde by som ich mohol n\u00e1js\u0165?<\/strong><\/h3>\n<p style=\"text-align: justify;\"><a href=\"https:\/\/www.krajskakniznicazilina.sk\/index.php\/sluzby\/regionalna-bibliografia\/\">\u00dasek region\u00e1lneho v\u00fdskumu, dokumentov a inform\u00e1ci\u00ed<\/a> zhroma\u017e\u010fuje a spr\u00edstup\u0148uje inform\u00e1cie nielen o aktu\u00e1lnom dian\u00ed v na\u0161om regi\u00f3ne, ale aj o jeho hist\u00f3rii. Buduje datab\u00e1zu \u010dl\u00e1nkov s region\u00e1lnou tematikou a datab\u00e1zu osobnost\u00ed regi\u00f3nu. Toto oddelenie n\u00e1jdete na 1. poschod\u00ed pri \u0161tudovni odbornej literat\u00fary.<\/p>\n<h3 style=\"text-align: justify;\"><strong>Ako si <a href=\"https:\/\/www.krajskakniznicazilina.sk\/index.php\/sluzby\/e-knihy\/evypozicky-palmknihy\/\">po\u017ei\u010da\u0165 e-knihu<\/a>?<\/strong><\/h3>\n<p style=\"text-align: justify;\">Podrobn\u00fd n\u00e1vod ako si po\u017ei\u010da\u0165 e-knihu do vlastn\u00e9ho zariadenia n\u00e1jdete <a href=\"https:\/\/www.krajskakniznicazilina.sk\/index.php\/sluzby\/e-knihy\/\">TU<\/a>. Je nutn\u00e9 by\u0165 zaregistrovan\u00fd na str\u00e1nke <a href=\"https:\/\/www.palmknihy.cz\/\">www.palmknihy.cz<\/a>, vo vytvorenom konte je nutn\u00e9 pou\u017ei\u0165 rovnak\u00fd e-mail ak\u00fd ste zadali pri registr\u00e1cii v kni\u017enici.<\/p>\n<h3 style=\"text-align: justify;\"><strong>M\u00f4\u017eem e-knihu pred\u010dasne vr\u00e1ti\u0165?<\/strong><\/h3>\n<p style=\"text-align: justify;\">Nie, t\u00fato mo\u017enos\u0165 syst\u00e9m po\u017ei\u010diavania e-kn\u00edh neumo\u017e\u0148uje.<\/p>\n<h3 style=\"text-align: justify;\"><strong>M\u00f4\u017eem po\u017ei\u010dan\u00e9 e-knihy \u010d\u00edta\u0165 na po\u010d\u00edta\u010di alebo na \u010d\u00edta\u010dke Kindle\/PocketBook?<\/strong><\/h3>\n<p style=\"text-align: justify;\">Nie, e-knihy nie je mo\u017en\u00e9 \u010d\u00edta\u0165 na po\u010d\u00edta\u010di ani vy\u0161\u0161ie uveden\u00fdch \u010d\u00edta\u010dk\u00e1ch. E-knihy je mo\u017en\u00e9 \u010d\u00edta\u0165 len na zariadeniach so syst\u00e9mom Android alebo iOS.<\/p>\n<h3 style=\"text-align: justify;\"><strong>M\u00e1m doma mno\u017estvo kn\u00edh, m\u00f4\u017eem ich darova\u0165 kni\u017enici? <\/strong><\/h3>\n<p style=\"text-align: justify;\">Na\u0161a kni\u017enica moment\u00e1lne prij\u00edma len knihy vydan\u00e9 po roku 2005, ktor\u00e9 s\u00fa v\u00a0dobrom stave. Star\u0161ie knihy neprij\u00edmame z\u00a0d\u00f4vodu limitovan\u00e9ho skladov\u00e9ho priestoru a\u00a0mno\u017estva rovnak\u00fdch titulov kn\u00edh, ktor\u00e9 sa nach\u00e1dzaj\u00fa v\u00a0na\u0161om kni\u017enom fonde.<\/p>\n<p style=\"text-align: justify;\">Radi v\u0161ak <strong>pr\u00edjmeme<\/strong> <strong>ak\u00e9ko\u013evek knihy, ktor\u00e9 s\u00fa sp\u00e4t\u00e9 s\u00a0okresom \u017dilina a\u00a0Byt\u010da<\/strong> tematicky alebo osobou autora textovej \u010di obrazovej \u010dasti, s\u00fa z\u00a0oblasti kr\u00e1snej alebo odbornej literat\u00fary s\u00a0ak\u00fdmko\u013evek rokom vydania.<\/p>\n<h3 style=\"text-align: justify;\"><strong>\u010co m\u00e1m teda robi\u0165 s\u00a0knihami, ktor\u00e9 kni\u017enica neprij\u00edma?<\/strong><\/h3>\n<p style=\"text-align: justify;\">Knihy m\u00f4\u017eete zanies\u0165 do antikvari\u00e1tov alebo do tzv. knihob\u00fadok a da\u0165 im tak druh\u00fa \u0161ancu na \u017eivot. <a href=\"https:\/\/www.knihobudka.sk\/\">Knihob\u00fadky v\u00a0\u017diline<\/a>:<\/p>\n<table>\n<tbody>\n<tr>\n<td>2 Knihob\u00fadky v\u00a0nemocnici (pred hlavnou<br \/>\nbudovou a\u00a0pred \u00farazovkou\/l\u00f4\u017ekov\u00e1 \u010das\u0165)<\/td>\n<td>Knihob\u00fadka na ul.<br \/>\nA. Bernol\u00e1ka (Bulv\u00e1r)<\/td>\n<td>Knihob\u00fadka v Parku<br \/>\n\u013d. \u0160t\u00fara<\/td>\n<\/tr>\n<tr>\n<td>Knihob\u00fadka pri Univerzitnej kni\u017enici \u017dilinskej univerzity v \u017diline<\/td>\n<td>Knihob\u00fadka v\u00a0Sade na Studni\u010dk\u00e1ch<\/td>\n<td>Knihob\u00fadka na Vodnom diele \u017dilina<\/td>\n<\/tr>\n<tr>\n<td>Knihob\u00fadka na s\u00eddlisku Vl\u010dince<br \/>\n(Dob\u0161insk\u00e9ho sad)<\/td>\n<td>Knihob\u00fadka na N\u00e1mest\u00ed mladosti (H\u00e1jik)<\/td>\n<td>Knihob\u00fadka v\u00a0lesoparku<\/td>\n<\/tr>\n<tr>\n<td>Knihob\u00fadka na Z\u00e1vodskom n\u00e1mest\u00ed (Z\u00e1vodie)<\/td>\n<td>Knihob\u00fadka na Oravskej ulici (B\u00f4rik)<\/td>\n<td>Knihob\u00fadka v Budat\u00edne<\/td>\n<\/tr>\n<\/tbody>\n<\/table>\n","protected":false},"excerpt":{"rendered":"<p>Na ak\u00fa dobu plat\u00ed registr\u00e1cia? Ak\u00e1 je v\u00fd\u0161ka poplatku za registr\u00e1ciu? Z\u00e1pisn\u00e9 plat\u00ed na dobu 365 dn\u00ed odo d\u0148a registr\u00e1cie v kni\u017enici. V\u00fd\u0161ku poplatku za registr\u00e1ciu n\u00e1jdete v aktu\u00e1lnom cenn\u00edku slu\u017eieb a poplatkov. Ako sa zaregistrova\u0165? Osobne v kni\u017enici &#8211; vyplnen\u00edm prihl\u00e1\u0161ky a uhraden\u00edm poplatku za registr\u00e1ciu. Cenn\u00edk poplatkov za registr\u00e1ciu Online &#8211;\u00a0v pr\u00edpade online &#8230; <a title=\"FAQ\" class=\"read-more\" href=\"https:\/\/www.krajskakniznicazilina.sk\/index.php\/sluzby\/faq\/\" aria-label=\"Pre\u010d\u00edtajte si viac o FAQ\">\u010c\u00edta\u0165 viac<\/a><\/p>\n","protected":false},"author":1,"featured_media":0,"parent":31,"menu_order":0,"comment_status":"closed","ping_status":"closed","template":"","meta":{"footnotes":""},"class_list":["post-128","page","type-page","status-publish"],"_links":{"self":[{"href":"https:\/\/www.krajskakniznicazilina.sk\/index.php\/wp-json\/wp\/v2\/pages\/128","targetHints":{"allow":["GET"]}}],"collection":[{"href":"https:\/\/www.krajskakniznicazilina.sk\/index.php\/wp-json\/wp\/v2\/pages"}],"about":[{"href":"https:\/\/www.krajskakniznicazilina.sk\/index.php\/wp-json\/wp\/v2\/types\/page"}],"author":[{"embeddable":true,"href":"https:\/\/www.krajskakniznicazilina.sk\/index.php\/wp-json\/wp\/v2\/users\/1"}],"replies":[{"embeddable":true,"href":"https:\/\/www.krajskakniznicazilina.sk\/index.php\/wp-json\/wp\/v2\/comments?post=128"}],"version-history":[{"count":43,"href":"https:\/\/www.krajskakniznicazilina.sk\/index.php\/wp-json\/wp\/v2\/pages\/128\/revisions"}],"predecessor-version":[{"id":16968,"href":"https:\/\/www.krajskakniznicazilina.sk\/index.php\/wp-json\/wp\/v2\/pages\/128\/revisions\/16968"}],"up":[{"embeddable":true,"href":"https:\/\/www.krajskakniznicazilina.sk\/index.php\/wp-json\/wp\/v2\/pages\/31"}],"wp:attachment":[{"href":"https:\/\/www.krajskakniznicazilina.sk\/index.php\/wp-json\/wp\/v2\/media?parent=128"}],"curies":[{"name":"wp","href":"https:\/\/api.w.org\/{rel}","templated":true}]}}