{"id":13071,"date":"2024-06-07T07:23:00","date_gmt":"2024-06-07T05:23:00","guid":{"rendered":"https:\/\/www.krajskakniznicazilina.sk\/?page_id=13071"},"modified":"2024-06-07T07:49:36","modified_gmt":"2024-06-07T05:49:36","slug":"kniha-zilinskeho-kraja","status":"publish","type":"page","link":"https:\/\/www.krajskakniznicazilina.sk\/index.php\/pre-kniznice\/kniha-zilinskeho-kraja\/","title":{"rendered":"Kniha \u017dilinsk\u00e9ho kraja"},"content":{"rendered":"<p style=\"text-align: justify;\">Krajsk\u00e1 kni\u017enica v \u017diline, Kysuck\u00e1 kni\u017enica v \u010cadci, Liptovsk\u00e1 kni\u017enica Ga\u0161para Fej\u00e9rpataky Belopotock\u00e9ho v Liptovskom Mikul\u00e1\u0161i, Tur\u010dianska kni\u017enica v Martine a Oravsk\u00e1 kni\u017enica Antona Habov\u0161tiaka v Dolnom Kub\u00edne, in\u0161tit\u00facie v zria\u010fovate\u013eskej p\u00f4sobnosti \u017dilinsk\u00e9ho samospr\u00e1vneho kraja, vyhl\u00e1sili v roku 2024 1. ro\u010dn\u00edk s\u00fa\u0165a\u017ee Kniha \u017dilinsk\u00e9ho kraja.<\/p>\n<p style=\"text-align: justify;\">Do s\u00fa\u0165a\u017ee s\u00fa zaraden\u00e9 knihy, ktor\u00e9 z\u00edskali titul Kniha Horn\u00e9ho Pova\u017eia, Kniha Kys\u00fac, Kniha Turca, Kniha Oravy a Kniha Liptova v kateg\u00f3rii beletria a v kateg\u00f3rii odborn\u00e1 literat\u00fara v \u010ditate\u013esk\u00fdch s\u00fa\u0165a\u017eiach organizovan\u00fdch region\u00e1lnymi kni\u017enicami \u017dilinsk\u00e9ho samospr\u00e1vneho kraja . O v\u00ed\u0165azn\u00fdch knih\u00e1ch rozhodne verejnos\u0165 prostredn\u00edctvom online hlasovania.<\/p>\n<h4 style=\"text-align: justify;\"><strong>V\u00ed\u0165azn\u00e9 knihy \u017dilinsk\u00e9ho kraja<\/strong><\/h4>\n<p class=\"entry-title\" style=\"text-align: justify;\">Kniha \u017dilinsk\u00e9ho kraja 2023<\/p>\n<ul>\n<li>beletria: <strong>Z Vendovky horami a dolinami (Jano P\u00e1nik)<\/strong> \/ Kniha Turca 2023<\/li>\n<li>odborn\u00e1 literat\u00fara: <strong>Priekopa v premen\u00e1ch \u010dasu (J\u00e1n Pokrievka, Jozef Fillo)<\/strong> \/ Kniha Turca 2023<\/li>\n<li><a href=\"https:\/\/www.krajskakniznicazilina.sk\/menu\/prekniz\/kniha%C5%BDK\/Kniha%20%C5%BDilinsk%C3%A9ho%20kraja%202023.pdf\">umiestnenia 2023<\/a> ; <a href=\"https:\/\/www.krajskakniznicazilina.sk\/index.php\/2024\/06\/07\/kniha-zilinskeho-kraja-2023-2\/\">tla\u010dov\u00e1 spr\u00e1va<\/a><\/li>\n<\/ul>\n","protected":false},"excerpt":{"rendered":"<p>Krajsk\u00e1 kni\u017enica v \u017diline, Kysuck\u00e1 kni\u017enica v \u010cadci, Liptovsk\u00e1 kni\u017enica Ga\u0161para Fej\u00e9rpataky Belopotock\u00e9ho v Liptovskom Mikul\u00e1\u0161i, Tur\u010dianska kni\u017enica v Martine a Oravsk\u00e1 kni\u017enica Antona Habov\u0161tiaka v Dolnom Kub\u00edne, in\u0161tit\u00facie v zria\u010fovate\u013eskej p\u00f4sobnosti \u017dilinsk\u00e9ho samospr\u00e1vneho kraja, vyhl\u00e1sili v roku 2024 1. ro\u010dn\u00edk s\u00fa\u0165a\u017ee Kniha \u017dilinsk\u00e9ho kraja. Do s\u00fa\u0165a\u017ee s\u00fa zaraden\u00e9 knihy, ktor\u00e9 z\u00edskali titul Kniha Horn\u00e9ho &#8230; <a title=\"Kniha \u017dilinsk\u00e9ho kraja\" class=\"read-more\" href=\"https:\/\/www.krajskakniznicazilina.sk\/index.php\/pre-kniznice\/kniha-zilinskeho-kraja\/\" aria-label=\"Pre\u010d\u00edtajte si viac o Kniha \u017dilinsk\u00e9ho kraja\">\u010c\u00edta\u0165 viac<\/a><\/p>\n","protected":false},"author":1,"featured_media":0,"parent":51,"menu_order":0,"comment_status":"closed","ping_status":"closed","template":"","meta":{"footnotes":""},"class_list":["post-13071","page","type-page","status-publish"],"_links":{"self":[{"href":"https:\/\/www.krajskakniznicazilina.sk\/index.php\/wp-json\/wp\/v2\/pages\/13071","targetHints":{"allow":["GET"]}}],"collection":[{"href":"https:\/\/www.krajskakniznicazilina.sk\/index.php\/wp-json\/wp\/v2\/pages"}],"about":[{"href":"https:\/\/www.krajskakniznicazilina.sk\/index.php\/wp-json\/wp\/v2\/types\/page"}],"author":[{"embeddable":true,"href":"https:\/\/www.krajskakniznicazilina.sk\/index.php\/wp-json\/wp\/v2\/users\/1"}],"replies":[{"embeddable":true,"href":"https:\/\/www.krajskakniznicazilina.sk\/index.php\/wp-json\/wp\/v2\/comments?post=13071"}],"version-history":[{"count":6,"href":"https:\/\/www.krajskakniznicazilina.sk\/index.php\/wp-json\/wp\/v2\/pages\/13071\/revisions"}],"predecessor-version":[{"id":13084,"href":"https:\/\/www.krajskakniznicazilina.sk\/index.php\/wp-json\/wp\/v2\/pages\/13071\/revisions\/13084"}],"up":[{"embeddable":true,"href":"https:\/\/www.krajskakniznicazilina.sk\/index.php\/wp-json\/wp\/v2\/pages\/51"}],"wp:attachment":[{"href":"https:\/\/www.krajskakniznicazilina.sk\/index.php\/wp-json\/wp\/v2\/media?parent=13071"}],"curies":[{"name":"wp","href":"https:\/\/api.w.org\/{rel}","templated":true}]}}