{"id":1309,"date":"2018-04-06T16:10:16","date_gmt":"2018-04-06T14:10:16","guid":{"rendered":"http:\/\/www2.krajskakniznicazilina.sk\/?page_id=1309"},"modified":"2025-08-18T14:54:02","modified_gmt":"2025-08-18T12:54:02","slug":"podujatia-udml","status":"publish","type":"page","link":"https:\/\/www.krajskakniznicazilina.sk\/index.php\/sluzby\/dml\/podujatia-udml\/","title":{"rendered":"Podujatia \u00daseku detskej literat\u00fary"},"content":{"rendered":"<h4 style=\"text-align: justify;\"><a href=\"https:\/\/www.krajskakniznicazilina.sk\/menu\/podu\/klub\/abeceda.jpg\"><strong>Abeceda v\u00a0kni\u017enici<\/strong><\/a><\/h4>\n<p style=\"text-align: justify;\">Abeceda v kni\u017enici je program pre deti pred\u0161kolsk\u00e9ho veku\u00a0 na podporu po\u010diato\u010dnej gramotnosti. Hravou formou prin\u00e1\u0161a de\u0165om prv\u00fd kontakt s\u00a0p\u00edsanou re\u010dou. Cez Montessori pom\u00f4cky a\u00a0r\u00f4zne didaktick\u00e9 hra\u010dky rozv\u00edjame u\u00a0det\u00ed pred\u010ditate\u013esk\u00fa gramotnos\u0165 a\u00a0prostredn\u00edctvom pr\u00edbehu vz\u0165ah ku knihe a\u00a0bud\u00facemu \u010d\u00edtaniu.<\/p>\n<h4 style=\"text-align: justify;\"><a href=\"https:\/\/www.krajskakniznicazilina.sk\/menu\/podu\/klub\/biblosko.jpg\"><strong>Biblosko<\/strong><\/a><\/h4>\n<p style=\"text-align: justify;\">\u010citate\u013esk\u00fd klub pre \u017eiakov 1. stup\u0148a z\u00e1kladn\u00fdch \u0161k\u00f4l. Jeho cie\u013eom je rozvoj \u010ditate\u013eskej gramotnosti a\u00a0podpora \u010d\u00edtania u\u00a0\u010ditate\u013eov \u201eza\u010diato\u010dn\u00edkov\u201c. Prebieha raz mesa\u010dne obvykle posledn\u00fd utorok v\u00a0mesiaci.<\/p>\n<h4 style=\"text-align: justify;\"><a href=\"https:\/\/www.krajskakniznicazilina.sk\/menu\/podu\/klub\/hermes.jpg\"><strong>Hermes<\/strong><\/a><\/h4>\n<p style=\"text-align: justify;\">Ak m\u00e1te spisovate\u013esk\u00e9 amb\u00edcie, klub \u201eHermes\u201c je tu pre v\u00e1s. Stretnutie mal\u00fdch i\u00a0ve\u013ek\u00fdch spisovate\u013eov\u00a0 v\u00a0Krajskej Kni\u017enici v\u00a0\u017diline. Dajte svoje my\u0161lienky na papier!<\/p>\n<h4 style=\"text-align: justify;\"><strong>Homeschooling v kni\u017enici<\/strong><\/h4>\n<p style=\"text-align: justify;\">Kni\u017enica pon\u00faka priestor pre deti v\u00a0dom\u00e1com vzdel\u00e1van\u00ed. Za\u010dala projektom\u00a0 <strong>\u201ePo\u010fme spolu do sveta\u201c,<\/strong> v\u00a0ktorom de\u0165om prostredn\u00edctvom pr\u00edbehov a\u00a0materi\u00e1lu z\u00a0ludot\u00e9ky detsk\u00e9ho oddelenia pribli\u017euje svet. Ka\u017ed\u00fd rok sa zameriame na in\u00fa t\u00e9mu, prostredn\u00edctvom ktorej z\u00e1rove\u0148 rozv\u00edjame \u010ditate\u013esk\u00e9 kompetencie det\u00ed v\u00a0dom\u00e1com vzdel\u00e1van\u00ed. D\u00f4le\u017eit\u00fdm aspektom je v\u00a0tomto programe aj socializ\u00e1cia det\u00ed a\u00a0vytvorenie komunitn\u00e9ho prostredia pre ne a\u00a0ich rodiny.<\/p>\n<h4 style=\"text-align: justify;\"><strong>Klub u\u00a0Knihu\u013eky<\/strong><\/h4>\n<p style=\"text-align: justify;\">Je ur\u010den\u00fd pre deti od 1 do 5 rokov a\u00a0ich rodi\u010dov. Spolo\u010dne \u010d\u00edtame a\u00a0rozv\u00edjame pred\u010ditate\u013esk\u00e9 kompetencie na\u0161ich najmen\u0161\u00edch.\u00a0 Cel\u00fdm programom n\u00e1s sprev\u00e1dza b\u00e1bka (diev\u010datko \u201eKnihu\u013eka\u201c) , s\u00a0ktorou deti u\u010d\u00edme nielen pesni\u010dky, b\u00e1sni\u010dky ale precvi\u010dujeme aj motoriku det\u00ed a\u00a0mnoho vec\u00ed, ktor\u00e9 vyu\u017eij\u00fa v\u00a0bud\u00facnosti\u00a0 pri n\u00e1cviku \u010d\u00edtania. V\u00a0programe sa zameriavame na p\u00e4\u0165 z\u00e1kladn\u00fdch princ\u00edpov budovania gramotnosti najmen\u0161\u00edch det\u00ed a\u00a0to:<\/p>\n<p style=\"text-align: justify;\"><strong>Spievanie<\/strong>, ktor\u00e9 rozv\u00edja fonematick\u00e9 uvedomovanie, obohacuje slovn\u00fa z\u00e1sobu deti, vytv\u00e1ra vz\u0165ah k\u00a0jazyku, napom\u00e1ha socializ\u00e1ci\u00ed at\u010f. Okrem toho, \u017ee s\u00a0de\u0165mi po\u010das programu spievame r\u00f4zne piesne, vytvorili sme \u00favodn\u00fa a\u00a0z\u00e1vere\u010dn\u00fa pesni\u010dku s\u00a0ktorou deti v\u00edtame a\u00a0l\u00fa\u010dime sa s nimi. Tieto ritu\u00e1ly s\u00fa pre deti tohto veku ve\u013emi d\u00f4le\u017eit\u00e9.<\/p>\n<p style=\"text-align: justify;\"><strong>Rozpr\u00e1vanie,<\/strong> ktor\u00e9 pom\u00e1ha die\u0165a\u0165u nau\u010di\u0165 sa jazyk. Die\u0165a sa u\u010d\u00ed jazyk najm\u00e4 jeho po\u010dut\u00edm. Z\u00e1rove\u0148 je d\u00f4le\u017eit\u00e9 aj sebavyjadrenie die\u0165a\u0165a a\u00a0po\u010d\u00favanie jeho my\u0161lienok. S\u00a0de\u0165mi sa rozpr\u00e1vame o\u00a0pr\u00edbehoch, ktor\u00e9 si \u010d\u00edtame a\u00a0nab\u00e1dame aj rodi\u010dov, aby s\u00a0n\u00edm ve\u013ea komunikovali a\u00a0po\u010d\u00favali ho.<\/p>\n<p style=\"text-align: justify;\"><strong>Hlasn\u00e9 \u010d\u00edtanie, <\/strong>ktor\u00e9 rozv\u00edja jazyk a\u00a0z\u00e1rove\u0148 \u010ditate\u013esk\u00fa kult\u00faru die\u0165a\u0165a. Po\u010das programu si vyberieme kr\u00e1tky pr\u00edbeh alebo b\u00e1sni\u010dku, ktor\u00fa de\u0165om pre\u010d\u00edtame a\u00a0s\u00a0ktorou pracujeme ako \u00fastrednou t\u00e9mou cel\u00e9ho programu (napr. \u017dabiatko, M\u00f4j mac\u00edk)<\/p>\n<p style=\"text-align: justify;\"><strong>Dramatiz\u00e1cia, <\/strong>prostredn\u00edctvom ktorej sa die\u0165a dost\u00e1va do pr\u00edbehu z\u00e1\u017eitkovou formou. Pri pr\u00e1ci s\u00a0najmen\u0161\u00edmi de\u0165mi je dramatizovan\u00e9 \u010d\u00edtanie a\u00a0pr\u00e1ca s\u00a0b\u00e1bkou ve\u013emi d\u00f4le\u017eit\u00e1.<\/p>\n<p style=\"text-align: justify;\"><strong>Hra, <\/strong>ktor\u00e1 je v\u00a0pred\u0161kolskom veku z\u00e1kladnou a\u00a0najprirodzenej\u0161ou \u010dinnos\u0165ou die\u0165a\u0165a. Prostredn\u00edctvom nej z\u00edskava poznatky. V\u00a0programe s\u00a0de\u0165mi hr\u00e1me viacer\u00e9 hudobno-pohybov\u00e9 hry. Z\u00e1verom programu s\u00fa dielne, v\u00a0ktor\u00fdch vyu\u017e\u00edvame Montessori pom\u00f4cky na rozvoj die\u0165a\u0165a vo v\u0161etk\u00fdch oblastiach.<\/p>\n<h4 style=\"text-align: justify;\"><a href=\"https:\/\/www.krajskakniznicazilina.sk\/index.php\/podujatia\/klubova-cinnost\/klub-hier\/\"><strong>Klub spolo\u010densk\u00fdch hier<\/strong><\/a><\/h4>\n<p style=\"text-align: justify;\">\u0160tvrtkov\u00e9 popoludnia (od 15:00 do 18:00) s\u00fa v\u00a0Krajskej kni\u017enici v\u00a0\u017diline venovan\u00e9 spolo\u010densk\u00fdm hr\u00e1m. Nielen \u0161achy a\u00a0\u010dlove\u010de ale aj in\u00e9 modern\u00e9 stolov\u00e9 hry na v\u00e1s \u010dakaj\u00fa v\u00a0klubovni na druhom poschod\u00ed.\u00a0Prida\u0165 sa m\u00f4\u017ee ka\u017ed\u00fd! Partnerom klubu spolo\u010densk\u00fdch hier je Albi s.r.o.<\/p>\n","protected":false},"excerpt":{"rendered":"<p>Abeceda v\u00a0kni\u017enici Abeceda v kni\u017enici je program pre deti pred\u0161kolsk\u00e9ho veku\u00a0 na podporu po\u010diato\u010dnej gramotnosti. Hravou formou prin\u00e1\u0161a de\u0165om prv\u00fd kontakt s\u00a0p\u00edsanou re\u010dou. Cez Montessori pom\u00f4cky a\u00a0r\u00f4zne didaktick\u00e9 hra\u010dky rozv\u00edjame u\u00a0det\u00ed pred\u010ditate\u013esk\u00fa gramotnos\u0165 a\u00a0prostredn\u00edctvom pr\u00edbehu vz\u0165ah ku knihe a\u00a0bud\u00facemu \u010d\u00edtaniu. Biblosko \u010citate\u013esk\u00fd klub pre \u017eiakov 1. stup\u0148a z\u00e1kladn\u00fdch \u0161k\u00f4l. Jeho cie\u013eom je rozvoj \u010ditate\u013eskej gramotnosti &#8230; <a title=\"Podujatia \u00daseku detskej literat\u00fary\" class=\"read-more\" href=\"https:\/\/www.krajskakniznicazilina.sk\/index.php\/sluzby\/dml\/podujatia-udml\/\" aria-label=\"Pre\u010d\u00edtajte si viac o Podujatia \u00daseku detskej literat\u00fary\">\u010c\u00edta\u0165 viac<\/a><\/p>\n","protected":false},"author":1,"featured_media":0,"parent":124,"menu_order":0,"comment_status":"closed","ping_status":"closed","template":"","meta":{"footnotes":""},"class_list":["post-1309","page","type-page","status-publish"],"_links":{"self":[{"href":"https:\/\/www.krajskakniznicazilina.sk\/index.php\/wp-json\/wp\/v2\/pages\/1309","targetHints":{"allow":["GET"]}}],"collection":[{"href":"https:\/\/www.krajskakniznicazilina.sk\/index.php\/wp-json\/wp\/v2\/pages"}],"about":[{"href":"https:\/\/www.krajskakniznicazilina.sk\/index.php\/wp-json\/wp\/v2\/types\/page"}],"author":[{"embeddable":true,"href":"https:\/\/www.krajskakniznicazilina.sk\/index.php\/wp-json\/wp\/v2\/users\/1"}],"replies":[{"embeddable":true,"href":"https:\/\/www.krajskakniznicazilina.sk\/index.php\/wp-json\/wp\/v2\/comments?post=1309"}],"version-history":[{"count":9,"href":"https:\/\/www.krajskakniznicazilina.sk\/index.php\/wp-json\/wp\/v2\/pages\/1309\/revisions"}],"predecessor-version":[{"id":15673,"href":"https:\/\/www.krajskakniznicazilina.sk\/index.php\/wp-json\/wp\/v2\/pages\/1309\/revisions\/15673"}],"up":[{"embeddable":true,"href":"https:\/\/www.krajskakniznicazilina.sk\/index.php\/wp-json\/wp\/v2\/pages\/124"}],"wp:attachment":[{"href":"https:\/\/www.krajskakniznicazilina.sk\/index.php\/wp-json\/wp\/v2\/media?parent=1309"}],"curies":[{"name":"wp","href":"https:\/\/api.w.org\/{rel}","templated":true}]}}