{"id":13252,"date":"2024-07-16T07:21:37","date_gmt":"2024-07-16T05:21:37","guid":{"rendered":"https:\/\/www.krajskakniznicazilina.sk\/?page_id=13252"},"modified":"2024-07-16T07:22:59","modified_gmt":"2024-07-16T05:22:59","slug":"services-eng","status":"publish","type":"page","link":"https:\/\/www.krajskakniznicazilina.sk\/index.php\/services-eng\/","title":{"rendered":"Services"},"content":{"rendered":"<p style=\"text-align: justify;\">The Regional Library in \u017dilina offers services for all citizens without restrictions. It offers basic and special library-informational services. Basic services are free, while special services are charged for in accordance with the <a href=\"https:\/\/www.krajskakniznicazilina.sk\/index.php\/services-eng\/price-list-of-services-eng\/\">valid pricelist<\/a>.\u00a0All services are for registered users with a valid library card.<\/p>\n<ul>\n<li style=\"text-align: justify;\"><strong>on-site and off-site loans<\/strong> of library documents,<\/li>\n<li style=\"text-align: justify;\"><strong>factual and bibliographic information<\/strong>,<\/li>\n<li style=\"text-align: justify;\"><strong>literature search<\/strong>,<\/li>\n<li style=\"text-align: justify;\"><strong>interlibrary and international interlibrary loan service (ILS, IILS),<\/strong><\/li>\n<li style=\"text-align: justify;\">document <strong>reservation and hold-off<\/strong>,<\/li>\n<li style=\"text-align: justify;\">electronic databases access,<\/li>\n<li style=\"text-align: justify;\">computer access \u2013 internet, text editor, printing, scanning, external information sources access (internet access including Wi-Fi connection),<\/li>\n<li style=\"text-align: justify;\"><strong>British <\/strong><\/li>\n<li style=\"text-align: justify;\"><strong>document scanning and copying,<\/strong><\/li>\n<li style=\"text-align: justify;\"><strong>public events<\/strong>, information preparations, cultural-educational events for schools,<\/li>\n<li style=\"text-align: justify;\">contact place of <strong>\u00darad priemyseln\u00e9ho vlastn\u00edctva,<\/strong><\/li>\n<li style=\"text-align: justify;\"><strong>services for people with <\/strong><strong>medical impairments<\/strong><strong>.<\/strong><\/li>\n<\/ul>\n","protected":false},"excerpt":{"rendered":"<p>The Regional Library in \u017dilina offers services for all citizens without restrictions. It offers basic and special library-informational services. Basic services are free, while special services are charged for in accordance with the valid pricelist.\u00a0All services are for registered users with a valid library card. on-site and off-site loans of library documents, factual and bibliographic &#8230; <a title=\"Services\" class=\"read-more\" href=\"https:\/\/www.krajskakniznicazilina.sk\/index.php\/services-eng\/\" aria-label=\"Pre\u010d\u00edtajte si viac o Services\">\u010c\u00edta\u0165 viac<\/a><\/p>\n","protected":false},"author":1,"featured_media":0,"parent":0,"menu_order":0,"comment_status":"closed","ping_status":"closed","template":"","meta":{"footnotes":""},"class_list":["post-13252","page","type-page","status-publish"],"_links":{"self":[{"href":"https:\/\/www.krajskakniznicazilina.sk\/index.php\/wp-json\/wp\/v2\/pages\/13252","targetHints":{"allow":["GET"]}}],"collection":[{"href":"https:\/\/www.krajskakniznicazilina.sk\/index.php\/wp-json\/wp\/v2\/pages"}],"about":[{"href":"https:\/\/www.krajskakniznicazilina.sk\/index.php\/wp-json\/wp\/v2\/types\/page"}],"author":[{"embeddable":true,"href":"https:\/\/www.krajskakniznicazilina.sk\/index.php\/wp-json\/wp\/v2\/users\/1"}],"replies":[{"embeddable":true,"href":"https:\/\/www.krajskakniznicazilina.sk\/index.php\/wp-json\/wp\/v2\/comments?post=13252"}],"version-history":[{"count":3,"href":"https:\/\/www.krajskakniznicazilina.sk\/index.php\/wp-json\/wp\/v2\/pages\/13252\/revisions"}],"predecessor-version":[{"id":13264,"href":"https:\/\/www.krajskakniznicazilina.sk\/index.php\/wp-json\/wp\/v2\/pages\/13252\/revisions\/13264"}],"wp:attachment":[{"href":"https:\/\/www.krajskakniznicazilina.sk\/index.php\/wp-json\/wp\/v2\/media?parent=13252"}],"curies":[{"name":"wp","href":"https:\/\/api.w.org\/{rel}","templated":true}]}}