{"id":13270,"date":"2024-07-16T07:48:09","date_gmt":"2024-07-16T05:48:09","guid":{"rendered":"https:\/\/www.krajskakniznicazilina.sk\/?page_id=13270"},"modified":"2024-07-16T07:48:09","modified_gmt":"2024-07-16T05:48:09","slug":"electronic-payments-eng","status":"publish","type":"page","link":"https:\/\/www.krajskakniznicazilina.sk\/index.php\/services-eng\/price-list-of-services-eng\/electronic-payments-eng\/","title":{"rendered":"Electronic payments"},"content":{"rendered":"<p style=\"text-align: justify;\">The Regional Library in \u017dilina offers its users the opportunity to pay their fees (registration, fines, reservations, literature search, etc.) via a bank account transfer.<\/p>\n<h3 style=\"text-align: justify;\"><strong>Payment information<\/strong><\/h3>\n<p style=\"text-align: justify;\"><strong>Account number<\/strong><br \/>\nIBAN:\u00a0<strong>SK20 8180 0000 0070 0048 1379<\/strong>\u00a0\u2013 Treasury<\/p>\n<p style=\"text-align: justify;\"><strong>Variable symbol<\/strong><br \/>\nthe number of your library card \u2013 for yearly membership<\/p>\n<p style=\"text-align: justify;\"><strong>Specific symbol<\/strong>:<br \/>\n01 (first registration, yearly membership)<br \/>\n02 (fine)<br \/>\n03 (literature search)<br \/>\n04 (ILS)<\/p>\n<p style=\"text-align: justify;\"><strong>Prices<\/strong> according to<a href=\"https:\/\/www.krajskakniznicazilina.sk\/index.php\/services-eng\/price-list-of-services-eng\/\">\u00a0the valid pricelist<\/a><\/p>\n<p style=\"text-align: justify;\"><strong>Message for recipient: first and last name + specification of the payment\u00a0<\/strong>(membership, fines, literature search, ILS\u2026)<\/p>\n<p style=\"text-align: justify;\"><strong>In the case of first registration<\/strong> you must <strong>send an email<\/strong> with your information (first and last name, birth date, address, completed education, category \u2013 see the <a href=\"https:\/\/www.krajskakniznicazilina.sk\/index.php\/services-eng\/price-list-of-services-eng\/\"><strong>pricelist<\/strong><\/a><strong>)<\/strong> \u00a0to <a href=\"mailto:mjartanova@krajskakniznicazilina.sk\">mjartanova@krajskakniznicazilina.sk<\/a>. You will sign your user application at your first personal visit to the library.<\/p>\n<p style=\"text-align: justify;\">Payment processing takes a few days. For faster registration\/service use you may send the payment confirmation to: <a href=\"mailto:mjartanova@krajskakniznicazilina.sk\">mjartanova@krajskakniznicazilina.sk<\/a>.<\/p>\n","protected":false},"excerpt":{"rendered":"<p>The Regional Library in \u017dilina offers its users the opportunity to pay their fees (registration, fines, reservations, literature search, etc.) via a bank account transfer. Payment information Account number IBAN:\u00a0SK20 8180 0000 0070 0048 1379\u00a0\u2013 Treasury Variable symbol the number of your library card \u2013 for yearly membership Specific symbol: 01 (first registration, yearly membership) &#8230; <a title=\"Electronic payments\" class=\"read-more\" href=\"https:\/\/www.krajskakniznicazilina.sk\/index.php\/services-eng\/price-list-of-services-eng\/electronic-payments-eng\/\" aria-label=\"Pre\u010d\u00edtajte si viac o Electronic payments\">\u010c\u00edta\u0165 viac<\/a><\/p>\n","protected":false},"author":1,"featured_media":0,"parent":13253,"menu_order":0,"comment_status":"closed","ping_status":"closed","template":"","meta":{"footnotes":""},"class_list":["post-13270","page","type-page","status-publish"],"_links":{"self":[{"href":"https:\/\/www.krajskakniznicazilina.sk\/index.php\/wp-json\/wp\/v2\/pages\/13270","targetHints":{"allow":["GET"]}}],"collection":[{"href":"https:\/\/www.krajskakniznicazilina.sk\/index.php\/wp-json\/wp\/v2\/pages"}],"about":[{"href":"https:\/\/www.krajskakniznicazilina.sk\/index.php\/wp-json\/wp\/v2\/types\/page"}],"author":[{"embeddable":true,"href":"https:\/\/www.krajskakniznicazilina.sk\/index.php\/wp-json\/wp\/v2\/users\/1"}],"replies":[{"embeddable":true,"href":"https:\/\/www.krajskakniznicazilina.sk\/index.php\/wp-json\/wp\/v2\/comments?post=13270"}],"version-history":[{"count":1,"href":"https:\/\/www.krajskakniznicazilina.sk\/index.php\/wp-json\/wp\/v2\/pages\/13270\/revisions"}],"predecessor-version":[{"id":13271,"href":"https:\/\/www.krajskakniznicazilina.sk\/index.php\/wp-json\/wp\/v2\/pages\/13270\/revisions\/13271"}],"up":[{"embeddable":true,"href":"https:\/\/www.krajskakniznicazilina.sk\/index.php\/wp-json\/wp\/v2\/pages\/13253"}],"wp:attachment":[{"href":"https:\/\/www.krajskakniznicazilina.sk\/index.php\/wp-json\/wp\/v2\/media?parent=13270"}],"curies":[{"name":"wp","href":"https:\/\/api.w.org\/{rel}","templated":true}]}}