{"id":13309,"date":"2024-07-18T09:03:08","date_gmt":"2024-07-18T07:03:08","guid":{"rendered":"https:\/\/www.krajskakniznicazilina.sk\/?page_id=13309"},"modified":"2024-07-18T09:11:50","modified_gmt":"2024-07-18T07:11:50","slug":"online-literature-search-form-eng","status":"publish","type":"page","link":"https:\/\/www.krajskakniznicazilina.sk\/index.php\/services-eng\/scientific-literature-eng\/literature-search-eng\/online-literature-search-form-eng\/","title":{"rendered":"Online Literature Search Form"},"content":{"rendered":"<p style=\"text-align: justify;\"><strong>Literature search is processed on the basis of a<\/strong> filled-out <strong>form<\/strong> of a user within 7 days or 24 hours after receiving payment to the library\u2019s bank account <strong>IBAN: SK20 8180 0000 0070 0048 1379<\/strong>, Treasury. This service is charged for in accordance with the valid <a href=\"https:\/\/www.krajskakniznicazilina.sk\/index.php\/services-eng\/price-list-of-services-eng\/\"><strong>price list<\/strong><\/a>.<\/p>\n<p style=\"text-align: justify;\">Write your whole name, address, date of birth, and \u201c<strong>literature search<\/strong>\u201d <strong>in the message for recipient<\/strong>.<\/p>\n<p style=\"text-align: justify;\"><strong>Afterwards write to <\/strong><a href=\"mailto:kniznica@krajskakniznicazilina.sk\"><strong>kniznica@krajskakniznicazilina.sk<\/strong><\/a> with a <strong>payment confirmation<\/strong>, so your literature search is processed faster.<\/p>\n<p style=\"text-align: justify;\">Don\u2019t forget to check the <strong>validity of your library card<\/strong>, because to have a literature search done, you must be a <strong>registered library user<\/strong> with a valid library card.<\/p>\n<div class=\"wpforms-container wpforms-container-full\" id=\"wpforms-13301\"><form id=\"wpforms-form-13301\" class=\"wpforms-validate wpforms-form wpforms-ajax-form\" data-formid=\"13301\" method=\"post\" enctype=\"multipart\/form-data\" action=\"\/index.php\/wp-json\/wp\/v2\/pages\/13309\" data-token=\"cbb297abfa34c80a4b94ff30f7d0c6f5\" data-token-time=\"1777450619\"><noscript class=\"wpforms-error-noscript\">Please enable JavaScript in your browser to complete this form.<\/noscript><div class=\"wpforms-field-container\"><div id=\"wpforms-13301-field_2-container\" class=\"wpforms-field wpforms-field-name\" data-field-id=\"2\"><label class=\"wpforms-field-label\" for=\"wpforms-13301-field_2\">Applicant\u2019s first and last name  <span class=\"wpforms-required-label\">*<\/span><\/label><div class=\"wpforms-field-row wpforms-field-medium\"><div class=\"wpforms-field-row-block wpforms-first wpforms-one-half\"><input type=\"text\" id=\"wpforms-13301-field_2\" class=\"wpforms-field-name-first wpforms-field-required\" name=\"wpforms[fields][2][first]\" placeholder=\"First name\" required><label for=\"wpforms-13301-field_2\" class=\"wpforms-field-sublabel after wpforms-sublabel-hide\">First<\/label><\/div><div class=\"wpforms-field-row-block wpforms-one-half\"><input type=\"text\" id=\"wpforms-13301-field_2-last\" class=\"wpforms-field-name-last wpforms-field-required\" name=\"wpforms[fields][2][last]\" placeholder=\"Last name\" required><label for=\"wpforms-13301-field_2-last\" class=\"wpforms-field-sublabel after wpforms-sublabel-hide\">Last<\/label><\/div><\/div><\/div><div id=\"wpforms-13301-field_20-container\" class=\"wpforms-field wpforms-field-text\" data-field-id=\"20\"><label class=\"wpforms-field-label\" for=\"wpforms-13301-field_20\">Library card number  <span class=\"wpforms-required-label\">*<\/span><\/label><input type=\"text\" id=\"wpforms-13301-field_20\" class=\"wpforms-field-medium wpforms-field-required\" name=\"wpforms[fields][20]\" placeholder=\"0000000000000\" required><div class=\"wpforms-field-description\">Enter the library card barcode number or the number of your digital library card.<\/div><\/div><div id=\"wpforms-13301-field_3-container\" class=\"wpforms-field wpforms-field-email\" data-field-id=\"3\"><label class=\"wpforms-field-label\" for=\"wpforms-13301-field_3\">Applicant\u2019s email <span class=\"wpforms-required-label\">*<\/span><\/label><input type=\"email\" id=\"wpforms-13301-field_3\" class=\"wpforms-field-medium wpforms-field-required\" name=\"wpforms[fields][3]\" spellcheck=\"false\" required><div class=\"wpforms-field-description\">Paid and processed literature search is sent by email.<\/div><\/div><div id=\"wpforms-13301-field_21-container\" class=\"wpforms-field wpforms-field-text\" data-field-id=\"21\"><label class=\"wpforms-field-label\" for=\"wpforms-13301-field_21\">Phone number<\/label><input type=\"text\" id=\"wpforms-13301-field_21\" class=\"wpforms-field-small\" name=\"wpforms[fields][21]\" placeholder=\"+421 000 000 000\" ><\/div><div id=\"wpforms-13301-field_5-container\" class=\"wpforms-field wpforms-field-text\" data-field-id=\"5\"><label class=\"wpforms-field-label\" for=\"wpforms-13301-field_5\">Date <span class=\"wpforms-required-label\">*<\/span><\/label><input type=\"text\" id=\"wpforms-13301-field_5\" class=\"wpforms-field-medium wpforms-field-required\" name=\"wpforms[fields][5]\" required><div class=\"wpforms-field-description\">Enter today\u2019s date.<\/div><\/div><div id=\"wpforms-13301-field_1-container\" class=\"wpforms-field wpforms-field-text\" data-field-id=\"1\"><label class=\"wpforms-field-label\" for=\"wpforms-13301-field_1\">Topic title <span class=\"wpforms-required-label\">*<\/span><\/label><input type=\"text\" id=\"wpforms-13301-field_1\" class=\"wpforms-field-medium wpforms-field-required\" name=\"wpforms[fields][1]\" required><\/div><div id=\"wpforms-13301-field_17-container\" class=\"wpforms-field wpforms-field-text\" data-field-id=\"17\"><label class=\"wpforms-field-label\" for=\"wpforms-13301-field_17\">Scientific field <span class=\"wpforms-required-label\">*<\/span><\/label><input type=\"text\" id=\"wpforms-13301-field_17\" class=\"wpforms-field-medium wpforms-field-required\" name=\"wpforms[fields][17]\" required><div class=\"wpforms-field-description\">Enter your scientific field, e.g., library and information studies.<\/div><\/div><div id=\"wpforms-13301-field_10-container\" class=\"wpforms-field wpforms-field-select wpforms-field-select-style-classic\" data-field-id=\"10\"><label class=\"wpforms-field-label\" for=\"wpforms-13301-field_10\">Purpose <span class=\"wpforms-required-label\">*<\/span><\/label><select id=\"wpforms-13301-field_10\" class=\"wpforms-field-medium wpforms-field-required\" name=\"wpforms[fields][10]\" required=\"required\"><option value=\"essay\"  class=\"choice-1 depth-1\"  >essay<\/option><option value=\"bachelor\u2019s thesis\"  class=\"choice-2 depth-1\"  >bachelor\u2019s thesis<\/option><option value=\"master\u2019s thesis\"  class=\"choice-3 depth-1\"  >master\u2019s thesis<\/option><option value=\"doctoral thesis\"  class=\"choice-4 depth-1\"  >doctoral thesis<\/option><option value=\"dissertation\"  class=\"choice-5 depth-1\"  >dissertation<\/option><option value=\"scientific paper\"  class=\"choice-7 depth-1\"  >scientific paper<\/option><option value=\"other\"  class=\"choice-6 depth-1\"  >other<\/option><\/select><\/div><div id=\"wpforms-13301-field_4-container\" class=\"wpforms-field wpforms-field-textarea\" data-field-id=\"4\"><label class=\"wpforms-field-label\" for=\"wpforms-13301-field_4\">Key words <span class=\"wpforms-required-label\">*<\/span><\/label><textarea id=\"wpforms-13301-field_4\" class=\"wpforms-field-medium wpforms-field-required\" name=\"wpforms[fields][4]\" required><\/textarea><div class=\"wpforms-field-description\">Write in words and phrases which are not used in the topic title. In case of a foreign language sources request, write in the foreign language equivalents. Key words are to be separated by a comma and a space.<\/div><\/div><div id=\"wpforms-13301-field_6-container\" class=\"wpforms-field wpforms-field-checkbox\" data-field-id=\"6\"><label class=\"wpforms-field-label\">Search <span class=\"wpforms-required-label\">*<\/span><\/label><ul id=\"wpforms-13301-field_6\" class=\"wpforms-field-required\"><li class=\"choice-1 depth-1\"><input type=\"checkbox\" id=\"wpforms-13301-field_6_1\" name=\"wpforms[fields][6][]\" value=\"books\" required ><label class=\"wpforms-field-label-inline\" for=\"wpforms-13301-field_6_1\">books<\/label><\/li><li class=\"choice-2 depth-1\"><input type=\"checkbox\" id=\"wpforms-13301-field_6_2\" name=\"wpforms[fields][6][]\" value=\"magazine articles\" required ><label class=\"wpforms-field-label-inline\" for=\"wpforms-13301-field_6_2\">magazine articles<\/label><\/li><li class=\"choice-3 depth-1\"><input type=\"checkbox\" id=\"wpforms-13301-field_6_3\" name=\"wpforms[fields][6][]\" value=\"qualification works\" required ><label class=\"wpforms-field-label-inline\" for=\"wpforms-13301-field_6_3\">qualification works<\/label><\/li><\/ul><\/div><div id=\"wpforms-13301-field_7-container\" class=\"wpforms-field wpforms-field-text\" data-field-id=\"7\"><label class=\"wpforms-field-label\" for=\"wpforms-13301-field_7\">Search documents since the year:<\/label><input type=\"text\" id=\"wpforms-13301-field_7\" class=\"wpforms-field-medium\" name=\"wpforms[fields][7]\" ><\/div><div id=\"wpforms-13301-field_8-container\" class=\"wpforms-field wpforms-field-checkbox\" data-field-id=\"8\"><label class=\"wpforms-field-label\">Browse: <span class=\"wpforms-required-label\">*<\/span><\/label><ul id=\"wpforms-13301-field_8\" class=\"wpforms-field-required\"><li class=\"choice-1 depth-1\"><input type=\"checkbox\" id=\"wpforms-13301-field_8_1\" name=\"wpforms[fields][8][]\" value=\"collective catalogue of Slovak libraries\" required ><label class=\"wpforms-field-label-inline\" for=\"wpforms-13301-field_8_1\">collective catalogue of Slovak libraries<\/label><\/li><li class=\"choice-2 depth-1\"><input type=\"checkbox\" id=\"wpforms-13301-field_8_2\" name=\"wpforms[fields][8][]\" value=\"foreign e-sources\" required ><label class=\"wpforms-field-label-inline\" for=\"wpforms-13301-field_8_2\">foreign e-sources<\/label><\/li><\/ul><\/div><div id=\"wpforms-13301-field_11-container\" class=\"wpforms-field wpforms-field-checkbox\" data-field-id=\"11\"><label class=\"wpforms-field-label wpforms-label-hide\">Search sources <span class=\"wpforms-required-label\">*<\/span><\/label><ul id=\"wpforms-13301-field_11\" class=\"wpforms-field-required\"><li class=\"choice-1 depth-1\"><input type=\"checkbox\" id=\"wpforms-13301-field_11_1\" name=\"wpforms[fields][11][]\" value=\"sources in Slovak and Czech language\" required ><label class=\"wpforms-field-label-inline\" for=\"wpforms-13301-field_11_1\">sources in Slovak and Czech language<\/label><\/li><li class=\"choice-2 depth-1\"><input type=\"checkbox\" id=\"wpforms-13301-field_11_2\" name=\"wpforms[fields][11][]\" value=\"sources in English language\" required ><label class=\"wpforms-field-label-inline\" for=\"wpforms-13301-field_11_2\">sources in English language<\/label><\/li><li class=\"choice-3 depth-1\"><input type=\"checkbox\" id=\"wpforms-13301-field_11_3\" name=\"wpforms[fields][11][]\" value=\"sources in other languages\" required ><label class=\"wpforms-field-label-inline\" for=\"wpforms-13301-field_11_3\">sources in other languages<\/label><\/li><\/ul><\/div><div id=\"wpforms-13301-field_12-container\" class=\"wpforms-field wpforms-field-radio\" data-field-id=\"12\"><label class=\"wpforms-field-label\">Prepare sources from the collection of the Regional Library of \u017dilina <span class=\"wpforms-required-label\">*<\/span><\/label><ul id=\"wpforms-13301-field_12\" class=\"wpforms-field-required\"><li class=\"choice-1 depth-1\"><input type=\"radio\" id=\"wpforms-13301-field_12_1\" name=\"wpforms[fields][12]\" value=\"yes\" required ><label class=\"wpforms-field-label-inline\" for=\"wpforms-13301-field_12_1\">yes<\/label><\/li><li class=\"choice-2 depth-1\"><input type=\"radio\" id=\"wpforms-13301-field_12_2\" name=\"wpforms[fields][12]\" value=\"no\" required ><label class=\"wpforms-field-label-inline\" for=\"wpforms-13301-field_12_2\">no<\/label><\/li><\/ul><div class=\"wpforms-field-description\">The service of literature search documents preparation charges at 0,20\u20ac\/1 book document, including articles and online documents.<\/div><\/div><div id=\"wpforms-13301-field_13-container\" class=\"wpforms-field wpforms-field-radio\" data-field-id=\"13\"><label class=\"wpforms-field-label\">Process literature search within <span class=\"wpforms-required-label\">*<\/span><\/label><ul id=\"wpforms-13301-field_13\" class=\"wpforms-field-required\"><li class=\"choice-3 depth-1\"><input type=\"radio\" id=\"wpforms-13301-field_13_3\" name=\"wpforms[fields][13]\" value=\"7 days for 7 \u20ac\" required ><label class=\"wpforms-field-label-inline\" for=\"wpforms-13301-field_13_3\">7 days for 7 \u20ac<\/label><\/li><li class=\"choice-2 depth-1\"><input type=\"radio\" id=\"wpforms-13301-field_13_2\" name=\"wpforms[fields][13]\" value=\"24 hours for 12 \u20ac\" required ><label class=\"wpforms-field-label-inline\" for=\"wpforms-13301-field_13_2\">24 hours for 12 \u20ac<\/label><\/li><\/ul><div class=\"wpforms-field-description\">One may request the 24-hour processing only during workdays from Monday to Thursday.<\/div><\/div><div id=\"wpforms-13301-field_14-container\" class=\"wpforms-field wpforms-field-textarea\" data-field-id=\"14\"><label class=\"wpforms-field-label\" for=\"wpforms-13301-field_14\">Other specifications<\/label><textarea id=\"wpforms-13301-field_14\" class=\"wpforms-field-medium\" name=\"wpforms[fields][14]\" ><\/textarea><div class=\"wpforms-field-description\">If needed, enter additional information or a note for a librarian.<\/div><\/div><div id=\"wpforms-13301-field_15-container\" class=\"wpforms-field wpforms-field-radio\" data-field-id=\"15\"><label class=\"wpforms-field-label\">Consent <span class=\"wpforms-required-label\">*<\/span><\/label><ul id=\"wpforms-13301-field_15\" class=\"wpforms-field-required\"><li class=\"choice-1 depth-1\"><input type=\"radio\" id=\"wpforms-13301-field_15_1\" name=\"wpforms[fields][15]\" value=\"I agree to the literature search conditions according to the valid Library Guidelines of the Regional Library in \u017dilina.\" required ><label class=\"wpforms-field-label-inline\" for=\"wpforms-13301-field_15_1\">I agree to the literature search conditions according to the valid Library Guidelines of the Regional Library in \u017dilina.<\/label><\/li><\/ul><div class=\"wpforms-field-description\">For the literature search, an advanced payment is needed to the Regional Library in \u017dilina\u2019s bank account IBAN SK20 8180 0000 0070 0048 1379. Write your name and purpose of the payment \u2013 literature search in the message for recipient.<\/div><\/div><\/div><!-- .wpforms-field-container --><div class=\"wpforms-recaptcha-container wpforms-is-recaptcha wpforms-is-recaptcha-type-invisible\" ><div class=\"g-recaptcha\" data-sitekey=\"6LcR54kgAAAAAO_LAUgLA2MJiyDDsYkvqNYcWKyF\" data-size=\"invisible\"><\/div><\/div><div class=\"wpforms-submit-container\" ><input type=\"hidden\" name=\"wpforms[id]\" value=\"13301\"><input type=\"hidden\" name=\"page_title\" value=\"\"><input type=\"hidden\" name=\"page_url\" value=\"https:\/\/www.krajskakniznicazilina.sk\/index.php\/wp-json\/wp\/v2\/pages\/13309\"><input type=\"hidden\" name=\"url_referer\" value=\"\"><button type=\"submit\" name=\"wpforms[submit]\" id=\"wpforms-submit-13301\" class=\"wpforms-submit\" data-alt-text=\"Sending...\" data-submit-text=\"Submit\" aria-live=\"assertive\" value=\"wpforms-submit\">Submit<\/button><img loading=\"lazy\" decoding=\"async\" src=\"https:\/\/www.krajskakniznicazilina.sk\/wp-content\/plugins\/wpforms-lite\/assets\/images\/submit-spin.svg\" class=\"wpforms-submit-spinner\" style=\"display: none;\" width=\"26\" height=\"26\" alt=\"Loading\"><\/div><\/form><\/div>  <!-- .wpforms-container -->\n","protected":false},"excerpt":{"rendered":"<p>Literature search is processed on the basis of a filled-out form of a user within 7 days or 24 hours after receiving payment to the library\u2019s bank account IBAN: SK20 8180 0000 0070 0048 1379, Treasury. This service is charged for in accordance with the valid price list. Write your whole name, address, date of &#8230; <a title=\"Online Literature Search Form\" class=\"read-more\" href=\"https:\/\/www.krajskakniznicazilina.sk\/index.php\/services-eng\/scientific-literature-eng\/literature-search-eng\/online-literature-search-form-eng\/\" aria-label=\"Pre\u010d\u00edtajte si viac o Online Literature Search Form\">\u010c\u00edta\u0165 viac<\/a><\/p>\n","protected":false},"author":1,"featured_media":0,"parent":13290,"menu_order":0,"comment_status":"closed","ping_status":"closed","template":"","meta":{"footnotes":""},"class_list":["post-13309","page","type-page","status-publish"],"_links":{"self":[{"href":"https:\/\/www.krajskakniznicazilina.sk\/index.php\/wp-json\/wp\/v2\/pages\/13309","targetHints":{"allow":["GET"]}}],"collection":[{"href":"https:\/\/www.krajskakniznicazilina.sk\/index.php\/wp-json\/wp\/v2\/pages"}],"about":[{"href":"https:\/\/www.krajskakniznicazilina.sk\/index.php\/wp-json\/wp\/v2\/types\/page"}],"author":[{"embeddable":true,"href":"https:\/\/www.krajskakniznicazilina.sk\/index.php\/wp-json\/wp\/v2\/users\/1"}],"replies":[{"embeddable":true,"href":"https:\/\/www.krajskakniznicazilina.sk\/index.php\/wp-json\/wp\/v2\/comments?post=13309"}],"version-history":[{"count":2,"href":"https:\/\/www.krajskakniznicazilina.sk\/index.php\/wp-json\/wp\/v2\/pages\/13309\/revisions"}],"predecessor-version":[{"id":13311,"href":"https:\/\/www.krajskakniznicazilina.sk\/index.php\/wp-json\/wp\/v2\/pages\/13309\/revisions\/13311"}],"up":[{"embeddable":true,"href":"https:\/\/www.krajskakniznicazilina.sk\/index.php\/wp-json\/wp\/v2\/pages\/13290"}],"wp:attachment":[{"href":"https:\/\/www.krajskakniznicazilina.sk\/index.php\/wp-json\/wp\/v2\/media?parent=13309"}],"curies":[{"name":"wp","href":"https:\/\/api.w.org\/{rel}","templated":true}]}}