{"id":13323,"date":"2024-07-18T09:24:44","date_gmt":"2024-07-18T07:24:44","guid":{"rendered":"https:\/\/www.krajskakniznicazilina.sk\/?page_id=13323"},"modified":"2025-08-18T14:48:01","modified_gmt":"2025-08-18T12:48:01","slug":"children-and-youth-literature-eng","status":"publish","type":"page","link":"https:\/\/www.krajskakniznicazilina.sk\/index.php\/services-eng\/children-and-youth-literature-eng\/","title":{"rendered":"Children Literature"},"content":{"rendered":"<p style=\"margin: 12pt 0cm; text-align: justify;\"><span lang=\"EN-US\" style=\"font-size: 11.5pt; font-family: 'Open Sans',sans-serif; color: #3a3a3a;\">This department, located on the second floor, is dedicated to users between 0 and 15 years old. It is divided into two parts: the youngest users and school children. Apart from the library collection, one may also find a collection of board games and didactic tools in this department. We are gradually assembling a collection of Montessori tools which can be loaned on-site. The space is trying to create a friendly environment for children and their parents where they can meet and use services and the available collection.<\/span><\/p>\n<p style=\"text-align: justify;\"><a href=\"https:\/\/www.krajskakniznicazilina.sk\/menu\/sluz\/deti\/det.jpg\"><img decoding=\"async\" class=\"alignright size-full\" src=\"https:\/\/www.krajskakniznicazilina.sk\/menu\/sluz\/deti\/det.jpg\" alt=\"fotografia\" width=\"40%\" height=\"40%\" \/><\/a>Documents are divided like so:<\/p>\n<ul style=\"text-align: justify;\">\n<li>board books<\/li>\n<li>fairytales<\/li>\n<li>stories for younger school children<\/li>\n<li>stories for older school children<\/li>\n<li>children comics<\/li>\n<li>poetry for children<\/li>\n<li>educational literature for children<\/li>\n<li>children magazines<\/li>\n<li>children literature in foreign languages<\/li>\n<\/ul>\n<p style=\"text-align: justify;\">The primary purpose of this department is development of pre-reading and reading skills of children and their socialization. We offer many events, workshops, seminars for parents, and lectures with experts on working with children. Apart from events for schools, we also offer many public activities.<\/p>\n","protected":false},"excerpt":{"rendered":"<p>This department, located on the second floor, is dedicated to users between 0 and 15 years old. It is divided into two parts: the youngest users and school children. Apart from the library collection, one may also find a collection of board games and didactic tools in this department. We are gradually assembling a collection &#8230; <a title=\"Children Literature\" class=\"read-more\" href=\"https:\/\/www.krajskakniznicazilina.sk\/index.php\/services-eng\/children-and-youth-literature-eng\/\" aria-label=\"Pre\u010d\u00edtajte si viac o Children Literature\">\u010c\u00edta\u0165 viac<\/a><\/p>\n","protected":false},"author":1,"featured_media":0,"parent":13252,"menu_order":0,"comment_status":"closed","ping_status":"closed","template":"","meta":{"footnotes":""},"class_list":["post-13323","page","type-page","status-publish"],"_links":{"self":[{"href":"https:\/\/www.krajskakniznicazilina.sk\/index.php\/wp-json\/wp\/v2\/pages\/13323","targetHints":{"allow":["GET"]}}],"collection":[{"href":"https:\/\/www.krajskakniznicazilina.sk\/index.php\/wp-json\/wp\/v2\/pages"}],"about":[{"href":"https:\/\/www.krajskakniznicazilina.sk\/index.php\/wp-json\/wp\/v2\/types\/page"}],"author":[{"embeddable":true,"href":"https:\/\/www.krajskakniznicazilina.sk\/index.php\/wp-json\/wp\/v2\/users\/1"}],"replies":[{"embeddable":true,"href":"https:\/\/www.krajskakniznicazilina.sk\/index.php\/wp-json\/wp\/v2\/comments?post=13323"}],"version-history":[{"count":5,"href":"https:\/\/www.krajskakniznicazilina.sk\/index.php\/wp-json\/wp\/v2\/pages\/13323\/revisions"}],"predecessor-version":[{"id":15671,"href":"https:\/\/www.krajskakniznicazilina.sk\/index.php\/wp-json\/wp\/v2\/pages\/13323\/revisions\/15671"}],"up":[{"embeddable":true,"href":"https:\/\/www.krajskakniznicazilina.sk\/index.php\/wp-json\/wp\/v2\/pages\/13252"}],"wp:attachment":[{"href":"https:\/\/www.krajskakniznicazilina.sk\/index.php\/wp-json\/wp\/v2\/media?parent=13323"}],"curies":[{"name":"wp","href":"https:\/\/api.w.org\/{rel}","templated":true}]}}