{"id":13355,"date":"2024-07-18T12:21:20","date_gmt":"2024-07-18T10:21:20","guid":{"rendered":"https:\/\/www.krajskakniznicazilina.sk\/?page_id=13355"},"modified":"2025-08-22T13:41:21","modified_gmt":"2025-08-22T11:41:21","slug":"makerspace-eng","status":"publish","type":"page","link":"https:\/\/www.krajskakniznicazilina.sk\/index.php\/makerspace-eng\/","title":{"rendered":"SmartLab"},"content":{"rendered":"<p style=\"text-align: justify;\"><a href=\"https:\/\/smartlab.cvtisr.sk\/index.php\/about-smartlab\/\"><b>SmartLab<\/b><\/a> <b>\u2013 Library\u2019s intelligent laboratory<\/b><\/p>\n<p style=\"text-align: justify;\"><span style=\"font-weight: 400;\">Creative workshop, urban workshop, makerspace, Fablab. These are the names for spaces that share specific qualities, like supporting creativity, access to modern production technologies, and innovative education. It is a place for individuals to meet, share ideas, experiment with different tools and technologies, and create. This space is available to the public, offering diverse equipment, such as 3D printers, sewing machines, electronic components, vinyl cutters, wood burning pens, and more.<\/span><\/p>\n<p style=\"text-align: justify;\"><span style=\"font-weight: 400;\">SmartLab is this type of space designed for public libraries which have decided to implement experiential STEAM education, support creativity, develop digital and manual skills, popularize science and technology, and provide innovative services to their users.<\/span><\/p>\n<p><em>\u201eRealizovan\u00e9 v spolupr\u00e1ci s Centrom vedecko-technick\u00fdch inform\u00e1ci\u00ed SR ako priamo riadenej organiz\u00e1cii M\u0160VVaM SR v r\u00e1mci implement\u00e1cie opatrenia Podporovanie rozvoja inteligentn\u00fdch laborat\u00f3ri\u00ed v kni\u017eniciach Ak\u010dn\u00e9ho pl\u00e1nu N\u00e1rodnej strat\u00e9gie v\u00fdskumu, v\u00fdvoja a inov\u00e1ci\u00ed 2030.\u201c<\/em><\/p>\n<p><em>&#8222;Implemented in cooperation with the Center for Scientific and Technical Information of the Slovak Republic as an organization directly managed by the Ministry of Education, Science and Culture of the Slovak Republic within the framework of the implementation of the measure Supporting the Development of Smart Laboratories in Libraries of the Action Plan of the National Strategy for Research, Development and Innovation 2030.&#8220;<\/em><\/p>\n<p><strong>SmartLab Rules<\/strong><\/p>\n<ol>\n<li>The library operates SmartLab with the goal of implementing experiential STEAM education, promoting creativity, developing digital and manual skills, popularizing science and technology, and providing innovative services to their users.<\/li>\n<li>The library\u2019s technical equipment and the technical equipment obtained from the <a href=\"https:\/\/nvk.cvtisr.sk\/\">Slovak Centre of Scientific and Technical Information of the Slovak Republic<\/a> (CVTI SR) are the basis of SmartLab.<\/li>\n<li>Only users with a valid library card may use the SmartLab services, except for participants of school or selected promotional events.<\/li>\n<li>The user can use the technical equipment only in presence of a librarian, or after registering data necessary for using the equipment.<\/li>\n<li>The user assumes responsibility for the equipment, except for damages noticed at the beginning of their work.<\/li>\n<li>SmartLab services are charged for in accordance with the SmartLab price list.<\/li>\n<li>SmartLab services include: <a href=\"https:\/\/www.krajskakniznicazilina.sk\/index.php\/makerspace-eng\/3d-printing\/\">3D Printing<\/a>, <a href=\"https:\/\/www.krajskakniznicazilina.sk\/index.php\/makerspace-eng\/sewing-machines-eng\/\">Sewing Machines<\/a>, <a href=\"https:\/\/www.krajskakniznicazilina.sk\/index.php\/makerspace-eng\/embroidery-machine\/\">Embroidery Machine<\/a>, <a href=\"https:\/\/www.krajskakniznicazilina.sk\/index.php\/makerspace-eng\/buttons-press\/\">Button Press<\/a>, <a href=\"https:\/\/www.krajskakniznicazilina.sk\/index.php\/makerspace-eng\/sublimation-printer\/\">Sublimation Printer, <\/a><a href=\"https:\/\/www.krajskakniznicazilina.sk\/index.php\/makerspace-eng\/pyrography-stations\/\">Pyrography Stations<\/a>, <a href=\"https:\/\/www.krajskakniznicazilina.sk\/index.php\/makerspace-eng\/vinyl-cutter\/\">Vinyl Cutter<\/a>, <a href=\"https:\/\/www.krajskakniznicazilina.sk\/index.php\/makerspace-eng\/thermopress\/\">Thermopress<\/a>, and others.<a href=\"https:\/\/www.krajskakniznicazilina.sk\/index.php\/makerspace-eng\/sublimation-printer\/\"><strong>\u00a0<\/strong><\/a><\/li>\n<li>The conditions and fees for using SmartLab technology arise from the nature of the selected device and the costs of its operation.<\/li>\n<\/ol>\n<p><a href=\"https:\/\/www.krajskakniznicazilina.sk\/index.php\/makerspace-eng\/smartlab-price-list\/\"><strong>SmartLab Price List<\/strong><\/a><\/p>\n<h3 style=\"text-align: justify;\"><a href=\"https:\/\/www.krajskakniznicazilina.sk\/index.php\/makerspace-eng\/3d-printing\/\"><b>3D Printing<\/b><\/a><span style=\"font-weight: 400;\"> (Original Prusa i3 MK2, Original Prusa Mini+ and\u00a0Original Prusa MK4 S)<\/span><\/h3>\n<h3 style=\"text-align: justify;\"><a href=\"https:\/\/www.krajskakniznicazilina.sk\/index.php\/makerspace-eng\/sewing-machines-eng\/\"><b>Sewing Machines Singer Singer<\/b><\/a><span style=\"font-weight: 400;\"> (mechanical ME457 and overlock S0235)<\/span><\/h3>\n<h3 style=\"text-align: justify;\"><a href=\"https:\/\/www.krajskakniznicazilina.sk\/index.php\/makerspace-eng\/embroidery-machine\/\"><b>Embroidery Machine<\/b> <\/a><span style=\"font-weight: 400;\">Brother Innovis V3<\/span><\/h3>\n<h3 style=\"text-align: justify;\"><a href=\"https:\/\/www.krajskakniznicazilina.sk\/index.php\/makerspace-eng\/buttons-press\/\"><b>Button Press<\/b><\/a><span style=\"font-weight: 400;\"> (Button Maker)<\/span><\/h3>\n<h3><a href=\"https:\/\/www.krajskakniznicazilina.sk\/index.php\/makerspace-eng\/sublimation-printer\/\"><strong>Sublimation Printer\u00a0<\/strong><\/a><\/h3>\n<h3><a href=\"https:\/\/www.krajskakniznicazilina.sk\/index.php\/makerspace-eng\/pyrography-stations\/\"><strong>Pyrography Stations<\/strong><\/a><\/h3>\n<h3><a href=\"https:\/\/www.krajskakniznicazilina.sk\/index.php\/makerspace-eng\/vinyl-cutter\/\"><strong>Vinyl Cutter<\/strong><\/a><\/h3>\n<h3><a href=\"https:\/\/www.krajskakniznicazilina.sk\/index.php\/makerspace-eng\/thermopress\/\"><strong>Thermopress<\/strong><\/a><\/h3>\n","protected":false},"excerpt":{"rendered":"<p>SmartLab \u2013 Library\u2019s intelligent laboratory Creative workshop, urban workshop, makerspace, Fablab. These are the names for spaces that share specific qualities, like supporting creativity, access to modern production technologies, and innovative education. It is a place for individuals to meet, share ideas, experiment with different tools and technologies, and create. This space is available to &#8230; <a title=\"SmartLab\" class=\"read-more\" href=\"https:\/\/www.krajskakniznicazilina.sk\/index.php\/makerspace-eng\/\" aria-label=\"Pre\u010d\u00edtajte si viac o SmartLab\">\u010c\u00edta\u0165 viac<\/a><\/p>\n","protected":false},"author":1,"featured_media":0,"parent":0,"menu_order":0,"comment_status":"closed","ping_status":"closed","template":"","meta":{"footnotes":""},"class_list":["post-13355","page","type-page","status-publish"],"_links":{"self":[{"href":"https:\/\/www.krajskakniznicazilina.sk\/index.php\/wp-json\/wp\/v2\/pages\/13355","targetHints":{"allow":["GET"]}}],"collection":[{"href":"https:\/\/www.krajskakniznicazilina.sk\/index.php\/wp-json\/wp\/v2\/pages"}],"about":[{"href":"https:\/\/www.krajskakniznicazilina.sk\/index.php\/wp-json\/wp\/v2\/types\/page"}],"author":[{"embeddable":true,"href":"https:\/\/www.krajskakniznicazilina.sk\/index.php\/wp-json\/wp\/v2\/users\/1"}],"replies":[{"embeddable":true,"href":"https:\/\/www.krajskakniznicazilina.sk\/index.php\/wp-json\/wp\/v2\/comments?post=13355"}],"version-history":[{"count":14,"href":"https:\/\/www.krajskakniznicazilina.sk\/index.php\/wp-json\/wp\/v2\/pages\/13355\/revisions"}],"predecessor-version":[{"id":15739,"href":"https:\/\/www.krajskakniznicazilina.sk\/index.php\/wp-json\/wp\/v2\/pages\/13355\/revisions\/15739"}],"wp:attachment":[{"href":"https:\/\/www.krajskakniznicazilina.sk\/index.php\/wp-json\/wp\/v2\/media?parent=13355"}],"curies":[{"name":"wp","href":"https:\/\/api.w.org\/{rel}","templated":true}]}}