{"id":13630,"date":"2024-09-06T12:03:14","date_gmt":"2024-09-06T10:03:14","guid":{"rendered":"https:\/\/www.krajskakniznicazilina.sk\/?page_id=13630"},"modified":"2024-12-10T12:11:13","modified_gmt":"2024-12-10T11:11:13","slug":"architektonicka-sutaz-navrhov-na-obnovu-2-poschodia","status":"publish","type":"page","link":"https:\/\/www.krajskakniznicazilina.sk\/index.php\/o-kniznici\/projekty\/architektonicka-sutaz-navrhov-na-obnovu-2-poschodia\/","title":{"rendered":"Architektonick\u00e1 s\u00fa\u0165a\u017e n\u00e1vrhov na obnovu 2. poschodia"},"content":{"rendered":"<p style=\"text-align: justify;\"><strong>Krajsk\u00e1 kni\u017enica v \u017diline vyhl\u00e1sila verejn\u00fa architektonick\u00fa s\u00fa\u0165a\u017e n\u00e1vrhov na obnovu 2. poschodia Krajskej kni\u017enice v \u017diline<\/strong> na ulici Antona Bernol\u00e1ka 47 v \u017diline. Organiz\u00e1ciu s\u00fa\u0165a\u017ee z verejn\u00fdch zdrojov podporil Fond na podporu umenia.<\/p>\n<p style=\"text-align: justify;\">Z\u00e1merom projektu je moderniz\u00e1cia priestorov 2. poschodia kni\u017enice, jeho zatrakt\u00edvnenie, renov\u00e1cia a zmena usporiadania z d\u00f4vodu potreby roz\u0161\u00edrenia slu\u017eieb pre n\u00e1v\u0161tevn\u00edkov. Priestor bude sl\u00fa\u017ei\u0165 nielen de\u0165om, ale cel\u00fdm rodin\u00e1m a mal by reflektova\u0165 potreby a z\u00e1ujmy v\u0161etk\u00fdch \u010dlenov rodiny. Mal by tie\u017e nadv\u00e4zova\u0165 na u\u017e zrekon\u0161truovan\u00e9 pr\u00edzemie a\u00a01. poschodie kni\u017enice.<\/p>\n<p style=\"text-align: justify;\">Modern\u00fd harmonick\u00fd polyfunk\u010dn\u00fd priestor pre rodiny by mal v sebe zdru\u017eova\u0165 formy vyu\u017eitia:<\/p>\n<ul style=\"text-align: justify;\">\n<li>priestor pre podujatia pre organizovan\u00e9 skupiny a podujatia pre verejnos\u0165,<\/li>\n<li>atrakt\u00edvne prvky, ktor\u00e9 poz\u00fdvaj\u00fa cel\u00e9 rodiny,<\/li>\n<li>modern\u00e9 reg\u00e1lov\u00e9 rie\u0161enie,<\/li>\n<li>kuchynku pre rodiny, kde m\u00f4\u017eu nak\u0155mi\u0165 deti (u\u017e spracovan\u00fd stavebn\u00fd projekt),<\/li>\n<li>pokojn\u00e9 miesta na \u010d\u00edtanie.<\/li>\n<\/ul>\n<p><strong><a href=\"https:\/\/www.krajskakniznicazilina.sk\/menu\/okniz\/pro\/archSut\/2%20S%C3%BA%C5%A5a%C5%BEn%C3%A9%20podmienky%202pos.pdf\">S\u00fa\u0165a\u017en\u00e9 podmienky<\/a><\/strong><\/p>\n<p><strong><a href=\"https:\/\/www.krajskakniznicazilina.sk\/menu\/okniz\/pro\/archSut\/1%20S%C3%BA%C5%A5a%C5%BEn%C3%A9%20zadanie%202pos.pdf\">S\u00fa\u0165a\u017en\u00e9 zadanie<\/a><\/strong><\/p>\n<p><a href=\"https:\/\/www.krajskakniznicazilina.sk\/clanky\/2024\/08\/podklady%20s%C3%BAtaz%202%20poschodie.rar\"><strong>Pom\u00f4cky<\/strong> (.rar)<\/a><\/p>\n<p><a href=\"https:\/\/www.krajskakniznicazilina.sk\/menu\/okniz\/pro\/archSut\/povinn%C3%A9%20pr%C3%ADlohy.rar\"><strong>Identifik\u00e1cia \u00fa\u010dastn\u00edka a \u010destn\u00e9 vyhl\u00e1senie<\/strong> (.rar \/ vzor)<\/a><\/p>\n<p><a href=\"https:\/\/www.krajskakniznicazilina.sk\/menu\/okniz\/pro\/archSut\/Z%C3%A1pisnica%201.%2010.%202024.pdf\"><strong>Z\u00e1pisnica z hodnotenia 1. kola<\/strong><\/a><\/p>\n<p>D\u0148a 27.11. 2024 boli prezentovan\u00e9 n\u00e1vrhy troch finalistov \u2013 <a href=\"https:\/\/www.krajskakniznicazilina.sk\/menu\/okniz\/pro\/archSut\/20241206_DPA_KKZA_sutaz.pdf\">Delta Pods Architects<\/a>, <a href=\"https:\/\/www.krajskakniznicazilina.sk\/menu\/okniz\/pro\/archSut\/Portf%C3%B3lio_%20Krajsk%C3%A1%20kni%C5%BEnica%20v%20%C5%BDiline%20RGB%20300%20dpi.pdf\">Rudohradsk\u00fd<\/a>, <a href=\"https:\/\/www.krajskakniznicazilina.sk\/menu\/okniz\/pro\/archSut\/KKZA_sutaz_prezentacia_ZEIT.pdf\">Zeit<\/a>. V\u00ed\u0165azn\u00fdm n\u00e1vrhom bol n\u00e1vrh t\u00edmu Delta Pods Architects.<\/p>\n<p><a href=\"https:\/\/www.krajskakniznicazilina.sk\/menu\/okniz\/pro\/archSut\/Z%C3%A1pisnica%2027112024.pdf\"><strong>Z\u00e1pisnica z hodnotiaceho zasadnutia poroty v 2. kole<\/strong><\/a>.<\/p>\n","protected":false},"excerpt":{"rendered":"<p>Krajsk\u00e1 kni\u017enica v \u017diline vyhl\u00e1sila verejn\u00fa architektonick\u00fa s\u00fa\u0165a\u017e n\u00e1vrhov na obnovu 2. poschodia Krajskej kni\u017enice v \u017diline na ulici Antona Bernol\u00e1ka 47 v \u017diline. Organiz\u00e1ciu s\u00fa\u0165a\u017ee z verejn\u00fdch zdrojov podporil Fond na podporu umenia. Z\u00e1merom projektu je moderniz\u00e1cia priestorov 2. poschodia kni\u017enice, jeho zatrakt\u00edvnenie, renov\u00e1cia a zmena usporiadania z d\u00f4vodu potreby roz\u0161\u00edrenia slu\u017eieb pre n\u00e1v\u0161tevn\u00edkov. &#8230; <a title=\"Architektonick\u00e1 s\u00fa\u0165a\u017e n\u00e1vrhov na obnovu 2. poschodia\" class=\"read-more\" href=\"https:\/\/www.krajskakniznicazilina.sk\/index.php\/o-kniznici\/projekty\/architektonicka-sutaz-navrhov-na-obnovu-2-poschodia\/\" aria-label=\"Pre\u010d\u00edtajte si viac o Architektonick\u00e1 s\u00fa\u0165a\u017e n\u00e1vrhov na obnovu 2. poschodia\">\u010c\u00edta\u0165 viac<\/a><\/p>\n","protected":false},"author":1,"featured_media":0,"parent":73,"menu_order":0,"comment_status":"closed","ping_status":"closed","template":"","meta":{"footnotes":""},"class_list":["post-13630","page","type-page","status-publish"],"_links":{"self":[{"href":"https:\/\/www.krajskakniznicazilina.sk\/index.php\/wp-json\/wp\/v2\/pages\/13630","targetHints":{"allow":["GET"]}}],"collection":[{"href":"https:\/\/www.krajskakniznicazilina.sk\/index.php\/wp-json\/wp\/v2\/pages"}],"about":[{"href":"https:\/\/www.krajskakniznicazilina.sk\/index.php\/wp-json\/wp\/v2\/types\/page"}],"author":[{"embeddable":true,"href":"https:\/\/www.krajskakniznicazilina.sk\/index.php\/wp-json\/wp\/v2\/users\/1"}],"replies":[{"embeddable":true,"href":"https:\/\/www.krajskakniznicazilina.sk\/index.php\/wp-json\/wp\/v2\/comments?post=13630"}],"version-history":[{"count":12,"href":"https:\/\/www.krajskakniznicazilina.sk\/index.php\/wp-json\/wp\/v2\/pages\/13630\/revisions"}],"predecessor-version":[{"id":14151,"href":"https:\/\/www.krajskakniznicazilina.sk\/index.php\/wp-json\/wp\/v2\/pages\/13630\/revisions\/14151"}],"up":[{"embeddable":true,"href":"https:\/\/www.krajskakniznicazilina.sk\/index.php\/wp-json\/wp\/v2\/pages\/73"}],"wp:attachment":[{"href":"https:\/\/www.krajskakniznicazilina.sk\/index.php\/wp-json\/wp\/v2\/media?parent=13630"}],"curies":[{"name":"wp","href":"https:\/\/api.w.org\/{rel}","templated":true}]}}