{"id":13726,"date":"2024-09-19T10:58:27","date_gmt":"2024-09-19T08:58:27","guid":{"rendered":"https:\/\/www.krajskakniznicazilina.sk\/?page_id=13726"},"modified":"2024-09-19T11:01:38","modified_gmt":"2024-09-19T09:01:38","slug":"lis-na-odznaky","status":"publish","type":"page","link":"https:\/\/www.krajskakniznicazilina.sk\/index.php\/sluzby\/makerspace\/lis-na-odznaky\/","title":{"rendered":"Lis na odznaky"},"content":{"rendered":"<p style=\"text-align: justify;\"><a href=\"https:\/\/www.krajskakniznicazilina.sk\/menu\/sluz\/odznak\/button%20maker.JPG\"><img decoding=\"async\" class=\"alignright size-full\" src=\"https:\/\/www.krajskakniznicazilina.sk\/menu\/sluz\/odznak\/button%20maker.JPG\" alt=\"fotografia\" width=\"30%\" height=\"30%\" \/><\/a>V Krajskej kni\u017enici v \u017diline pon\u00fakame verejnosti mo\u017enos\u0165 vyrobi\u0165 si odznak, magnetku \u010di pr\u00edvesok na k\u013e\u00fa\u010de na nekomer\u010dn\u00e9 \u00fa\u010dely pre registrovan\u00fdch \u010ditate\u013eov. Vlastn\u00edme manu\u00e1lny stroj na v\u00fdrobu odznakov s kovov\u00fdmi n\u00e1strojmi SDHP-S1 s\u00a0matricami vhodn\u00fdmi na ve\u013ekos\u0165 v\u00fdrobkov 32 mm a\u00a037 mm, ktor\u00fd je umiestnen\u00fd na prvom poschod\u00ed na \u00faseku odbornej literat\u00fary. Vyrobi\u0165 si m\u00f4\u017eete odznak aj magnetku vo ve\u013ekosti 37 mm a\u00a0odznak \u010di obojstrann\u00fd pr\u00edvesok na k\u013e\u00fa\u010de vo ve\u013ekosti 32 mm.<\/p>\n<p style=\"text-align: justify;\"><strong>Ako stroj na odznaky funguje?<\/strong><\/p>\n<p style=\"text-align: justify;\">Stroj na odznaky je mechanick\u00fd n\u00e1stroj, ktor\u00fd hlin\u00edkov\u00fd kruh spoj\u00ed s\u00a0potla\u010den\u00fdm\/pokreslen\u00fdm papierom a\u00a0obal\u00ed ho do plastovej f\u00f3lie. V\u00a0druhom kroku stroj kruh s\u00a0papierom spoj\u00ed so zadnou stranou. Pod\u013ea toho, ktor\u00fa zadn\u00fa stranu pou\u017e\u00edvate\u013e vyberie vznikne odznak, magnetka alebo pr\u00edvesok na k\u013e\u00fa\u010de.<\/p>\n<p style=\"text-align: justify;\"><strong>Pravidl\u00e1 vyu\u017eitia stroja na odznaky<\/strong><\/p>\n<ul>\n<li style=\"text-align: justify;\">Pre vyu\u017eitie stroja na odznaky je potrebn\u00e9 <strong>pripravi\u0165 si n\u00e1vrh<\/strong>, ktor\u00fd by ste chceli na v\u00fdslednom v\u00fdrobku ma\u0165. Sta\u010d\u00ed ho vytla\u010di\u0165 alebo nakresli\u0165 na oby\u010dajn\u00fd 80 g papier. Rozmery 32 mm a\u00a037 mm s\u00fa iba rozmery vidite\u013enej plochy n\u00e1vrhu, <strong>n\u00e1vrh<\/strong> by mal ma\u0165 <strong>priemer 44 mm<\/strong> (pre 32 mm v\u00fdrobok) <strong>alebo 48 mm<\/strong> (pre 37 mm v\u00fdrobok). N\u00e1vrh je potrebn\u00e9 vystrihn\u00fa\u0165 do kruhov\u00e9ho tvaru s\u00a0dan\u00fdm priemerom. S\u00a0n\u00e1vrhom sta\u010d\u00ed pr\u00eds\u0165 do kni\u017enice v\u00a0\u010dase otv\u00e1rac\u00edch hod\u00edn a\u00a0po\u017eiada\u0165 o\u00a0pomoc knihovn\u00edka <strong>na \u00faseku odbornej literat\u00fary<\/strong>.<\/li>\n<li style=\"text-align: justify;\">O\u00a0v\u00fdrobe odznaku rozhoduje knihovn\u00edk. Neprij\u00edmame mot\u00edvy, ktor\u00e9 s\u00fa v rozpore s legislat\u00edvou SR a E\u00da vr\u00e1tane autorsk\u00e9ho pr\u00e1va, ani sexu\u00e1lne explicitn\u00e9 vzory a mot\u00edvy obsc\u00e9nne alebo inak nevhodn\u00e9 do prostredia kni\u017enice.<\/li>\n<li style=\"text-align: justify;\">Slu\u017eba tohto \u010dasu iba \u010diasto\u010dne samoobslu\u017en\u00e1, teda<strong> \u010ditatelia m\u00f4\u017eu stroj pou\u017ei\u0165 iba pod doh\u013eadom knihovn\u00edka<\/strong>.<\/li>\n<\/ul>\n<p style=\"text-align: justify;\"><strong>Cenn\u00edk slu\u017eby<\/strong>, v\u00fdroba je spoplatnen\u00e1:<\/p>\n<ul>\n<li style=\"text-align: justify;\"><strong>Odznaky 32 aj 37 mm \u2013 0,50 \u20ac<\/strong><\/li>\n<li style=\"text-align: justify;\"><strong>Pr\u00edvesok na k\u013e\u00fa\u010de a\u00a0magnetka \u2013 1,00 \u20ac<\/strong><\/li>\n<\/ul>\n<p>Uk\u00e1\u017eka n\u00e1vrhov a hotov\u00fdch v\u00fdrobkov:<\/p>\n<p><a href=\"https:\/\/www.krajskakniznicazilina.sk\/menu\/sluz\/odznak\/odznak%20(1).jpg\"><img decoding=\"async\" class=\"size-full alignleft\" src=\"https:\/\/www.krajskakniznicazilina.sk\/menu\/sluz\/odznak\/odznak%20(1).jpg\" alt=\"fotografia\" width=\"37%\" height=\"37%\" \/><\/a> <a href=\"https:\/\/www.krajskakniznicazilina.sk\/menu\/sluz\/odznak\/odznak%20(2).jpg\"><img decoding=\"async\" class=\"alignleft size-full\" src=\"https:\/\/www.krajskakniznicazilina.sk\/menu\/sluz\/odznak\/odznak%20(2).jpg\" alt=\"fotografia\" width=\"40%\" height=\"40%\" \/><\/a><\/p>\n","protected":false},"excerpt":{"rendered":"<p>V Krajskej kni\u017enici v \u017diline pon\u00fakame verejnosti mo\u017enos\u0165 vyrobi\u0165 si odznak, magnetku \u010di pr\u00edvesok na k\u013e\u00fa\u010de na nekomer\u010dn\u00e9 \u00fa\u010dely pre registrovan\u00fdch \u010ditate\u013eov. Vlastn\u00edme manu\u00e1lny stroj na v\u00fdrobu odznakov s kovov\u00fdmi n\u00e1strojmi SDHP-S1 s\u00a0matricami vhodn\u00fdmi na ve\u013ekos\u0165 v\u00fdrobkov 32 mm a\u00a037 mm, ktor\u00fd je umiestnen\u00fd na prvom poschod\u00ed na \u00faseku odbornej literat\u00fary. Vyrobi\u0165 si m\u00f4\u017eete odznak &#8230; <a title=\"Lis na odznaky\" class=\"read-more\" href=\"https:\/\/www.krajskakniznicazilina.sk\/index.php\/sluzby\/makerspace\/lis-na-odznaky\/\" aria-label=\"Pre\u010d\u00edtajte si viac o Lis na odznaky\">\u010c\u00edta\u0165 viac<\/a><\/p>\n","protected":false},"author":1,"featured_media":0,"parent":11643,"menu_order":0,"comment_status":"closed","ping_status":"closed","template":"","meta":{"footnotes":""},"class_list":["post-13726","page","type-page","status-publish"],"_links":{"self":[{"href":"https:\/\/www.krajskakniznicazilina.sk\/index.php\/wp-json\/wp\/v2\/pages\/13726","targetHints":{"allow":["GET"]}}],"collection":[{"href":"https:\/\/www.krajskakniznicazilina.sk\/index.php\/wp-json\/wp\/v2\/pages"}],"about":[{"href":"https:\/\/www.krajskakniznicazilina.sk\/index.php\/wp-json\/wp\/v2\/types\/page"}],"author":[{"embeddable":true,"href":"https:\/\/www.krajskakniznicazilina.sk\/index.php\/wp-json\/wp\/v2\/users\/1"}],"replies":[{"embeddable":true,"href":"https:\/\/www.krajskakniznicazilina.sk\/index.php\/wp-json\/wp\/v2\/comments?post=13726"}],"version-history":[{"count":14,"href":"https:\/\/www.krajskakniznicazilina.sk\/index.php\/wp-json\/wp\/v2\/pages\/13726\/revisions"}],"predecessor-version":[{"id":13745,"href":"https:\/\/www.krajskakniznicazilina.sk\/index.php\/wp-json\/wp\/v2\/pages\/13726\/revisions\/13745"}],"up":[{"embeddable":true,"href":"https:\/\/www.krajskakniznicazilina.sk\/index.php\/wp-json\/wp\/v2\/pages\/11643"}],"wp:attachment":[{"href":"https:\/\/www.krajskakniznicazilina.sk\/index.php\/wp-json\/wp\/v2\/media?parent=13726"}],"curies":[{"name":"wp","href":"https:\/\/api.w.org\/{rel}","templated":true}]}}