{"id":13774,"date":"2024-09-24T08:37:28","date_gmt":"2024-09-24T06:37:28","guid":{"rendered":"https:\/\/www.krajskakniznicazilina.sk\/?page_id=13774"},"modified":"2024-09-24T08:45:04","modified_gmt":"2024-09-24T06:45:04","slug":"embroidery-machine","status":"publish","type":"page","link":"https:\/\/www.krajskakniznicazilina.sk\/index.php\/makerspace-eng\/embroidery-machine\/","title":{"rendered":"Embroidery Machine"},"content":{"rendered":"<p style=\"text-align: justify;\"><a href=\"https:\/\/www.krajskakniznicazilina.sk\/menu\/sluz\/sitie\/vy%C5%A1%C3%ADvac%C3%AD%20stroj.JPG\"><img decoding=\"async\" class=\"alignright size-full\" src=\"https:\/\/www.krajskakniznicazilina.sk\/menu\/sluz\/sitie\/vy%C5%A1%C3%ADvac%C3%AD%20stroj.JPG\" alt=\"fotografia\" width=\"40%\" height=\"40%\" \/><\/a><span style=\"font-weight: 400;\">The Regional Library in \u017dilina offers its registered users the option of custom embroidery for non-commercial uses. The Brother Innovis V3 embroidery machine is located on the first floor (the Scientific Literature Department). The maximum size of the embroidery area is 30&#215;20 cm (determined by the biggest frame). The smallest size of fabric that can be embroidered is 10&#215;10 cm. High quality polyester threads designed specifically for embroidery machines are used.\u00a0<\/span><\/p>\n<p style=\"text-align: justify;\"><b>What motifs can be embroidered?\u00a0<\/b><\/p>\n<p style=\"text-align: justify;\"><span style=\"font-weight: 400;\">It is possible to embroider monograms, simple motifs such as flowers or inscriptions, as well as multicolor custom pictures. The machine offers tens of motives and diacritic fonts. It is also possible to use a professional software to make your own design from a picture created in a vector program in a <\/span><b>.svg<\/b><span style=\"font-weight: 400;\"> format. The most used vector graphics softwares are <\/span><b>Adobe<\/b> <b>Illustrator, CorelDRAW<\/b><span style=\"font-weight: 400;\">, and <\/span><b>Xara Designer Pro<\/b><span style=\"font-weight: 400;\">.<\/span><b>\u00a0<\/b><\/p>\n<p style=\"text-align: justify;\"><b>Which fabrics can be embroidered?<\/b><\/p>\n<p style=\"text-align: justify;\"><span style=\"font-weight: 400;\">Almost all, but most need to be glued with a special underlay material, which the library has.\u00a0<\/span><\/p>\n<p style=\"text-align: justify;\"><b>Embroidery Machine Usage Rules<\/b><\/p>\n<ul style=\"text-align: justify;\">\n<li style=\"font-weight: 400;\" aria-level=\"1\"><span style=\"font-weight: 400;\">To use the embroidery machine, write us an\u00a0 email at <\/span><b>projekty@krajskakniznicazilina.sk<\/b><span style=\"font-weight: 400;\"> with your vision of the motif and fabric.\u00a0 The library will settle the date and time with you during its opening hours and will suggest the most suitable procedure. The fabric is to be brought by the user. The color selection may vary. As embroidery is a relatively short process, it should not take more than a couple minutes, although the amount of time depends on the size of the chosen motif.<\/span><\/li>\n<li style=\"font-weight: 400;\" aria-level=\"1\"><span style=\"font-weight: 400;\">A librarian accepts or declines the order. We do not embroider<\/span> <span style=\"font-weight: 400;\">models which are contrary to the SR and EU legislation and the copyright law. We also do not print sexually explicit material, falsifications, and models that are obscene or inappropriate.<\/span><\/li>\n<li style=\"font-weight: 400;\" aria-level=\"1\"><span style=\"font-weight: 400;\">As of right now, this is not a self-service<\/span><span style=\"font-weight: 400;\">; therefore, <\/span><b>the user cannot use the machine on their own<\/b><span style=\"font-weight: 400;\">.\u00a0<\/span><\/li>\n<\/ul>\n<p style=\"text-align: justify;\"><b>Embroidery Price List\u00a0<\/b><\/p>\n<p style=\"text-align: justify;\"><span style=\"font-weight: 400;\">The library charges <\/span><b>0,50 \u20ac for every started two minutes<\/b><span style=\"font-weight: 400;\"> of the embroidery process (opening price) and <\/span><b>0,50 \u20ac for the underlay material<\/b><span style=\"font-weight: 400;\">. <\/span><span style=\"font-weight: 400;\">The amount will be added to the user\u2019s account when the order is received. The user pays at the central loan desk after receiving the finished product.<\/span><\/p>\n<p style=\"text-align: justify;\"><a href=\"https:\/\/www.krajskakniznicazilina.sk\/menu\/sluz\/sitie\/vy%C5%A1%C3%ADvanie%20pr%C3%ADklad.jpg\"><img decoding=\"async\" class=\"alignleft size-full\" src=\"https:\/\/www.krajskakniznicazilina.sk\/menu\/sluz\/sitie\/vy%C5%A1%C3%ADvanie%20pr%C3%ADklad.jpg\" alt=\"fotografia\" width=\"35%\" height=\"35%\" \/><\/a><span style=\"font-weight: 400;\">Price example: the size of the monogram is 7,5&#215;4 cm, the embroidery took 3 minutes. The price is 1\u20ac.<\/span><\/p>\n<p style=\"text-align: justify;\"><b>Contact and orders: <\/b><b>projekty@krajskakniznicazilina.sk<\/b><\/p>\n","protected":false},"excerpt":{"rendered":"<p>The Regional Library in \u017dilina offers its registered users the option of custom embroidery for non-commercial uses. The Brother Innovis V3 embroidery machine is located on the first floor (the Scientific Literature Department). The maximum size of the embroidery area is 30&#215;20 cm (determined by the biggest frame). The smallest size of fabric that can &#8230; <a title=\"Embroidery Machine\" class=\"read-more\" href=\"https:\/\/www.krajskakniznicazilina.sk\/index.php\/makerspace-eng\/embroidery-machine\/\" aria-label=\"Pre\u010d\u00edtajte si viac o Embroidery Machine\">\u010c\u00edta\u0165 viac<\/a><\/p>\n","protected":false},"author":1,"featured_media":0,"parent":13355,"menu_order":0,"comment_status":"closed","ping_status":"closed","template":"","meta":{"footnotes":""},"class_list":["post-13774","page","type-page","status-publish"],"_links":{"self":[{"href":"https:\/\/www.krajskakniznicazilina.sk\/index.php\/wp-json\/wp\/v2\/pages\/13774","targetHints":{"allow":["GET"]}}],"collection":[{"href":"https:\/\/www.krajskakniznicazilina.sk\/index.php\/wp-json\/wp\/v2\/pages"}],"about":[{"href":"https:\/\/www.krajskakniznicazilina.sk\/index.php\/wp-json\/wp\/v2\/types\/page"}],"author":[{"embeddable":true,"href":"https:\/\/www.krajskakniznicazilina.sk\/index.php\/wp-json\/wp\/v2\/users\/1"}],"replies":[{"embeddable":true,"href":"https:\/\/www.krajskakniznicazilina.sk\/index.php\/wp-json\/wp\/v2\/comments?post=13774"}],"version-history":[{"count":3,"href":"https:\/\/www.krajskakniznicazilina.sk\/index.php\/wp-json\/wp\/v2\/pages\/13774\/revisions"}],"predecessor-version":[{"id":13782,"href":"https:\/\/www.krajskakniznicazilina.sk\/index.php\/wp-json\/wp\/v2\/pages\/13774\/revisions\/13782"}],"up":[{"embeddable":true,"href":"https:\/\/www.krajskakniznicazilina.sk\/index.php\/wp-json\/wp\/v2\/pages\/13355"}],"wp:attachment":[{"href":"https:\/\/www.krajskakniznicazilina.sk\/index.php\/wp-json\/wp\/v2\/media?parent=13774"}],"curies":[{"name":"wp","href":"https:\/\/api.w.org\/{rel}","templated":true}]}}