{"id":13776,"date":"2024-09-24T08:37:53","date_gmt":"2024-09-24T06:37:53","guid":{"rendered":"https:\/\/www.krajskakniznicazilina.sk\/?page_id=13776"},"modified":"2025-02-27T14:32:09","modified_gmt":"2025-02-27T13:32:09","slug":"buttons-press","status":"publish","type":"page","link":"https:\/\/www.krajskakniznicazilina.sk\/index.php\/makerspace-eng\/buttons-press\/","title":{"rendered":"Button Press"},"content":{"rendered":"<p style=\"text-align: justify;\"><img decoding=\"async\" class=\"alignright size-full\" src=\"https:\/\/www.krajskakniznicazilina.sk\/menu\/sluz\/odznak\/button%20maker.JPG\" alt=\"fotografia\" width=\"30%\" height=\"30%\" \/><span style=\"font-weight: 400;\">The Regional Library in \u017dilina offers its registered users the option of creating a custom button, magnet, or keychain for non-commercial uses. The manual buttons machine located on the first floor (the Scientific Literature Department) makes products in sizes 32 mm and 37 mm. Magnets and buttons can be made in 37 mm size and keychains and buttons in 32 mm size.\u00a0<\/span><\/p>\n<p style=\"text-align: justify;\"><b>How does it work?<\/b><\/p>\n<p style=\"text-align: justify;\"><span style=\"font-weight: 400;\">The button machine is a two step mechanical tool which, firstly, connects an aluminum circle with a decorated paper and wraps it in plastic. Secondly, it connects the circle with the back side of the button. Based on the back side choice, one makes either a button, magnet, or a keychain.\u00a0\u00a0<\/span><\/p>\n<p style=\"text-align: justify;\"><b>Button Press Usage Rules<\/b><\/p>\n<ul style=\"text-align: justify;\">\n<li style=\"font-weight: 400;\" aria-level=\"1\"><span style=\"font-weight: 400;\">To use the button machine, the user must <\/span><b>prepare<\/b><span style=\"font-weight: 400;\"> their desired <\/span><b>design<\/b><span style=\"font-weight: 400;\">. They can print or draw it on plain 80 g paper. The dimensions 32 mm and 37 mm are only the dimensions of the visible surface of the <\/span><b>design<\/b><span style=\"font-weight: 400;\">, the design should be <\/span><b>44 mm<\/b><span style=\"font-weight: 400;\"> (for 32 mm product) or <\/span><b>48 mm<\/b><span style=\"font-weight: 400;\"> (for 37 mm product) <\/span><b>in diameter<\/b><span style=\"font-weight: 400;\">. The design must be cut into a circular shape with the given diameter. To create a product, one may come to the library during its opening hours and ask a librarian from the <\/span><b>Scientific Literature Department<\/b><span style=\"font-weight: 400;\"> for assistance.\u00a0\u00a0<\/span><\/li>\n<li style=\"font-weight: 400;\" aria-level=\"1\"><span style=\"font-weight: 400;\">A librarian accepts or declines the order. We do not make models which are contrary to the SR and EU legislation and the copyright law. We also do not print sexually explicit material, falsifications, and models that are obscene or inappropriate.<\/span><\/li>\n<li style=\"font-weight: 400;\" aria-level=\"1\"><span style=\"font-weight: 400;\">As of right now, this is a semi self-service; therefore <\/span><b>the user can use the machine under a librarian\u2019s supervision.<\/b><\/li>\n<\/ul>\n<p style=\"text-align: justify;\"><b>Price List<\/b><span style=\"font-weight: 400;\">:<\/span><\/p>\n<ul style=\"text-align: justify;\">\n<li style=\"font-weight: 400;\" aria-level=\"1\"><b>Buttons, 32 and 37 mm \u2013 0,50 \u20ac<\/b><\/li>\n<li style=\"font-weight: 400;\" aria-level=\"1\"><b>Keychains, magnets \u2013 1,00 \u20ac<\/b><\/li>\n<\/ul>\n<p style=\"text-align: justify;\"><span style=\"font-weight: 400;\">Sample of designs and finished products:<\/span><\/p>\n<p><a href=\"https:\/\/www.krajskakniznicazilina.sk\/menu\/sluz\/odznak\/odznak%20(1).jpg\"><img decoding=\"async\" class=\"size-full alignleft\" src=\"https:\/\/www.krajskakniznicazilina.sk\/menu\/sluz\/odznak\/odznak%20(1).jpg\" alt=\"fotografia\" width=\"37%\" height=\"37%\" \/><\/a> <a href=\"https:\/\/www.krajskakniznicazilina.sk\/menu\/sluz\/odznak\/odznak%20(2).jpg\"><img decoding=\"async\" class=\"alignleft size-full\" src=\"https:\/\/www.krajskakniznicazilina.sk\/menu\/sluz\/odznak\/odznak%20(2).jpg\" alt=\"fotografia\" width=\"40%\" height=\"40%\" \/><\/a><\/p>\n","protected":false},"excerpt":{"rendered":"<p>The Regional Library in \u017dilina offers its registered users the option of creating a custom button, magnet, or keychain for non-commercial uses. The manual buttons machine located on the first floor (the Scientific Literature Department) makes products in sizes 32 mm and 37 mm. Magnets and buttons can be made in 37 mm size and &#8230; <a title=\"Button Press\" class=\"read-more\" href=\"https:\/\/www.krajskakniznicazilina.sk\/index.php\/makerspace-eng\/buttons-press\/\" aria-label=\"Pre\u010d\u00edtajte si viac o Button Press\">\u010c\u00edta\u0165 viac<\/a><\/p>\n","protected":false},"author":1,"featured_media":0,"parent":13355,"menu_order":0,"comment_status":"closed","ping_status":"closed","template":"","meta":{"footnotes":""},"class_list":["post-13776","page","type-page","status-publish"],"_links":{"self":[{"href":"https:\/\/www.krajskakniznicazilina.sk\/index.php\/wp-json\/wp\/v2\/pages\/13776","targetHints":{"allow":["GET"]}}],"collection":[{"href":"https:\/\/www.krajskakniznicazilina.sk\/index.php\/wp-json\/wp\/v2\/pages"}],"about":[{"href":"https:\/\/www.krajskakniznicazilina.sk\/index.php\/wp-json\/wp\/v2\/types\/page"}],"author":[{"embeddable":true,"href":"https:\/\/www.krajskakniznicazilina.sk\/index.php\/wp-json\/wp\/v2\/users\/1"}],"replies":[{"embeddable":true,"href":"https:\/\/www.krajskakniznicazilina.sk\/index.php\/wp-json\/wp\/v2\/comments?post=13776"}],"version-history":[{"count":5,"href":"https:\/\/www.krajskakniznicazilina.sk\/index.php\/wp-json\/wp\/v2\/pages\/13776\/revisions"}],"predecessor-version":[{"id":14724,"href":"https:\/\/www.krajskakniznicazilina.sk\/index.php\/wp-json\/wp\/v2\/pages\/13776\/revisions\/14724"}],"up":[{"embeddable":true,"href":"https:\/\/www.krajskakniznicazilina.sk\/index.php\/wp-json\/wp\/v2\/pages\/13355"}],"wp:attachment":[{"href":"https:\/\/www.krajskakniznicazilina.sk\/index.php\/wp-json\/wp\/v2\/media?parent=13776"}],"curies":[{"name":"wp","href":"https:\/\/api.w.org\/{rel}","templated":true}]}}