{"id":14304,"date":"2025-01-16T08:08:45","date_gmt":"2025-01-16T07:08:45","guid":{"rendered":"https:\/\/www.krajskakniznicazilina.sk\/?page_id=14304"},"modified":"2025-01-16T08:08:45","modified_gmt":"2025-01-16T07:08:45","slug":"bookport","status":"publish","type":"page","link":"https:\/\/www.krajskakniznicazilina.sk\/index.php\/sluzby\/e-knihy\/bookport\/","title":{"rendered":"Bookport"},"content":{"rendered":"<p style=\"text-align: justify;\">Krajsk\u00e1 kni\u017enica v\u00a0\u017diline je jednou z\u00a0\u010dlensk\u00fdch kni\u017en\u00edc konzorcia Kni\u017enice pre Slovensko. Ide o\u00a0iniciat\u00edvu\u00a0<a href=\"https:\/\/nvk.cvtisr.sk\/\">vedeckej kni\u017enice Centra vedecko-technick\u00fdch inform\u00e1ci\u00ed SR<\/a> (CVTI SR), ktor\u00e1 vznikla ako reakcia na\u00a0v\u00fdzvy s\u00fa\u010dasnej digit\u00e1lnej \u00e9ry, ktor\u00fdm musia kni\u017enice \u010deli\u0165. V\u010faka tejto spolupr\u00e1ci V\u00e1m chceme predstavi\u0165 pr\u00edstup do vzdialen\u00fdch <a href=\"https:\/\/nvk.cvtisr.sk\/sluzby\/elektronicke-informacne-zdroje\/\"><strong>Elektronick\u00fd informa\u010dn\u00fdch zdrojov (EIZ)<\/strong><\/a>, v ktor\u00fdch n\u00e1jdete desiatky plnotextov\u00fdch datab\u00e1z. Jednou z nich je aj datab\u00e1za <strong>Bookport, <\/strong>ktor\u00e1 pon\u00faka slu\u017ebu elektronick\u00fdch v\u00fdpo\u017ei\u010diek e-kn\u00edh vydavate\u013estva Grada Publishing a\u00a0in\u00fdch, preva\u017ene v\u00a0\u010deskom jazyku.<strong>\u00a0Datab\u00e1za spr\u00edstup\u0148uje <\/strong>viac ako 9 000 e-kn\u00edh z\u00a0r\u00f4znych oblast\u00ed, aktu\u00e1lne s\u00fa\u00a0 z\u00a0katal\u00f3gu spr\u00edstupnen\u00e9 e-knihy zo sekcie <strong>Zdravotn\u00edcka a lek\u00e1rska literat\u00fara, Osobn\u00fd rozvoj a poznanie, Podnikanie, ekon\u00f3mia a financie, Pr\u00e1vo, dane a \u00fa\u010dtovn\u00edctvo.<\/strong><\/p>\n<p style=\"text-align: justify;\">Slu\u017eba umo\u017e\u0148uje online aj offline pr\u00edstup k e-knih\u00e1m, s\u00fa\u010dasne je mo\u017en\u00e9 ma\u0165 vypo\u017ei\u010dan\u00fdch \u0161es\u0165 titulov. Pou\u017e\u00edvate\u013e si m\u00f4\u017ee tie\u017e vklada\u0165 vlastn\u00e9 pozn\u00e1mky \u010di zv\u00fdraz\u0148ova\u0165 texty.<\/p>\n<p style=\"text-align: justify;\"><strong>Vyu\u017e\u00edvanie funkcional\u00edt datab\u00e1zy je podmienen\u00e9 vytvoren\u00edm osobn\u00e9ho pou\u017e\u00edvate\u013esk\u00e9ho konta.<\/strong><\/p>\n<p style=\"text-align: justify;\">Postup pre \u010ditate\u013eov:<\/p>\n<ul style=\"text-align: justify;\">\n<li>Pre vyu\u017e\u00edvanie slu\u017eby je nevyhnut\u00e9 prihl\u00e1senie, resp. prvotn\u00e1 <a href=\"https:\/\/nvk.cvtisr.sk\/registracia-pouzivatela\/\"><strong>registr\u00e1cia do CVTI SR<\/strong><\/a><strong><a href=\"https:\/\/www.krajskakniznicazilina.sk\/menu\/sluz\/eknihy\/cvti1.png\"><img decoding=\"async\" class=\"size-full aligncenter\" src=\"https:\/\/www.krajskakniznicazilina.sk\/menu\/sluz\/eknihy\/cvti1.png\" alt=\"obr\u00e1zok\" width=\"60%\" height=\"60%\" \/><\/a><\/strong><\/li>\n<li>Po registr\u00e1cii, resp. prihl\u00e1sen\u00ed do CVTI SR vyberte datab\u00e1zu <strong>Bookport z <a href=\"https:\/\/nvk.cvtisr.sk\/sluzby\/elektronicke-informacne-zdroje\/\">katal\u00f3gu e-zdrojov<\/a>.<\/strong> Ak od V\u00e1s CVTI SR vy\u017eiada op\u00e4tovn\u00e9 prihl\u00e1senie, prihl\u00e1ste sa. <a href=\"https:\/\/www.krajskakniznicazilina.sk\/menu\/sluz\/eknihy\/cvti%20prihl%C3%A1senie.png\"><img decoding=\"async\" class=\"aligncenter size-full\" src=\"https:\/\/www.krajskakniznicazilina.sk\/menu\/sluz\/eknihy\/cvti%20prihl%C3%A1senie.png\" alt=\"obr\u00e1zok\" width=\"30%\" height=\"30%\" \/><\/a><\/li>\n<li>Vytvorte si nov\u00e9 <strong>konto v\u00a0datab\u00e1ze Bookport<\/strong>, do ktor\u00e9ho sa registrujte rovnak\u00fdm mailom, ako ste registrovan\u00fd\/\u00e1 v CVTI SR <a href=\"https:\/\/www.krajskakniznicazilina.sk\/menu\/sluz\/eknihy\/bookport%20reg.png\"><img decoding=\"async\" class=\"aligncenter size-full\" src=\"https:\/\/www.krajskakniznicazilina.sk\/menu\/sluz\/eknihy\/bookport%20reg.png\" alt=\"obr\u00e1zok\" width=\"30%\" height=\"30%\" \/><\/a><\/li>\n<li>Z\u00a0dostupn\u00fdch sekci\u00ed katal\u00f3gu (Zdravotn\u00edcka a lek\u00e1rska literat\u00fara, Osobn\u00fd rozvoj a poznanie, Podnikanie, ekon\u00f3mia a financie, Pr\u00e1vo, dane a\u00a0\u00fa\u010dtovn\u00edctvo) si vyberte po\u017eadovan\u00fa knihu a\u00a0vyberte <strong>\u201e\u010c\u00edta\u0165 on-line\u201c<\/strong>, kniha sa V\u00e1m zobraz\u00ed na \u010d\u00edtanie;<strong> alebo \u010c\u00edta\u0165 off-line<\/strong> \u2013 pre vyu\u017eitie Off-line \u010d\u00edtania je potrebn\u00e9 stiahnutie aplik\u00e1cie Bookport. <a href=\"https:\/\/www.krajskakniznicazilina.sk\/menu\/sluz\/eknihy\/bookport%20kniha.png\"><img decoding=\"async\" class=\"aligncenter size-full\" src=\"https:\/\/www.krajskakniznicazilina.sk\/menu\/sluz\/eknihy\/bookport%20kniha.png\" alt=\"obr\u00e1zok\" width=\"60%\" height=\"60%\" \/><\/a><\/li>\n<\/ul>\n<p style=\"text-align: justify;\">\n","protected":false},"excerpt":{"rendered":"<p>Krajsk\u00e1 kni\u017enica v\u00a0\u017diline je jednou z\u00a0\u010dlensk\u00fdch kni\u017en\u00edc konzorcia Kni\u017enice pre Slovensko. Ide o\u00a0iniciat\u00edvu\u00a0vedeckej kni\u017enice Centra vedecko-technick\u00fdch inform\u00e1ci\u00ed SR (CVTI SR), ktor\u00e1 vznikla ako reakcia na\u00a0v\u00fdzvy s\u00fa\u010dasnej digit\u00e1lnej \u00e9ry, ktor\u00fdm musia kni\u017enice \u010deli\u0165. V\u010faka tejto spolupr\u00e1ci V\u00e1m chceme predstavi\u0165 pr\u00edstup do vzdialen\u00fdch Elektronick\u00fd informa\u010dn\u00fdch zdrojov (EIZ), v ktor\u00fdch n\u00e1jdete desiatky plnotextov\u00fdch datab\u00e1z. Jednou z nich je &#8230; <a title=\"Bookport\" class=\"read-more\" href=\"https:\/\/www.krajskakniznicazilina.sk\/index.php\/sluzby\/e-knihy\/bookport\/\" aria-label=\"Pre\u010d\u00edtajte si viac o Bookport\">\u010c\u00edta\u0165 viac<\/a><\/p>\n","protected":false},"author":1,"featured_media":0,"parent":1912,"menu_order":0,"comment_status":"closed","ping_status":"closed","template":"","meta":{"footnotes":""},"class_list":["post-14304","page","type-page","status-publish"],"_links":{"self":[{"href":"https:\/\/www.krajskakniznicazilina.sk\/index.php\/wp-json\/wp\/v2\/pages\/14304","targetHints":{"allow":["GET"]}}],"collection":[{"href":"https:\/\/www.krajskakniznicazilina.sk\/index.php\/wp-json\/wp\/v2\/pages"}],"about":[{"href":"https:\/\/www.krajskakniznicazilina.sk\/index.php\/wp-json\/wp\/v2\/types\/page"}],"author":[{"embeddable":true,"href":"https:\/\/www.krajskakniznicazilina.sk\/index.php\/wp-json\/wp\/v2\/users\/1"}],"replies":[{"embeddable":true,"href":"https:\/\/www.krajskakniznicazilina.sk\/index.php\/wp-json\/wp\/v2\/comments?post=14304"}],"version-history":[{"count":10,"href":"https:\/\/www.krajskakniznicazilina.sk\/index.php\/wp-json\/wp\/v2\/pages\/14304\/revisions"}],"predecessor-version":[{"id":14314,"href":"https:\/\/www.krajskakniznicazilina.sk\/index.php\/wp-json\/wp\/v2\/pages\/14304\/revisions\/14314"}],"up":[{"embeddable":true,"href":"https:\/\/www.krajskakniznicazilina.sk\/index.php\/wp-json\/wp\/v2\/pages\/1912"}],"wp:attachment":[{"href":"https:\/\/www.krajskakniznicazilina.sk\/index.php\/wp-json\/wp\/v2\/media?parent=14304"}],"curies":[{"name":"wp","href":"https:\/\/api.w.org\/{rel}","templated":true}]}}