{"id":1467,"date":"2018-04-11T11:54:15","date_gmt":"2018-04-11T09:54:15","guid":{"rendered":"http:\/\/www.krajskakniznicazilina.sk\/?page_id=1467"},"modified":"2025-11-13T12:09:55","modified_gmt":"2025-11-13T11:09:55","slug":"resers","status":"publish","type":"page","link":"https:\/\/www.krajskakniznicazilina.sk\/index.php\/sluzby\/odborna-literatura\/resers\/","title":{"rendered":"Re\u0161er\u0161"},"content":{"rendered":"<p style=\"text-align: justify;\"><strong>Re\u0161er\u0161<\/strong> je vyh\u013eadanie zdrojov na vybran\u00fa t\u00e9mu, resp. v\u00fdsledkom re\u0161er\u0161e je<strong>\u00a0zoznam odbornej literat\u00fary<\/strong>, ktor\u00fd je vypracovan\u00fd <strong>na konkr\u00e9tnu t\u00e9mu<\/strong> na z\u00e1klade individu\u00e1lnej po\u017eiadavky \u010ditate\u013ea. Zoznam odkazuje na existenciu informa\u010dn\u00fdch zdrojov (knihy, \u010dl\u00e1nky z \u010dasopisov, zborn\u00edky a pod.) T\u00fato slu\u017ebu naj\u010dastej\u0161ie vyu\u017e\u00edvaj\u00fa napr. \u0161tudenti S\u0160 a V\u0160 pri p\u00edsan\u00ed odborn\u00fdch, semin\u00e1rnych a z\u00e1vere\u010dn\u00fdch pr\u00e1c, pr\u00edpadne v\u00fdskumn\u00edci pri z\u00edskavan\u00ed prvotn\u00fdch podkladov. Re\u0161er\u0161 patr\u00ed do kateg\u00f3rie<strong> \u0161peci\u00e1lnych slu\u017eieb<\/strong> kni\u017en\u00edc, a aj preto patr\u00ed medzi platen\u00e9 slu\u017eby.<\/p>\n<p style=\"text-align: justify;\">Re\u0161er\u0161 je v Krajskej kni\u017enici v \u017diline spoplatnen\u00e1 (na z\u00e1klade <a href=\"https:\/\/www.krajskakniznicazilina.sk\/index.php\/sluzby\/cennik\/\">cenn\u00edka slu\u017eieb<\/a>):<\/p>\n<ul style=\"text-align: justify;\">\n<li>za vypracovanie do 7 dn\u00ed \u2013 <strong>7,00\u00a0\u20ac<\/strong><\/li>\n<li>za vypracovanie do 24 hod\u00edn \u2013<strong> 12,00 \u20ac<\/strong><\/li>\n<\/ul>\n<h4 style=\"text-align: justify;\"><strong>Ako postupova\u0165 pri \u017eiadan\u00ed o re\u0161er\u0161 v Krajskej kni\u017enici v \u017diline?<\/strong><\/h4>\n<p style=\"text-align: justify;\">Z\u00e1kladnou podmienkou pri vypracovan\u00ed re\u0161er\u0161e je by\u0165 <strong>registrovan\u00fdm \u010ditate\u013eom kni\u017enice<\/strong> s platn\u00fdm preukazom.<\/p>\n<p style=\"text-align: justify;\">Je vhodn\u00e1 <strong>osobn\u00e1 n\u00e1v\u0161teva<\/strong> \u00daseku odbornej literat\u00fary na I. poschod\u00ed kni\u017enice, kde sa nach\u00e1dza aj re\u0161er\u0161n\u00e9 pracovisko.<\/p>\n<p style=\"text-align: justify;\">\u010citate\u013e mus\u00ed <strong>vyp\u00edsa\u0165 \u017diadanku o vypracovanie re\u0161er\u0161e <\/strong>(<a href=\"https:\/\/www.krajskakniznicazilina.sk\/menu\/okniz\/dok\/RESziadanka.jpg\">\u017eiadanka na stiahnutie<\/a> alebo m\u00f4\u017eete vyu\u017ei\u0165 <a href=\"https:\/\/www.krajskakniznicazilina.sk\/index.php\/sluzby\/odborna-literatura\/resers\/online-ziadanka-o-resers\/\"><strong>online \u017eiadanku o re\u0161er\u0161<\/strong><\/a>):<\/p>\n<ul style=\"text-align: justify;\">\n<li><strong>N\u00e1zov t\u00e9my<\/strong> &#8211; v pr\u00edpade z\u00e1vere\u010dn\u00fdch pr\u00e1c je potrebn\u00e9 vyp\u00edsa\u0165 cel\u00fd n\u00e1zov pr\u00e1ce (ak m\u00e1te n\u00e1zov t\u00e9my napr.: Online komunik\u00e1cia vo vybranom podniku, mali by ste n\u00e1m nap\u00edsa\u0165 aj konkr\u00e9tny podnik pr\u00edpadne aspo\u0148 zameranie podniku).<\/li>\n<li>Jednou z najd\u00f4le\u017eitej\u0161\u00edch vec\u00ed pri zad\u00e1van\u00ed \u017eiadosti o re\u0161er\u0161 je <strong>vyp\u00edsanie spr\u00e1vnych k\u013e\u00fa\u010dov\u00fdch slov<\/strong>\/hesiel. Preto\u017ee k\u013e\u00fa\u010dov\u00e9 slov\u00e1 s\u00fa zad\u00e1van\u00e9 pri vyh\u013ead\u00e1van\u00ed informa\u010dn\u00fdch zdrojov a s\u00fa k\u013e\u00fa\u010dom ku kvalitnej re\u0161er\u0161i. Ak s\u00fa k\u013e\u00fa\u010dov\u00e9 slov\u00e1 nedostato\u010dn\u00e9 m\u00f4\u017eu nasta\u0165 situ\u00e1cie:\n<ul>\n<li>\u017eiadne k\u013e\u00fa\u010dov\u00e9 slov\u00e1\/m\u00e1lo k\u013e\u00fa\u010dov\u00fdch slov = nedostato\u010dn\u00e9 mo\u017enosti na vyh\u013eadanie zdrojov, a teda m\u00e1lo v\u00fdsledkov. Z\u00e1rove\u0148 v\u00fdsledn\u00e9 zdroje m\u00f4\u017eu ma\u0165 n\u00edzku mieru relevancie,<\/li>\n<li>iba v\u0161eobecn\u00e9 pojmy = v\u00fdsledn\u00fd zoznam m\u00f4\u017ee obsahova\u0165 zbyto\u010dne ve\u013ek\u00e9 mno\u017estvo dokumentov, ktor\u00e9 odkazuj\u00fa na t\u00e9mu len \u010diasto\u010dne resp. neobsahuj\u00fa potrebn\u00e9 podrobnej\u0161ie inform\u00e1cie pre \u010ditate\u013ea,<\/li>\n<li>iba \u00fazko \u0161pecifick\u00e9 pojmy = pri vyh\u013ead\u00e1van\u00ed \u00fazko \u0161pecifick\u00fdch pojmov doch\u00e1dza \u010dasto k probl\u00e9mu s nedostatkom literat\u00fary, resp. nevyh\u013ead\u00e1me \u017eiadne v\u00fdsledky.<\/li>\n<\/ul>\n<\/li>\n<li><strong>Meno a email<\/strong> &#8211; n\u00e1m sl\u00fa\u017ei na jednozna\u010dn\u00fa identifik\u00e1ciu \u010ditate\u013ea a zaslanie v\u00fdslednej re\u0161er\u0161e.<\/li>\n<li><strong>D\u00e1tum<\/strong> &#8211; je d\u00f4le\u017eit\u00fd predov\u0161etk\u00fdm kv\u00f4li term\u00ednom na vypracovanie zadanej re\u0161er\u0161e.<\/li>\n<\/ul>\n<p style=\"text-align: justify;\">Spodn\u00e1 \u010das\u0165 \u017eiadanky je zameran\u00e1 na v\u00fdber dokumentov:<\/p>\n<ul style=\"text-align: justify;\">\n<li>s\u00fa 2 druhy dostupn\u00fdch dokumentov: <strong>knihy<\/strong> a <strong>\u010dl\u00e1nky<\/strong> z \u010dasopisov &#8211; m\u00f4\u017eete si vybra\u0165 len jedno z nich, no odpor\u00fa\u010dame vybra\u0165 obe mo\u017enosti,<\/li>\n<li>v pr\u00edpade, \u017ee m\u00e1te <strong>\u010dasov\u00e9 obmedzenie zdrojov<\/strong> vyp\u00ed\u0161te na \u017eiadanku &#8222;najstar\u0161\u00ed&#8220; mo\u017en\u00fd rok dokumentu,<\/li>\n<li><strong>zdroje v angli\u010dtine<\/strong>, resp. in\u00fdch jazykoch z\u00edskavame zo zahrani\u010dn\u00fdch datab\u00e1z, pre ich vyh\u013eadanie je potrebn\u00e9 uvies\u0165 k\u013e\u00fa\u010dov\u00e9 hesl\u00e1 v anglickom, resp. inom jazyku,<\/li>\n<li>preh\u013ead\u00e1vame\n<ul style=\"text-align: justify;\">\n<li><strong>katal\u00f3gy in\u00fdch kni\u017en\u00edc<\/strong> &#8211; \u010do znamen\u00e1, \u017ee vyh\u013eadan\u00e9 zdroje sa nach\u00e1dzaj\u00fa na \u00fazem\u00ed Slovenska, av\u0161ak nie je garantovan\u00e9, \u017ee sa nach\u00e1dzaj\u00fa aj priamo v na\u0161ej kni\u017enici. Existuje mo\u017enos\u0165, na po\u017eiadanie, da\u0165 si vypracova\u0165 re\u0161er\u0161 len z kni\u017eni\u010dn\u00e9ho fondu Krajskej kni\u017enice v \u017diline.<\/li>\n<\/ul>\n<\/li>\n<\/ul>\n<p><em>Pozn\u00e1mka: Pr\u00edstup k zahrani\u010dn\u00fdm zdrojom EBSCO nem\u00e1me, nako\u013eko bola v roku 2017 zru\u0161en\u00e1 celoslovensk\u00e1 licencia tejto datab\u00e1zy.<\/em> <em>Pr\u00edstup k zahrani\u010dn\u00fdm zdrojom GALE je od janu\u00e1ra 2022 zru\u0161en\u00fd, nako\u013eko skon\u010dila celoslovensk\u00e1 licencia aj tejto datab\u00e1zy.<\/em><\/p>\n<h4>Pr\u00edklad <strong>spr\u00e1vne vyp\u00edsanej re\u0161er\u0161e<\/strong> s pr\u00edkladom v\u00fdsledn\u00fdch z\u00e1znamov z re\u0161er\u0161e:<a href=\"https:\/\/www.krajskakniznicazilina.sk\/menu\/sluz\/odborna\/dobraR.pdf\"><img decoding=\"async\" class=\"aligncenter\" title=\"Spr\u00e1vne vyp\u00edsana \u017eiadanka o re\u0161er\u0161\" src=\"https:\/\/www.krajskakniznicazilina.sk\/menu\/sluz\/odborna\/dobraR.jpg\" alt=\"Spr\u00e1vne vyp\u00edsana \u017eiadanka o re\u0161er\u0161\" width=\"50%\" height=\"50%\" \/><\/a><\/h4>\n<h4>Pr\u00edklad nedostato\u010dne vyp\u00edsanej re\u0161er\u0161e:<a href=\"https:\/\/www.krajskakniznicazilina.sk\/menu\/sluz\/odborna\/zlaR.pdf\"><img decoding=\"async\" class=\"aligncenter\" title=\"Nedostato\u010dne vyp\u00edsana \u017eiadanka o re\u0161er\u0161\" src=\"https:\/\/www.krajskakniznicazilina.sk\/menu\/sluz\/odborna\/zlaR.jpg\" alt=\"Nedostato\u010dne vyp\u00edsana \u017eiadanka o re\u0161er\u0161\" width=\"50%\" height=\"50%\" \/><\/a><\/h4>\n<h4 style=\"text-align: justify;\"><strong>\u00a0\u010co \u010falej po z\u00edskan\u00ed v\u00fdsledkov z re\u0161er\u0161e?<\/strong><\/h4>\n<ul>\n<li>z\u00e1znamy z re\u0161er\u0161e si m\u00f4\u017eete vyh\u013eada\u0165 v na\u0161om <strong><a href=\"https:\/\/zsk.tritius.sk\/\">katal\u00f3gu<\/a><\/strong>\n<ul>\n<li>kde knihy vyh\u013ead\u00e1vate pod\u013ea <strong>n\u00e1zvu<\/strong> alebo <strong>autora<\/strong>, pr\u00edpadne v kombinovanom vyh\u013ead\u00e1van\u00ed pod\u013ea <strong>ISBN<\/strong><\/li>\n<li>konkr\u00e9tne <strong>\u010dl\u00e1nky <\/strong>u n\u00e1s neb\u00fdvaj\u00fa\u00a0samostatne katalogizovan\u00e9, preto je v tomto pr\u00edpadne nutn\u00e9 vyh\u013ead\u00e1va\u0165 priamo <strong>n\u00e1zov periodika,<\/strong> z ktor\u00e9ho \u010dl\u00e1nok poch\u00e1dza. N\u00e1sledne po otvoren\u00ed z\u00e1znamu m\u00f4\u017eete skontrolova\u0165 roky a \u010d\u00edsla dan\u00e9ho periodika, ktor\u00e9 sa nach\u00e1dzaj\u00fa u n\u00e1s v kni\u017enici<\/li>\n<\/ul>\n<\/li>\n<li>ak nem\u00e1te \u010das na samostatn\u00e9 preh\u013ead\u00e1vanie katal\u00f3gu m\u00f4\u017eete si da\u0165 <strong>pripravi\u0165\u00a0<\/strong> vybran\u00e9 <strong>dokumenty z re\u0161er\u0161e<\/strong> na n\u00e1u\u010dnom oddelen\u00ed za poplatok <strong>0,20 \u20ac \/ 1 dokument &#8211; kni\u017en\u00fd, \u010dl\u00e1nok z periodika, online zdroj<\/strong><\/li>\n<li>v pr\u00edpade ak m\u00e1te z\u00e1ujem o knihy\/\u010dl\u00e1nky, ktor\u00e9 sa nenach\u00e1dzaj\u00fa vo fonde na\u0161ej kni\u017enice m\u00f4\u017eete vyu\u017ei\u0165 \u010fal\u0161iu \u0161peci\u00e1lnu slu\u017ebu &#8211;<strong> Medzikni\u017eni\u010dn\u00fa v\u00fdpo\u017ei\u010dn\u00fa slu\u017ebu<\/strong> (MVS)<\/li>\n<\/ul>\n","protected":false},"excerpt":{"rendered":"<p>Re\u0161er\u0161 je vyh\u013eadanie zdrojov na vybran\u00fa t\u00e9mu, resp. v\u00fdsledkom re\u0161er\u0161e je\u00a0zoznam odbornej literat\u00fary, ktor\u00fd je vypracovan\u00fd na konkr\u00e9tnu t\u00e9mu na z\u00e1klade individu\u00e1lnej po\u017eiadavky \u010ditate\u013ea. Zoznam odkazuje na existenciu informa\u010dn\u00fdch zdrojov (knihy, \u010dl\u00e1nky z \u010dasopisov, zborn\u00edky a pod.) T\u00fato slu\u017ebu naj\u010dastej\u0161ie vyu\u017e\u00edvaj\u00fa napr. \u0161tudenti S\u0160 a V\u0160 pri p\u00edsan\u00ed odborn\u00fdch, semin\u00e1rnych a z\u00e1vere\u010dn\u00fdch pr\u00e1c, pr\u00edpadne v\u00fdskumn\u00edci &#8230; <a title=\"Re\u0161er\u0161\" class=\"read-more\" href=\"https:\/\/www.krajskakniznicazilina.sk\/index.php\/sluzby\/odborna-literatura\/resers\/\" aria-label=\"Pre\u010d\u00edtajte si viac o Re\u0161er\u0161\">\u010c\u00edta\u0165 viac<\/a><\/p>\n","protected":false},"author":1,"featured_media":0,"parent":121,"menu_order":0,"comment_status":"closed","ping_status":"closed","template":"","meta":{"footnotes":""},"class_list":["post-1467","page","type-page","status-publish"],"_links":{"self":[{"href":"https:\/\/www.krajskakniznicazilina.sk\/index.php\/wp-json\/wp\/v2\/pages\/1467","targetHints":{"allow":["GET"]}}],"collection":[{"href":"https:\/\/www.krajskakniznicazilina.sk\/index.php\/wp-json\/wp\/v2\/pages"}],"about":[{"href":"https:\/\/www.krajskakniznicazilina.sk\/index.php\/wp-json\/wp\/v2\/types\/page"}],"author":[{"embeddable":true,"href":"https:\/\/www.krajskakniznicazilina.sk\/index.php\/wp-json\/wp\/v2\/users\/1"}],"replies":[{"embeddable":true,"href":"https:\/\/www.krajskakniznicazilina.sk\/index.php\/wp-json\/wp\/v2\/comments?post=1467"}],"version-history":[{"count":51,"href":"https:\/\/www.krajskakniznicazilina.sk\/index.php\/wp-json\/wp\/v2\/pages\/1467\/revisions"}],"predecessor-version":[{"id":16255,"href":"https:\/\/www.krajskakniznicazilina.sk\/index.php\/wp-json\/wp\/v2\/pages\/1467\/revisions\/16255"}],"up":[{"embeddable":true,"href":"https:\/\/www.krajskakniznicazilina.sk\/index.php\/wp-json\/wp\/v2\/pages\/121"}],"wp:attachment":[{"href":"https:\/\/www.krajskakniznicazilina.sk\/index.php\/wp-json\/wp\/v2\/media?parent=1467"}],"curies":[{"name":"wp","href":"https:\/\/api.w.org\/{rel}","templated":true}]}}