{"id":148,"date":"2017-08-18T10:51:16","date_gmt":"2017-08-18T08:51:16","guid":{"rendered":"http:\/\/www.krajskakniznicazilina.sk\/novastranka\/?page_id=148"},"modified":"2022-05-05T08:26:12","modified_gmt":"2022-05-05T07:26:12","slug":"seniori","status":"publish","type":"page","link":"https:\/\/www.krajskakniznicazilina.sk\/index.php\/podujatia\/seniori\/","title":{"rendered":"Seniori"},"content":{"rendered":"<p style=\"text-align: justify;\">Pre seniorov kni\u017enica pon\u00faka nasledovn\u00e9 kurzy (<strong>kurzy, tr\u00e9ning pam\u00e4ti a polro\u010dn\u00e9 tvoriv\u00e9 dielne s\u00fa spoplatnen\u00e9 sumou 15\u20ac<\/strong>):<\/p>\n<h3><strong>Angli\u010dtina pre znev\u00fdhodnen\u00fdch<\/strong><\/h3>\n<p style=\"text-align: justify;\">V\u00fdu\u010dba anglick\u00e9ho jazyka pre za\u010diato\u010dn\u00edkov a pokro\u010dil\u00fdch. Nov\u00fdch \u010dlenov rozdel\u00edme do skup\u00edn pod\u013ea ich znalosti angli\u010dtiny. Viac inform\u00e1ci\u00ed v britskom centre alebo na emailovej adrese <strong><a href=\"mailto:britskecentrum@krajskakniznicazilina.sk\">britskecentrum@krajskakniznicazilina.sk<\/a><\/strong>.<\/p>\n<h3 style=\"text-align: justify;\"><a href=\"https:\/\/www.krajskakniznicazilina.sk\/index.php\/podujatia\/pocitacove-kurzy\/\"><strong>Po\u010d\u00edta\u010dov\u00e9 kurzy<\/strong><\/a><\/h3>\n<p style=\"text-align: justify;\">Kni\u017enica organizuje kurzy z\u00e1kladov po\u010d\u00edta\u010dov\u00fdch zru\u010dnost\u00ed pre d\u00f4chodcov a zdravotne znev\u00fdhodnen\u00fdch. Z\u00e1ujem o kurzy nahl\u00e1ste na tel. \u010d\u00edslo <strong>041\/723 30 90 <\/strong>alebo emailom na <strong><a href=\"mailto:pckurzy@krajskakniznicazilina.sk\">pckurzy@krajskakniznicazilina.sk<\/a><\/strong><\/p>\n<h3 style=\"text-align: justify;\"><a href=\"https:\/\/www.krajskakniznicazilina.sk\/index.php\/podujatia\/tvorive-dielne\/\"><strong>Tvoriv\u00e9 dielne<\/strong><\/a><\/h3>\n<p style=\"text-align: justify;\">Na tvoriv\u00e9 dielne sa m\u00f4\u017eete prihl\u00e1si\u0165 na tel. \u010d\u00edslo <strong>041\/723 30 90 <\/strong>alebo emailom na <strong><a href=\"mailto:tvorivedielne@krajskakniznicazilina.sk\">tvorivedielne@krajskakniznicazilina.sk<\/a><\/strong><\/p>\n<h3 style=\"text-align: justify;\"><a href=\"https:\/\/www.krajskakniznicazilina.sk\/index.php\/podujatia\/treningy-pamati\/\"><strong>Tr\u00e9ningy pam\u00e4ti<\/strong><\/a><\/h3>\n<p style=\"text-align: justify;\">Inform\u00e1cie na<strong> <a href=\"mailto:mjartanova@krajskakniznicazilina.sk\">mjartanova@krajskakniznicazilina.sk<\/a><\/strong><\/p>\n<p style=\"text-align: justify;\"><strong>In\u00e9 aktivity<\/strong><\/p>\n<ul>\n<li style=\"text-align: justify;\">srde\u010dne V\u00e1s poz\u00fdvame na na\u0161e podujatia pre verejnos\u0165\u00a0(besedy, uvedenia kn\u00edh do \u017eivota, predn\u00e1\u0161ky,\u00a0podujatia pre \u0161tudentov Univerzity 3.\u00a0veku a in\u00e9)<\/li>\n<li style=\"text-align: justify;\">ka\u017edodenn\u00fd v\u00fdber\u00a0dennej tla\u010de v \u010dit\u00e1rni, odborn\u00e9 periodik\u00e1 v\u00a0\u0161tudovni<\/li>\n<li style=\"text-align: justify;\">v\u00fdpo\u017ei\u010dky kn\u00edh kr\u00e1snej a odbornej literat\u00fary<\/li>\n<li style=\"text-align: justify;\">zvukov\u00e9 knihy pre ob\u010danov so zrakov\u00fdch postihnut\u00edm<\/li>\n<li style=\"text-align: justify;\">v lete posedenie v letnej \u010dit\u00e1rni za kni\u017enicou<\/li>\n<li style=\"text-align: justify;\">knihy v anglickom, franc\u00fazskom, nemeckom a in\u00fdch jazykoch<\/li>\n<\/ul>\n","protected":false},"excerpt":{"rendered":"<p>Pre seniorov kni\u017enica pon\u00faka nasledovn\u00e9 kurzy (kurzy, tr\u00e9ning pam\u00e4ti a polro\u010dn\u00e9 tvoriv\u00e9 dielne s\u00fa spoplatnen\u00e9 sumou 15\u20ac): Angli\u010dtina pre znev\u00fdhodnen\u00fdch V\u00fdu\u010dba anglick\u00e9ho jazyka pre za\u010diato\u010dn\u00edkov a pokro\u010dil\u00fdch. Nov\u00fdch \u010dlenov rozdel\u00edme do skup\u00edn pod\u013ea ich znalosti angli\u010dtiny. Viac inform\u00e1ci\u00ed v britskom centre alebo na emailovej adrese britskecentrum@krajskakniznicazilina.sk. Po\u010d\u00edta\u010dov\u00e9 kurzy Kni\u017enica organizuje kurzy z\u00e1kladov po\u010d\u00edta\u010dov\u00fdch zru\u010dnost\u00ed pre &#8230; <a title=\"Seniori\" class=\"read-more\" href=\"https:\/\/www.krajskakniznicazilina.sk\/index.php\/podujatia\/seniori\/\" aria-label=\"Pre\u010d\u00edtajte si viac o Seniori\">\u010c\u00edta\u0165 viac<\/a><\/p>\n","protected":false},"author":1,"featured_media":0,"parent":49,"menu_order":0,"comment_status":"closed","ping_status":"closed","template":"","meta":{"footnotes":""},"class_list":["post-148","page","type-page","status-publish"],"_links":{"self":[{"href":"https:\/\/www.krajskakniznicazilina.sk\/index.php\/wp-json\/wp\/v2\/pages\/148","targetHints":{"allow":["GET"]}}],"collection":[{"href":"https:\/\/www.krajskakniznicazilina.sk\/index.php\/wp-json\/wp\/v2\/pages"}],"about":[{"href":"https:\/\/www.krajskakniznicazilina.sk\/index.php\/wp-json\/wp\/v2\/types\/page"}],"author":[{"embeddable":true,"href":"https:\/\/www.krajskakniznicazilina.sk\/index.php\/wp-json\/wp\/v2\/users\/1"}],"replies":[{"embeddable":true,"href":"https:\/\/www.krajskakniznicazilina.sk\/index.php\/wp-json\/wp\/v2\/comments?post=148"}],"version-history":[{"count":23,"href":"https:\/\/www.krajskakniznicazilina.sk\/index.php\/wp-json\/wp\/v2\/pages\/148\/revisions"}],"predecessor-version":[{"id":3396,"href":"https:\/\/www.krajskakniznicazilina.sk\/index.php\/wp-json\/wp\/v2\/pages\/148\/revisions\/3396"}],"up":[{"embeddable":true,"href":"https:\/\/www.krajskakniznicazilina.sk\/index.php\/wp-json\/wp\/v2\/pages\/49"}],"wp:attachment":[{"href":"https:\/\/www.krajskakniznicazilina.sk\/index.php\/wp-json\/wp\/v2\/media?parent=148"}],"curies":[{"name":"wp","href":"https:\/\/api.w.org\/{rel}","templated":true}]}}