{"id":14948,"date":"2025-04-14T12:34:40","date_gmt":"2025-04-14T10:34:40","guid":{"rendered":"https:\/\/www.krajskakniznicazilina.sk\/?page_id=14948"},"modified":"2025-08-22T07:26:00","modified_gmt":"2025-08-22T05:26:00","slug":"sublimacna-tlaciaren","status":"publish","type":"page","link":"https:\/\/www.krajskakniznicazilina.sk\/index.php\/sluzby\/makerspace\/sublimacna-tlaciaren\/","title":{"rendered":"Sublima\u010dn\u00e1 tla\u010diare\u0148"},"content":{"rendered":"<p style=\"text-align: justify;\"><a href=\"https:\/\/www.krajskakniznicazilina.sk\/menu\/sluz\/SmartLab\/sublimacna_tlaciaren.jpg\"><img decoding=\"async\" class=\"alignright size-medium\" src=\"https:\/\/www.krajskakniznicazilina.sk\/menu\/sluz\/SmartLab\/sublimacna_tlaciaren.jpg\" alt=\"obr\u00e1zok\" width=\"30%\" height=\"30%\" \/><\/a>Sublima\u010dn\u00e1 tla\u010diare\u0148 je zariadenie, ktor\u00e9 pou\u017e\u00edva \u0161peci\u00e1lne sublima\u010dn\u00e9 farby na potla\u010d sublima\u010dn\u00fdch papierov. Takto vytla\u010den\u00e9 obr\u00e1zky, log\u00e1 \u010di r\u00f4zne dizajny je n\u00e1sledne mo\u017en\u00e9 pomocou termolisu prenies\u0165 na predmety r\u00f4znych materi\u00e1lov, ako je textil, sklo, keramika a\u00a0in\u00e9.<\/p>\n<p><strong><a href=\"https:\/\/www.krajskakniznicazilina.sk\/index.php\/sluzby\/makerspace\/cennik-smartlab\/\">Cenn\u00edk<\/a> <\/strong>vyu\u017e\u00edvania slu\u017eieb <strong>SmartLab<\/strong><\/p>\n","protected":false},"excerpt":{"rendered":"<p>Sublima\u010dn\u00e1 tla\u010diare\u0148 je zariadenie, ktor\u00e9 pou\u017e\u00edva \u0161peci\u00e1lne sublima\u010dn\u00e9 farby na potla\u010d sublima\u010dn\u00fdch papierov. Takto vytla\u010den\u00e9 obr\u00e1zky, log\u00e1 \u010di r\u00f4zne dizajny je n\u00e1sledne mo\u017en\u00e9 pomocou termolisu prenies\u0165 na predmety r\u00f4znych materi\u00e1lov, ako je textil, sklo, keramika a\u00a0in\u00e9. Cenn\u00edk vyu\u017e\u00edvania slu\u017eieb SmartLab<\/p>\n","protected":false},"author":1,"featured_media":0,"parent":11643,"menu_order":0,"comment_status":"closed","ping_status":"closed","template":"","meta":{"footnotes":""},"class_list":["post-14948","page","type-page","status-publish"],"_links":{"self":[{"href":"https:\/\/www.krajskakniznicazilina.sk\/index.php\/wp-json\/wp\/v2\/pages\/14948","targetHints":{"allow":["GET"]}}],"collection":[{"href":"https:\/\/www.krajskakniznicazilina.sk\/index.php\/wp-json\/wp\/v2\/pages"}],"about":[{"href":"https:\/\/www.krajskakniznicazilina.sk\/index.php\/wp-json\/wp\/v2\/types\/page"}],"author":[{"embeddable":true,"href":"https:\/\/www.krajskakniznicazilina.sk\/index.php\/wp-json\/wp\/v2\/users\/1"}],"replies":[{"embeddable":true,"href":"https:\/\/www.krajskakniznicazilina.sk\/index.php\/wp-json\/wp\/v2\/comments?post=14948"}],"version-history":[{"count":7,"href":"https:\/\/www.krajskakniznicazilina.sk\/index.php\/wp-json\/wp\/v2\/pages\/14948\/revisions"}],"predecessor-version":[{"id":15717,"href":"https:\/\/www.krajskakniznicazilina.sk\/index.php\/wp-json\/wp\/v2\/pages\/14948\/revisions\/15717"}],"up":[{"embeddable":true,"href":"https:\/\/www.krajskakniznicazilina.sk\/index.php\/wp-json\/wp\/v2\/pages\/11643"}],"wp:attachment":[{"href":"https:\/\/www.krajskakniznicazilina.sk\/index.php\/wp-json\/wp\/v2\/media?parent=14948"}],"curies":[{"name":"wp","href":"https:\/\/api.w.org\/{rel}","templated":true}]}}