{"id":14953,"date":"2025-04-14T12:38:34","date_gmt":"2025-04-14T10:38:34","guid":{"rendered":"https:\/\/www.krajskakniznicazilina.sk\/?page_id=14953"},"modified":"2025-04-15T13:15:43","modified_gmt":"2025-04-15T11:15:43","slug":"pyrograficke-stanice","status":"publish","type":"page","link":"https:\/\/www.krajskakniznicazilina.sk\/index.php\/sluzby\/makerspace\/pyrograficke-stanice\/","title":{"rendered":"Pyrografick\u00e9 stanice"},"content":{"rendered":"<p style=\"text-align: justify;\"><a href=\"https:\/\/www.krajskakniznicazilina.sk\/menu\/sluz\/SmartLab\/vypalovacka.jpg\"><img decoding=\"async\" class=\"alignright size-medium\" src=\"https:\/\/www.krajskakniznicazilina.sk\/menu\/sluz\/SmartLab\/vypalovacka.jpg\" alt=\"obr\u00e1zok\" width=\"30%\" height=\"30%\" \/><\/a><\/p>\n<p style=\"text-align: justify;\">Vypa\u013eovanie do dreva alebo pyrografia je popul\u00e1rna umeleck\u00e1 technika, pomocou ktorej m\u00f4\u017eu kni\u017enice realizova\u0165 zauj\u00edmav\u00e9 workshopy a\u00a0podporova\u0165 tak u\u00a0svojich pou\u017e\u00edvate\u013eov kreativitu, jemn\u00fa motoriku, koncentr\u00e1ciu \u010di\u00a0povedomie o\u00a0pr\u00e1ci s\u00a0r\u00f4znymi materi\u00e1lmi. Okrem dreva je mo\u017en\u00e9 pou\u017ei\u0165 ko\u017eu, papier a\u00a0niektor\u00e9 plasty.<\/p>\n<p><strong>Cenn\u00edk<\/strong><br \/>\n<strong>2\u20ac ka\u017ed\u00e1 za\u010dat\u00e1 hodina<\/strong> (vlastn\u00fd materi\u00e1l)<br \/>\n<strong>+ 1,50\u20ac materi\u00e1l z ponuky kni\u017enice<\/strong><\/p>\n<p style=\"text-align: justify;\"><strong>Viac o pyrografii<\/strong>:\u00a0<strong><a href=\"https:\/\/smartlab.cvtisr.sk\/index.php\/2024\/04\/12\/od-dreva-k-umeleckemu-dielu-rozvijajte-kreativitu-vypalovanim-do-dreva\/\">Od dreva k\u00a0umeleck\u00e9mu dielu: Rozv\u00edjajte kreativitu vypa\u013eovan\u00edm do dreva<\/a><\/strong><\/p>\n<p>&nbsp;<\/p>\n","protected":false},"excerpt":{"rendered":"<p>Vypa\u013eovanie do dreva alebo pyrografia je popul\u00e1rna umeleck\u00e1 technika, pomocou ktorej m\u00f4\u017eu kni\u017enice realizova\u0165 zauj\u00edmav\u00e9 workshopy a\u00a0podporova\u0165 tak u\u00a0svojich pou\u017e\u00edvate\u013eov kreativitu, jemn\u00fa motoriku, koncentr\u00e1ciu \u010di\u00a0povedomie o\u00a0pr\u00e1ci s\u00a0r\u00f4znymi materi\u00e1lmi. Okrem dreva je mo\u017en\u00e9 pou\u017ei\u0165 ko\u017eu, papier a\u00a0niektor\u00e9 plasty. Cenn\u00edk 2\u20ac ka\u017ed\u00e1 za\u010dat\u00e1 hodina (vlastn\u00fd materi\u00e1l) + 1,50\u20ac materi\u00e1l z ponuky kni\u017enice Viac o pyrografii:\u00a0Od dreva k\u00a0umeleck\u00e9mu &#8230; <a title=\"Pyrografick\u00e9 stanice\" class=\"read-more\" href=\"https:\/\/www.krajskakniznicazilina.sk\/index.php\/sluzby\/makerspace\/pyrograficke-stanice\/\" aria-label=\"Pre\u010d\u00edtajte si viac o Pyrografick\u00e9 stanice\">\u010c\u00edta\u0165 viac<\/a><\/p>\n","protected":false},"author":1,"featured_media":0,"parent":11643,"menu_order":0,"comment_status":"closed","ping_status":"closed","template":"","meta":{"footnotes":""},"class_list":["post-14953","page","type-page","status-publish"],"_links":{"self":[{"href":"https:\/\/www.krajskakniznicazilina.sk\/index.php\/wp-json\/wp\/v2\/pages\/14953","targetHints":{"allow":["GET"]}}],"collection":[{"href":"https:\/\/www.krajskakniznicazilina.sk\/index.php\/wp-json\/wp\/v2\/pages"}],"about":[{"href":"https:\/\/www.krajskakniznicazilina.sk\/index.php\/wp-json\/wp\/v2\/types\/page"}],"author":[{"embeddable":true,"href":"https:\/\/www.krajskakniznicazilina.sk\/index.php\/wp-json\/wp\/v2\/users\/1"}],"replies":[{"embeddable":true,"href":"https:\/\/www.krajskakniznicazilina.sk\/index.php\/wp-json\/wp\/v2\/comments?post=14953"}],"version-history":[{"count":4,"href":"https:\/\/www.krajskakniznicazilina.sk\/index.php\/wp-json\/wp\/v2\/pages\/14953\/revisions"}],"predecessor-version":[{"id":14987,"href":"https:\/\/www.krajskakniznicazilina.sk\/index.php\/wp-json\/wp\/v2\/pages\/14953\/revisions\/14987"}],"up":[{"embeddable":true,"href":"https:\/\/www.krajskakniznicazilina.sk\/index.php\/wp-json\/wp\/v2\/pages\/11643"}],"wp:attachment":[{"href":"https:\/\/www.krajskakniznicazilina.sk\/index.php\/wp-json\/wp\/v2\/media?parent=14953"}],"curies":[{"name":"wp","href":"https:\/\/api.w.org\/{rel}","templated":true}]}}