{"id":14955,"date":"2025-04-14T12:40:30","date_gmt":"2025-04-14T10:40:30","guid":{"rendered":"https:\/\/www.krajskakniznicazilina.sk\/?page_id=14955"},"modified":"2025-08-22T07:25:45","modified_gmt":"2025-08-22T05:25:45","slug":"rezaci-plotter","status":"publish","type":"page","link":"https:\/\/www.krajskakniznicazilina.sk\/index.php\/sluzby\/makerspace\/rezaci-plotter\/","title":{"rendered":"Rezac\u00ed plotter"},"content":{"rendered":"<p style=\"text-align: justify;\"><a href=\"https:\/\/www.krajskakniznicazilina.sk\/menu\/sluz\/SmartLab\/rezaci_plotter.jpg\"><img decoding=\"async\" class=\"alignright size-medium\" src=\"https:\/\/www.krajskakniznicazilina.sk\/menu\/sluz\/SmartLab\/rezaci_plotter.jpg\" alt=\"obr\u00e1zok\" width=\"30%\" height=\"30%\" \/><\/a>Rezac\u00ed plotter je v\u0161estrann\u00fd n\u00e1stroj, ktor\u00fd n\u00e1jde uplatnenie v\u00a0oblasti reklamy, dizajnu, v\u00fdtvarn\u00e9ho umenia \u010di remeseln\u00fdch pr\u00e1c. Pomocou plottra je mo\u017en\u00e9 vystrihova\u0165 r\u00f4zne tvary a dizajny z vinylu, PVC f\u00f3li\u00ed, kart\u00f3nu a\u00a0in\u00fdch materi\u00e1lov, vytv\u00e1ra\u0165 n\u00e1lepky, \u0161abl\u00f3ny a samolepky, ako aj vyu\u017e\u00edva\u0165 ho na pr\u00e1cu s f\u00f3liami na tepeln\u00fd prenos.<\/p>\n<p><strong><a href=\"https:\/\/www.krajskakniznicazilina.sk\/index.php\/sluzby\/makerspace\/cennik-smartlab\/\">Cenn\u00edk<\/a> <\/strong>vyu\u017e\u00edvania slu\u017eieb <strong>SmartLab<\/strong><\/p>\n","protected":false},"excerpt":{"rendered":"<p>Rezac\u00ed plotter je v\u0161estrann\u00fd n\u00e1stroj, ktor\u00fd n\u00e1jde uplatnenie v\u00a0oblasti reklamy, dizajnu, v\u00fdtvarn\u00e9ho umenia \u010di remeseln\u00fdch pr\u00e1c. Pomocou plottra je mo\u017en\u00e9 vystrihova\u0165 r\u00f4zne tvary a dizajny z vinylu, PVC f\u00f3li\u00ed, kart\u00f3nu a\u00a0in\u00fdch materi\u00e1lov, vytv\u00e1ra\u0165 n\u00e1lepky, \u0161abl\u00f3ny a samolepky, ako aj vyu\u017e\u00edva\u0165 ho na pr\u00e1cu s f\u00f3liami na tepeln\u00fd prenos. Cenn\u00edk vyu\u017e\u00edvania slu\u017eieb SmartLab<\/p>\n","protected":false},"author":1,"featured_media":0,"parent":11643,"menu_order":0,"comment_status":"closed","ping_status":"closed","template":"","meta":{"footnotes":""},"class_list":["post-14955","page","type-page","status-publish"],"_links":{"self":[{"href":"https:\/\/www.krajskakniznicazilina.sk\/index.php\/wp-json\/wp\/v2\/pages\/14955","targetHints":{"allow":["GET"]}}],"collection":[{"href":"https:\/\/www.krajskakniznicazilina.sk\/index.php\/wp-json\/wp\/v2\/pages"}],"about":[{"href":"https:\/\/www.krajskakniznicazilina.sk\/index.php\/wp-json\/wp\/v2\/types\/page"}],"author":[{"embeddable":true,"href":"https:\/\/www.krajskakniznicazilina.sk\/index.php\/wp-json\/wp\/v2\/users\/1"}],"replies":[{"embeddable":true,"href":"https:\/\/www.krajskakniznicazilina.sk\/index.php\/wp-json\/wp\/v2\/comments?post=14955"}],"version-history":[{"count":3,"href":"https:\/\/www.krajskakniznicazilina.sk\/index.php\/wp-json\/wp\/v2\/pages\/14955\/revisions"}],"predecessor-version":[{"id":15716,"href":"https:\/\/www.krajskakniznicazilina.sk\/index.php\/wp-json\/wp\/v2\/pages\/14955\/revisions\/15716"}],"up":[{"embeddable":true,"href":"https:\/\/www.krajskakniznicazilina.sk\/index.php\/wp-json\/wp\/v2\/pages\/11643"}],"wp:attachment":[{"href":"https:\/\/www.krajskakniznicazilina.sk\/index.php\/wp-json\/wp\/v2\/media?parent=14955"}],"curies":[{"name":"wp","href":"https:\/\/api.w.org\/{rel}","templated":true}]}}