{"id":14958,"date":"2025-04-14T12:46:47","date_gmt":"2025-04-14T10:46:47","guid":{"rendered":"https:\/\/www.krajskakniznicazilina.sk\/?page_id=14958"},"modified":"2025-08-22T07:25:13","modified_gmt":"2025-08-22T05:25:13","slug":"termolis","status":"publish","type":"page","link":"https:\/\/www.krajskakniznicazilina.sk\/index.php\/sluzby\/makerspace\/termolis\/","title":{"rendered":"Termolis"},"content":{"rendered":"<p style=\"text-align: justify;\"><a href=\"https:\/\/www.krajskakniznicazilina.sk\/menu\/sluz\/SmartLab\/termolis.jpg\"><img decoding=\"async\" class=\"alignright size-medium\" src=\"https:\/\/www.krajskakniznicazilina.sk\/menu\/sluz\/SmartLab\/termolis.jpg\" alt=\"obr\u00e1zok\" width=\"30%\" height=\"30%\" \/><\/a><\/p>\n<p style=\"text-align: justify;\">Multifunk\u010dn\u00fd termolis vyu\u017e\u00edva teplo a\u00a0tlak, v\u010faka \u010domu sa farby zo sublima\u010dn\u00e9ho papiera transformuj\u00fa z\u00a0pevn\u00e9ho skupenstva na plynn\u00e9 a\u00a0prenikn\u00fa tak do povrchu materi\u00e1lu. Vytla\u010den\u00e9 log\u00e1, obr\u00e1zky, dizajny zo sublima\u010dnej tla\u010diarne je mo\u017en\u00e9 pomocou termolisu prenies\u0165 na r\u00f4zne materi\u00e1ly, ako s\u00fa textil alebo keramika. Na potla\u010d je mo\u017en\u00e9 vyu\u017ei\u0165 aj vzor z vinylu. Potl\u00e1\u010da\u0165 je mo\u017en\u00e9 predmety ako \u0161\u00e1lky, tri\u010dk\u00e1, ta\u0161ky, \u010diapky, puzzle a in\u00e9.<\/p>\n<p><strong><a href=\"https:\/\/www.krajskakniznicazilina.sk\/index.php\/sluzby\/makerspace\/cennik-smartlab\/\">Cenn\u00edk<\/a> <\/strong>vyu\u017e\u00edvania slu\u017eieb <strong>SmartLab<\/strong><\/p>\n","protected":false},"excerpt":{"rendered":"<p>Multifunk\u010dn\u00fd termolis vyu\u017e\u00edva teplo a\u00a0tlak, v\u010faka \u010domu sa farby zo sublima\u010dn\u00e9ho papiera transformuj\u00fa z\u00a0pevn\u00e9ho skupenstva na plynn\u00e9 a\u00a0prenikn\u00fa tak do povrchu materi\u00e1lu. Vytla\u010den\u00e9 log\u00e1, obr\u00e1zky, dizajny zo sublima\u010dnej tla\u010diarne je mo\u017en\u00e9 pomocou termolisu prenies\u0165 na r\u00f4zne materi\u00e1ly, ako s\u00fa textil alebo keramika. Na potla\u010d je mo\u017en\u00e9 vyu\u017ei\u0165 aj vzor z vinylu. Potl\u00e1\u010da\u0165 je mo\u017en\u00e9 predmety &#8230; <a title=\"Termolis\" class=\"read-more\" href=\"https:\/\/www.krajskakniznicazilina.sk\/index.php\/sluzby\/makerspace\/termolis\/\" aria-label=\"Pre\u010d\u00edtajte si viac o Termolis\">\u010c\u00edta\u0165 viac<\/a><\/p>\n","protected":false},"author":1,"featured_media":0,"parent":11643,"menu_order":0,"comment_status":"closed","ping_status":"closed","template":"","meta":{"footnotes":""},"class_list":["post-14958","page","type-page","status-publish"],"_links":{"self":[{"href":"https:\/\/www.krajskakniznicazilina.sk\/index.php\/wp-json\/wp\/v2\/pages\/14958","targetHints":{"allow":["GET"]}}],"collection":[{"href":"https:\/\/www.krajskakniznicazilina.sk\/index.php\/wp-json\/wp\/v2\/pages"}],"about":[{"href":"https:\/\/www.krajskakniznicazilina.sk\/index.php\/wp-json\/wp\/v2\/types\/page"}],"author":[{"embeddable":true,"href":"https:\/\/www.krajskakniznicazilina.sk\/index.php\/wp-json\/wp\/v2\/users\/1"}],"replies":[{"embeddable":true,"href":"https:\/\/www.krajskakniznicazilina.sk\/index.php\/wp-json\/wp\/v2\/comments?post=14958"}],"version-history":[{"count":8,"href":"https:\/\/www.krajskakniznicazilina.sk\/index.php\/wp-json\/wp\/v2\/pages\/14958\/revisions"}],"predecessor-version":[{"id":15715,"href":"https:\/\/www.krajskakniznicazilina.sk\/index.php\/wp-json\/wp\/v2\/pages\/14958\/revisions\/15715"}],"up":[{"embeddable":true,"href":"https:\/\/www.krajskakniznicazilina.sk\/index.php\/wp-json\/wp\/v2\/pages\/11643"}],"wp:attachment":[{"href":"https:\/\/www.krajskakniznicazilina.sk\/index.php\/wp-json\/wp\/v2\/media?parent=14958"}],"curies":[{"name":"wp","href":"https:\/\/api.w.org\/{rel}","templated":true}]}}