{"id":15236,"date":"2025-06-02T12:37:53","date_gmt":"2025-06-02T10:37:53","guid":{"rendered":"https:\/\/www.krajskakniznicazilina.sk\/index.php\/smartlab-kalendar\/"},"modified":"2025-09-08T14:21:07","modified_gmt":"2025-09-08T12:21:07","slug":"smartlab-kalendar","status":"publish","type":"page","link":"https:\/\/www.krajskakniznicazilina.sk\/index.php\/sluzby\/makerspace\/smartlab-kalendar\/","title":{"rendered":"SmartLab objednanie slu\u017eby pre verejnos\u0165"},"content":{"rendered":"<h3 style=\"text-align: justify;\">Slu\u017eby s\u00fa spoplatnen\u00e9 pod\u013ea aktu\u00e1lneho <a href=\"https:\/\/www.krajskakniznicazilina.sk\/index.php\/sluzby\/makerspace\/cennik-smartlab\/\"><strong>cenn\u00edka slu\u017eieb SmartLab<\/strong><\/a>. Je potrebn\u00e9 po\u010dka\u0165 na <strong>potvrdenie term\u00ednu zo strany kni\u017enice<\/strong>.<\/h3>\n<p style=\"text-align: justify;\">V pr\u00edpade \u010fal\u0161\u00edch ot\u00e1zok n\u00e1s m\u00f4\u017eete kontaktova\u0165 e-mailom <strong><a href=\"mailto:pckurzy@krajskakniznicazilina.sk\">pckurzy@krajskakniznicazilina.sk<\/a><\/strong> alebo na tel.\u010d. 041\/ 764 56 22<\/p>\n<p style=\"text-align: justify;\"> <div id=\"form_id334174440936\" class=\"wpbc_container wpbc_form wpbc_container_booking_form \" ><form id=\"booking_form1\" class=\"booking_form vertical\" method=\"post\" action=\"\"><div id=\"ajax_respond_insert1\" class=\"ajax_respond_insert\" style=\"display:none;\"><\/div><a name=\"bklnk1\" id=\"bklnk1\"><\/a><div id=\"booking_form_div1\" class=\"booking_form_div\"><style type=\"text\/css\">.wpbc_container_booking_form .block_hints, .wpbc_booking_form_simple.wpbc_form_center .wpbc__form__div .wpbc__row.wpbc_r_calendar, .wpbc_booking_form_simple .wpbc__form__div .wpbc__row:not(.wpbc_r_calendar){max-width:440px;} <\/style>\n<div class=\"wpbc_booking_form_simple \">\n<div class=\"wpbc__row\">\n  <div class=\"wpbc__field\">\n    <div class=\"wpbc_calendar_wraper wpbc_change_over_triangle\"><style type=\"text\/css\" rel=\"stylesheet\" >.hasDatepick .datepick-inline .datepick-title-row th,.hasDatepick .datepick-inline .datepick-days-cell,.hasDatepick .datepick-inline .wpbc-cell-box{ max-height: 50px; }<\/style><div class=\"wpbc_cal_container bk_calendar_frame months_num_in_row_1 cal_month_num_1\" style=\"width:100%;max-width:100%;\"><div id=\"calendar_booking1\"  class=\"wpbc_calendar_id_1\" >\t<div class=\"calendar_loader_frame calendar_loader_frame1\"\r\n\t\tdata-wpbc-rid=\"1\"\r\n\t\tdata-wpbc-grace=\"8000\"\r\n\t\tstyle=\"--wpbc-loader-cols: 1;\"\r\n\t>\r\n\t\t<div class=\"calendar_loader_text\">Loading...<\/div>\r\n\t\t<div class=\"calendar_loader_frame__progress_line_container\">\r\n\t\t\t<div class=\"calendar_loader_frame__progress_line\"><\/div>\r\n\t\t<\/div>\r\n\t<\/div>\r\n\t<\/div><\/div><textarea id=\"date_booking1\" name=\"date_booking1\" autocomplete=\"off\" style=\"display:none;\"><\/textarea><div class=\"block_hints datepick \"><div class=\"wpdev_hint_with_text\"><div class=\"\"><div class=\"datepick-inline wpbc_calendar_legend_table_width_height\"><table class=\"datepick wpbc_calendar\" style=\"\"><tbody><tr><td class=\"datepick-days-cell date_available wpbc_calendar_legend_day_cell_height\"><div class=\"wpbc-cell-box\">\t<div class=\"date-cell-content\">\t\t<div class=\"date-content-top\"><\/div>\t\t<a>30<\/a>\t\t<div class=\"date-content-bottom\"><\/div>\t<\/div><\/div><\/td><\/tr><\/tbody><\/table><\/div><\/div><div class=\"block_text\">- <\/div><div class=\"block_text\">Vo\u013en\u00e9<\/div><\/div><div class=\"wpdev_hint_with_text\"><div class=\"\"><div class=\"datepick-inline wpbc_calendar_legend_table_width_height\"><table class=\"datepick wpbc_calendar\" style=\"\"><tbody><tr><td class=\"datepick-days-cell datepick-unselectable date_user_unavailable full_day_booking date_approved wpbc_calendar_legend_day_cell_height\"><div class=\"wpbc-cell-box\">\t<div class=\"date-cell-content\">\t\t<div class=\"date-content-top\"><\/div>\t\t<span>30<\/span>\t\t<div class=\"date-content-bottom\"><\/div>\t<\/div><\/div><\/td><\/tr><\/tbody><\/table><\/div><\/div><div class=\"block_text\">- <\/div><div class=\"block_text\">Obsaden\u00e9<\/div><\/div><div class=\"wpdev_hint_with_text\"><div class=\"\"><div class=\"datepick-inline wpbc_calendar_legend_table_width_height\"><table class=\"datepick wpbc_calendar\" style=\"\"><tbody><tr><td class=\"datepick-days-cell datepick-unselectable date_user_unavailable wpbc_calendar_legend_day_cell_height\"><div class=\"wpbc-cell-box\">\t<div class=\"date-cell-content\">\t\t<div class=\"date-content-top\"><\/div>\t\t<span>30<\/span>\t\t<div class=\"date-content-bottom\"><\/div>\t<\/div><\/div><\/td><\/tr><\/tbody><\/table><\/div><\/div><div class=\"block_text\">- <\/div><div class=\"block_text\">Nedostupn\u00e9<\/div><\/div><\/div><\/div>\n  <\/div>\n  <div class=\"wpbc__field\">\n<div class=\"wpbc__form__div\">\n\t\t\t<div class=\"wpbc__row\">\n\t\t\t\t<div class=\"wpbc_r_rangetime wpbc__field\"> <label>Dostupn\u00e9 \u010dasy*<\/label><br><span class=\"wpbc_wrap_select wpdev-form-control-wrap rangetime1\"><select onchange=\"javascript:if(typeof( wpbc_show_cost_hints_after_few_seconds )=='function'){wpbc_show_cost_hints_after_few_seconds(1);}\" name=\"rangetime1\" autocomplete=\"rangetime\" class=\"wpdev-validates-as-required\"><option value=\"10:00 - 11:00\">10:00 - 11:00<\/option><option value=\"11:00 - 12:00\">11:00 - 12:00<\/option><option value=\"12:00 - 13:00\">12:00 - 13:00<\/option><option value=\"13:00 - 14:00\">13:00 - 14:00<\/option><option value=\"14:00 - 15:00\">14:00 - 15:00<\/option><\/select><\/span> <\/div>\n\t\t\t<\/div>\n\t\t\t<div class=\"wpbc__row\">\n\t\t\t\t<div class=\"wpbc_r_name wpbc__field\"> <label>Meno*<\/label><br><span class=\"wpbc_wrap_text wpdev-form-control-wrap name1\"><input type=\"text\" name=\"name1\" value=\"\" autocomplete=\"name\" class=\"wpdev-validates-as-required\" size=\"40\" \/><\/span> <\/div>\n\t\t\t<\/div>\n\t\t\t<div class=\"wpbc__row\">\n\t\t\t\t<div class=\"wpbc_r_secondname wpbc__field\"> <label>Priezvisko*<\/label><br><span class=\"wpbc_wrap_text wpdev-form-control-wrap secondname1\"><input type=\"text\" name=\"secondname1\" value=\"\" autocomplete=\"secondname\" class=\"wpdev-validates-as-required\" size=\"40\" \/><\/span> <\/div>\n\t\t\t<\/div>\n\t\t\t<div class=\"wpbc__row\">\n\t\t\t\t<div class=\"wpbc_r_email wpbc__field\"> <label>E-mail*<\/label><br><span class=\"wpbc_wrap_text wpdev-form-control-wrap email1\"><input type=\"email\" name=\"email1\" value=\"\" autocomplete=\"email\" class=\"wpdev-validates-as-email wpdev-validates-as-required\" size=\"40\" \/><\/span> <\/div>\n\t\t\t<\/div>\n\t\t\t<div class=\"wpbc__row\">\n\t\t\t\t<div class=\"wpbc_r_phone wpbc__field\"> <label>Tel. \u010d\u00edslo*<\/label><br><span class=\"wpbc_wrap_text wpdev-form-control-wrap phone1\"><input type=\"text\" name=\"phone1\" value=\"\" autocomplete=\"phone\" class=\"wpdev-validates-as-required\" size=\"40\" \/><\/span> <\/div>\n\t\t\t<\/div>\n\t\t\t<div class=\"wpbc__row\">\n\t\t\t\t<div class=\"wpbc_r_vbersmartlabsluby wpbc__field\"> <label>V\u00fdber SmartLab slu\u017eby*<\/label><br><span class=\"wpbc_wrap_select wpdev-form-control-wrap vbersmartlabsluby1\"><select onchange=\"javascript:if(typeof( wpbc_show_cost_hints_after_few_seconds )=='function'){wpbc_show_cost_hints_after_few_seconds(1);}\" name=\"vbersmartlabsluby1\" autocomplete=\"vbersmartlabsluby\" class=\"wpdev-validates-as-required\"><option value=\"3D tla\u010d\">3D tla\u010d<\/option><option value=\"Lis na odznaky\">Lis na odznaky<\/option><option value=\"Potla\u010d \u0161\u00e1lky\">Potla\u010d \u0161\u00e1lky<\/option><option value=\"Potla\u010d tri\u010dka\">Potla\u010d tri\u010dka<\/option><option value=\"Pyrografia\/Vypa\u013eovanie do dreva\">Pyrografia\/Vypa\u013eovanie do dreva<\/option><option value=\"Vy\u0161\u00edvac\u00ed stroj\">Vy\u0161\u00edvac\u00ed stroj<\/option><option value=\"\u0160ijac\u00ed stroj\">\u0160ijac\u00ed stroj<\/option><option value=\"Overlock\">Overlock<\/option><\/select><\/span> <\/div>\n\t\t\t<\/div>\n\t\t\t<div class=\"wpbc__row\">\n\t\t\t\t<div class=\"wpbc_r_details wpbc__field\"> <label>Pozn\u00e1mka \/ \u0161peci\u00e1lne po\u017eiadavky<\/label><br><span class=\"wpbc_wrap_textarea wpdev-form-control-wrap details1\"><textarea name=\"details1\" autocomplete=\"details\"><\/textarea><\/span> <\/div>\n\t\t\t<\/div>\n\t\t\t<div class=\"wpbc__row\">\n\t\t\t\t<div class=\"wpbc_r_vbersluby wpbc__field\"><span class=\"wpbc_wrap_checkbox wpdev-form-control-wrap vbersluby1\"><span autocomplete=\"vbersluby\" class=\"wpdev-validates-as-required wpdev-checkbox\"><span class=\"wpdev-list-item\"><input  autocomplete=\"vbersluby\" class=\"wpdev-validates-as-required wpdev-checkbox\" id=\"checkboxid177752362201564\"  onchange=\"javascript:if(typeof( wpbc_show_cost_hints_after_few_seconds )=='function'){wpbc_show_cost_hints_after_few_seconds(1);}\"  type=\"checkbox\"  name=\"vbersluby1[]\"  value=\"S\u00fahlas\u00edm s podmienkami vyu\u017e\u00edvania slu\u017eieb.\" \/><label for=\"checkboxid177752362201564\"  class=\"wpdev-list-item-label\">S\u00fahlas\u00edm s podmienkami vyu\u017e\u00edvania slu\u017eieb.<\/label><\/span><\/span><\/span> <\/div>\n\t\t\t<\/div>\n\t\t\t<div class=\"wpbc__row\">\n\t\t\t\t<div class=\"wpbc_r_submit wpbc__field\"><input type=\"button\" value=\"Odosla\u0165\" class=\"wpbc_button_light  btn btn\" onclick=\"wpbc_booking_form_submit(this.form,1, 'sk_SK');\" \/> <\/div>\n\t\t\t<\/div>\n<\/div>\n\t<\/div>\n\t<\/div>\n<\/div><input id=\"bk_type1\" name=\"bk_type1\" class=\"\" type=\"hidden\" value=\"1\" \/><\/div><div id=\"submiting1\"><\/div><div class=\"form_bk_messages\" id=\"form_bk_messages1\" ><\/div><input type=\"hidden\" id=\"wpbc_nonceCALCULATE_THE_COST1\" name=\"wpbc_nonceCALCULATE_THE_COST1\" value=\"8d54eb0765\" \/><input type=\"hidden\" name=\"_wp_http_referer\" value=\"\/index.php\/wp-json\/wp\/v2\/pages\/15236\" \/><\/form><\/div><div id=\"booking_form_garbage1\" class=\"booking_form_garbage\"><\/div> <\/p>\n","protected":false},"excerpt":{"rendered":"<p>Slu\u017eby s\u00fa spoplatnen\u00e9 pod\u013ea aktu\u00e1lneho cenn\u00edka slu\u017eieb SmartLab. Je potrebn\u00e9 po\u010dka\u0165 na potvrdenie term\u00ednu zo strany kni\u017enice. V pr\u00edpade \u010fal\u0161\u00edch ot\u00e1zok n\u00e1s m\u00f4\u017eete kontaktova\u0165 e-mailom pckurzy@krajskakniznicazilina.sk alebo na tel.\u010d. 041\/ 764 56 22<\/p>\n","protected":false},"author":1,"featured_media":0,"parent":11643,"menu_order":0,"comment_status":"closed","ping_status":"closed","template":"","meta":{"footnotes":""},"class_list":["post-15236","page","type-page","status-publish"],"_links":{"self":[{"href":"https:\/\/www.krajskakniznicazilina.sk\/index.php\/wp-json\/wp\/v2\/pages\/15236","targetHints":{"allow":["GET"]}}],"collection":[{"href":"https:\/\/www.krajskakniznicazilina.sk\/index.php\/wp-json\/wp\/v2\/pages"}],"about":[{"href":"https:\/\/www.krajskakniznicazilina.sk\/index.php\/wp-json\/wp\/v2\/types\/page"}],"author":[{"embeddable":true,"href":"https:\/\/www.krajskakniznicazilina.sk\/index.php\/wp-json\/wp\/v2\/users\/1"}],"replies":[{"embeddable":true,"href":"https:\/\/www.krajskakniznicazilina.sk\/index.php\/wp-json\/wp\/v2\/comments?post=15236"}],"version-history":[{"count":9,"href":"https:\/\/www.krajskakniznicazilina.sk\/index.php\/wp-json\/wp\/v2\/pages\/15236\/revisions"}],"predecessor-version":[{"id":15845,"href":"https:\/\/www.krajskakniznicazilina.sk\/index.php\/wp-json\/wp\/v2\/pages\/15236\/revisions\/15845"}],"up":[{"embeddable":true,"href":"https:\/\/www.krajskakniznicazilina.sk\/index.php\/wp-json\/wp\/v2\/pages\/11643"}],"wp:attachment":[{"href":"https:\/\/www.krajskakniznicazilina.sk\/index.php\/wp-json\/wp\/v2\/media?parent=15236"}],"curies":[{"name":"wp","href":"https:\/\/api.w.org\/{rel}","templated":true}]}}