{"id":15442,"date":"2025-07-03T12:30:53","date_gmt":"2025-07-03T10:30:53","guid":{"rendered":"https:\/\/www.krajskakniznicazilina.sk\/?page_id=15442"},"modified":"2025-08-08T13:08:33","modified_gmt":"2025-08-08T11:08:33","slug":"smartlab-podujatia-pre-skoly","status":"publish","type":"page","link":"https:\/\/www.krajskakniznicazilina.sk\/index.php\/podujatia\/smartlab-podujatia-pre-skoly\/","title":{"rendered":"SmartLab podujatia pre \u0161koly"},"content":{"rendered":"<p style=\"text-align: justify;\"><strong><a href=\"https:\/\/www.krajskakniznicazilina.sk\/menu\/podu\/smartlab\/Ponukov%C3%BD%20list%20SmartLab%20%C5%A1koly.pdf\">Ponukov\u00fd list podujat\u00ed SmartLab \u017dilina pre z\u00e1kladn\u00e9 a stredn\u00e9 \u0161koly<\/a> na \u0161kolsk\u00fd rok 2025\/2026<\/strong><\/p>\n<p style=\"text-align: justify;\"><a href=\"https:\/\/smartlab.cvtisr.sk\/\"><img decoding=\"async\" class=\"alignright size-medium\" src=\"https:\/\/www.krajskakniznicazilina.sk\/menu\/okniz\/part\/smartlab.png\" alt=\"logo\" width=\"35%\" height=\"35%\" \/><\/a>Z\u00e1bavn\u00e9 aktivity zameran\u00e9 na rozvoj kreativity, zlep\u0161ovanie motorick\u00fdch zru\u010dnost\u00ed, populariz\u00e1ciu vedy a techniky, zvy\u0161ovanie z\u00e1ujmu det\u00ed o programovanie, robotiku a AI. Sna\u017e\u00edme sa podporova\u0165 tvorivos\u0165 det\u00ed a ich samostatnos\u0165. Zameriavame sa na rozvoj schopnost\u00ed a kompetenci\u00ed nevyhnutn\u00fdch pre \u00faspe\u0161n\u00e9 uplatnenie sa v dynamicky meniacom sa technologickom a digit\u00e1lnom svete.<\/p>\n<p style=\"text-align: justify;\"><strong>Cena<\/strong><\/p>\n<ul>\n<li style=\"text-align: justify;\">za podujatia SmartLabu s\u00fa spoplatnen\u00e9 sumou <strong>1\u20ac\/\u017eiak<\/strong><\/li>\n<li>poplatok za materi\u00e1l k Pyrografii\/vypa\u013eovanie dreva <strong>+ 1,50 \u20ac<\/strong><\/li>\n<\/ul>\n<p style=\"text-align: justify;\"><strong>Ako sa prihl\u00e1si\u0165<\/strong> na podujatie? Podujatia treba vopred nahl\u00e1si\u0165 na e-mailov\u00fa adresu: <strong><a href=\"mailto:podujatia@krajskakniznicazilina.sk\">podujatia@krajskakniznicazilina.sk<\/a> <\/strong>alebo telefonicky na \u010d\u00edsle <strong>041\/ 723 30 90<\/strong>.<\/p>\n<p style=\"text-align: justify;\"><strong>\u010co<\/strong> <strong>od V\u00e1s<\/strong> <strong>potrebujeme<\/strong>?<\/p>\n<ul style=\"text-align: justify;\">\n<li>n\u00e1zov \u0161koly<\/li>\n<li>kontakt na zodpovedn\u00e9ho pedag\u00f3ga (e-mail a tel. \u010d\u00edslo)<\/li>\n<li>po\u010det \u0161tudentov<\/li>\n<li>vek \u0161tudentov<\/li>\n<\/ul>\n<p style=\"text-align: justify;\"><strong>Po\u010det \u00fa\u010dastn\u00edkov na v\u0161etky podujatia SmartLabu je obmedzen\u00fd<\/strong>, po dohode mo\u017eno skupinu rozdeli\u0165.<\/p>\n<hr \/>\n<p style=\"text-align: justify;\"><strong>3D modelovanie<\/strong><br \/>\nPodujatie je ur\u010den\u00e9 v\u0161etk\u00fdm, ktor\u00ed chc\u00fa nahliadnu\u0165 do sveta 3D technol\u00f3gi\u00ed. \u017diaci sa zozn\u00e1mia so z\u00e1kladmi 3D modelovania v jednoduchom programe Tinkercad, ktor\u00fd je ide\u00e1lny pre za\u010diato\u010dn\u00edkov. Maj\u00fa mo\u017enos\u0165 si vytvori\u0165 aj vlastn\u00fd model, ktor\u00fd bude mo\u017en\u00e9 vytla\u010di\u0165 na 3D tla\u010diarni. Aktivita rozv\u00edja priestorov\u00fa predstavivos\u0165, kreativitu a digit\u00e1lne zru\u010dnosti d\u00f4le\u017eit\u00e9 pre bud\u00facnos\u0165.<br \/>\nMaxim\u00e1lny po\u010det je <strong>15 \u00fa\u010dastn\u00edkov<\/strong>.<br \/>\nCie\u013eov\u00e1 skupina: <strong>5. &#8211; 9. ro\u010dn\u00edk Z\u0160, S\u0160<\/strong><\/p>\n<p style=\"text-align: justify;\"><strong>Hrav\u00e9 programovanie \u2013 micro:bit<br \/>\n<\/strong>Prostredn\u00edctvom zariadenia BBC micro:bit hravou formou vysvetl\u00edme z\u00e1klady blokov\u00e9ho programovania. Povieme si, ako sa so zariaden\u00edm pracuje, ak\u00e9 s\u00fa jeho z\u00e1kladn\u00e9 funkcie a vyu\u017eitie, a po kr\u00e1tkej in\u0161trukt\u00e1\u017ei bud\u00fa \u017eiaci vedie\u0165 do micro:bitu naprogramova\u0165 z\u00e1kladn\u00e9 pr\u00edkazy a\u00a0tak za\u017eij\u00fa rados\u0165 zo svojho \u00faspe\u0161ne funguj\u00faceho programu.<br \/>\nMaxim\u00e1lny po\u010det je<strong><strong>15 \u00fa\u010dastn\u00edkov<\/strong>.<br \/>\n<\/strong>Cie\u013eov\u00e1 skupina:<strong><strong> 4. &#8211; 6. ro\u010dn\u00edk Z\u0160<\/strong><\/strong><\/p>\n<p style=\"text-align: justify;\"><strong>Objavte p\u00f4vab pyrografie<\/strong><br \/>\nPyrografia je ob\u013e\u00faben\u00e1 umeleck\u00e1 technika na zdobenie dreva pomocou \u0161peci\u00e1lneho pr\u00edstroja na vypa\u013eovanie. Pom\u00e1ha rozv\u00edja\u0165 kreativitu, jemn\u00fa motoriku a koncentr\u00e1ciu. \u017diaci si m\u00f4\u017eu vytvori\u0165 nie\u010do origin\u00e1lne a z\u00e1rove\u0148 sa u\u010dia trpezlivosti.<br \/>\nMaxim\u00e1lny po\u010det je <strong>15 \u00fa\u010dastn\u00edkov<\/strong>.<br \/>\nCie\u013eov\u00e1 skupina: <strong>5. &#8211; 9. ro\u010dn\u00edk Z\u0160, S\u0160<\/strong><\/p>\n<p style=\"text-align: justify;\"><strong>Ozobot Evo<\/strong><br \/>\nMal\u00fd robot, ktor\u00fd pom\u00e1ha rozv\u00edja\u0165 kreativitu a logick\u00e9 myslenie. Pomocou fixiek deti kreslia cestu a v\u010faka jednoduch\u00fdm pr\u00edkazom sa \u017eiaci u\u010dia z\u00e1klady programovania.<br \/>\nMaxim\u00e1lny po\u010det je <strong>12 \u00fa\u010dastn\u00edkov<\/strong>.<br \/>\nCie\u013eov\u00e1 skupina: <strong>2. &#8211; 6. ro\u010dn\u00edk Z\u0160<\/strong><\/p>\n<p style=\"text-align: justify;\"><strong>Tvorba anim\u00e1ci\u00ed<\/strong><br \/>\nPodujatie, ktor\u00e9 sp\u00e1ja v\u00fdtvarn\u00fa v\u00fdchovu a informatiku. \u017diaci si najprv nakreslia svoju vlastn\u00fa vymyslen\u00fa postavu a cez program Animated Drawings jej vd\u00fdchnu \u017eivot.<br \/>\nMaxim\u00e1lny po\u010det je <strong>15 \u00fa\u010dastn\u00edkov<\/strong>.<br \/>\nCie\u013eov\u00e1 skupina: <strong>2. &#8211; 4. ro\u010dn\u00edk Z\u0160<\/strong><\/p>\n<p style=\"text-align: justify;\"><strong>S LEGOM trochu inak<\/strong><br \/>\nNa workshope s LEGOm sa deti nau\u010dia programova\u0165 v softv\u00e9ri Scratch. Tvorbou robotov na dia\u013ekov\u00e9 ovl\u00e1danie si \u00fa\u010dastn\u00edci osvoja z\u00e1kladn\u00e9 technick\u00e9 zru\u010dnosti a z\u00edskaj\u00fa nov\u00fd poh\u013ead na svet robotiky.<br \/>\nMaxim\u00e1lny po\u010det je <strong>10 \u00fa\u010dastn\u00edkov<\/strong>.<br \/>\nCie\u013eov\u00e1 skupina: <strong>4. &#8211; 9. ro\u010dn\u00edk Z\u0160, S\u0160<\/strong><\/p>\n","protected":false},"excerpt":{"rendered":"<p>Ponukov\u00fd list podujat\u00ed SmartLab \u017dilina pre z\u00e1kladn\u00e9 a stredn\u00e9 \u0161koly na \u0161kolsk\u00fd rok 2025\/2026 Z\u00e1bavn\u00e9 aktivity zameran\u00e9 na rozvoj kreativity, zlep\u0161ovanie motorick\u00fdch zru\u010dnost\u00ed, populariz\u00e1ciu vedy a techniky, zvy\u0161ovanie z\u00e1ujmu det\u00ed o programovanie, robotiku a AI. Sna\u017e\u00edme sa podporova\u0165 tvorivos\u0165 det\u00ed a ich samostatnos\u0165. Zameriavame sa na rozvoj schopnost\u00ed a kompetenci\u00ed nevyhnutn\u00fdch pre \u00faspe\u0161n\u00e9 uplatnenie sa &#8230; <a title=\"SmartLab podujatia pre \u0161koly\" class=\"read-more\" href=\"https:\/\/www.krajskakniznicazilina.sk\/index.php\/podujatia\/smartlab-podujatia-pre-skoly\/\" aria-label=\"Pre\u010d\u00edtajte si viac o SmartLab podujatia pre \u0161koly\">\u010c\u00edta\u0165 viac<\/a><\/p>\n","protected":false},"author":1,"featured_media":0,"parent":49,"menu_order":0,"comment_status":"closed","ping_status":"closed","template":"","meta":{"footnotes":""},"class_list":["post-15442","page","type-page","status-publish"],"_links":{"self":[{"href":"https:\/\/www.krajskakniznicazilina.sk\/index.php\/wp-json\/wp\/v2\/pages\/15442","targetHints":{"allow":["GET"]}}],"collection":[{"href":"https:\/\/www.krajskakniznicazilina.sk\/index.php\/wp-json\/wp\/v2\/pages"}],"about":[{"href":"https:\/\/www.krajskakniznicazilina.sk\/index.php\/wp-json\/wp\/v2\/types\/page"}],"author":[{"embeddable":true,"href":"https:\/\/www.krajskakniznicazilina.sk\/index.php\/wp-json\/wp\/v2\/users\/1"}],"replies":[{"embeddable":true,"href":"https:\/\/www.krajskakniznicazilina.sk\/index.php\/wp-json\/wp\/v2\/comments?post=15442"}],"version-history":[{"count":16,"href":"https:\/\/www.krajskakniznicazilina.sk\/index.php\/wp-json\/wp\/v2\/pages\/15442\/revisions"}],"predecessor-version":[{"id":15610,"href":"https:\/\/www.krajskakniznicazilina.sk\/index.php\/wp-json\/wp\/v2\/pages\/15442\/revisions\/15610"}],"up":[{"embeddable":true,"href":"https:\/\/www.krajskakniznicazilina.sk\/index.php\/wp-json\/wp\/v2\/pages\/49"}],"wp:attachment":[{"href":"https:\/\/www.krajskakniznicazilina.sk\/index.php\/wp-json\/wp\/v2\/media?parent=15442"}],"curies":[{"name":"wp","href":"https:\/\/api.w.org\/{rel}","templated":true}]}}