{"id":15476,"date":"2025-07-30T11:59:49","date_gmt":"2025-07-30T09:59:49","guid":{"rendered":"https:\/\/www.krajskakniznicazilina.sk\/?page_id=15476"},"modified":"2025-08-22T07:31:36","modified_gmt":"2025-08-22T05:31:36","slug":"cennik-smartlab","status":"publish","type":"page","link":"https:\/\/www.krajskakniznicazilina.sk\/index.php\/sluzby\/makerspace\/cennik-smartlab\/","title":{"rendered":"Cenn\u00edk SmartLab"},"content":{"rendered":"<h2 style=\"text-align: justify;\"><strong>Ponuka pre verejnos\u0165<\/strong><\/h2>\n<p><a href=\"https:\/\/www.krajskakniznicazilina.sk\/index.php\/sluzby\/makerspace\/\"><strong>Pravidl\u00e1 SmartLabu<\/strong><\/a><\/p>\n<table border=\"0\">\n<tbody>\n<tr>\n<td><a href=\"https:\/\/www.krajskakniznicazilina.sk\/index.php\/sluzby\/makerspace\/3d-tlac\/\"><strong>3D tla\u010d<\/strong><\/a><\/td>\n<td>0,50\u20ac \/ ka\u017ed\u00e1 za\u010dat\u00e1 polhodina tla\u010de<\/td>\n<\/tr>\n<tr>\n<td style=\"background-color: #fffcf3;\"><strong><a href=\"https:\/\/www.krajskakniznicazilina.sk\/index.php\/sluzby\/makerspace\/pyrograficke-stanice\/\">Pyrografia<\/a> <\/strong>(vypa\u013eovanie do dreva)<\/td>\n<td style=\"background-color: #fffcf3;\" width=\"50%\">2,00\u20ac \/ hodina (vlastn\u00fd materi\u00e1l)<br \/>\n+ 1,50\u20ac \/ materi\u00e1l poskytnut\u00fd kni\u017enicou<\/td>\n<\/tr>\n<tr>\n<td><a href=\"https:\/\/www.krajskakniznicazilina.sk\/index.php\/sluzby\/makerspace\/lis-na-odznaky\/\"><strong>Lis na odznaky<\/strong><\/a><\/td>\n<td>0,50\u20ac \/ 1 odznak (priemer odznaku 32mm \/ 37 mm)<br \/>\n1,00\u20ac \/ 1 pr\u00edvesok na k\u013e\u00fa\u010de alebo 1 magnetka<\/td>\n<\/tr>\n<tr>\n<td style=\"background-color: #fffcf3;\"><strong>Potla\u010d \u0161\u00e1lky\u00a0<\/strong>(<a href=\"https:\/\/www.krajskakniznicazilina.sk\/index.php\/sluzby\/makerspace\/sublimacna-tlaciaren\/\">sublima\u010dn\u00e1 tla\u010d<\/a>)<\/td>\n<td style=\"background-color: #fffcf3;\">5,00\u20ac \/ potla\u010d (vr\u00e1tane \u0161\u00e1lky)<\/td>\n<\/tr>\n<tr>\n<td><a href=\"https:\/\/www.krajskakniznicazilina.sk\/index.php\/sluzby\/makerspace\/vysivaci-stroj\/\"><strong>Vy\u0161\u00edvac\u00ed stroj<\/strong><\/a><\/td>\n<td>0,50 \u20ac \/ ka\u017ed\u00e9 za\u010dat\u00e9 dve min\u00faty vy\u0161\u00edvacieho procesu (uv\u00e1dzacia cena)<br \/>\n+ 0,50 \u20ac za podkladov\u00fd materi\u00e1l<\/td>\n<\/tr>\n<tr>\n<td style=\"background-color: #fffcf3;\"><a href=\"https:\/\/www.krajskakniznicazilina.sk\/index.php\/sluzby\/makerspace\/sijacie-stroje\/\"><strong>\u0160ijac\u00ed stroj \/ Overlock<\/strong><\/a><\/td>\n<td style=\"background-color: #fffcf3;\">0,50\u20ac \/ ka\u017ed\u00e1 za\u010dat\u00e1 polhodina pr\u00e1ce<\/td>\n<\/tr>\n<tr>\n<td rowspan=\"4\" width=\"50%\"><strong>Potla\u010d tri\u010dka<\/strong> (<a href=\"https:\/\/www.krajskakniznicazilina.sk\/index.php\/sluzby\/makerspace\/sublimacna-tlaciaren\/\">sublima\u010dn\u00e1 tla\u010d<\/a>* \/ <a href=\"https:\/\/www.krajskakniznicazilina.sk\/index.php\/sluzby\/makerspace\/rezaci-plotter\/\">rezac\u00ed plotter<\/a>**)<\/td>\n<td>5\u20ac = potla\u010d vlastn\u00e9ho tri\u010dka<br \/>\n*tri\u010dko mus\u00ed by\u0165 vhodn\u00e9 na sublima\u010dn\u00fa potla\u010d<br \/>\n**tri\u010dko mus\u00ed by\u0165 bavlnen\u00e9<\/td>\n<\/tr>\n<tr>\n<td>8\u20ac = potla\u010d + tri\u010dko detsk\u00e9 (do ve\u013ekosti 146)<\/td>\n<\/tr>\n<tr>\n<td>10\u20ac = potla\u010d + tri\u010dko biele (dospel\u00fd)<\/td>\n<\/tr>\n<tr>\n<td>12\u20ac = potla\u010d + tri\u010dko farebn\u00e9 (dospel\u00fd)<\/td>\n<\/tr>\n<\/tbody>\n<\/table>\n<h2><strong>Workshopy<\/strong><\/h2>\n<p style=\"text-align: justify;\">Inform\u00e1cie o term\u00ednoch a prihl\u00e1senie na jednotliv\u00e9 workshopy n\u00e1jdete <a href=\"https:\/\/www.krajskakniznicazilina.sk\/\">webstr\u00e1nke kni\u017enice<\/a>. V pr\u00edpade \u010fal\u0161\u00edch ot\u00e1zok n\u00e1s m\u00f4\u017eete kontaktova\u0165 e-mailom <strong><a href=\"mailto:pckurzy@krajskakniznicazilina.sk\">pckurzy@krajskakniznicazilina.sk<\/a><\/strong> alebo na tel.\u010d. 041\/ 764 56 22<\/p>\n<p style=\"text-align: justify;\"><strong>3D modelovanie a 3D tla\u010d<\/strong><br \/>\nPodujatie pon\u00faka, po za\u010diato\u010dnom vysvetlen\u00ed z\u00e1kladn\u00fdch mo\u017enost\u00ed modelovania v 3D priestore v programe pre za\u010diato\u010dn\u00edkov Tinkercad, mo\u017enos\u0165 vytvori\u0165 si aj vlastn\u00fd projekt a necha\u0165 si ho vytla\u010di\u0165 na 3D tla\u010diarni.<br \/>\nCena za podujatie <strong>3\u20ac<\/strong><br \/>\nVekov\u00e9 odpor\u00fa\u010danie: od 15 rokov<\/p>\n<p style=\"text-align: justify;\"><strong>Pyrografick\u00e1 stanica<\/strong><br \/>\nVypa\u013eovanie do dreva alebo pyrografia je popul\u00e1rna umeleck\u00e1 technika, pomocou ktorej m\u00f4\u017eu kni\u017enice realizova\u0165 zauj\u00edmav\u00e9 workshopy a podporova\u0165 tak u svojich pou\u017e\u00edvate\u013eov kreativitu, jemn\u00fa motoriku, koncentr\u00e1ciu \u010di povedomie o pr\u00e1ci s r\u00f4znymi materi\u00e1lmi. Okrem dreva je mo\u017en\u00e9 pou\u017ei\u0165 ko\u017eu, papier a niektor\u00e9 plasty.<br \/>\n<strong>2\u20ac<\/strong> &#8211; ka\u017ed\u00e1 za\u010dat\u00e1 hodina (vlastn\u00fd materi\u00e1l) <strong>+ 1,50\u20ac<\/strong> (materi\u00e1l z ponuky kni\u017enice)<br \/>\nVekov\u00e9 odpor\u00fa\u010danie: od 9 rokov v sprievode dospelej osoby; samostatne od 12 rokov<\/p>\n<p style=\"text-align: justify;\"><strong>Z\u00e1klady pr\u00e1ce na \u0161ijacom stroji<\/strong><br \/>\nViete, \u010do dok\u00e1\u017ee \u0161ijac\u00ed stroj? V Krajskej kni\u017enici v \u017diline si spolo\u010dne uk\u00e1\u017eeme pr\u00e1cu na \u0161ijacom stroji tak, aby ste mohli aj doma \u0161i\u0165 bez stresu. Predvedieme v\u00e1m z\u00e1kladn\u00e9 nastavenia, obsluhu a mo\u017enosti strojov\u00e9ho \u0161itia. Nau\u010d\u00edme v\u00e1s \u0161i\u0165 nami vybran\u00fd produkt. T\u00e9ma stretnutia nie je v\u017edy rovnak\u00e1.<br \/>\nCena za podujatie<strong> 3\u20ac <\/strong>\/ jednorazov\u00fd kurz \u0161itia<br \/>\nVekov\u00e9 odpor\u00fa\u010danie: od 15 rokov<\/p>\n<p style=\"text-align: justify;\"><strong>Klub Hrav\u00e9ho programovania<\/strong><br \/>\nPodujatie je vhodn\u00e9 pre deti vo veku od 9 do 12 rokov v sprievode dospelej osoby. Na klubov\u00fdch stretnutiach sa budeme pravidelne stret\u00e1va\u0165 dvakr\u00e1t do mesiaca. Poplatok za klub hrav\u00e9ho programovania je <strong>20\u20ac<\/strong>\/ september-janu\u00e1r.<\/p>\n","protected":false},"excerpt":{"rendered":"<p>Ponuka pre verejnos\u0165 Pravidl\u00e1 SmartLabu 3D tla\u010d 0,50\u20ac \/ ka\u017ed\u00e1 za\u010dat\u00e1 polhodina tla\u010de Pyrografia (vypa\u013eovanie do dreva) 2,00\u20ac \/ hodina (vlastn\u00fd materi\u00e1l) + 1,50\u20ac \/ materi\u00e1l poskytnut\u00fd kni\u017enicou Lis na odznaky 0,50\u20ac \/ 1 odznak (priemer odznaku 32mm \/ 37 mm) 1,00\u20ac \/ 1 pr\u00edvesok na k\u013e\u00fa\u010de alebo 1 magnetka Potla\u010d \u0161\u00e1lky\u00a0(sublima\u010dn\u00e1 tla\u010d) 5,00\u20ac \/ &#8230; <a title=\"Cenn\u00edk SmartLab\" class=\"read-more\" href=\"https:\/\/www.krajskakniznicazilina.sk\/index.php\/sluzby\/makerspace\/cennik-smartlab\/\" aria-label=\"Pre\u010d\u00edtajte si viac o Cenn\u00edk SmartLab\">\u010c\u00edta\u0165 viac<\/a><\/p>\n","protected":false},"author":1,"featured_media":0,"parent":11643,"menu_order":0,"comment_status":"closed","ping_status":"closed","template":"","meta":{"footnotes":""},"class_list":["post-15476","page","type-page","status-publish"],"_links":{"self":[{"href":"https:\/\/www.krajskakniznicazilina.sk\/index.php\/wp-json\/wp\/v2\/pages\/15476","targetHints":{"allow":["GET"]}}],"collection":[{"href":"https:\/\/www.krajskakniznicazilina.sk\/index.php\/wp-json\/wp\/v2\/pages"}],"about":[{"href":"https:\/\/www.krajskakniznicazilina.sk\/index.php\/wp-json\/wp\/v2\/types\/page"}],"author":[{"embeddable":true,"href":"https:\/\/www.krajskakniznicazilina.sk\/index.php\/wp-json\/wp\/v2\/users\/1"}],"replies":[{"embeddable":true,"href":"https:\/\/www.krajskakniznicazilina.sk\/index.php\/wp-json\/wp\/v2\/comments?post=15476"}],"version-history":[{"count":52,"href":"https:\/\/www.krajskakniznicazilina.sk\/index.php\/wp-json\/wp\/v2\/pages\/15476\/revisions"}],"predecessor-version":[{"id":15718,"href":"https:\/\/www.krajskakniznicazilina.sk\/index.php\/wp-json\/wp\/v2\/pages\/15476\/revisions\/15718"}],"up":[{"embeddable":true,"href":"https:\/\/www.krajskakniznicazilina.sk\/index.php\/wp-json\/wp\/v2\/pages\/11643"}],"wp:attachment":[{"href":"https:\/\/www.krajskakniznicazilina.sk\/index.php\/wp-json\/wp\/v2\/media?parent=15476"}],"curies":[{"name":"wp","href":"https:\/\/api.w.org\/{rel}","templated":true}]}}