{"id":15721,"date":"2025-08-22T08:06:17","date_gmt":"2025-08-22T06:06:17","guid":{"rendered":"https:\/\/www.krajskakniznicazilina.sk\/?page_id=15721"},"modified":"2025-09-08T10:13:16","modified_gmt":"2025-09-08T08:13:16","slug":"dualne-vzdelavanie","status":"publish","type":"page","link":"https:\/\/www.krajskakniznicazilina.sk\/index.php\/o-kniznici\/dualne-vzdelavanie\/","title":{"rendered":"Du\u00e1lne vzdel\u00e1vanie"},"content":{"rendered":"<p style=\"text-align: justify;\">\u201e<em>\u0160tuduj u n\u00e1s v du\u00e1lnom vzdel\u00e1van\u00ed a z\u00edskaj\u00a0 sk\u00fasenosti pre tvoju bud\u00facu pr\u00e1cu!<\/em>\u201c Pon\u00fakame mo\u017enos\u0165 zapoji\u0165 sa do <strong>du\u00e1lneho vzdel\u00e1vania priamo v na\u0161ej kni\u017enici<\/strong>. \u0160tudenti tak z\u00edskaj\u00fa nielen vedomosti zo \u0161koly, ale aj cenn\u00e9 sk\u00fasenosti z praxe v prostred\u00ed, kde knihy, inform\u00e1cie a\u00a0modern\u00e9 technol\u00f3gie, tvoriv\u00e9 \u010dinnos\u0165 a\u00a0vzdel\u00e1vanie tvoria ka\u017edodenn\u00fd \u017eivot.<\/p>\n<p style=\"text-align: justify;\"><strong>Pre\u010do sa zapoji\u0165?<\/strong><\/p>\n<ul style=\"text-align: justify;\">\n<li>nau\u010d\u00ed\u0161 sa vyh\u013ead\u00e1va\u0165 d\u00f4le\u017eit\u00e9 inform\u00e1cie, pracova\u0165 s\u00a0knihami a\u00a0elektronick\u00fdmi informa\u010dn\u00fdmi zdrojmi<\/li>\n<li>z\u00edska\u0161 sk\u00fasenosti s\u00a0kni\u017eni\u010dno-informa\u010dn\u00fdmi syst\u00e9mami a\u00a0digit\u00e1lnymi slu\u017ebami<\/li>\n<li>zdokonal\u00ed\u0161 sa v\u00a0komunik\u00e1cii a\u00a0m\u00f4\u017ee\u0161 pom\u00e1ha\u0165 in\u00fdm<\/li>\n<li>stane\u0161 sa s\u00fa\u010das\u0165ou SmartLabu \u2013 inteligentn\u00e9ho laborat\u00f3ria<\/li>\n<li>priprav\u00ed\u0161 sa pre svoje bud\u00face povolanie<\/li>\n<\/ul>\n<p style=\"text-align: justify;\"><strong>Ako to funguje?<\/strong><\/p>\n<ol style=\"text-align: justify;\">\n<li>Prihl\u00e1si\u0161 sa na du\u00e1lne vzdel\u00e1vanie u n\u00e1s.<\/li>\n<li>Popri \u0161kole absolvuje\u0161 prax v kni\u017enici.<\/li>\n<li>Spoj\u00ed\u0161 te\u00f3riu s pr\u00e1cou v re\u00e1lnom prostred\u00ed.<\/li>\n<li>Zabezpe\u010d si\u00a0 n\u00e1skok pred ostatn\u00fdmi \u2013 z\u00edskaj sk\u00fasenosti a prax<\/li>\n<\/ol>\n<p style=\"text-align: justify;\"><strong>Pre koho je program ur\u010den\u00fd?<\/strong><\/p>\n<ul style=\"text-align: justify;\">\n<li>Pre \u0161tudentov, ktor\u00ed maj\u00fa radi knihy, pr\u00e1cu s\u00a0\u013eu\u010fmi, s\u00fa tvoriv\u00ed a zauj\u00edmaj\u00fa sa o kult\u00faru a\u00a0vzdel\u00e1vanie a\u00a0neboja sa na sebe pracova\u0165.<\/li>\n<li>Pre v\u0161etk\u00fdch, ktor\u00ed chc\u00fa svoje \u0161t\u00fadium doplni\u0165 o re\u00e1lne sk\u00fasenosti.<\/li>\n<\/ul>\n<p style=\"text-align: justify;\"><strong>M\u00e1\u0161 z\u00e1ujem?<\/strong><br \/>\nNev\u00e1haj n\u00e1s kontaktova\u0165 a dozvie\u0161 sa viac (<a href=\"mailto:kniznica@krajskakniznicazilina.sk\">kniznica@krajskakniznicazilina.sk<\/a>)<\/p>\n","protected":false},"excerpt":{"rendered":"<p>\u201e\u0160tuduj u n\u00e1s v du\u00e1lnom vzdel\u00e1van\u00ed a z\u00edskaj\u00a0 sk\u00fasenosti pre tvoju bud\u00facu pr\u00e1cu!\u201c Pon\u00fakame mo\u017enos\u0165 zapoji\u0165 sa do du\u00e1lneho vzdel\u00e1vania priamo v na\u0161ej kni\u017enici. \u0160tudenti tak z\u00edskaj\u00fa nielen vedomosti zo \u0161koly, ale aj cenn\u00e9 sk\u00fasenosti z praxe v prostred\u00ed, kde knihy, inform\u00e1cie a\u00a0modern\u00e9 technol\u00f3gie, tvoriv\u00e9 \u010dinnos\u0165 a\u00a0vzdel\u00e1vanie tvoria ka\u017edodenn\u00fd \u017eivot. Pre\u010do sa zapoji\u0165? nau\u010d\u00ed\u0161 sa &#8230; <a title=\"Du\u00e1lne vzdel\u00e1vanie\" class=\"read-more\" href=\"https:\/\/www.krajskakniznicazilina.sk\/index.php\/o-kniznici\/dualne-vzdelavanie\/\" aria-label=\"Pre\u010d\u00edtajte si viac o Du\u00e1lne vzdel\u00e1vanie\">\u010c\u00edta\u0165 viac<\/a><\/p>\n","protected":false},"author":1,"featured_media":0,"parent":7,"menu_order":0,"comment_status":"closed","ping_status":"closed","template":"","meta":{"footnotes":""},"class_list":["post-15721","page","type-page","status-publish"],"_links":{"self":[{"href":"https:\/\/www.krajskakniznicazilina.sk\/index.php\/wp-json\/wp\/v2\/pages\/15721","targetHints":{"allow":["GET"]}}],"collection":[{"href":"https:\/\/www.krajskakniznicazilina.sk\/index.php\/wp-json\/wp\/v2\/pages"}],"about":[{"href":"https:\/\/www.krajskakniznicazilina.sk\/index.php\/wp-json\/wp\/v2\/types\/page"}],"author":[{"embeddable":true,"href":"https:\/\/www.krajskakniznicazilina.sk\/index.php\/wp-json\/wp\/v2\/users\/1"}],"replies":[{"embeddable":true,"href":"https:\/\/www.krajskakniznicazilina.sk\/index.php\/wp-json\/wp\/v2\/comments?post=15721"}],"version-history":[{"count":3,"href":"https:\/\/www.krajskakniznicazilina.sk\/index.php\/wp-json\/wp\/v2\/pages\/15721\/revisions"}],"predecessor-version":[{"id":15839,"href":"https:\/\/www.krajskakniznicazilina.sk\/index.php\/wp-json\/wp\/v2\/pages\/15721\/revisions\/15839"}],"up":[{"embeddable":true,"href":"https:\/\/www.krajskakniznicazilina.sk\/index.php\/wp-json\/wp\/v2\/pages\/7"}],"wp:attachment":[{"href":"https:\/\/www.krajskakniznicazilina.sk\/index.php\/wp-json\/wp\/v2\/media?parent=15721"}],"curies":[{"name":"wp","href":"https:\/\/api.w.org\/{rel}","templated":true}]}}