{"id":15736,"date":"2025-08-22T13:33:55","date_gmt":"2025-08-22T11:33:55","guid":{"rendered":"https:\/\/www.krajskakniznicazilina.sk\/?page_id=15736"},"modified":"2025-08-28T09:03:32","modified_gmt":"2025-08-28T07:03:32","slug":"smartlab-price-list","status":"publish","type":"page","link":"https:\/\/www.krajskakniznicazilina.sk\/index.php\/makerspace-eng\/smartlab-price-list\/","title":{"rendered":"SmartLab Price List"},"content":{"rendered":"<h2 style=\"text-align: justify;\"><strong>Offers for the public<\/strong><\/h2>\n<p style=\"text-align: justify;\"><a href=\"https:\/\/www.krajskakniznicazilina.sk\/index.php\/makerspace-eng\/\"><strong>SmartLab Rules<\/strong><\/a><\/p>\n<table>\n<tbody>\n<tr>\n<td><a href=\"https:\/\/www.krajskakniznicazilina.sk\/index.php\/makerspace-eng\/3d-printing\/\"><strong>3D printing<\/strong><\/a><\/td>\n<td>0,50\u20ac \/ each started half hour<\/td>\n<\/tr>\n<tr>\n<td><a href=\"https:\/\/www.krajskakniznicazilina.sk\/index.php\/makerspace-eng\/pyrography-stations\/\"><strong>Pyrography <\/strong><\/a>(wood burning)<\/td>\n<td>2,00\u20ac \/ hour (own material)<\/p>\n<p>+ 1,50\u20ac \/ library material<\/td>\n<\/tr>\n<tr>\n<td><a href=\"https:\/\/www.krajskakniznicazilina.sk\/index.php\/makerspace-eng\/3d-printing\/\"><strong>Button Press<\/strong><\/a><\/td>\n<td>0,50\u20ac \/ 1 button (32mm \/ 37 mm)<\/p>\n<p>1,00\u20ac \/ 1 keyring or 1 magnet<\/td>\n<\/tr>\n<tr>\n<td><strong>Printed cups <\/strong>(<a href=\"https:\/\/www.krajskakniznicazilina.sk\/index.php\/makerspace-eng\/sublimation-printer\/\">Sublimation Printer<\/a>)<\/td>\n<td>5,00\u20ac \/ print (cup included)<\/td>\n<\/tr>\n<tr>\n<td><a href=\"https:\/\/www.krajskakniznicazilina.sk\/index.php\/makerspace-eng\/embroidery-machine\/\"><strong>Embroidery Machine<\/strong><\/a><\/td>\n<td>0,50 \u20ac \/ each started two minutes (introductory price)<\/p>\n<p>+ 0,50 \u20ac for base material<\/td>\n<\/tr>\n<tr>\n<td><a href=\"https:\/\/www.krajskakniznicazilina.sk\/index.php\/makerspace-eng\/sewing-machines-eng\/\"><strong>Sewing Machine\/Overlock<\/strong><\/a><\/td>\n<td>0,50\u20ac \/ each started half hour<\/td>\n<\/tr>\n<tr>\n<td rowspan=\"4\"><strong>T-shirt Print<\/strong> (<a href=\"https:\/\/www.krajskakniznicazilina.sk\/index.php\/makerspace-eng\/sublimation-printer\/\"><strong>Sublimation Printer<\/strong><\/a>*, <a href=\"https:\/\/www.krajskakniznicazilina.sk\/index.php\/makerspace-eng\/vinyl-cutter\/\"><strong>Vinyl Cutter<\/strong><\/a>**)<\/td>\n<td>5\u20ac = print of own T-shirt<\/p>\n<p>*T-shirt has to be suitable for sublimation print<\/p>\n<p>**T-shirt has to be made from cotton<\/td>\n<\/tr>\n<tr>\n<td>8\u20ac = print + children\u2019s T-shirt (up to size 146)<\/td>\n<\/tr>\n<tr>\n<td>10\u20ac = print+ white T-shirt (adult)<\/td>\n<\/tr>\n<tr>\n<td>12\u20ac = print + colored T-shirt (adult)<\/td>\n<\/tr>\n<\/tbody>\n<\/table>\n<h2 style=\"text-align: justify;\"><strong>Workshops<\/strong><\/h2>\n<p style=\"text-align: justify;\">You can find information about dates and signing up for workshops on <a href=\"https:\/\/www.krajskakniznicazilina.sk\/\">the library&#8217;s web site<\/a>. If you have any questions, do not hesitate to contact us at <strong>pckurzy@krajskakniznicazilina.sk<\/strong>, or call 041\/ 764 56 22.<\/p>\n<p style=\"text-align: justify;\"><strong>3D modeling and 3D print<br \/>\n<\/strong>During this workshop, participants are explained the basics of 3D modeling in Tinkercad, can create their own project, and print it on the 3D printer.<br \/>\nPrice for the workshop <strong>3\u20ac<br \/>\n<\/strong>Age: 15+<\/p>\n<p style=\"text-align: justify;\"><strong>Pyrografick\u00e1 stanica<br \/>\n<\/strong>Wood burning or pyrography is a popular art technique. Pyrography workshops support creativity, fine motor skills, concentration, and\u00a0 awareness of working with different materials. Besides wood, leather, paper and some plastic can be used as well.<br \/>\n<strong>2\u20ac for every started hour <\/strong>(user\u2019s own material) <strong>+ 1,50\u20ac for the library materials<\/strong><br \/>\nAge: 9+ with an adult; 12+ on their own<\/p>\n<p style=\"text-align: justify;\"><strong>Sewing basics<br \/>\n<\/strong>Do you know what a sewing machine can do? We will explore machine sewing work that you will be able to implement at home without stress. We will show you the basic settings, operation, and possibilities. We will teach you how to sew a product chosen by us. The topic of the meeting is not always the same.<br \/>\nPrice for one workshop &#8211;<strong> 3\u20ac<\/strong><br \/>\nAge: 15+<\/p>\n<p style=\"text-align: justify;\"><strong>Klub Hrav\u00e9ho programovania (Playful Programming Club)<br \/>\n<\/strong>Workshop for children (9-12) accompanied by an adult. The club meets twice a month. The price for one semester (September-January) is 20 \u20ac.<\/p>\n<p style=\"text-align: justify;\">\n","protected":false},"excerpt":{"rendered":"<p>Offers for the public SmartLab Rules 3D printing 0,50\u20ac \/ each started half hour Pyrography (wood burning) 2,00\u20ac \/ hour (own material) + 1,50\u20ac \/ library material Button Press 0,50\u20ac \/ 1 button (32mm \/ 37 mm) 1,00\u20ac \/ 1 keyring or 1 magnet Printed cups (Sublimation Printer) 5,00\u20ac \/ print (cup included) Embroidery Machine &#8230; <a title=\"SmartLab Price List\" class=\"read-more\" href=\"https:\/\/www.krajskakniznicazilina.sk\/index.php\/makerspace-eng\/smartlab-price-list\/\" aria-label=\"Pre\u010d\u00edtajte si viac o SmartLab Price List\">\u010c\u00edta\u0165 viac<\/a><\/p>\n","protected":false},"author":1,"featured_media":0,"parent":13355,"menu_order":0,"comment_status":"closed","ping_status":"closed","template":"","meta":{"footnotes":""},"class_list":["post-15736","page","type-page","status-publish"],"_links":{"self":[{"href":"https:\/\/www.krajskakniznicazilina.sk\/index.php\/wp-json\/wp\/v2\/pages\/15736","targetHints":{"allow":["GET"]}}],"collection":[{"href":"https:\/\/www.krajskakniznicazilina.sk\/index.php\/wp-json\/wp\/v2\/pages"}],"about":[{"href":"https:\/\/www.krajskakniznicazilina.sk\/index.php\/wp-json\/wp\/v2\/types\/page"}],"author":[{"embeddable":true,"href":"https:\/\/www.krajskakniznicazilina.sk\/index.php\/wp-json\/wp\/v2\/users\/1"}],"replies":[{"embeddable":true,"href":"https:\/\/www.krajskakniznicazilina.sk\/index.php\/wp-json\/wp\/v2\/comments?post=15736"}],"version-history":[{"count":4,"href":"https:\/\/www.krajskakniznicazilina.sk\/index.php\/wp-json\/wp\/v2\/pages\/15736\/revisions"}],"predecessor-version":[{"id":15789,"href":"https:\/\/www.krajskakniznicazilina.sk\/index.php\/wp-json\/wp\/v2\/pages\/15736\/revisions\/15789"}],"up":[{"embeddable":true,"href":"https:\/\/www.krajskakniznicazilina.sk\/index.php\/wp-json\/wp\/v2\/pages\/13355"}],"wp:attachment":[{"href":"https:\/\/www.krajskakniznicazilina.sk\/index.php\/wp-json\/wp\/v2\/media?parent=15736"}],"curies":[{"name":"wp","href":"https:\/\/api.w.org\/{rel}","templated":true}]}}