{"id":15974,"date":"2025-10-06T10:24:36","date_gmt":"2025-10-06T08:24:36","guid":{"rendered":"https:\/\/www.krajskakniznicazilina.sk\/?page_id=15974"},"modified":"2026-03-25T10:11:27","modified_gmt":"2026-03-25T09:11:27","slug":"prenajom-miestnosti","status":"publish","type":"page","link":"https:\/\/www.krajskakniznicazilina.sk\/index.php\/sluzby\/prenajom-miestnosti\/","title":{"rendered":"Pren\u00e1jom miestnost\u00ed"},"content":{"rendered":"<p style=\"text-align: justify;\">Kni\u017enica prenaj\u00edma priestory na komer\u010dn\u00e9 a vzdel\u00e1vacie aktivity, pracovn\u00e9 a komunitn\u00e9 stretnutia. Nepovo\u013euje realiz\u00e1ciu podujat\u00ed, ktor\u00e9 nie s\u00fa v s\u00falade so v\u0161eobecn\u00fdm prospechom, podporuj\u00fa neoveren\u00e9 lie\u010dite\u013esk\u00e9 praktiky a s\u00fa sporn\u00e9 z h\u013eadiska etick\u00e9ho, mor\u00e1lneho a spolo\u010densk\u00e9ho.<\/p>\n<p style=\"text-align: justify;\"><strong>Pren\u00e1jom priestorov je mo\u017en\u00fd po\u010das otv\u00e1rac\u00edch hod\u00edn kni\u017enice.<\/strong> Na z\u00e1klade s\u00fahlasu riadite\u013eky kni\u017enice je mo\u017en\u00e9 vyu\u017eitie pren\u00e1jmu aj mimo uvedenej doby.<\/p>\n<p style=\"text-align: justify;\">N\u00e1jomca preber\u00e1 zodpovednos\u0165 za v\u0161etky \u0161kody sp\u00f4soben\u00e9 na vybaven\u00ed kni\u017enice a pou\u017e\u00edvanom technickom vybaven\u00ed. Je povinn\u00fd prenajat\u00fd priestor odovzda\u0165 v takom stave, v akom ho prevzal.<\/p>\n<p style=\"text-align: justify;\">Vybran\u00e9\u00a0<strong>priestory<\/strong>\u00a0m\u00f4\u017eu by\u0165 z\u00e1ujemcom\u00a0<strong>prenajat\u00e9 po potvrden\u00ed<\/strong>\u00a0ich dostupnosti na z\u00e1klade\u00a0<strong>vopred<\/strong>\u00a0vystavenej\u00a0<strong>objedn\u00e1vky a jej akceptovan\u00ed Krajskou kni\u017enicou v \u017diline ako poskytovate\u013eom.<\/strong><\/p>\n<p style=\"text-align: justify;\"><strong>V\u00a0pr\u00edpade z\u00e1ujmu si m\u00f4\u017eete dohodn\u00fa\u0165 obhliadku priestorov na tel. \u010d\u00edsle:\u00a0<\/strong><strong>041\/ 723 30 90<\/strong><\/p>\n<p style=\"text-align: justify;\">Kni\u017enica nevy\u017eaduje platbu za pren\u00e1jom v pr\u00edpade organizovania podujatia pre \u0161irok\u00fa \u010ditate\u013esk\u00fa verejnos\u0165, so v\u0161eobecn\u00fdm prospechom a bez komer\u010dn\u00e9ho cie\u013ea. V tom pr\u00edpade je uveden\u00e1 ako spoluorganiz\u00e1tor podujatia.<\/p>\n<p style=\"text-align: justify;\">Za \u00fa\u010delom pren\u00e1jmu kni\u017enica poskytuje \u0161tyri priestory, ktor\u00fdch vybavenie si m\u00f4\u017ee organiz\u00e1tor prisp\u00f4sobi\u0165 svojim potreb\u00e1m:<\/p>\n<h3 style=\"text-align: justify;\"><strong>Spolo\u010densk\u00e1 miestnos\u0165<\/strong><\/h3>\n<p style=\"text-align: justify;\"><strong>Kapacita:<\/strong> 40 miest<br \/>\n<strong>Technick\u00e9 vybavenie: <\/strong>ozvu\u010denie, wifi, dataprojektor, interakt\u00edvna tabu\u013ea<br \/>\n<strong>Cena za pren\u00e1jom:<\/strong> 25,00 \u20ac\/hod<\/p>\n<p><a href=\"https:\/\/www.krajskakniznicazilina.sk\/menu\/sluz\/miestnosti\/spolo%C4%8Densk%C3%A1%20(1).jpg\"><img decoding=\"async\" class=\"alignnone size-medium\" src=\"https:\/\/www.krajskakniznicazilina.sk\/menu\/sluz\/miestnosti\/spolo%C4%8Densk%C3%A1%20(1).jpg\" alt=\"fotografia\" width=\"48%\" height=\"48%\" \/><\/a> \u00a0<a href=\"https:\/\/www.krajskakniznicazilina.sk\/menu\/sluz\/miestnosti\/spolo%C4%8Densk%C3%A1%20(2).jpg\"><img decoding=\"async\" class=\"alignnone size-medium\" src=\"https:\/\/www.krajskakniznicazilina.sk\/menu\/sluz\/miestnosti\/spolo%C4%8Densk%C3%A1%20(2).jpg\" alt=\"fotografia\" width=\"48%\" height=\"48%\" \/><\/a><\/p>\n<h3 style=\"text-align: justify;\"><strong>Rozpr\u00e1vkov\u00e1 miestnos\u0165<\/strong><\/h3>\n<p style=\"text-align: justify;\"><strong>Kapacita:<\/strong> 25 miest<br \/>\n<strong>Technick\u00e9 vybavenie:<\/strong> javisko<br \/>\n<strong>Cena za pren\u00e1jom:<\/strong> 20,00 \u20ac\/hod<\/p>\n<p><a href=\"https:\/\/www.krajskakniznicazilina.sk\/menu\/sluz\/miestnosti\/rozpr%C3%A1vkov%C3%A1%20(1).jpg\"><img decoding=\"async\" class=\"alignnone size-medium\" src=\"https:\/\/www.krajskakniznicazilina.sk\/menu\/sluz\/miestnosti\/rozpr%C3%A1vkov%C3%A1%20(1).jpg\" alt=\"fotografia\" width=\"48%\" height=\"48%\" \/><\/a>\u00a0 <a href=\"https:\/\/www.krajskakniznicazilina.sk\/menu\/sluz\/miestnosti\/rozpr%C3%A1vkov%C3%A1%20(2).jpg\"><img decoding=\"async\" class=\"alignnone size-medium\" src=\"https:\/\/www.krajskakniznicazilina.sk\/menu\/sluz\/miestnosti\/rozpr%C3%A1vkov%C3%A1%20(2).jpg\" alt=\"fotografia\" width=\"48%\" height=\"48%\" \/><\/a><\/p>\n<h3 style=\"text-align: justify;\"><strong>Spolo\u010densk\u00e1 + <\/strong><strong>Rozpr\u00e1vkov\u00e1 <\/strong><strong>miestnos\u0165\u00a0<\/strong>(mo\u017enos\u0165 prepoji\u0165 2 miestnosti otvoren\u00edm posuvnej steny)<\/h3>\n<p style=\"text-align: justify;\"><strong>Kapacita:<\/strong> 65 miest<br \/>\n<strong>Technick\u00e9 vybavenie: <\/strong>ozvu\u010denie, wifi, dataprojektor, interakt\u00edvna tabu\u013ea<br \/>\n<strong>Cena za pren\u00e1jom:<\/strong> 35,00 \u20ac\/hod<\/p>\n<h3 style=\"text-align: justify;\"><strong>Klubov\u0148a<\/strong><\/h3>\n<p style=\"text-align: justify;\"><strong>Kapacita:<\/strong> 20 miest<br \/>\n<strong>Technick\u00e9 vybavenie:<\/strong> dataprojektor, notebook<br \/>\n<strong>Cena za pren\u00e1jom:<\/strong> 20,00 \u20ac\/hod<\/p>\n<p><a href=\"https:\/\/www.krajskakniznicazilina.sk\/menu\/sluz\/miestnosti\/klubov%C5%88a%20(1).jpg\"><img decoding=\"async\" class=\"size-medium alignnone\" src=\"https:\/\/www.krajskakniznicazilina.sk\/menu\/sluz\/miestnosti\/klubov%C5%88a%20(1).jpg\" alt=\"fotografia\" width=\"48%\" height=\"48%\" \/><\/a> \u00a0<a href=\"https:\/\/www.krajskakniznicazilina.sk\/menu\/sluz\/miestnosti\/klubov%C5%88a%20(2).jpg\"><img decoding=\"async\" class=\"alignnone\" src=\"https:\/\/www.krajskakniznicazilina.sk\/menu\/sluz\/miestnosti\/klubov%C5%88a%20(2).jpg\" alt=\"fotografia\" width=\"20%\" height=\"20%\" \/><\/a><\/p>\n<h3 style=\"text-align: justify;\"><strong>V\u00fdstavn\u00fd priestor<\/strong><\/h3>\n<p style=\"text-align: justify;\"><strong>Vybavenie:<\/strong> z\u00e1vesn\u00fd syst\u00e9m, v\u00fdstavn\u00e9 panely (priesvitn\u00e9 plexisklo panely 18 ks; dreven\u00e9 stojany 8 ks)<br \/>\n<strong>Cena za pren\u00e1jom:<\/strong> 10,00 \u20ac\/mesiac<\/p>\n<p><a href=\"https:\/\/www.krajskakniznicazilina.sk\/menu\/sluz\/miestnosti\/v%C3%BDstavy.jpg\"><img decoding=\"async\" class=\"alignnone size-medium\" src=\"https:\/\/www.krajskakniznicazilina.sk\/menu\/sluz\/miestnosti\/v%C3%BDstavy.jpg\" alt=\"fotografia\" width=\"48%\" height=\"48%\" \/><\/a><\/p>\n<h3 style=\"text-align: justify;\"><strong>Vstupn\u00fd otvoren\u00fd priestor (pr\u00edzemie) <\/strong><\/h3>\n<p><strong>Technick\u00e9 vybavenie:<\/strong> wifi, mo\u017enos\u0165 doplnenia zariadenia (prenosn\u00fd TV panel, stoly, stoli\u010dky)<br \/>\n<strong>Plocha na pren\u00e1jom<\/strong>: 25 m\u00b2<br \/>\n<strong>Cena za pren\u00e1jom:<\/strong> 15 \u20ac\/hod<br \/>\n<strong>\u0160pecifik\u00e1cia priestoru<\/strong>: priestor v prev\u00e1dzke kni\u017enice, hluk vypl\u00fdvaj\u00faci z be\u017enej \u010dinnosti (komunik\u00e1cia s \u010ditate\u013eom, automatick\u00e9 otv\u00e1ranie a zatv\u00e1ranie vstupn\u00fdch dver\u00ed, pohyb n\u00e1v\u0161tevn\u00edkov ku kni\u017en\u00e9mu fondu, k v\u00fd\u0165ahu, do Liter\u00e1rneho parku, bl\u00edzkos\u0165 kaviarne).<\/p>\n<p><a href=\"https:\/\/www.krajskakniznicazilina.sk\/menu\/sluz\/miestnosti\/priestor.JPG\"><img decoding=\"async\" class=\"alignnone size-thumbnail\" src=\"https:\/\/www.krajskakniznicazilina.sk\/menu\/sluz\/miestnosti\/priestor.JPG\" alt=\"fotografie\" width=\"48%\" height=\"48%\" \/><\/a><\/p>\n<h3 style=\"text-align: justify;\"><strong>Poskytnutie vybavenia kuchynky<\/strong><\/h3>\n<p style=\"text-align: justify;\"><strong>Cena za poskytnutie:<\/strong> 5,00 \u20ac\/1 podujatie<\/p>\n<p style=\"text-align: justify;\"><strong>Po potvrden\u00ed vo\u013en\u00e9ho term\u00ednu Krajskou kni\u017enicou v \u017diline <\/strong>(elektronick\u00e1 objedn\u00e1vka formul\u00e1rom ni\u017e\u0161ie) bude poskytnut\u00e1 vybran\u00e1 miestnos\u0165. Po ukon\u010den\u00ed pren\u00e1jmu bude vystaven\u00e1 fakt\u00fara za pren\u00e1jom nebytov\u00fdch priestorov.<\/p>\n<p style=\"text-align: justify;\"><strong>Organiz\u00e1tor je povinn\u00fd:<\/strong><\/p>\n<ul style=\"text-align: justify;\">\n<li>re\u0161pektova\u0165 pokyny ur\u010denej zodpovednej osoby prenaj\u00edmate\u013ea,<\/li>\n<li>dodr\u017ea\u0165 dohodnut\u00fd \u010das pren\u00e1jmu,<\/li>\n<li>pr\u00edpadn\u00e9 premiestnenie zariadenia miestnosti, vr\u00e1tane sedacieho n\u00e1bytku, realizova\u0165 len so s\u00fahlasom a pod doh\u013eadom zodpovednej osoby prenaj\u00edmate\u013ea,<\/li>\n<li>manipul\u00e1ciu s v\u00fdpo\u010dtovou technikou a vybaven\u00edm realizova\u0165 len so s\u00fahlasom a pod doh\u013eadom zodpovednej osoby Krajskej kni\u017enice v \u017diline,<\/li>\n<li>uhradi\u0165 preuk\u00e1zate\u013en\u00e9 po\u0161kodenie vybavenia Krajskej kni\u017enici v \u017diline \u00fa\u010dastn\u00edkmi podujatia,<\/li>\n<li>platbu za pren\u00e1jom uhradi\u0165 len prevodom v lehote splatnosti na \u00fa\u010det Krajskej kni\u017enice v \u017diline v \u0160t\u00e1tnej pokladnici: <strong>IBAN SK20 8180 0000 0070 0048 1379<\/strong><\/li>\n<\/ul>\n<p style=\"text-align: justify;\">Podmienky platia s \u00fa\u010dinnos\u0165ou od 1. 9. 2025. Ceny za pren\u00e1jom priestorov s\u00fa uveden\u00e9 v <strong><a href=\"https:\/\/www.krajskakniznicazilina.sk\/index.php\/sluzby\/cennik\/\">aktu\u00e1lnom cenn\u00edku<\/a><\/strong>.<\/p>\n<h3 style=\"text-align: justify;\"><strong>Predbe\u017en\u00e1 objedn\u00e1vka na pren\u00e1jom miestnost\u00ed v Krajskej kni\u017enici v \u017diline<\/strong><\/h3>\n<p style=\"text-align: justify;\"><div class=\"wpforms-container wpforms-container-full\" id=\"wpforms-15993\"><form id=\"wpforms-form-15993\" class=\"wpforms-validate wpforms-form wpforms-ajax-form\" data-formid=\"15993\" method=\"post\" enctype=\"multipart\/form-data\" action=\"\/index.php\/wp-json\/wp\/v2\/pages\/15974\" data-token=\"69c9659ecaaf68957a7a1cfd8263b5cd\" data-token-time=\"1776439805\"><noscript class=\"wpforms-error-noscript\">Please enable JavaScript in your browser to complete this form.<\/noscript><div class=\"wpforms-field-container\"><div id=\"wpforms-15993-field_1-container\" class=\"wpforms-field wpforms-field-text\" data-field-id=\"1\"><label class=\"wpforms-field-label\" for=\"wpforms-15993-field_1\">N\u00e1zov objedn\u00e1vate\u013ea <span class=\"wpforms-required-label\">*<\/span><\/label><input type=\"text\" id=\"wpforms-15993-field_1\" class=\"wpforms-field-medium wpforms-field-required\" name=\"wpforms[fields][1]\" required><\/div><div id=\"wpforms-15993-field_5-container\" class=\"wpforms-field wpforms-field-text\" data-field-id=\"5\"><label class=\"wpforms-field-label\" for=\"wpforms-15993-field_5\">Adresa <span class=\"wpforms-required-label\">*<\/span><\/label><input type=\"text\" id=\"wpforms-15993-field_5\" class=\"wpforms-field-medium wpforms-field-required\" name=\"wpforms[fields][5]\" required><div class=\"wpforms-field-description\">(ulica, popisn\u00e9 \u010d\u00edslo, PS\u010c, mesto)<\/div><\/div><div id=\"wpforms-15993-field_6-container\" class=\"wpforms-field wpforms-field-text\" data-field-id=\"6\"><label class=\"wpforms-field-label\" for=\"wpforms-15993-field_6\">I\u010cO <span class=\"wpforms-required-label\">*<\/span><\/label><input type=\"text\" id=\"wpforms-15993-field_6\" class=\"wpforms-field-medium wpforms-field-required\" name=\"wpforms[fields][6]\" required><\/div><div id=\"wpforms-15993-field_7-container\" class=\"wpforms-field wpforms-field-text\" data-field-id=\"7\"><label class=\"wpforms-field-label\" for=\"wpforms-15993-field_7\">DI\u010c <span class=\"wpforms-required-label\">*<\/span><\/label><input type=\"text\" id=\"wpforms-15993-field_7\" class=\"wpforms-field-medium wpforms-field-required\" name=\"wpforms[fields][7]\" required><\/div><div id=\"wpforms-15993-field_9-container\" class=\"wpforms-field wpforms-field-checkbox\" data-field-id=\"9\"><label class=\"wpforms-field-label\">Miestnos\u0165 \/ slu\u017eba <span class=\"wpforms-required-label\">*<\/span><\/label><ul id=\"wpforms-15993-field_9\" class=\"wpforms-field-required\" data-choice-limit=\"6\"><li class=\"choice-1 depth-1\"><input type=\"checkbox\" id=\"wpforms-15993-field_9_1\" data-rule-check-limit=\"true\" name=\"wpforms[fields][9][]\" value=\"Spolo\u010densk\u00e1 miestnos\u0165\" required ><label class=\"wpforms-field-label-inline\" for=\"wpforms-15993-field_9_1\">Spolo\u010densk\u00e1 miestnos\u0165<\/label><\/li><li class=\"choice-2 depth-1\"><input type=\"checkbox\" id=\"wpforms-15993-field_9_2\" data-rule-check-limit=\"true\" name=\"wpforms[fields][9][]\" value=\"Rozpr\u00e1vkov\u00e1 miestnos\u0165\" required ><label class=\"wpforms-field-label-inline\" for=\"wpforms-15993-field_9_2\">Rozpr\u00e1vkov\u00e1 miestnos\u0165<\/label><\/li><li class=\"choice-3 depth-1\"><input type=\"checkbox\" id=\"wpforms-15993-field_9_3\" data-rule-check-limit=\"true\" name=\"wpforms[fields][9][]\" value=\"Spolo\u010densk\u00e1 + Rozpr\u00e1vkov\u00e1 miestnos\u0165\" required ><label class=\"wpforms-field-label-inline\" for=\"wpforms-15993-field_9_3\">Spolo\u010densk\u00e1 + Rozpr\u00e1vkov\u00e1 miestnos\u0165<\/label><\/li><li class=\"choice-4 depth-1\"><input type=\"checkbox\" id=\"wpforms-15993-field_9_4\" data-rule-check-limit=\"true\" name=\"wpforms[fields][9][]\" value=\"Klubov\u0148a\" required ><label class=\"wpforms-field-label-inline\" for=\"wpforms-15993-field_9_4\">Klubov\u0148a<\/label><\/li><li class=\"choice-5 depth-1\"><input type=\"checkbox\" id=\"wpforms-15993-field_9_5\" data-rule-check-limit=\"true\" name=\"wpforms[fields][9][]\" value=\"V\u00fdstavn\u00fd priestor\" required ><label class=\"wpforms-field-label-inline\" for=\"wpforms-15993-field_9_5\">V\u00fdstavn\u00fd priestor<\/label><\/li><li class=\"choice-6 depth-1\"><input type=\"checkbox\" id=\"wpforms-15993-field_9_6\" data-rule-check-limit=\"true\" name=\"wpforms[fields][9][]\" value=\"Poskytnutie vybavenia kuchynky\" required ><label class=\"wpforms-field-label-inline\" for=\"wpforms-15993-field_9_6\">Poskytnutie vybavenia kuchynky<\/label><\/li><\/ul><\/div><div id=\"wpforms-15993-field_17-container\" class=\"wpforms-field wpforms-field-text\" data-field-id=\"17\"><label class=\"wpforms-field-label\" for=\"wpforms-15993-field_17\">D\u00e1tum pren\u00e1jmu <span class=\"wpforms-required-label\">*<\/span><\/label><input type=\"text\" id=\"wpforms-15993-field_17\" class=\"wpforms-field-small wpforms-field-required\" name=\"wpforms[fields][17]\" placeholder=\"01.01.2026\" required><\/div><div id=\"wpforms-15993-field_18-container\" class=\"wpforms-field wpforms-field-text\" data-field-id=\"18\"><label class=\"wpforms-field-label\" for=\"wpforms-15993-field_18\">Hodina pren\u00e1jmu (od-do) <span class=\"wpforms-required-label\">*<\/span><\/label><input type=\"text\" id=\"wpforms-15993-field_18\" class=\"wpforms-field-small wpforms-field-required\" name=\"wpforms[fields][18]\" placeholder=\"16:00-18:00\" required><div class=\"wpforms-field-description\">Pren\u00e1jom priestorov je mo\u017en\u00fd len po\u010das otv\u00e1rac\u00edch hod\u00edn kni\u017enice.<\/div><\/div><div id=\"wpforms-15993-field_19-container\" class=\"wpforms-field wpforms-field-text\" data-field-id=\"19\"><label class=\"wpforms-field-label\" for=\"wpforms-15993-field_19\">N\u00e1zov akcie <span class=\"wpforms-required-label\">*<\/span><\/label><input type=\"text\" id=\"wpforms-15993-field_19\" class=\"wpforms-field-medium wpforms-field-required\" name=\"wpforms[fields][19]\" required><\/div><div id=\"wpforms-15993-field_20-container\" class=\"wpforms-field wpforms-field-textarea\" data-field-id=\"20\"><label class=\"wpforms-field-label\" for=\"wpforms-15993-field_20\">Popis akcie <span class=\"wpforms-required-label\">*<\/span><\/label><textarea id=\"wpforms-15993-field_20\" class=\"wpforms-field-medium wpforms-field-required\" name=\"wpforms[fields][20]\" required><\/textarea><\/div><div id=\"wpforms-15993-field_21-container\" class=\"wpforms-field wpforms-field-name\" data-field-id=\"21\"><label class=\"wpforms-field-label\" for=\"wpforms-15993-field_21\">Kontaktn\u00e1 osoba <span class=\"wpforms-required-label\">*<\/span><\/label><input type=\"text\" id=\"wpforms-15993-field_21\" class=\"wpforms-field-small wpforms-field-required\" name=\"wpforms[fields][21]\" required><\/div><div id=\"wpforms-15993-field_3-container\" class=\"wpforms-field wpforms-field-number\" data-field-id=\"3\"><label class=\"wpforms-field-label\" for=\"wpforms-15993-field_3\">Telef\u00f3n <span class=\"wpforms-required-label\">*<\/span><\/label><input type=\"number\" id=\"wpforms-15993-field_3\" class=\"wpforms-field-small wpforms-field-required\" name=\"wpforms[fields][3]\" step=\"any\" required><\/div><div id=\"wpforms-15993-field_4-container\" class=\"wpforms-field wpforms-field-email\" data-field-id=\"4\"><label class=\"wpforms-field-label\" for=\"wpforms-15993-field_4\">E-mail <span class=\"wpforms-required-label\">*<\/span><\/label><input type=\"email\" id=\"wpforms-15993-field_4\" class=\"wpforms-field-small wpforms-field-required\" name=\"wpforms[fields][4]\" spellcheck=\"false\" required><\/div><div id=\"wpforms-15993-field_22-container\" class=\"wpforms-field wpforms-field-name\" data-field-id=\"22\"><label class=\"wpforms-field-label\" for=\"wpforms-15993-field_22\">\u017diadanku odoslal <span class=\"wpforms-required-label\">*<\/span><\/label><input type=\"text\" id=\"wpforms-15993-field_22\" class=\"wpforms-field-small wpforms-field-required\" name=\"wpforms[fields][22]\" required><\/div><div id=\"wpforms-15993-field_23-container\" class=\"wpforms-field wpforms-field-textarea\" data-field-id=\"23\"><label class=\"wpforms-field-label\" for=\"wpforms-15993-field_23\">Pozn\u00e1mka<\/label><textarea id=\"wpforms-15993-field_23\" class=\"wpforms-field-medium\" name=\"wpforms[fields][23]\" ><\/textarea><\/div><div id=\"wpforms-15993-field_25-container\" class=\"wpforms-field wpforms-field-checkbox wpforms-list-inline\" data-field-id=\"25\"><label class=\"wpforms-field-label wpforms-label-hide\">Checkboxes <span class=\"wpforms-required-label\">*<\/span><\/label><ul id=\"wpforms-15993-field_25\" class=\"wpforms-field-required\"><li class=\"choice-1 depth-1\"><input type=\"checkbox\" id=\"wpforms-15993-field_25_1\" name=\"wpforms[fields][25][]\" value=\"S\u00fahlas\u00edm so spracovan\u00edm osobn\u00fdch \u00fadajov \" required ><label class=\"wpforms-field-label-inline\" for=\"wpforms-15993-field_25_1\">S\u00fahlas\u00edm so spracovan\u00edm osobn\u00fdch \u00fadajov <span class=\"wpforms-required-label\">*<\/span><\/label><\/li><\/ul><div class=\"wpforms-field-description wpforms-disclaimer-description\">Spracovanie osobn\u00fdch \u00fadajov je realizovan\u00e9 v s\u00falade s platn\u00fdmi legislat\u00edvnymi dokumentmi SR a E\u00da \u2013 Z\u00e1konom o ochrane osobn\u00fdch \u00fadajov \u010d.18\/2018 a Nariaden\u00edm Eur\u00f3pskeho parlamentu a Rady (E\u00da) 2016\/679.<br \/>\n<br \/>\nLegislat\u00edvnym r\u00e1mcom pre spracovanie osobn\u00fdch \u00fadajov pou\u017e\u00edvate\u013eov je Z\u00e1kon \u010d. 126\/2015 Z. z. o kni\u017eniciach, ktor\u00fd ur\u010duje rozsah spracovania osobn\u00fdch \u00fadajov. Podp\u00edsan\u00edm prihl\u00e1\u0161ky vznik\u00e1 medzi pou\u017e\u00edvate\u013eom a kni\u017enicou zmluvn\u00fd vz\u0165ah v zmysle z\u00e1kona \u010d. 40\/1964 Ob\u010diansky z\u00e1konn\u00edk.<br \/>\n<br \/>\nPovinn\u00e9 \u00fadaje pre registrovanie pou\u017e\u00edvate\u013ea s\u00fa: meno a priezvisko, trval\u00e9 bydlisko, d\u00e1tum narodenia, druh a \u010d\u00edslo osobn\u00e9ho dokladu (s v\u00fdnimkou malolet\u00fdch). Nepovinn\u00e9 \u00fadaje s\u00fa: titul, kontaktn\u00e1 adresa, email, telef\u00f3nne \u010d\u00edslo, dosiahnut\u00e9 vzdelanie. \u00dadaj pre poskytnutie z\u013eavy pri registr\u00e1cii: \u017eiak, \u0161tudent, V\u0160 \u0161tudent, nezamestnan\u00fd, \u017eena na materskej dovolenke, d\u00f4chodca, vojnov\u00fd veter\u00e1n, dr\u017eite\u013e preukazu Z\u0164P, invalidn\u00fd d\u00f4chodca, Univerzita 3.veku a i.<br \/>\n<br \/>\nPovinn\u00e9 \u00fadaje z\u00e1konn\u00e9ho z\u00e1stupcu s\u00fa spracov\u00e1van\u00e9 v obdobnom rozsahu a \u0161trukt\u00fare ako \u00fadaje pou\u017e\u00edvate\u013ea s v\u00fdnimkou d\u00e1tumu narodenia. Nepovinn\u00e9 \u00fadaje nemusia by\u0165 uveden\u00e9, sl\u00fa\u017eia najm\u00e4 na efekt\u00edvnej\u0161iu komunik\u00e1ciu s kni\u017enicou.<br \/>\n<br \/>\nPo skon\u010den\u00ed \u010dlenstva, vyrovnan\u00ed z\u00e1v\u00e4zkov vo\u010di kni\u017enici a po splnen\u00ed z\u00e1konom dan\u00e9ho \u00fa\u010delu \u0161tatistick\u00e9ho vykazovania s\u00fa osobn\u00e9 \u00fadaje v datab\u00e1ze zlikvidovan\u00e9 najnesk\u00f4r do 365 dn\u00ed od skon\u010denia \u010dlenstva, alebo i sk\u00f4r na z\u00e1klade p\u00edsomnej \u017eiadosti pou\u017e\u00edvate\u013ea. Likvid\u00e1cia sa uskuto\u010d\u0148uje :<br \/>\n<br \/>\nskartovan\u00edm prihl\u00e1\u0161ky a in\u00fdch fyzick\u00fdch dokumentov,<br \/>\nanonymiz\u00e1ciou osobn\u00fdch \u00fadajov v po\u010d\u00edta\u010dovej datab\u00e1ze; anonymizovan\u00e9 \u00fadaje s\u00fa \u010falej pou\u017e\u00edvan\u00e9 len pre \u0161tatistick\u00e9 \u00fa\u010dely bez v\u00e4zby na konkr\u00e9tneho pou\u017e\u00edvate\u013ea.<br \/>\nPou\u017e\u00edvate\u013e m\u00e1 pr\u00e1vo po\u017eiada\u0165 o v\u00fdpis svojich osobn\u00fdch \u00fadajov, ktor\u00e9 kni\u017enica spracov\u00e1va. V pr\u00edpade pochybnosti o spracovan\u00ed a uchov\u00e1van\u00ed svojich osobn\u00fdch \u00fadajov m\u00f4\u017ee po\u017eiada\u0165 o vysvetlenie, resp. n\u00e1pravu zisten\u00e9ho stavu (opravou, doplnen\u00edm, obmedzen\u00edm spracovania alebo likvid\u00e1ciou osobn\u00fdch \u00fadajov), a to osobne alebo p\u00edsomne na adresu kni\u017enice. V pr\u00edpade nulov\u00fdch podl\u017enost\u00ed vo\u010di kni\u017enici a na z\u00e1klade p\u00edsomn\u00e9ho po\u017eiadania kni\u017enica zlikviduje osobn\u00e9 \u00fadaje pou\u017e\u00edvate\u013ea ihne\u010f po schv\u00e1len\u00ed \u017eiadosti.<br \/>\n<br \/>\nInform\u00e1cie o svojich aktivit\u00e1ch rozposiela kni\u017enica len na z\u00e1klade s\u00fahlasu, ktor\u00fd je mo\u017en\u00e9 udeli\u0165, resp. odvola\u0165 osobne v kni\u017enici, telefonicky na \u010d\u00edsle 041\/723 30 90 alebo mailom na adrese<br \/>\nkniznica@krajskakniznicazilina.sk. Po\u010das vybran\u00fdch kult\u00farnych a vzdel\u00e1vac\u00edch podujat\u00ed kni\u017enica zhotovuje fotodokument\u00e1ciu na propaga\u010dn\u00e9 a arch\u00edvne \u00fa\u010dely. Pokia\u013e si \u00fa\u010dastn\u00edk podujatia nepraje by\u0165 zachyten\u00fd na dokument\u00e1ci\u00ed, ozn\u00e1mi t\u00fato skuto\u010dnos\u0165 knihovn\u00edkom pred za\u010diatkom podujatia.<br \/>\n<br \/>\nPr\u00edstup k osobn\u00fdm \u00fadajom maj\u00fa iba t\u00ed zamestnanci kni\u017enice, od ktor\u00fdch to vy\u017eaduje plnenie pracovn\u00fdch \u00faloh. O zisten\u00fdch \u00fadajoch s\u00fa povinn\u00ed zachov\u00e1va\u0165 ml\u010danlivos\u0165, a to aj po zaniknut\u00ed pracovn\u00e9ho pomeru.<\/div><\/div><\/div><!-- .wpforms-field-container --><div class=\"wpforms-recaptcha-container wpforms-is-recaptcha wpforms-is-recaptcha-type-invisible\" ><div class=\"g-recaptcha\" data-sitekey=\"6LcR54kgAAAAAO_LAUgLA2MJiyDDsYkvqNYcWKyF\" data-size=\"invisible\"><\/div><\/div><div class=\"wpforms-submit-container\" ><input type=\"hidden\" name=\"wpforms[id]\" value=\"15993\"><input type=\"hidden\" name=\"page_title\" value=\"\"><input type=\"hidden\" name=\"page_url\" value=\"https:\/\/www.krajskakniznicazilina.sk\/index.php\/wp-json\/wp\/v2\/pages\/15974\"><input type=\"hidden\" name=\"url_referer\" value=\"\"><button type=\"submit\" name=\"wpforms[submit]\" id=\"wpforms-submit-15993\" class=\"wpforms-submit\" data-alt-text=\"Odosiela sa...\" data-submit-text=\"Odosla\u0165\" aria-live=\"assertive\" value=\"wpforms-submit\">Odosla\u0165<\/button><img loading=\"lazy\" decoding=\"async\" src=\"https:\/\/www.krajskakniznicazilina.sk\/wp-content\/plugins\/wpforms-lite\/assets\/images\/submit-spin.svg\" class=\"wpforms-submit-spinner\" style=\"display: none;\" width=\"26\" height=\"26\" alt=\"Loading\"><\/div><\/form><\/div>  <!-- .wpforms-container --><\/p>\n","protected":false},"excerpt":{"rendered":"<p>Kni\u017enica prenaj\u00edma priestory na komer\u010dn\u00e9 a vzdel\u00e1vacie aktivity, pracovn\u00e9 a komunitn\u00e9 stretnutia. Nepovo\u013euje realiz\u00e1ciu podujat\u00ed, ktor\u00e9 nie s\u00fa v s\u00falade so v\u0161eobecn\u00fdm prospechom, podporuj\u00fa neoveren\u00e9 lie\u010dite\u013esk\u00e9 praktiky a s\u00fa sporn\u00e9 z h\u013eadiska etick\u00e9ho, mor\u00e1lneho a spolo\u010densk\u00e9ho. Pren\u00e1jom priestorov je mo\u017en\u00fd po\u010das otv\u00e1rac\u00edch hod\u00edn kni\u017enice. Na z\u00e1klade s\u00fahlasu riadite\u013eky kni\u017enice je mo\u017en\u00e9 vyu\u017eitie pren\u00e1jmu aj mimo &#8230; <a title=\"Pren\u00e1jom miestnost\u00ed\" class=\"read-more\" href=\"https:\/\/www.krajskakniznicazilina.sk\/index.php\/sluzby\/prenajom-miestnosti\/\" aria-label=\"Pre\u010d\u00edtajte si viac o Pren\u00e1jom miestnost\u00ed\">\u010c\u00edta\u0165 viac<\/a><\/p>\n","protected":false},"author":1,"featured_media":0,"parent":31,"menu_order":0,"comment_status":"closed","ping_status":"closed","template":"","meta":{"footnotes":""},"class_list":["post-15974","page","type-page","status-publish"],"_links":{"self":[{"href":"https:\/\/www.krajskakniznicazilina.sk\/index.php\/wp-json\/wp\/v2\/pages\/15974","targetHints":{"allow":["GET"]}}],"collection":[{"href":"https:\/\/www.krajskakniznicazilina.sk\/index.php\/wp-json\/wp\/v2\/pages"}],"about":[{"href":"https:\/\/www.krajskakniznicazilina.sk\/index.php\/wp-json\/wp\/v2\/types\/page"}],"author":[{"embeddable":true,"href":"https:\/\/www.krajskakniznicazilina.sk\/index.php\/wp-json\/wp\/v2\/users\/1"}],"replies":[{"embeddable":true,"href":"https:\/\/www.krajskakniznicazilina.sk\/index.php\/wp-json\/wp\/v2\/comments?post=15974"}],"version-history":[{"count":29,"href":"https:\/\/www.krajskakniznicazilina.sk\/index.php\/wp-json\/wp\/v2\/pages\/15974\/revisions"}],"predecessor-version":[{"id":16999,"href":"https:\/\/www.krajskakniznicazilina.sk\/index.php\/wp-json\/wp\/v2\/pages\/15974\/revisions\/16999"}],"up":[{"embeddable":true,"href":"https:\/\/www.krajskakniznicazilina.sk\/index.php\/wp-json\/wp\/v2\/pages\/31"}],"wp:attachment":[{"href":"https:\/\/www.krajskakniznicazilina.sk\/index.php\/wp-json\/wp\/v2\/media?parent=15974"}],"curies":[{"name":"wp","href":"https:\/\/api.w.org\/{rel}","templated":true}]}}