{"id":16220,"date":"2025-11-13T08:02:59","date_gmt":"2025-11-13T07:02:59","guid":{"rendered":"https:\/\/www.krajskakniznicazilina.sk\/?page_id=16220"},"modified":"2025-11-18T09:42:47","modified_gmt":"2025-11-18T08:42:47","slug":"audioknihy-palmknihy","status":"publish","type":"page","link":"https:\/\/www.krajskakniznicazilina.sk\/index.php\/sluzby\/audioknihy-palmknihy\/","title":{"rendered":"Audioknihy (Palmknihy)"},"content":{"rendered":"<p style=\"text-align: justify;\"><a href=\"https:\/\/www.krajskakniznicazilina.sk\/menu\/sluz\/audioknihy\/audiok%20SK.jpg\"><img decoding=\"async\" class=\"size-medium alignright\" src=\"https:\/\/www.krajskakniznicazilina.sk\/menu\/sluz\/audioknihy\/audiok%20SK.jpg\" alt=\"plag\u00e1t\" width=\"25%\" height=\"25%\" \/><\/a>Od 17. novembra 2025 V\u00e1m prin\u00e1\u0161ame mo\u017enos\u0165 po\u017ei\u010da\u0165 si audioknihy op\u00e4\u0165 v spolupr\u00e1ci s Palmknihy.cz. \u010citatelia maj\u00fa mo\u017enos\u0165 po\u017ei\u010da\u0165 si audioknihy z pohodlia domova, prostredn\u00edctvom <strong><a href=\"https:\/\/zsk.tritius.sk\/\">online katal\u00f3gu<\/a><\/strong>. V\u00fdpo\u017ei\u010dn\u00e1 doba je<strong>\u00a030 dn\u00ed<\/strong>, s\u00fa\u010dasne m\u00f4\u017eete ma\u0165 po\u017ei\u010dan\u00e9 <strong>5 audiokn\u00edh<\/strong>\/<a href=\"https:\/\/www.krajskakniznicazilina.sk\/index.php\/sluzby\/e-knihy\/evypozicky-palmknihy\/\">e-kn\u00edh<\/a>, ka\u017ed\u00e1 audokniha je vypo\u017ei\u010dan\u00e1 za poplatok <strong>1,80\u20ac<\/strong>.<\/p>\n<h3 style=\"text-align: justify;\"><strong>Postup pre \u010ditate\u013eov &#8211; p<\/strong><strong>o\u017ei\u010dajte si u n\u00e1s audioknihy!<\/strong><\/h3>\n<p style=\"text-align: justify;\"><strong>Ako za\u010da\u0165? <\/strong><strong>Zapojenie sa (prv\u00fdkr\u00e1t) do syst\u00e9mu eV\u00fdpo\u017ei\u010diek <\/strong>(sta\u010d\u00ed sa zaregistrova\u0165 iba pri prvom pou\u017eit\u00ed)<strong>:<\/strong><\/p>\n<ul style=\"text-align: justify;\">\n<li><strong>Registrujete<\/strong> sa <strong>v<\/strong> na\u0161ej <strong>kni\u017enici<\/strong> (je potrebn\u00e9 uvies\u0165 e-mail).<\/li>\n<li><strong>Stiahnite<\/strong> si zadarmo <a href=\"https:\/\/www.palmknihy.cz\/aplikace\"><strong>aplik\u00e1ciu Palmknihy<\/strong><\/a> pre telef\u00f3ny, tablety a \u010d\u00edta\u010dky so syst\u00e9mom <strong><a href=\"https:\/\/play.google.com\/store\/apps\/details?id=cz.albatrosmedia.palmknihy\">Android<\/a> <\/strong>alebo <a href=\"https:\/\/apps.apple.com\/sk\/app\/palmknihy\/id1468124335\"><strong>iOS<\/strong><\/a>.<\/li>\n<li>V\u00a0aplik\u00e1cii sa <strong>registrujte rovnak\u00fdm e-mailom<\/strong>, ktor\u00fdm ste registrovan\u00fd v kni\u017enici<\/li>\n<\/ul>\n<p style=\"text-align: justify;\"><strong><a href=\"https:\/\/www.krajskakniznicazilina.sk\/menu\/sluz\/audioknihy\/Navod_Audioknihy.jpg\"><img decoding=\"async\" class=\"alignright size-medium\" src=\"https:\/\/www.krajskakniznicazilina.sk\/menu\/sluz\/audioknihy\/Navod_Audioknihy.jpg\" alt=\"pag\u00e1t\" width=\"30%\" height=\"30%\" \/><\/a>Ako si e-knihy vypo\u017ei\u010da\u0165?<\/strong><\/p>\n<ul style=\"text-align: justify;\">\n<li>Prihl\u00e1ste sa do <a href=\"https:\/\/zsk.tritius.sk\/\"><strong>on-line katal\u00f3gu <\/strong><\/a>Krajskej kni\u017enice v \u017diline<\/li>\n<li>Vyh\u013eadajte si audioknihu a kliknite na tla\u010didlo <strong>\u201ePo\u017ei\u010da\u0165 e-knihu\/audioknihu\u201c<\/strong> pri vybranom titule<\/li>\n<li>Pre\u010d\u00edtajte a potvr\u010fte podmienky po\u017ei\u010diavania e-kn\u00edh a kliknite na tla\u010didlo &#8222;<strong>Vy\u017eiada\u0165 si e-knihu\/audioknihu<\/strong>&#8222;.<\/li>\n<li>Zobrazia sa z\u00e1vere\u010dn\u00e9 inform\u00e1cie o v\u00fdpo\u017ei\u010dke spolu s d\u00e1tumom dokedy m\u00e1te e-knihu\/audioknihu vypo\u017ei\u010dan\u00fa.<\/li>\n<li>Na emailov\u00fa adresu V\u00e1m bude zaslan\u00e9 ozn\u00e1menie o uskuto\u010dnen\u00ed eV\u00fdpo\u017ei\u010dky.<\/li>\n<\/ul>\n<p style=\"text-align: justify;\"><strong>Kde svoju e-knihu n\u00e1jdete? <\/strong><strong>Ako si otvori\u0165 audioknihu:<\/strong><\/p>\n<ul style=\"text-align: justify;\">\n<li>Po vypo\u017ei\u010dan\u00ed n\u00e1jdete e-knihu v aplik\u00e1cii Palmknihy v sekcii <strong>Moje E-knihy\/audioknihy<\/strong>\u00a0(za 31 dn\u00ed sa eV\u00fdpo\u017ei\u010dka sama vr\u00e1ti)<\/li>\n<\/ul>\n<p style=\"text-align: justify;\"><strong>Potrebujete poradi\u0165?<\/strong> Viac o aplik\u00e1cii n\u00e1jdete na <a href=\"http:\/\/www.palmknihy.cz\/aplikace\">www.palmknihy.cz\/aplikace<\/a>. Prajeme pr\u00edjemn\u00e9 \u010d\u00edtanie!<\/p>\n<h3 style=\"text-align: justify;\"><strong><a href=\"https:\/\/www.krajskakniznicazilina.sk\/menu\/sluz\/audioknihy\/stav%20stiahnutia%20kapitol.jpg\"><img loading=\"lazy\" decoding=\"async\" class=\"alignright size-medium\" src=\"https:\/\/www.krajskakniznicazilina.sk\/menu\/sluz\/audioknihy\/stav%20stiahnutia%20kapitol.jpg\" alt=\"obr\u00e1zok\" width=\"226\" height=\"504\" \/><\/a>U\u017eito\u010dn\u00e9 inform\u00e1cie<\/strong><\/h3>\n<ul style=\"text-align: justify;\">\n<li>stiahnutie kapitol prebieha automaticky po prvotnom stiahnut\u00ed<\/li>\n<li>na stiahnutie nov\u00fdch kapitol odpor\u00fa\u010dame Wi-Fi pripojenie<\/li>\n<li>pri ka\u017edej kapitole je zobrazen\u00fd symbol identifikuj\u00faci jej stav (stiahnut\u00e1 \/ s\u0165ahuje sa \/ je potrebn\u00e9 stiahnu\u0165)\n<ul>\n<li>ak pr\u00edde k preru\u0161eniu pripojenie na Wi-Fi po\u010das s\u0165ahovania kapitoly, m\u00f4\u017ee pr\u00eds\u0165 k dvom situ\u00e1ci\u00e1m:\n<ul>\n<li>zv\u00fd\u0161enie spotreby mobiln\u00fdch d\u00e1t<\/li>\n<li>preru\u0161enie s\u0165ahovanie kv\u00f4li slab\u00e9mu sign\u00e1lu<\/li>\n<\/ul>\n<\/li>\n<\/ul>\n<\/li>\n<\/ul>\n<p style=\"text-align: justify;\">Odpor\u00fa\u010dame skontrolova\u0165 stiahnutie kapitol predov\u0161etk\u00fdm v situ\u00e1ci\u00e1ch, kedy nebudete ma\u0165 pr\u00edstup k mobiln\u00fdm d\u00e1tam alebo Wi-Fi (napr. v lietadle).<\/p>\n<p style=\"text-align: justify;\">\n","protected":false},"excerpt":{"rendered":"<p>Od 17. novembra 2025 V\u00e1m prin\u00e1\u0161ame mo\u017enos\u0165 po\u017ei\u010da\u0165 si audioknihy op\u00e4\u0165 v spolupr\u00e1ci s Palmknihy.cz. \u010citatelia maj\u00fa mo\u017enos\u0165 po\u017ei\u010da\u0165 si audioknihy z pohodlia domova, prostredn\u00edctvom online katal\u00f3gu. V\u00fdpo\u017ei\u010dn\u00e1 doba je\u00a030 dn\u00ed, s\u00fa\u010dasne m\u00f4\u017eete ma\u0165 po\u017ei\u010dan\u00e9 5 audiokn\u00edh\/e-kn\u00edh, ka\u017ed\u00e1 audokniha je vypo\u017ei\u010dan\u00e1 za poplatok 1,80\u20ac. Postup pre \u010ditate\u013eov &#8211; po\u017ei\u010dajte si u n\u00e1s audioknihy! Ako za\u010da\u0165? &#8230; <a title=\"Audioknihy (Palmknihy)\" class=\"read-more\" href=\"https:\/\/www.krajskakniznicazilina.sk\/index.php\/sluzby\/audioknihy-palmknihy\/\" aria-label=\"Pre\u010d\u00edtajte si viac o Audioknihy (Palmknihy)\">\u010c\u00edta\u0165 viac<\/a><\/p>\n","protected":false},"author":1,"featured_media":0,"parent":31,"menu_order":0,"comment_status":"closed","ping_status":"closed","template":"","meta":{"footnotes":""},"class_list":["post-16220","page","type-page","status-publish"],"_links":{"self":[{"href":"https:\/\/www.krajskakniznicazilina.sk\/index.php\/wp-json\/wp\/v2\/pages\/16220","targetHints":{"allow":["GET"]}}],"collection":[{"href":"https:\/\/www.krajskakniznicazilina.sk\/index.php\/wp-json\/wp\/v2\/pages"}],"about":[{"href":"https:\/\/www.krajskakniznicazilina.sk\/index.php\/wp-json\/wp\/v2\/types\/page"}],"author":[{"embeddable":true,"href":"https:\/\/www.krajskakniznicazilina.sk\/index.php\/wp-json\/wp\/v2\/users\/1"}],"replies":[{"embeddable":true,"href":"https:\/\/www.krajskakniznicazilina.sk\/index.php\/wp-json\/wp\/v2\/comments?post=16220"}],"version-history":[{"count":8,"href":"https:\/\/www.krajskakniznicazilina.sk\/index.php\/wp-json\/wp\/v2\/pages\/16220\/revisions"}],"predecessor-version":[{"id":16271,"href":"https:\/\/www.krajskakniznicazilina.sk\/index.php\/wp-json\/wp\/v2\/pages\/16220\/revisions\/16271"}],"up":[{"embeddable":true,"href":"https:\/\/www.krajskakniznicazilina.sk\/index.php\/wp-json\/wp\/v2\/pages\/31"}],"wp:attachment":[{"href":"https:\/\/www.krajskakniznicazilina.sk\/index.php\/wp-json\/wp\/v2\/media?parent=16220"}],"curies":[{"name":"wp","href":"https:\/\/api.w.org\/{rel}","templated":true}]}}