{"id":163,"date":"2017-08-18T10:52:32","date_gmt":"2017-08-18T08:52:32","guid":{"rendered":"http:\/\/www.krajskakniznicazilina.sk\/novastranka\/?page_id=163"},"modified":"2024-04-02T07:37:01","modified_gmt":"2024-04-02T05:37:01","slug":"mvs","status":"publish","type":"page","link":"https:\/\/www.krajskakniznicazilina.sk\/index.php\/pre-kniznice\/mvs\/","title":{"rendered":"MVS &#8211; medzikni\u017eni\u010dn\u00e1 v\u00fdpo\u017ei\u010dn\u00e1 slu\u017eba"},"content":{"rendered":"<p style=\"text-align: justify;\">Medzikni\u017eni\u010dn\u00e1 v\u00fdpo\u017ei\u010dn\u00e1 slu\u017eba (MVS) je kni\u017eni\u010dno-informa\u010dn\u00e1 slu\u017eba, ktorej obsahom je poskytovanie v\u00fdpo\u017ei\u010diek kn\u00edh a k\u00f3pi\u00ed dokumentov z papierov\u00fdch, mikrografick\u00fdch i elektronick\u00fdch zdrojov z in\u00fdch kni\u017en\u00edc a poskytovanie inform\u00e1ci\u00ed o lok\u00e1cii kni\u017eni\u010dn\u00fdch dokumentov vlastn\u00fdm pou\u017e\u00edvate\u013eom kni\u017enice, alebo in\u00fdm kni\u017eniciam na r\u00f4znych \u00farovniach v r\u00e1mci kni\u017eni\u010dn\u00e9ho syst\u00e9mu SR.<br \/>\n<a href=\"https:\/\/www.krajskakniznicazilina.sk\/menu\/prekniz\/MVS\/zasadymvs.pdf\">Intern\u00e9 z\u00e1sady medzikni\u017eni\u010dnej v\u00fdpo\u017ei\u010dnej slu\u017eby<\/a>\u00a0v Krajskej kni\u017enici v \u017diline.<\/p>\n<h4 style=\"text-align: justify;\"><strong><a href=\"https:\/\/docs.google.com\/forms\/d\/e\/1FAIpQLSeyRTW_mbOQfhJeF6pUyVfe8ZgleLJLzbwIeBSGFWfmm2ZfXA\/viewform\">Elektronick\u00e1 MVS \u017eiadanka<\/a><\/strong><\/h4>\n<ul>\n<li style=\"text-align: justify;\">MVS \u017eiadanku m\u00f4\u017ee vyplni\u0165 iba kni\u017enica, <strong>nie individu\u00e1lny pou\u017e\u00edvate\u013e<\/strong> (\u010ditatelia Krajskej kni\u017enice v \u017diline n\u00e1s m\u00f4\u017eu za \u00fa\u010delom MVS kontaktova\u0165 osobne alebo mailom na adrese <a href=\"mailto:kniznica@krajskakniznicazilina.sk\">kniznica@krajskakniznicazilina.sk<\/a>),<\/li>\n<li>ak sa do 48 hod\u00edn neozveme, nap\u00ed\u0161te na e-mail <a href=\"mailto:kniznica@krajskakniznicazilina.sk\">kniznica@krajskakniznicazilina.sk<\/a><\/li>\n<\/ul>\n","protected":false},"excerpt":{"rendered":"<p>Medzikni\u017eni\u010dn\u00e1 v\u00fdpo\u017ei\u010dn\u00e1 slu\u017eba (MVS) je kni\u017eni\u010dno-informa\u010dn\u00e1 slu\u017eba, ktorej obsahom je poskytovanie v\u00fdpo\u017ei\u010diek kn\u00edh a k\u00f3pi\u00ed dokumentov z papierov\u00fdch, mikrografick\u00fdch i elektronick\u00fdch zdrojov z in\u00fdch kni\u017en\u00edc a poskytovanie inform\u00e1ci\u00ed o lok\u00e1cii kni\u017eni\u010dn\u00fdch dokumentov vlastn\u00fdm pou\u017e\u00edvate\u013eom kni\u017enice, alebo in\u00fdm kni\u017eniciam na r\u00f4znych \u00farovniach v r\u00e1mci kni\u017eni\u010dn\u00e9ho syst\u00e9mu SR. Intern\u00e9 z\u00e1sady medzikni\u017eni\u010dnej v\u00fdpo\u017ei\u010dnej slu\u017eby\u00a0v Krajskej kni\u017enici v \u017diline. &#8230; <a title=\"MVS &#8211; medzikni\u017eni\u010dn\u00e1 v\u00fdpo\u017ei\u010dn\u00e1 slu\u017eba\" class=\"read-more\" href=\"https:\/\/www.krajskakniznicazilina.sk\/index.php\/pre-kniznice\/mvs\/\" aria-label=\"Pre\u010d\u00edtajte si viac o MVS &#8211; medzikni\u017eni\u010dn\u00e1 v\u00fdpo\u017ei\u010dn\u00e1 slu\u017eba\">\u010c\u00edta\u0165 viac<\/a><\/p>\n","protected":false},"author":1,"featured_media":0,"parent":51,"menu_order":0,"comment_status":"closed","ping_status":"closed","template":"","meta":{"footnotes":""},"class_list":["post-163","page","type-page","status-publish"],"_links":{"self":[{"href":"https:\/\/www.krajskakniznicazilina.sk\/index.php\/wp-json\/wp\/v2\/pages\/163","targetHints":{"allow":["GET"]}}],"collection":[{"href":"https:\/\/www.krajskakniznicazilina.sk\/index.php\/wp-json\/wp\/v2\/pages"}],"about":[{"href":"https:\/\/www.krajskakniznicazilina.sk\/index.php\/wp-json\/wp\/v2\/types\/page"}],"author":[{"embeddable":true,"href":"https:\/\/www.krajskakniznicazilina.sk\/index.php\/wp-json\/wp\/v2\/users\/1"}],"replies":[{"embeddable":true,"href":"https:\/\/www.krajskakniznicazilina.sk\/index.php\/wp-json\/wp\/v2\/comments?post=163"}],"version-history":[{"count":19,"href":"https:\/\/www.krajskakniznicazilina.sk\/index.php\/wp-json\/wp\/v2\/pages\/163\/revisions"}],"predecessor-version":[{"id":12684,"href":"https:\/\/www.krajskakniznicazilina.sk\/index.php\/wp-json\/wp\/v2\/pages\/163\/revisions\/12684"}],"up":[{"embeddable":true,"href":"https:\/\/www.krajskakniznicazilina.sk\/index.php\/wp-json\/wp\/v2\/pages\/51"}],"wp:attachment":[{"href":"https:\/\/www.krajskakniznicazilina.sk\/index.php\/wp-json\/wp\/v2\/media?parent=163"}],"curies":[{"name":"wp","href":"https:\/\/api.w.org\/{rel}","templated":true}]}}