{"id":164,"date":"2017-08-18T10:52:32","date_gmt":"2017-08-18T08:52:32","guid":{"rendered":"http:\/\/www.krajskakniznicazilina.sk\/novastranka\/?page_id=164"},"modified":"2025-12-05T13:31:54","modified_gmt":"2025-12-05T12:31:54","slug":"verejne-kniznice-regionu","status":"publish","type":"page","link":"https:\/\/www.krajskakniznicazilina.sk\/index.php\/pre-kniznice\/verejne-kniznice-regionu\/","title":{"rendered":"Verejn\u00e9 kni\u017enice regi\u00f3nu"},"content":{"rendered":"<h4><strong>Mestsk\u00e9 kni\u017enice \u017dilinsk\u00e9ho kraja (<a href=\"https:\/\/www.krajskakniznicazilina.sk\/menu\/prekniz\/vkr\/mkZK.pdf\">adres\u00e1r<\/a>)<\/strong><\/h4>\n<ul>\n<li><a href=\"https:\/\/www.krajskakniznicazilina.sk\/menu\/prekniz\/vkr\/mk\/mk2024.pdf\">Anal\u00fdza \u010dinnosti v roku 2024 \u2013 z\u00e1kladn\u00e9 ukazovatele<\/a><\/li>\n<li><a href=\"https:\/\/www.krajskakniznicazilina.sk\/menu\/prekniz\/vkr\/mk\/mk2023.pdf\">Anal\u00fdza \u010dinnosti v roku 2023<\/a>\n<ul>\n<li><a href=\"https:\/\/www.krajskakniznicazilina.sk\/menu\/prekniz\/vkr\/mk\/hod%C5%A1tand2023.pdf\">vyhodnotenie plnenia \u0161tandardov<\/a><\/li>\n<\/ul>\n<\/li>\n<li><a href=\"https:\/\/www.krajskakniznicazilina.sk\/menu\/prekniz\/vkr\/mk\/mk2022zu.pdf\">Z\u00e1kladn\u00e9 ukazovatele v roku 2022<\/a><\/li>\n<li><a href=\"https:\/\/www.krajskakniznicazilina.sk\/menu\/prekniz\/vkr\/mk\/mk2021.pdf\">Anal\u00fdza \u010dinnosti v\u00a0roku 2021<\/a><\/li>\n<li><a href=\"https:\/\/www.krajskakniznicazilina.sk\/menu\/prekniz\/vkr\/mk\/mk2020.pdf\">Anal\u00fdza \u010dinnosti v roku 2020<\/a>\n<ul>\n<li><a href=\"https:\/\/www.krajskakniznicazilina.sk\/menu\/prekniz\/vkr\/mk\/mk2020zu.pdf\">z\u00e1kladn\u00e9 ukazovatele<\/a><\/li>\n<\/ul>\n<\/li>\n<li><a href=\"https:\/\/www.krajskakniznicazilina.sk\/menu\/prekniz\/vkr\/mk\/mk2019.pdf\">Anal\u00fdza \u010dinnosti v roku 2019<\/a>\n<ul>\n<li><a href=\"https:\/\/www.krajskakniznicazilina.sk\/menu\/prekniz\/vkr\/mk\/mk2019zu.pdf\">z\u00e1kladn\u00e9 ukazovatele<\/a><\/li>\n<\/ul>\n<\/li>\n<li><a href=\"https:\/\/www.krajskakniznicazilina.sk\/menu\/prekniz\/vkr\/mk\/mk2018.pdf\">Anal\u00fdza \u010dinnosti v roku 2018<\/a>\n<ul>\n<li><a href=\"https:\/\/www.krajskakniznicazilina.sk\/menu\/prekniz\/vkr\/mk\/mk2018zu.pdf\">z\u00e1kladn\u00e9 ukazovatele<\/a><\/li>\n<\/ul>\n<\/li>\n<li><a href=\"https:\/\/www.krajskakniznicazilina.sk\/menu\/prekniz\/vkr\/mk\/mk2017.pdf\">Anal\u00fdza \u010dinnosti v roku 2017<\/a>\n<ul>\n<li><a href=\"https:\/\/www.krajskakniznicazilina.sk\/menu\/prekniz\/vkr\/mk\/mk2017zu.pdf\">z\u00e1kladn\u00e9 ukazovatele<\/a><\/li>\n<\/ul>\n<\/li>\n<li><a href=\"https:\/\/www.krajskakniznicazilina.sk\/menu\/prekniz\/vkr\/mk\/mk2016.pdf\">Anal\u00fdza \u010dinnosti v roku 2016<\/a>\n<ul>\n<li><a href=\"https:\/\/www.krajskakniznicazilina.sk\/menu\/prekniz\/vkr\/mk\/mk2016zu.pdf\">z\u00e1kladn\u00e9 ukazovatele<\/a><\/li>\n<\/ul>\n<\/li>\n<li><a href=\"https:\/\/www.krajskakniznicazilina.sk\/menu\/prekniz\/vkr\/mk\/mk2015.pdf\">Anal\u00fdza \u010dinnosti v roku 2015<\/a>\n<ul>\n<li><a href=\"https:\/\/www.krajskakniznicazilina.sk\/menu\/prekniz\/vkr\/mk\/mk2015zu.pdf\">z\u00e1kladn\u00e9 ukazovatele<\/a><\/li>\n<li><a href=\"https:\/\/www.krajskakniznicazilina.sk\/menu\/prekniz\/vkr\/mk\/mk2015kf.pdf\">kni\u017eni\u010dn\u00fd fond<\/a><\/li>\n<li><a href=\"https:\/\/www.krajskakniznicazilina.sk\/menu\/prekniz\/vkr\/mk\/mk2015p.pdf\">pou\u017e\u00edvatelia<\/a><\/li>\n<li><a href=\"https:\/\/www.krajskakniznicazilina.sk\/menu\/prekniz\/vkr\/mk\/mk2015v.pdf\">v\u00fdpo\u017ei\u010dky<\/a><\/li>\n<\/ul>\n<\/li>\n<li>Z\u00e1kladn\u00e9 ukazovatele \u010dinnosti za rok <a href=\"https:\/\/www.krajskakniznicazilina.sk\/menu\/prekniz\/vkr\/mk\/mk2014.pdf\">2014<\/a><\/li>\n<li>Z\u00e1kladn\u00e9 ukazovatele \u010dinnosti za rok <a href=\"https:\/\/www.krajskakniznicazilina.sk\/menu\/prekniz\/vkr\/mk\/mk2013.pdf\">2013<\/a><\/li>\n<\/ul>\n<h4><strong>Obecn\u00e9 kni\u017enice v okresoch \u017dilina a Byt\u010da (<a href=\"https:\/\/www.krajskakniznicazilina.sk\/menu\/prekniz\/vkr\/okZK.pdf\">adres\u00e1r<\/a>)<\/strong><\/h4>\n<p>Metodick\u00fd materi\u00e1l Mestsk\u00e9 a obecn\u00e9 kni\u017enice v okresoch \u017dilina a Byt\u010da v \u010d\u00edslach:<\/p>\n<ul>\n<li><a href=\"https:\/\/www.krajskakniznicazilina.sk\/menu\/prekniz\/vkr\/ok\/ok2024.pdf\">Verejn\u00e9 kni\u017enice na Hornom Pova\u017e\u00ed v roku 2024<\/a>\n<ul>\n<li><a href=\"https:\/\/www.krajskakniznicazilina.sk\/menu\/prekniz\/vkr\/ok\/pln%C5%A1tand2024BY.pdf\">plnenie \u0161tandardov okres Byt\u010da<\/a>; <a href=\"https:\/\/www.krajskakniznicazilina.sk\/menu\/prekniz\/vkr\/ok\/pln%C5%A1tand2024ZA.pdf\">plnenie \u0161tandardov okres \u017dilina<\/a><\/li>\n<\/ul>\n<\/li>\n<li><a href=\"https:\/\/www.krajskakniznicazilina.sk\/menu\/prekniz\/vkr\/ok\/ok2023.pdf\">Verejn\u00e9 kni\u017enice na Hornom Pova\u017e\u00ed v roku 2023<\/a>\n<ul>\n<li><a href=\"https:\/\/www.krajskakniznicazilina.sk\/menu\/prekniz\/vkr\/ok\/pln%C5%A1tand2023BY.pdf\">plnenie \u0161tandardov okres Byt\u010da<\/a>; <a href=\"https:\/\/www.krajskakniznicazilina.sk\/menu\/prekniz\/vkr\/ok\/pln%C5%A1tand2023ZA.pdf\">plnenie \u0161tandardov okres \u017dilina<\/a><\/li>\n<\/ul>\n<\/li>\n<li><a href=\"https:\/\/www.krajskakniznicazilina.sk\/menu\/prekniz\/vkr\/ok\/ok2022.pdf\">Verejn\u00e9 kni\u017enice na Hornom Pova\u017e\u00ed v roku 2022<\/a>\n<ul>\n<li><a href=\"https:\/\/www.krajskakniznicazilina.sk\/menu\/prekniz\/vkr\/ok\/pln%C5%A1tand2022BY.pdf\">plnenie \u0161tandardov okres Byt\u010da<\/a>; <a href=\"https:\/\/www.krajskakniznicazilina.sk\/menu\/prekniz\/vkr\/ok\/pln%C5%A1tand2022ZA.pdf\">plnenie \u0161tandardov okres \u017dilina<\/a><\/li>\n<\/ul>\n<\/li>\n<li><a href=\"https:\/\/www.krajskakniznicazilina.sk\/menu\/prekniz\/vkr\/ok\/ok2021.pdf\">Verejn\u00e9 kni\u017enice na Hornom Pova\u017e\u00ed v roku 2021<\/a><\/li>\n<li><a href=\"https:\/\/www.krajskakniznicazilina.sk\/menu\/prekniz\/vkr\/ok\/ok2020.pdf\">Verejn\u00e9 kni\u017enice na Hornom Pova\u017e\u00ed v roku 2020<\/a><\/li>\n<li><a href=\"https:\/\/www.krajskakniznicazilina.sk\/menu\/prekniz\/vkr\/ok\/ok2019.pdf\">Verejn\u00e9 kni\u017enice na Hornom Pova\u017e\u00ed v roku 2019<\/a><\/li>\n<li><a href=\"https:\/\/www.krajskakniznicazilina.sk\/menu\/prekniz\/vkr\/ok\/ok2018.pdf\">Verejn\u00e9 kni\u017enice na Hornom Pova\u017e\u00ed v roku 2018<\/a><\/li>\n<li><a href=\"https:\/\/www.krajskakniznicazilina.sk\/menu\/prekniz\/vkr\/ok\/ok2017.pdf\">Verejn\u00e9 kni\u017enice na Hornom Pova\u017e\u00ed v roku 2017<\/a><\/li>\n<li><a href=\"https:\/\/www.krajskakniznicazilina.sk\/menu\/prekniz\/vkr\/ok\/ok2016.pdf\">Verejn\u00e9 kni\u017enice na Hornom Pova\u017e\u00ed v roku 2016<\/a><\/li>\n<li><a href=\"https:\/\/www.krajskakniznicazilina.sk\/menu\/prekniz\/vkr\/ok\/ok2015.pdf\">Verejn\u00e9 kni\u017enice na Hornom Pova\u017e\u00ed v roku 2015<\/a><\/li>\n<li><a href=\"https:\/\/www.krajskakniznicazilina.sk\/menu\/prekniz\/vkr\/ok\/ok2014.pdf\">Mestsk\u00e9 a obecn\u00e9 kni\u017enice v okresoch \u017dilina a Byt\u010da v roku 2014<\/a><\/li>\n<li>Mestsk\u00e9 a obecn\u00e9 kni\u017enice v okresoch \u017dilina a Byt\u010da v roku 2013<\/li>\n<li><a href=\"https:\/\/www.krajskakniznicazilina.sk\/menu\/prekniz\/vkr\/ok\/ok2012.pdf\">Mestsk\u00e9 a obecn\u00e9 kni\u017enice v okresoch \u017dilina a Byt\u010da v roku 2012<\/a><\/li>\n<li><a href=\"https:\/\/www.krajskakniznicazilina.sk\/menu\/prekniz\/vkr\/ok\/ok2011.pdf\">Mestsk\u00e9 a obecn\u00e9 kni\u017enice v okrese \u017dilina a Byt\u010da v roku 2011<\/a><\/li>\n<li><a href=\"https:\/\/www.krajskakniznicazilina.sk\/menu\/prekniz\/vkr\/ok\/ok2010.pdf\">Mestsk\u00e9 a obecn\u00e9 kni\u017enice v okrese \u017dilina a Byt\u010da v roku 2010<\/a><\/li>\n<\/ul>\n<h4><strong>Region\u00e1lne kni\u017enice \u017dilinsk\u00e9ho kraja (<a href=\"https:\/\/www.krajskakniznicazilina.sk\/menu\/prekniz\/vkr\/rkZK.pdf\">adres\u00e1r<\/a>)<\/strong><\/h4>\n<ul>\n<li><a href=\"https:\/\/www.krajskakniznicazilina.sk\/menu\/prekniz\/vkr\/rk\/rk2024tab.jpg\">vizu\u00e1lna prezent\u00e1cia \u00fadajov za rok 2024<\/a>, <a href=\"https:\/\/www.krajskakniznicazilina.sk\/menu\/prekniz\/vkr\/rk\/RK%20%C5%BDSK%202024.pdf\">tabu\u013eky<\/a><\/li>\n<li><a href=\"https:\/\/www.krajskakniznicazilina.sk\/menu\/prekniz\/vkr\/rk\/rk2023tab.jpg\">vizu\u00e1lna prezent\u00e1cia \u00fadajov za rok 2023<\/a>, <a href=\"https:\/\/www.krajskakniznicazilina.sk\/menu\/prekniz\/vkr\/rk\/RK%20%C5%BDSK%202023.pdf\">tabu\u013eky<\/a><\/li>\n<li><a href=\"https:\/\/www.krajskakniznicazilina.sk\/menu\/prekniz\/vkr\/rk\/RK%20%C5%BDSK%202022.jpg\">vizu\u00e1lna prezent\u00e1cia \u00fadajov za rok 2022<\/a><\/li>\n<li><a href=\"https:\/\/www.krajskakniznicazilina.sk\/menu\/prekniz\/vkr\/rk\/RK%20%C5%BDSK%202021.jpg\">vizu\u00e1lna prezent\u00e1cia \u00fadajov za rok 2021<\/a><\/li>\n<li><a href=\"https:\/\/www.krajskakniznicazilina.sk\/menu\/prekniz\/vkr\/rk\/rk2020.pdf\">online aktivity kni\u017en\u00edc v \u017dK 2020<\/a>, <a href=\"https:\/\/www.krajskakniznicazilina.sk\/menu\/prekniz\/vkr\/rk\/rk2020tab.pdf\">tabu\u013eky<\/a><\/li>\n<li><a href=\"https:\/\/www.krajskakniznicazilina.sk\/menu\/prekniz\/vkr\/rk\/rk2019.pdf\">anal\u00fdza \u010dinnosti 2019<\/a>, <a href=\"https:\/\/www.krajskakniznicazilina.sk\/menu\/prekniz\/vkr\/rk\/rk2019tab.pdf\">tabu\u013eky<\/a><\/li>\n<li><a href=\"https:\/\/www.krajskakniznicazilina.sk\/menu\/prekniz\/vkr\/rk\/rk2018.pdf\">anal\u00fdza \u010dinnosti 2018<\/a>, <a href=\"https:\/\/www.krajskakniznicazilina.sk\/menu\/prekniz\/vkr\/rk\/rk2018tab.pdf\">tabu\u013eky<\/a>\n<ul>\n<li><a href=\"https:\/\/www.krajskakniznicazilina.sk\/menu\/prekniz\/vkr\/rk\/rozboryRKZK2018.pdf\">rozbory \u010dinnosti a hospod\u00e1renia<\/a> region\u00e1lny kni\u017en\u00edc \u017dSK a Krajskej kni\u017enice v \u017diline<\/li>\n<\/ul>\n<\/li>\n<li><a href=\"https:\/\/www.krajskakniznicazilina.sk\/menu\/prekniz\/vkr\/rk\/rk2017.pdf\">anal\u00fdza \u010dinnosti 2017<\/a>, <a href=\"https:\/\/www.krajskakniznicazilina.sk\/menu\/prekniz\/vkr\/rk\/rk2017tab.pdf\">tabu\u013eky<\/a>\n<ul>\n<li><a href=\"https:\/\/www.krajskakniznicazilina.sk\/menu\/prekniz\/vkr\/rk\/rozboryRKZK2017.pdf\">rozbory \u010dinnosti a hospod\u00e1renia<\/a> region\u00e1lny kni\u017en\u00edc \u017dSK a Krajskej kni\u017enice v \u017diline<\/li>\n<\/ul>\n<\/li>\n<li><a href=\"https:\/\/www.krajskakniznicazilina.sk\/menu\/prekniz\/vkr\/rk\/rk2016.pdf\">anal\u00fdza \u010dinnosti 2016<\/a>, <a href=\"https:\/\/www.krajskakniznicazilina.sk\/menu\/prekniz\/vkr\/rk\/rk2016tab.pdf\">tabu\u013eky<\/a>\n<ul>\n<li><a href=\"https:\/\/www.krajskakniznicazilina.sk\/menu\/prekniz\/vkr\/rk\/rozboryRKZK2016.pdf\">rozbory \u010dinnosti a hospod\u00e1renia<\/a> region\u00e1lny kni\u017en\u00edc \u017dSK a Krajskej kni\u017enice v \u017diline<\/li>\n<li><a href=\"https:\/\/www.krajskakniznicazilina.sk\/menu\/prekniz\/vkr\/rk\/standardyRKZK2016.pdf\">plnenie \u0161tandardov<\/a> region\u00e1lnych kni\u017en\u00edc \u017dSK<\/li>\n<\/ul>\n<\/li>\n<li><a href=\"https:\/\/www.krajskakniznicazilina.sk\/menu\/prekniz\/vkr\/rk\/rk2015.pdf\">anal\u00fdza \u010dinnosti 2015<\/a>, <a href=\"https:\/\/www.krajskakniznicazilina.sk\/menu\/prekniz\/vkr\/rk\/rk2015tab.pdf\">tabu\u013eky<\/a>\n<ul>\n<li><a href=\"https:\/\/www.krajskakniznicazilina.sk\/menu\/prekniz\/vkr\/rk\/rozboryRKZK2015.pdf\">rozbory \u010dinnosti a hospod\u00e1renia<\/a> region\u00e1lny kni\u017en\u00edc \u017dSK a Krajskej kni\u017enice v \u017diline<\/li>\n<li><a href=\"https:\/\/www.krajskakniznicazilina.sk\/menu\/prekniz\/vkr\/rk\/standardyRKZK2015.pdf\">plnenie \u0161tandardov<\/a> region\u00e1lnych kni\u017en\u00edc \u017dSK<\/li>\n<\/ul>\n<\/li>\n<li><a href=\"https:\/\/www.krajskakniznicazilina.sk\/menu\/prekniz\/vkr\/rk\/rk2014.pdf\">anal\u00fdza \u010dinnosti 2014<\/a>, <a href=\"https:\/\/www.krajskakniznicazilina.sk\/menu\/prekniz\/vkr\/rk\/rk2014tab.pdf\">tabu\u013eky<\/a><\/li>\n<li><a href=\"https:\/\/www.krajskakniznicazilina.sk\/menu\/prekniz\/vkr\/rk\/rk2013.pdf\">anal\u00fdza \u010dinnosti 2013<\/a>, <a href=\"https:\/\/www.krajskakniznicazilina.sk\/menu\/prekniz\/vkr\/rk\/rk2013tab.pdf\">tabu\u013eky<\/a><\/li>\n<li><a href=\"https:\/\/www.krajskakniznicazilina.sk\/menu\/prekniz\/vkr\/rk\/rk2012.pdf\">anal\u00fdza \u010dnnosti 2012<\/a>, <a href=\"https:\/\/www.krajskakniznicazilina.sk\/menu\/prekniz\/vkr\/rk\/rk2012tab.pdf\">tabu\u013eky<\/a><\/li>\n<\/ul>\n<h4><strong>Ostatn\u00e9 verejn\u00e9 kni\u017enice v \u017dilinskom kraji<\/strong><\/h4>\n<p>Vyhodnotenie \u010dinnosti verejn\u00fdch kni\u017en\u00edc kraja:<\/p>\n<ul>\n<li><a href=\"https:\/\/www.krajskakniznicazilina.sk\/menu\/prekniz\/vkr\/ovk\/vk2020.pdf\">za rok 2020<\/a>\n<ul>\n<li><a href=\"https:\/\/www.krajskakniznicazilina.sk\/menu\/prekniz\/vkr\/ovk\/vk2020tab.pdf\">tabu\u013eky<\/a><\/li>\n<li><a href=\"https:\/\/www.krajskakniznicazilina.sk\/menu\/prekniz\/vkr\/ovk\/vk2020kf.pdf\">kni\u017eni\u010dn\u00fd fond<\/a><\/li>\n<\/ul>\n<\/li>\n<li><a href=\"https:\/\/www.krajskakniznicazilina.sk\/menu\/prekniz\/vkr\/ovk\/vk2019.pdf\">za rok 2019<\/a>\n<ul>\n<li><a href=\"https:\/\/www.krajskakniznicazilina.sk\/menu\/prekniz\/vkr\/ovk\/vk2019tab.pdf\">tabu\u013eky<\/a><\/li>\n<li><a href=\"https:\/\/www.krajskakniznicazilina.sk\/menu\/prekniz\/vkr\/ovk\/vk2019kf.pdf\">kni\u017eni\u010dn\u00fd fond<\/a><\/li>\n<\/ul>\n<\/li>\n<li><a href=\"https:\/\/www.krajskakniznicazilina.sk\/menu\/prekniz\/vkr\/ovk\/vk2018.pdf\">za rok 2018<\/a>\n<ul>\n<li><a href=\"https:\/\/www.krajskakniznicazilina.sk\/menu\/prekniz\/vkr\/ovk\/vk2018tab.pdf\">tabu\u013eky<\/a><\/li>\n<\/ul>\n<\/li>\n<li><a href=\"https:\/\/www.krajskakniznicazilina.sk\/menu\/prekniz\/vkr\/ovk\/vk2017.pdf\">za rok 2017<\/a>\n<ul>\n<li><a href=\"https:\/\/www.krajskakniznicazilina.sk\/menu\/prekniz\/vkr\/ovk\/vk2017tab.pdf\">tabu\u013eky<\/a><\/li>\n<li><a href=\"https:\/\/www.krajskakniznicazilina.sk\/menu\/prekniz\/vkr\/ovk\/vk2017kf.pdf\">kni\u017eni\u010dn\u00fd fond<\/a><\/li>\n<\/ul>\n<\/li>\n<li><a href=\"https:\/\/www.krajskakniznicazilina.sk\/menu\/prekniz\/vkr\/ovk\/vk2016.pdf\">za rok 2016<\/a>\n<ul>\n<li><a href=\"https:\/\/www.krajskakniznicazilina.sk\/menu\/prekniz\/vkr\/ovk\/vk2016tab.pdf\">tabu\u013eky<\/a><\/li>\n<li><a href=\"https:\/\/www.krajskakniznicazilina.sk\/menu\/prekniz\/vkr\/ovk\/vk2016kf.pdf\">kni\u017eni\u010dn\u00fd fond<\/a><\/li>\n<\/ul>\n<\/li>\n<li><a href=\"https:\/\/www.krajskakniznicazilina.sk\/menu\/prekniz\/vkr\/ovk\/vk2015.pdf\">za rok 2015<\/a>\n<ul>\n<li><a href=\"https:\/\/www.krajskakniznicazilina.sk\/menu\/prekniz\/vkr\/ovk\/vk2015tab.pdf\">tabu\u013eky<\/a><\/li>\n<li><a href=\"https:\/\/www.krajskakniznicazilina.sk\/menu\/prekniz\/vkr\/ovk\/vk2015kf.pdf\">kni\u017eni\u010dn\u00fd fond<\/a><\/li>\n<\/ul>\n<\/li>\n<li><a href=\"https:\/\/www.krajskakniznicazilina.sk\/menu\/prekniz\/vkr\/ovk\/vk2014.pdf\">za rok 2014<\/a>\n<ul>\n<li><a href=\"https:\/\/www.krajskakniznicazilina.sk\/menu\/prekniz\/vkr\/ovk\/vk2014tab.pdf\">tabu\u013eky<\/a><\/li>\n<li><a href=\"https:\/\/www.krajskakniznicazilina.sk\/menu\/prekniz\/vkr\/ovk\/vk2014kf.pdf\">kni\u017eni\u010dn\u00fd fond<\/a><\/li>\n<\/ul>\n<\/li>\n<li><a href=\"https:\/\/www.krajskakniznicazilina.sk\/menu\/prekniz\/vkr\/ovk\/vk2013.pdf\">za rok 2013<\/a>\n<ul>\n<li><a href=\"https:\/\/www.krajskakniznicazilina.sk\/menu\/prekniz\/vkr\/ovk\/vk2013tab.pdf\">tabu\u013eky<\/a><\/li>\n<li><a href=\"https:\/\/www.krajskakniznicazilina.sk\/menu\/prekniz\/vkr\/ovk\/vk2013kf.pdf\">kni\u017eni\u010dn\u00fd fond<\/a><\/li>\n<\/ul>\n<\/li>\n<li><a href=\"https:\/\/www.krajskakniznicazilina.sk\/menu\/prekniz\/vkr\/ovk\/vk2012.pdf\">za rok 2012<\/a>\n<ul>\n<li><a href=\"https:\/\/www.krajskakniznicazilina.sk\/menu\/prekniz\/vkr\/ovk\/vk2012tab.pdf\">tabu\u013eky<\/a><\/li>\n<li><a href=\"https:\/\/www.krajskakniznicazilina.sk\/menu\/prekniz\/vkr\/ovk\/vk2012kf.pdf\">kni\u017eni\u010dn\u00fd fond<\/a><\/li>\n<\/ul>\n<\/li>\n<li><a href=\"https:\/\/www.krajskakniznicazilina.sk\/menu\/prekniz\/vkr\/ovk\/vk2011.pdf\">za rok 2011<\/a><\/li>\n<li><a href=\"https:\/\/www.krajskakniznicazilina.sk\/menu\/prekniz\/vkr\/ovk\/vk2010.pdf\">za rok 2010<\/a><\/li>\n<\/ul>\n","protected":false},"excerpt":{"rendered":"<p>Mestsk\u00e9 kni\u017enice \u017dilinsk\u00e9ho kraja (adres\u00e1r) Anal\u00fdza \u010dinnosti v roku 2024 \u2013 z\u00e1kladn\u00e9 ukazovatele Anal\u00fdza \u010dinnosti v roku 2023 vyhodnotenie plnenia \u0161tandardov Z\u00e1kladn\u00e9 ukazovatele v roku 2022 Anal\u00fdza \u010dinnosti v\u00a0roku 2021 Anal\u00fdza \u010dinnosti v roku 2020 z\u00e1kladn\u00e9 ukazovatele Anal\u00fdza \u010dinnosti v roku 2019 z\u00e1kladn\u00e9 ukazovatele Anal\u00fdza \u010dinnosti v roku 2018 z\u00e1kladn\u00e9 ukazovatele Anal\u00fdza \u010dinnosti v roku &#8230; <a title=\"Verejn\u00e9 kni\u017enice regi\u00f3nu\" class=\"read-more\" href=\"https:\/\/www.krajskakniznicazilina.sk\/index.php\/pre-kniznice\/verejne-kniznice-regionu\/\" aria-label=\"Pre\u010d\u00edtajte si viac o Verejn\u00e9 kni\u017enice regi\u00f3nu\">\u010c\u00edta\u0165 viac<\/a><\/p>\n","protected":false},"author":1,"featured_media":0,"parent":51,"menu_order":0,"comment_status":"closed","ping_status":"closed","template":"","meta":{"footnotes":""},"class_list":["post-164","page","type-page","status-publish"],"_links":{"self":[{"href":"https:\/\/www.krajskakniznicazilina.sk\/index.php\/wp-json\/wp\/v2\/pages\/164","targetHints":{"allow":["GET"]}}],"collection":[{"href":"https:\/\/www.krajskakniznicazilina.sk\/index.php\/wp-json\/wp\/v2\/pages"}],"about":[{"href":"https:\/\/www.krajskakniznicazilina.sk\/index.php\/wp-json\/wp\/v2\/types\/page"}],"author":[{"embeddable":true,"href":"https:\/\/www.krajskakniznicazilina.sk\/index.php\/wp-json\/wp\/v2\/users\/1"}],"replies":[{"embeddable":true,"href":"https:\/\/www.krajskakniznicazilina.sk\/index.php\/wp-json\/wp\/v2\/comments?post=164"}],"version-history":[{"count":49,"href":"https:\/\/www.krajskakniznicazilina.sk\/index.php\/wp-json\/wp\/v2\/pages\/164\/revisions"}],"predecessor-version":[{"id":16390,"href":"https:\/\/www.krajskakniznicazilina.sk\/index.php\/wp-json\/wp\/v2\/pages\/164\/revisions\/16390"}],"up":[{"embeddable":true,"href":"https:\/\/www.krajskakniznicazilina.sk\/index.php\/wp-json\/wp\/v2\/pages\/51"}],"wp:attachment":[{"href":"https:\/\/www.krajskakniznicazilina.sk\/index.php\/wp-json\/wp\/v2\/media?parent=164"}],"curies":[{"name":"wp","href":"https:\/\/api.w.org\/{rel}","templated":true}]}}