{"id":165,"date":"2017-08-18T10:52:32","date_gmt":"2017-08-18T08:52:32","guid":{"rendered":"http:\/\/www.krajskakniznicazilina.sk\/novastranka\/?page_id=165"},"modified":"2023-01-16T07:36:43","modified_gmt":"2023-01-16T07:36:43","slug":"legislativa","status":"publish","type":"page","link":"https:\/\/www.krajskakniznicazilina.sk\/index.php\/pre-kniznice\/legislativa\/","title":{"rendered":"Legislat\u00edva"},"content":{"rendered":"<p style=\"text-align: justify;\"><a href=\"https:\/\/www.snk.sk\/images\/Informacie_pre\/Kniznice_a_knihovnikov\/Dokumenty_pre_knihovnikov\/Metodicke_usmernenie_MK_SR_Standardy_pre_verejne_kniznice.pdf\"><strong>Metodick\u00e9 usmernenie<\/strong>\u00a0MK SR \u010d. MK &#8211; 4315\/2020-110-11107 z 21. j\u00fala 2020\u00a0<strong>na ur\u010denie \u0161tandardov pre verejn\u00e9 kni\u017enice<\/strong><\/a><\/p>\n<p style=\"text-align: justify;\"><a href=\"https:\/\/www.snk.sk\/images\/povinne_zverejnovanie\/Legislativa\/Legislativa_18-2018.pdf\"><strong>Z\u00e1kon \u010d. 18\/2018<\/strong>\u00a0Z. z.<strong>\u00a0o ochrane osobn\u00fdch \u00fadajov<\/strong><\/a>, s\u00a0\u00fa\u010dinnos\u0165ou od 25. m\u00e1ja 2018<\/p>\n<p style=\"text-align: justify;\"><a href=\"https:\/\/www.krajskakniznicazilina.sk\/menu\/prekniz\/leg\/vyhl201_2016.pdf\"><strong>Vyhl\u00e1\u0161ka MK SR<\/strong> o sp\u00f4sobe vedenia odbornej evidencie kni\u017eni\u010dn\u00fdch dokumentov&#8230; <strong>\u010d. 201\/2016<\/strong><\/a><\/p>\n<p style=\"text-align: justify;\"><a title=\"autorsk\u00fd z\u00e1kon\" href=\"https:\/\/www.krajskakniznicazilina.sk\/menu\/prekniz\/leg\/az185_2015.pdf\"><strong>Autorsk\u00fd z\u00e1kon \u010d.185<\/strong> z 1. j\u00fala 2015<\/a><\/p>\n<p style=\"text-align: justify;\"><a href=\"https:\/\/www.culture.gov.sk\/wp-content\/uploads\/2019\/12\/Zakon_126_vyklad_platny.pdf\">Komentovan\u00fd v\u00fdklad <strong>Z\u00e1kona o kni\u017eniciach \u010d. 126\/2015<\/strong>, Z.z.<\/a> s \u00fa\u010dinnos\u0165ou od 1. j\u00fala 2015<\/p>\n<p style=\"text-align: justify;\"><a href=\"https:\/\/www.krajskakniznicazilina.sk\/menu\/prekniz\/leg\/smernicaVK_2010.pdf\"><strong>Smernica IFLA<\/strong> pre slu\u017eby verejn\u00fdch kni\u017en\u00edc 2010<\/a><\/p>\n<p style=\"text-align: justify;\"><a title=\"z\u00e1kon \u010d.546\" href=\"https:\/\/www.krajskakniznicazilina.sk\/menu\/prekniz\/leg\/z546_2010.pdf\"><strong>Z\u00e1kon \u010d.546\/2010<\/strong> ktor\u00fdm sa dop\u013a\u0148a z\u00e1kon \u010d. 40\/1964 Zb. Ob\u010diansky z\u00e1konn\u00edk v znen\u00ed neskor\u0161\u00edch predpisov a ktor\u00fdm sa menia a dopl\u0148aj\u00fa niektor\u00e9 z\u00e1kony<\/a><\/p>\n<p style=\"text-align: justify;\"><strong><a title=\"https:\/\/www.regionzilina.sk\/files\/odbory\/Ine\/2011\/januar\/metodicky-pokyn.doc\" href=\"https:\/\/www.krajskakniznicazilina.sk\/menu\/prekniz\/leg\/mpZSK_2010.pdf\" target=\"_self\" rel=\"noopener noreferrer\">Metodick\u00fd pokyn predsedu \u017dilinsk\u00e9ho samospr\u00e1vneho kraja \u010d. 2\/2010<\/a> <\/strong>k povinn\u00e9mu zverej\u0148ovaniu zml\u00fav, objedn\u00e1vok a fakt\u00far (\u010falej len \u201emetodick\u00fd pokyn\u201c)<\/p>\n<p style=\"text-align: justify;\"><strong><a title=\"z\u00e1kon k kni\u017eniciaich\" href=\"https:\/\/www.krajskakniznicazilina.sk\/menu\/prekniz\/leg\/z53_1959.pdf\">Z\u00e1kon o kni\u017eniciach&#8230; \u010d 53\/1959<\/a><\/strong><\/p>\n","protected":false},"excerpt":{"rendered":"<p>Metodick\u00e9 usmernenie\u00a0MK SR \u010d. MK &#8211; 4315\/2020-110-11107 z 21. j\u00fala 2020\u00a0na ur\u010denie \u0161tandardov pre verejn\u00e9 kni\u017enice Z\u00e1kon \u010d. 18\/2018\u00a0Z. z.\u00a0o ochrane osobn\u00fdch \u00fadajov, s\u00a0\u00fa\u010dinnos\u0165ou od 25. m\u00e1ja 2018 Vyhl\u00e1\u0161ka MK SR o sp\u00f4sobe vedenia odbornej evidencie kni\u017eni\u010dn\u00fdch dokumentov&#8230; \u010d. 201\/2016 Autorsk\u00fd z\u00e1kon \u010d.185 z 1. j\u00fala 2015 Komentovan\u00fd v\u00fdklad Z\u00e1kona o kni\u017eniciach \u010d. 126\/2015, Z.z. &#8230; <a title=\"Legislat\u00edva\" class=\"read-more\" href=\"https:\/\/www.krajskakniznicazilina.sk\/index.php\/pre-kniznice\/legislativa\/\" aria-label=\"Pre\u010d\u00edtajte si viac o Legislat\u00edva\">\u010c\u00edta\u0165 viac<\/a><\/p>\n","protected":false},"author":1,"featured_media":0,"parent":51,"menu_order":0,"comment_status":"closed","ping_status":"closed","template":"","meta":{"footnotes":""},"class_list":["post-165","page","type-page","status-publish"],"_links":{"self":[{"href":"https:\/\/www.krajskakniznicazilina.sk\/index.php\/wp-json\/wp\/v2\/pages\/165","targetHints":{"allow":["GET"]}}],"collection":[{"href":"https:\/\/www.krajskakniznicazilina.sk\/index.php\/wp-json\/wp\/v2\/pages"}],"about":[{"href":"https:\/\/www.krajskakniznicazilina.sk\/index.php\/wp-json\/wp\/v2\/types\/page"}],"author":[{"embeddable":true,"href":"https:\/\/www.krajskakniznicazilina.sk\/index.php\/wp-json\/wp\/v2\/users\/1"}],"replies":[{"embeddable":true,"href":"https:\/\/www.krajskakniznicazilina.sk\/index.php\/wp-json\/wp\/v2\/comments?post=165"}],"version-history":[{"count":16,"href":"https:\/\/www.krajskakniznicazilina.sk\/index.php\/wp-json\/wp\/v2\/pages\/165\/revisions"}],"predecessor-version":[{"id":10654,"href":"https:\/\/www.krajskakniznicazilina.sk\/index.php\/wp-json\/wp\/v2\/pages\/165\/revisions\/10654"}],"up":[{"embeddable":true,"href":"https:\/\/www.krajskakniznicazilina.sk\/index.php\/wp-json\/wp\/v2\/pages\/51"}],"wp:attachment":[{"href":"https:\/\/www.krajskakniznicazilina.sk\/index.php\/wp-json\/wp\/v2\/media?parent=165"}],"curies":[{"name":"wp","href":"https:\/\/api.w.org\/{rel}","templated":true}]}}