{"id":166,"date":"2017-08-18T10:52:32","date_gmt":"2017-08-18T08:52:32","guid":{"rendered":"http:\/\/www.krajskakniznicazilina.sk\/novastranka\/?page_id=166"},"modified":"2023-10-09T14:10:14","modified_gmt":"2023-10-09T12:10:14","slug":"online-informacie-pre-knihovnikov","status":"publish","type":"page","link":"https:\/\/www.krajskakniznicazilina.sk\/index.php\/pre-kniznice\/online-informacie-pre-knihovnikov\/","title":{"rendered":"Inform\u00e1cie pre knihovn\u00edkov a metodikov"},"content":{"rendered":"<h4 style=\"text-align: justify;\"><strong>Strategick\u00e9 dokumenty:<\/strong><\/h4>\n<ul style=\"text-align: justify;\">\n<li><a href=\"https:\/\/www.krajskakniznicazilina.sk\/index.php\/pre-kniznice\/legislativa\/\">Legislat\u00edva pre kni\u017enice<\/a><\/li>\n<li><a href=\"https:\/\/www.krajskakniznicazilina.sk\/menu\/prekniz\/onlineinfo\/knihov-15-20.pdf\">Strat\u00e9gia rozvoja slovensk\u00e9ho knihovn\u00edctva na roky 2015 &#8211; 2020<\/a><\/li>\n<li><a href=\"http:\/\/www.regionzilina.sk\/sk\/rozvojove-dokumenty-zsk\/program-hospodarskeho-socialneho-rozvoja-zsk-2014-2020.html\">Program hospod\u00e1rskeho a\u00a0soci\u00e1lneho rozvoja \u017dilinsk\u00e9ho samospr\u00e1vneho kraja na roky 2014 &#8211; 2020<\/a><\/li>\n<li><a href=\"https:\/\/www.snk.sk\/images\/Informacie_pre\/Kniznice_a_knihovnikov\/Dokumenty_pre_knihovnikov\/Standard_pre_dobry_kniznicny_fond.pdf\">\u0160tandard pre dobr\u00fd kni\u017eni\u010dn\u00fd fond<\/a> &#8211; metodick\u00fd pokyn Slovenskej n\u00e1rodnej kni\u017enice<\/li>\n<\/ul>\n<p style=\"text-align: justify;\"><strong>Vzdel\u00e1vanie knihovn\u00edkov<\/strong><\/p>\n<ul style=\"text-align: justify;\">\n<li><a href=\"https:\/\/www.snk.sk\/images\/Informacie_pre\/Kniznice_a_knihovnikov\/Dokumenty_pre_knihovnikov\/Metodika_vzdelavanie_knihovnikov.pdf\">Vzdel\u00e1vanie knihovn\u00edkov\u00a0v kni\u017eniciach (metodick\u00fd materi\u00e1l)<\/a><\/li>\n<li><a href=\"https:\/\/www.snk.sk\/images\/Informacie_pre\/Kniznice_a_knihovnikov\/Dokumenty_pre_knihovnikov\/Metodicky_material_pre_e_vzdelavanie_v_prostredi_kniznic.pdf\">Metodick\u00fd materi\u00e1l\u00a0pre e-vzdel\u00e1vanie\u00a0v prostred\u00ed kni\u017en\u00edc<\/a><\/li>\n<\/ul>\n<p style=\"text-align: justify;\"><strong>U\u017eito\u010dn\u00e9 inform\u00e1cie pre metodikov region\u00e1lnych kni\u017en\u00edc<\/strong><\/p>\n<ul style=\"text-align: justify;\">\n<li><a href=\"https:\/\/www.snk.sk\/images\/Informacie_pre\/Kniznice_a_knihovnikov\/Dokumenty_pre_knihovnikov\/Kniznice_knizniciam.pdf\">Kni\u017enice kni\u017eniciam<\/a>\u00a0&#8211;\u00a0Metodick\u00e9 \u00falohy region\u00e1lnych\u00a0kni\u017en\u00edc a region\u00e1lnych kni\u017en\u00edc\u00a0s krajskou p\u00f4sobnos\u0165ou vo\u010di\u00a0kni\u017eniciam v metodickej\u00a0p\u00f4sobnosti<\/li>\n<li><a href=\"https:\/\/www.snk.sk\/images\/Informacie_pre\/Kniznice_a_knihovnikov\/Dokumenty_pre_knihovnikov\/Realizacia_a_organizacia_webinarov_v_aplikacii_Airmeet.pdf\">Organiz\u00e1cia webin\u00e1rov\u00a0v online aplik\u00e1ci\u00ed\u00a0Airmeet<\/a><\/li>\n<\/ul>\n<h4 style=\"text-align: justify;\"><strong>U\u017eito\u010dn\u00e9 inform\u00e1cie pre knihovn\u00edkov:<\/strong><\/h4>\n<ul style=\"text-align: justify;\">\n<li><a href=\"http:\/\/www.snk.sk\/sk\/informacie-pre\/kniznice-a-knihovnikov\/statistika\/statistika-kult-10-01-rocny-vykaz-o-kniznici.html\">\u0160tatistika KULT (MK SR) 10-01 &#8211; Ro\u010dn\u00fd v\u00fdkaz o kni\u017enici<\/a><\/li>\n<li><a href=\"http:\/\/www.snk.sk\/sk\/13-informacie-pre\/668-dokumenty-ifla-a-ifla-unesco.html\">Preh\u013ead najd\u00f4le\u017eitej\u0161\u00edch\u00a0 dokumentov z\u00a0oblasti knihovn\u00edctva a\u00a0informa\u010dnej vedy<\/a><\/li>\n<li><a href=\"http:\/\/www.spgk.sk\/swift_data\/source\/pdf\/PRIRUCKA%202009.pdf\">Pr\u00edru\u010dka pre \u0161kolsk\u00e9ho knihovn\u00edka<\/a><\/li>\n<li><a href=\"http:\/\/www.snk.sk\/images\/Informacie_pre\/Kniznice_a_knihovnikov\/Dokumenty_pre_knihovnikov\/ORKS_Metodicke_odporucania_pre_budovanie_MsK.pdf\">Metodick\u00e9 odpor\u00fa\u010dania pre budovanie mestsk\u00fdch kni\u017en\u00edc<\/a><\/li>\n<li><a href=\"https:\/\/www.culture.gov.sk\/zlucovanie-skolskych-a-obecnych-kniznic\/\">Metodick\u00fd pokyn k\u00a0zlu\u010dovaniu \u0161kolsk\u00fdch a\u00a0obecn\u00fdch kni\u017en\u00edc<\/a><\/li>\n<li><a href=\"http:\/\/www.snk.sk\/images\/Informacie_pre\/Kniznice_a_knihovnikov\/Dokumenty_pre_knihovnikov\/ORKS_Ako_uctovat_kniznicne_dokumenty_odporucanie.pdf\">Ako \u00fa\u010dtova\u0165 kni\u017eni\u010dn\u00e9 dokumenty<\/a><\/li>\n<li><a href=\"https:\/\/www.snk.sk\/sk\/informacie-pre\/kniznice-a-knihovnikov\/medzinarodne-projekty-a-spolupraca\/benchmarking.html\">Inform\u00e1cie ku\u00a0projektu Benchmarking kni\u017en\u00edc<\/a><\/li>\n<li><a href=\"https:\/\/sdruk.cz\/\">SDRUK \u2013 Zdru\u017een\u00ed knihoven \u010cesk\u00e9 republiky<\/a><\/li>\n<li><a href=\"https:\/\/www.snk.sk\/images\/Informacie_pre\/Kniznice_a_knihovnikov\/Dokumenty_pre_knihovnikov\/ORKS_Postup_pri_ruseni_stagnujucich__kniznic.pdf\">Odpor\u00fa\u010dania na postup pri ru\u0161en\u00ed stagnuj\u00facich kni\u017en\u00edc<\/a><\/li>\n<li><a href=\"https:\/\/www.snk.sk\/images\/Informacie_pre\/Kniznice_a_knihovnikov\/Dokumenty_pre_knihovnikov\/ORKS_Metodicke_odporucania_prieskum_spokojnosti.pdf\">Metodick\u00e9 odpor\u00fa\u010dania k realiz\u00e1cii prieskumu spokojnosti pou\u017e\u00edvate\u013eov so slu\u017ebami kni\u017en\u00edc<\/a><\/li>\n<li><a href=\"https:\/\/snk.sk\/images\/Informacie_pre\/Kniznice_a_knihovnikov\/Dokumenty_pre_knihovnikov\/Metodicka_prirucka_pre_zriadovanie_zakladanie_zlucovanie_a_zrusenie_verejnych_kniznic_na_Slovensku.pdf\">Metodick\u00e1 pr\u00edru\u010dka pre zria\u010fovanie, zakladanie, zlu\u010dovanie a zru\u0161enie verejn\u00fdch kni\u017en\u00edc na Slovensku<\/a><\/li>\n<\/ul>\n<p style=\"text-align: justify;\"><strong>U\u017eito\u010dn\u00e9 inform\u00e1cie pre starostov obc\u00ed<\/strong><\/p>\n<ul>\n<li style=\"text-align: justify;\"><a href=\"https:\/\/snk.sk\/images\/Informacie_pre\/Kniznice_a_knihovnikov\/Dokumenty_pre_knihovnikov\/Prirucka_pre_starostov_a_zastupitelov_obci_pre_budovanie_a_fungovanie_kniznic.pdf\">Pr\u00edru\u010dka pre starostov a zastupite\u013eov obc\u00ed pre budovanie a fungovanie kni\u017en\u00edc<\/a><\/li>\n<\/ul>\n<hr \/>\n<h4><strong>Port\u00e1ly pre knihovn\u00edkov<\/strong><\/h4>\n<p><a href=\"http:\/\/www.infolib.sk\/sk\/\">InfoLib<\/a><\/p>\n<h4><a href=\"http:\/\/www.infolib.sk\/sk\/\"><img loading=\"lazy\" decoding=\"async\" class=\"alignright wp-image-482\" src=\"https:\/\/www.krajskakniznicazilina.sk\/menu\/prekniz\/onlineinfo\/infolib.png\" alt=\"Infolib\" width=\"230\" height=\"54\" \/><\/a><\/h4>\n<ul>\n<li>port\u00e1l pre kni\u017eni\u010dn\u00fa a informa\u010dn\u00fa te\u00f3riu a prax<\/li>\n<li>obsahuje aj legislat\u00edvne inform\u00e1cie pre knihovn\u00edkov<\/li>\n<\/ul>\n<p><a href=\"http:\/\/www.sakba.sk\/\">Slovensk\u00e1 asoci\u00e1cia kni\u017en\u00edc<\/a><\/p>\n<ul>\n<li>nez\u00e1visl\u00e9, dobrovo\u013en\u00e9 a otvoren\u00e9 z\u00e1ujmov\u00e9 zdru\u017eenie verejne pr\u00edstupn\u00fdch kni\u017en\u00edc v SR<\/li>\n<li><a href=\"http:\/\/www.sakba.sk\/bulletin\/\">Bulletin Slovenskej asoci\u00e1cie kni\u017en\u00edc<\/a> &#8211; v\u0161etko \u010do potrebujete vedie\u0165 z knihovn\u00edckeho sveta<\/li>\n<\/ul>\n<p><a href=\"http:\/\/www.fpu.sk\/sk\/\"><img loading=\"lazy\" decoding=\"async\" class=\"alignright\" src=\"https:\/\/www.krajskakniznicazilina.sk\/menu\/prekniz\/onlineinfo\/fnpu.png\" alt=\"fond na podporu umenia\" width=\"212\" height=\"90\" \/><\/a><\/p>\n<p><a href=\"http:\/\/www.fpu.sk\/sk\/\">Fond na podporu umenia<\/a> &#8211;\u00a0mimorozpo\u010dtov\u00e9 zdroje pre kni\u017enice<\/p>\n<h4>Odborn\u00e9 periodik\u00e1<\/h4>\n<ul>\n<li><a href=\"http:\/\/itlib.cvtisr.sk\/\">IT LIB<img decoding=\"async\" class=\"alignright\" src=\"https:\/\/www.krajskakniznicazilina.sk\/menu\/prekniz\/onlineinfo\/itlib.png\" alt=\"ITlib\" \/><\/a><\/li>\n<li><a href=\"http:\/\/ctenar.svkkl.cz\/\">\u010cten\u00e1\u0159<\/a><\/li>\n<li><a href=\"https:\/\/www.snk.sk\/sk\/obchod\/edicna-cinnost\/casopis-kniznica.html\">\u010casopis Kni\u017enica<\/a><\/li>\n<\/ul>\n<p><a href=\"http:\/\/www.regionzilina.sk\/sk\/phsr-zsk\/elektronicka-databaza-miest-obci-zsk.html\">Elektronick\u00e1 datab\u00e1za miest a obc\u00ed \u017dSK<\/a><\/p>\n","protected":false},"excerpt":{"rendered":"<p>Strategick\u00e9 dokumenty: Legislat\u00edva pre kni\u017enice Strat\u00e9gia rozvoja slovensk\u00e9ho knihovn\u00edctva na roky 2015 &#8211; 2020 Program hospod\u00e1rskeho a\u00a0soci\u00e1lneho rozvoja \u017dilinsk\u00e9ho samospr\u00e1vneho kraja na roky 2014 &#8211; 2020 \u0160tandard pre dobr\u00fd kni\u017eni\u010dn\u00fd fond &#8211; metodick\u00fd pokyn Slovenskej n\u00e1rodnej kni\u017enice Vzdel\u00e1vanie knihovn\u00edkov Vzdel\u00e1vanie knihovn\u00edkov\u00a0v kni\u017eniciach (metodick\u00fd materi\u00e1l) Metodick\u00fd materi\u00e1l\u00a0pre e-vzdel\u00e1vanie\u00a0v prostred\u00ed kni\u017en\u00edc U\u017eito\u010dn\u00e9 inform\u00e1cie pre metodikov region\u00e1lnych kni\u017en\u00edc &#8230; <a title=\"Inform\u00e1cie pre knihovn\u00edkov a metodikov\" class=\"read-more\" href=\"https:\/\/www.krajskakniznicazilina.sk\/index.php\/pre-kniznice\/online-informacie-pre-knihovnikov\/\" aria-label=\"Pre\u010d\u00edtajte si viac o Inform\u00e1cie pre knihovn\u00edkov a metodikov\">\u010c\u00edta\u0165 viac<\/a><\/p>\n","protected":false},"author":1,"featured_media":0,"parent":51,"menu_order":0,"comment_status":"closed","ping_status":"closed","template":"","meta":{"footnotes":""},"class_list":["post-166","page","type-page","status-publish"],"_links":{"self":[{"href":"https:\/\/www.krajskakniznicazilina.sk\/index.php\/wp-json\/wp\/v2\/pages\/166","targetHints":{"allow":["GET"]}}],"collection":[{"href":"https:\/\/www.krajskakniznicazilina.sk\/index.php\/wp-json\/wp\/v2\/pages"}],"about":[{"href":"https:\/\/www.krajskakniznicazilina.sk\/index.php\/wp-json\/wp\/v2\/types\/page"}],"author":[{"embeddable":true,"href":"https:\/\/www.krajskakniznicazilina.sk\/index.php\/wp-json\/wp\/v2\/users\/1"}],"replies":[{"embeddable":true,"href":"https:\/\/www.krajskakniznicazilina.sk\/index.php\/wp-json\/wp\/v2\/comments?post=166"}],"version-history":[{"count":24,"href":"https:\/\/www.krajskakniznicazilina.sk\/index.php\/wp-json\/wp\/v2\/pages\/166\/revisions"}],"predecessor-version":[{"id":11961,"href":"https:\/\/www.krajskakniznicazilina.sk\/index.php\/wp-json\/wp\/v2\/pages\/166\/revisions\/11961"}],"up":[{"embeddable":true,"href":"https:\/\/www.krajskakniznicazilina.sk\/index.php\/wp-json\/wp\/v2\/pages\/51"}],"wp:attachment":[{"href":"https:\/\/www.krajskakniznicazilina.sk\/index.php\/wp-json\/wp\/v2\/media?parent=166"}],"curies":[{"name":"wp","href":"https:\/\/api.w.org\/{rel}","templated":true}]}}