{"id":1912,"date":"2018-07-13T11:04:13","date_gmt":"2018-07-13T09:04:13","guid":{"rendered":"http:\/\/www.krajskakniznicazilina.sk\/?page_id=1912"},"modified":"2025-11-13T12:00:52","modified_gmt":"2025-11-13T11:00:52","slug":"e-knihy","status":"publish","type":"page","link":"https:\/\/www.krajskakniznicazilina.sk\/index.php\/sluzby\/e-knihy\/","title":{"rendered":"E-knihy"},"content":{"rendered":"<h3 style=\"text-align: justify;\"><a href=\"https:\/\/www.krajskakniznicazilina.sk\/index.php\/sluzby\/e-knihy\/evypozicky-palmknihy\/\"><strong>Kni\u017enica a eV\u00fdpo\u017ei\u010dky (Palmknihy)<\/strong><\/a><\/h3>\n<p style=\"text-align: justify;\">Krajsk\u00e1 kni\u017enica v \u017diline v spolupr\u00e1ci s \u010desk\u00fdm port\u00e1lom Palmknihy pon\u00faka \u010ditate\u013eom pr\u00edstup k viac ako 8 000 e-knih\u00e1m. \u010citatelia maj\u00fa mo\u017enos\u0165 po\u017ei\u010da\u0165 si e-knihy z pohodlia domova, prostredn\u00edctvom <a href=\"https:\/\/zsk.tritius.sk\/\"><strong>online katal\u00f3gu<\/strong><\/a>.<\/p>\n<hr \/>\n<h3 class=\"entry-title\" style=\"text-align: justify;\"><strong><a href=\"https:\/\/www.krajskakniznicazilina.sk\/index.php\/sluzby\/e-knihy\/kubo-club\/\">KUBO CLUB<\/a><\/strong><\/h3>\n<p style=\"text-align: justify;\">Slovensk\u00e1 digit\u00e1lna kni\u017enica pln\u00e1 detsk\u00fdch e-kn\u00edh, ktor\u00e1 je prisp\u00f4soben\u00e9 na \u010d\u00edtanie pre deti od 2 rokov.<\/p>\n<hr \/>\n<h3 class=\"entry-title\" style=\"text-align: justify;\"><a href=\"https:\/\/www.krajskakniznicazilina.sk\/index.php\/sluzby\/e-knihy\/bookport\/\"><strong>Bookport<\/strong><\/a><\/h3>\n<p style=\"text-align: justify;\">Krajsk\u00e1 kni\u017enica v\u00a0\u017diline je jednou z\u00a0\u010dlensk\u00fdch kni\u017en\u00edc konzorcia Kni\u017enice pre Slovensko. Ide o\u00a0iniciat\u00edvu\u00a0vedeckej kni\u017enice Centra vedecko-technick\u00fdch inform\u00e1ci\u00ed SR (CVTI SR). V\u010faka tejto spolupr\u00e1ci V\u00e1m m\u00f4\u017eete z\u00edska\u0165 pr\u00edstup do vzdialen\u00fdch <a href=\"https:\/\/nvk.cvtisr.sk\/sluzby\/elektronicke-informacne-zdroje\/\"><strong>Elektronick\u00fd informa\u010dn\u00fdch zdrojov (EIZ)<\/strong><\/a>, v ktor\u00fdch n\u00e1jdete desiatky plnotextov\u00fdch datab\u00e1z. Jednou z nich je aj datab\u00e1za\u00a0<strong>Bookport.<\/strong><\/p>\n<hr \/>\n<h3 class=\"entry-title\" style=\"text-align: justify;\"><a href=\"https:\/\/www.krajskakniznicazilina.sk\/index.php\/sluzby\/e-knihy\/libby\/\"><strong>Libby<\/strong><\/a><\/h3>\n<p style=\"text-align: justify;\"><a href=\"https:\/\/www.krajskakniznicazilina.sk\/index.php\/sluzby\/americke-centrum-zilina\/\"><strong>Americk\u00e9 centrum \u017dilina<\/strong><\/a> umo\u017e\u0148uje pr\u00edstup \u010ditate\u013eov do siete <strong>eLibrary USA,\u00a0<\/strong>\u010do je digit\u00e1lna zbierka informa\u010dn\u00fdch zdrojov obsahuj\u00faca kvalitn\u00e9 periodik\u00e1, noviny, \u010dasopisy, knihy, dizerta\u010dn\u00e9 pr\u00e1ce a\u00a0oce\u0148ovan\u00e9 filmy a\u00a0vide\u00e1. Po novom poskytuje aj pr\u00edstup do e-kni\u017enice\u00a0<strong>Libby.<\/strong>\u00a0T\u00e1to e-kni\u017enica prin\u00e1\u0161a neobmedzen\u00fd pr\u00edstup ku tis\u00edckam e-kn\u00edh, audiokn\u00edh a\u00a0\u010dasopisov\u00a0<strong>v\u00a0preva\u017ene anglickom jazyku.<\/strong><\/p>\n","protected":false},"excerpt":{"rendered":"<p>Kni\u017enica a eV\u00fdpo\u017ei\u010dky (Palmknihy) Krajsk\u00e1 kni\u017enica v \u017diline v spolupr\u00e1ci s \u010desk\u00fdm port\u00e1lom Palmknihy pon\u00faka \u010ditate\u013eom pr\u00edstup k viac ako 8 000 e-knih\u00e1m. \u010citatelia maj\u00fa mo\u017enos\u0165 po\u017ei\u010da\u0165 si e-knihy z pohodlia domova, prostredn\u00edctvom online katal\u00f3gu. KUBO CLUB Slovensk\u00e1 digit\u00e1lna kni\u017enica pln\u00e1 detsk\u00fdch e-kn\u00edh, ktor\u00e1 je prisp\u00f4soben\u00e9 na \u010d\u00edtanie pre deti od 2 rokov. Bookport Krajsk\u00e1 &#8230; <a title=\"E-knihy\" class=\"read-more\" href=\"https:\/\/www.krajskakniznicazilina.sk\/index.php\/sluzby\/e-knihy\/\" aria-label=\"Pre\u010d\u00edtajte si viac o E-knihy\">\u010c\u00edta\u0165 viac<\/a><\/p>\n","protected":false},"author":1,"featured_media":0,"parent":31,"menu_order":0,"comment_status":"closed","ping_status":"closed","template":"","meta":{"footnotes":""},"class_list":["post-1912","page","type-page","status-publish"],"_links":{"self":[{"href":"https:\/\/www.krajskakniznicazilina.sk\/index.php\/wp-json\/wp\/v2\/pages\/1912","targetHints":{"allow":["GET"]}}],"collection":[{"href":"https:\/\/www.krajskakniznicazilina.sk\/index.php\/wp-json\/wp\/v2\/pages"}],"about":[{"href":"https:\/\/www.krajskakniznicazilina.sk\/index.php\/wp-json\/wp\/v2\/types\/page"}],"author":[{"embeddable":true,"href":"https:\/\/www.krajskakniznicazilina.sk\/index.php\/wp-json\/wp\/v2\/users\/1"}],"replies":[{"embeddable":true,"href":"https:\/\/www.krajskakniznicazilina.sk\/index.php\/wp-json\/wp\/v2\/comments?post=1912"}],"version-history":[{"count":39,"href":"https:\/\/www.krajskakniznicazilina.sk\/index.php\/wp-json\/wp\/v2\/pages\/1912\/revisions"}],"predecessor-version":[{"id":16244,"href":"https:\/\/www.krajskakniznicazilina.sk\/index.php\/wp-json\/wp\/v2\/pages\/1912\/revisions\/16244"}],"up":[{"embeddable":true,"href":"https:\/\/www.krajskakniznicazilina.sk\/index.php\/wp-json\/wp\/v2\/pages\/31"}],"wp:attachment":[{"href":"https:\/\/www.krajskakniznicazilina.sk\/index.php\/wp-json\/wp\/v2\/media?parent=1912"}],"curies":[{"name":"wp","href":"https:\/\/api.w.org\/{rel}","templated":true}]}}