{"id":2201,"date":"2018-09-12T09:31:43","date_gmt":"2018-09-12T07:31:43","guid":{"rendered":"http:\/\/www.krajskakniznicazilina.sk\/?page_id=2201"},"modified":"2025-12-10T10:01:36","modified_gmt":"2025-12-10T09:01:36","slug":"literarna-cena-jana-fratrika","status":"publish","type":"page","link":"https:\/\/www.krajskakniznicazilina.sk\/index.php\/podujatia\/skoly\/literarna-cena-jana-fratrika\/","title":{"rendered":"Liter\u00e1rna cena Janka Fr\u00e1trika"},"content":{"rendered":"<p style=\"text-align: justify;\">Liter\u00e1rna s\u00fat\u030ca\u017e pre \u017eiakov z\u00e1kladn\u00fdch \u0161k\u00f4l, osemroc\u030cn\u00fdch gymn\u00e1zi\u00ed, stredn\u00fdch odborn\u00fdch \u0161k\u00f4l a gymn\u00e1zi\u00ed. Mesto \u017dilina a Krajsk\u00e1 kni\u017enica v \u017diline v zriad\u030covatel\u030cskej p\u00f4sobnosti \u017dilinsk\u00e9ho samospr\u00e1vneho kraja v roku 2016 vyhl\u00e1sili I. roc\u030cn\u00edk s\u00fat\u030ca\u017ee.<\/p>\n<p style=\"text-align: justify;\">Liter\u00e1rna s\u00fat\u030ca\u017e si kladie za ciel\u030c objavovat\u030c nov\u00e9 b\u00e1snick\u00e9 talenty, dat\u030c im \u0161ancu vynikn\u00fat\u030c, podporit\u030c liter\u00e1rnu tvorbu s ciel\u030com rozv\u00edjat\u030c pozit\u00edvne myslenie mlad\u00fdch liter\u00e1rnych talentov, podporit\u030c \u00factu k mor\u00e1lnym hodnot\u00e1m a pripomen\u00fat\u030c si v\u00fdznamn\u00e9ho \u017eilinsk\u00e9ho b\u00e1snika, prekladatel\u030ca a pedag\u00f3ga, jedn\u00e9ho z najv\u00fdznamnej\u0161\u00edch predstavitel\u030cov Katol\u00edckej moderny na Slovensku Janka Fr\u00e1trika. S\u00fat\u030ca\u017e o Liter\u00e1rnu cenu Janka Fr\u00e1trika bude vyhlasovan\u00e1 pravidelne ka\u017ed\u00fd rok.<\/p>\n<p style=\"text-align: justify;\">Liter\u00e1rna s\u00fa\u0165a\u017e pre deti a ml\u00e1de\u017e do 20 rokov.\u00a0<strong><a href=\"http:\/\/www.krajskakniznicazilina.sk\/menu\/podu\/skoly\/lcjf\/lcjf2025prop.pdf\">Propoz\u00edcie s\u00fa\u0165a\u017ee<\/a> 10. ro\u010dn\u00edka \/ 2025<\/strong>.\u00a0Liter\u00e1rne pr\u00e1ce posielajte najnesk\u00f4r do<strong> 10. novembra 2025<\/strong>. V\u00fdhercovia prv\u00fdch troch miest v ka\u017edej kateg\u00f3rii bud\u00fa pozvan\u00ed na sl\u00e1vnostn\u00e9 vyhl\u00e1senie v\u00fdsledkov, ktor\u00e9 sa uskuto\u010dn\u00ed v decembri 2025 v Krajskej kni\u017enici v \u017diline.<\/p>\n<p><strong>Krit\u00e9ri\u00e1 s\u00fa\u0165a\u017ee:<\/strong><\/p>\n<p style=\"text-align: justify;\">liter\u00e1rna s\u00fa\u0165a\u017e je zameran\u00e1 na tvorbu po\u00e9zie bez zadania t\u00e9my a je ur\u010den\u00e1 de\u0165om a mlad\u00fdm \u013eu\u010fom do 20 rokov, ktor\u00ed trvale \u017eij\u00fa na \u00fazem\u00ed SR. Doru\u010den\u00e9 pr\u00e1ce bud\u00fa hodnoten\u00e9 v troch vekov\u00fdch kateg\u00f3ri\u00e1ch\u00a0a\u00a0v\u00a0r\u00e1mci prv\u00fdch dvoch kateg\u00f3ri\u00ed bud\u00fa pr\u00e1ce rozdelen\u00e9 do dvoch skup\u00edn: 1. skupina \u2013 pr\u00e1ce det\u00ed z\u00e1kladn\u00fdch \u0161k\u00f4l, 2. skupina \u2013\u00a0pr\u00e1ce det\u00ed z\u00e1kladn\u00fdch umeleck\u00fdch \u0161k\u00f4l.<\/p>\n<p style=\"text-align: justify;\">Doru\u010den\u00e9 pr\u00e1ce bud\u00fa hodnoten\u00e9 v \u0161tyroch vekov\u00fdch kateg\u00f3ri\u00e1ch:<\/p>\n<ol>\n<li><strong>kateg\u00f3ria: <\/strong>\u017eiaci 5. a 6. ro\u010dn\u00edka Z\u0160 a \u017eiaci triedy prima osemro\u010dn\u00fdch gymn\u00e1zi\u00ed, osobitne bud\u00fa hodnoten\u00ed a ocenen\u00ed \u017eiaci nav\u0161tevuj\u00faci z\u00e1kladn\u00e9 umeleck\u00e9 \u0161koly<\/li>\n<li><strong>kateg\u00f3ria<\/strong>: \u017eiaci 7. a\u017e 9. ro\u010dn\u00edka Z\u0160 a \u017eiaci tried sekunda, tercia a kvarta osemro\u010dn\u00fdch gymn\u00e1zi\u00ed, osobitne bud\u00fa hodnoten\u00ed a ocenen\u00ed \u017eiaci nav\u0161tevuj\u00faci z\u00e1kladn\u00e9 umeleck\u00e9 \u0161koly<\/li>\n<li><strong>kateg\u00f3ria<\/strong>: \u0161tudenti stredn\u00fdch odborn\u00fdch \u0161k\u00f4l a gymn\u00e1zi\u00ed a \u017eiaci tried kvinta, sexta, septima a okt\u00e1va osemro\u010dn\u00fdch gymn\u00e1zi\u00ed \/v tejto kateg\u00f3rii pr\u00e1ce nebud\u00fa rozdelen\u00e9 do skup\u00edn\/<\/li>\n<\/ol>\n<p style=\"text-align: justify;\">S\u00fa\u0165a\u017en\u00e9 pr\u00e1ce by nemali by\u0165 doposia\u013e publikovan\u00e9, musia by\u0165 nap\u00edsan\u00e9 v slovenskom jazyku v maxim\u00e1lnom rozsahu 2 textov\u00e9 strany A4, v 3. vekovej kateg\u00f3rii max. 3 textov\u00e9 strany A4 a poslan\u00e9 na adresu:<\/p>\n<p>Krajsk\u00e1 kni\u017enica v \u017diline,<br \/>\nUl. A. Bernol\u00e1ka 47,<br \/>\n011 77 \u017dilina.<\/p>\n<p>Ob\u00e1lku ozna\u010dte n\u00e1pisom \u201e<strong>Liter\u00e1rna cena Janka Fr\u00e1trika 2025<\/strong>\u201c alebo po\u0161lite mailom na adresu: <a href=\"mailto:sobolova@krajskakniznicazilina.sk\"><strong>sobolova@krajskakniznicazilina.sk<\/strong><\/a><\/p>\n<p style=\"text-align: justify;\">Spolu so s\u00fa\u0165a\u017enou pr\u00e1cou vlo\u017ete do ob\u00e1lky alebo prilo\u017ete k mailu prihl\u00e1\u0161ku (<a href=\"https:\/\/www.krajskakniznicazilina.sk\/menu\/podu\/skoly\/lcjf\/lcjf2025prop.pdf\">propoz\u00edcie s\u00fa\u0165a\u017ee<\/a>) s uveden\u00edm mena, priezviska, trval\u00e9ho bydliska, adresy \u0161koly, ro\u010dn\u00edka a mailov\u00e9ho kontaktu na pedag\u00f3ga, ktor\u00fd s\u00fa\u0165a\u017e na \u0161kole organiza\u010dne zabezpe\u010duje. S\u00fa\u0165a\u017e je verejn\u00e1. Odoslan\u00edm pr\u00e1ce do s\u00fa\u0165a\u017ee d\u00e1vate z\u00e1rove\u0148 s\u00fahlas na pr\u00edpadn\u00e9 publikovanie a zverejnenie mien v\u00fdhercov a fotografi\u00ed na webovej str\u00e1nke Krajskej kni\u017enice v \u017diline, na soci\u00e1lnych sie\u0165ach a v in\u00fdch m\u00e9di\u00e1ch. Men\u00e1 \u00fa\u010dastn\u00edkov, ktor\u00ed ocenenie nez\u00edskaj\u00fa nebud\u00fa zverejnen\u00e9.<\/p>\n<p style=\"text-align: justify;\">Bli\u017e\u0161ie inform\u00e1cie o s\u00fa\u0165a\u017ei z\u00edskate na tel. \u010d\u00edsle:\u00a0<strong>041\/7233090<\/strong> (Sobolov\u00e1, Pastorkov\u00e1) alebo mailom <a href=\"mailto:sobolova@krajskakniznicazilina.sk\"><strong>sobolova@krajskakniznicazilina.sk<\/strong><\/a><\/p>\n<hr \/>\n<h4><strong>V\u00fdsledky s\u00fa\u0165a\u017ee:<\/strong><\/h4>\n<p><a href=\"https:\/\/www.krajskakniznicazilina.sk\/index.php\/2025\/12\/03\/vysledky-sutaze-literarna-cena-janka-fratrika-2025-10-rocnik\/\"><strong>Liter\u00e1rna cena Janka Fr\u00e1trika 2025<\/strong><\/a> (<a href=\"https:\/\/www.krajskakniznicazilina.sk\/menu\/podu\/skoly\/lcjf\/lcjf2025(1).jpg\">fotografia ocenen\u00fdch<\/a>, <a href=\"https:\/\/www.krajskakniznicazilina.sk\/menu\/podu\/skoly\/lcjf\/lcjf2025(2).jpg\">fotografia ocenen\u00fdch<\/a>, <a href=\"https:\/\/www.krajskakniznicazilina.sk\/menu\/podu\/skoly\/lcjf\/lcjf2025(3).jpg\">fotografia ocenen\u00fdch<\/a>, <a href=\"https:\/\/www.krajskakniznicazilina.sk\/menu\/podu\/skoly\/lcjf\/lcjf2025(4).jpg\">z programu<\/a>)<\/p>\n<p><a href=\"https:\/\/www.krajskakniznicazilina.sk\/index.php\/2024\/11\/29\/vysledky-sutaze-literarna-cena-janka-fratrika-2024-9-rocnik\/\"><strong>Liter\u00e1rna cena Janka Fr\u00e1trika 2024<\/strong><\/a> (<a href=\"https:\/\/www.krajskakniznicazilina.sk\/menu\/podu\/skoly\/lcjf\/lcjf2024%20(1).JPG\">fotografia ocenen\u00fdch<\/a>, <a href=\"https:\/\/www.krajskakniznicazilina.sk\/menu\/podu\/skoly\/lcjf\/lcjf2024%20(2).JPG\">z programu<\/a>, <a href=\"https:\/\/www.krajskakniznicazilina.sk\/menu\/podu\/skoly\/lcjf\/lcjf2024%20(3).JPG\">z programu<\/a>)<\/p>\n<p><a href=\"https:\/\/www.krajskakniznicazilina.sk\/index.php\/2023\/12\/04\/vysledky-sutaze-literarna-cena-janka-fratrika-2023-8-rocnik\/\"><strong>Liter\u00e1rna cena Janka Fr\u00e1trika 2023<\/strong><\/a>(<a href=\"https:\/\/www.krajskakniznicazilina.sk\/menu\/podu\/skoly\/lcjf\/lcjf2023.JPG\">fotografia ocenen\u00fdch<\/a>)<\/p>\n<p><a href=\"https:\/\/www.krajskakniznicazilina.sk\/index.php\/2022\/12\/06\/vysledky-sutaze-literarna-cena-janka-fratrika-2022-7-rocnik\/\"><strong>Liter\u00e1rna cena Janka Fr\u00e1trika 2022<\/strong><\/a> (<a href=\"https:\/\/www.krajskakniznicazilina.sk\/menu\/podu\/skoly\/lcjf\/LCJF2022_vyhod.JPG\">fotografia ocenen\u00fdch<\/a>, <a href=\"https:\/\/www.krajskakniznicazilina.sk\/menu\/podu\/skoly\/lcjf\/LCJF2022.jpg\">z odovzd\u00e1vania ocenen\u00fdch<\/a>)<\/p>\n<p><a href=\"https:\/\/www.krajskakniznicazilina.sk\/index.php\/2021\/12\/03\/vysledky-sutaze-literarna-cena-janka-fratrika-2021-6-rocnik\/\"><strong>Liter\u00e1rna cena Janka Fr\u00e1trika 2021<\/strong><\/a><\/p>\n<p><a href=\"https:\/\/www.krajskakniznicazilina.sk\/index.php\/2021\/01\/11\/vysledky-sutaze-literarna-cena-janka-fratrika-2020-5-rocnik\/\"><strong>Liter\u00e1rna cena Janka Fr\u00e1trika 2020<\/strong><\/a><\/p>\n<p><a href=\"https:\/\/www.krajskakniznicazilina.sk\/menu\/podu\/skoly\/lcjf\/LCJF2019_vysledky.pdf\"><strong>Liter\u00e1rna cena Janka Fr\u00e1trika 2019<\/strong><\/a> (<a href=\"https:\/\/www.krajskakniznicazilina.sk\/menu\/podu\/skoly\/lcjf\/LCJF2019_5.JPG\">fotografia ocenen\u00fdch<\/a>, <a href=\"https:\/\/www.krajskakniznicazilina.sk\/menu\/podu\/skoly\/lcjf\/LCJF2019_1%20.JPG\">ocenen\u00ed<\/a>, <a href=\"https:\/\/www.krajskakniznicazilina.sk\/menu\/podu\/skoly\/lcjf\/LCJF2019_2.JPG\">ocenen\u00ed<\/a>, <a href=\"https:\/\/www.krajskakniznicazilina.sk\/menu\/podu\/skoly\/lcjf\/LCJF2019_4.JPG\">ocenen\u00ed<\/a>)<\/p>\n<p><a href=\"https:\/\/www.krajskakniznicazilina.sk\/menu\/podu\/skoly\/lcjf\/LCJF2018vysledky.pdf\"><strong>Liter\u00e1rna cena Janka Fr\u00e1trika 2018<\/strong><\/a> <a href=\"https:\/\/www.krajskakniznicazilina.sk\/menu\/podu\/skoly\/lcjf\/LCJF2018.JPG\">(fotografia ocenen\u00fdch)<\/a><\/p>\n<p><a href=\"https:\/\/www.krajskakniznicazilina.sk\/menu\/podu\/skoly\/lcjf\/LCJF2017vysledky.pdf\"><strong>Liter\u00e1rna cena Janka Fr\u00e1trika 2017<\/strong><\/a> <a href=\"https:\/\/www.krajskakniznicazilina.sk\/menu\/podu\/skoly\/lcjf\/LCJF2017.jpg\">(fotografia ocenen\u00fdch)<\/a><\/p>\n<p><a href=\"https:\/\/www.krajskakniznicazilina.sk\/menu\/podu\/skoly\/lcjf\/LCJF2016vysledky.pdf\"><strong>Liter\u00e1rna cena Janka Fr\u00e1trika 2016<\/strong><\/a> (<a href=\"https:\/\/www.krajskakniznicazilina.sk\/menu\/podu\/skoly\/lcjf\/LCJF2016.JPG\">fotografia ocenen\u00fdch<\/a>)<\/p>\n","protected":false},"excerpt":{"rendered":"<p>Liter\u00e1rna s\u00fat\u030ca\u017e pre \u017eiakov z\u00e1kladn\u00fdch \u0161k\u00f4l, osemroc\u030cn\u00fdch gymn\u00e1zi\u00ed, stredn\u00fdch odborn\u00fdch \u0161k\u00f4l a gymn\u00e1zi\u00ed. Mesto \u017dilina a Krajsk\u00e1 kni\u017enica v \u017diline v zriad\u030covatel\u030cskej p\u00f4sobnosti \u017dilinsk\u00e9ho samospr\u00e1vneho kraja v roku 2016 vyhl\u00e1sili I. roc\u030cn\u00edk s\u00fat\u030ca\u017ee. Liter\u00e1rna s\u00fat\u030ca\u017e si kladie za ciel\u030c objavovat\u030c nov\u00e9 b\u00e1snick\u00e9 talenty, dat\u030c im \u0161ancu vynikn\u00fat\u030c, podporit\u030c liter\u00e1rnu tvorbu s ciel\u030com rozv\u00edjat\u030c pozit\u00edvne myslenie &#8230; <a title=\"Liter\u00e1rna cena Janka Fr\u00e1trika\" class=\"read-more\" href=\"https:\/\/www.krajskakniznicazilina.sk\/index.php\/podujatia\/skoly\/literarna-cena-jana-fratrika\/\" aria-label=\"Pre\u010d\u00edtajte si viac o Liter\u00e1rna cena Janka Fr\u00e1trika\">\u010c\u00edta\u0165 viac<\/a><\/p>\n","protected":false},"author":1,"featured_media":0,"parent":147,"menu_order":0,"comment_status":"closed","ping_status":"closed","template":"","meta":{"footnotes":""},"class_list":["post-2201","page","type-page","status-publish"],"_links":{"self":[{"href":"https:\/\/www.krajskakniznicazilina.sk\/index.php\/wp-json\/wp\/v2\/pages\/2201","targetHints":{"allow":["GET"]}}],"collection":[{"href":"https:\/\/www.krajskakniznicazilina.sk\/index.php\/wp-json\/wp\/v2\/pages"}],"about":[{"href":"https:\/\/www.krajskakniznicazilina.sk\/index.php\/wp-json\/wp\/v2\/types\/page"}],"author":[{"embeddable":true,"href":"https:\/\/www.krajskakniznicazilina.sk\/index.php\/wp-json\/wp\/v2\/users\/1"}],"replies":[{"embeddable":true,"href":"https:\/\/www.krajskakniznicazilina.sk\/index.php\/wp-json\/wp\/v2\/comments?post=2201"}],"version-history":[{"count":37,"href":"https:\/\/www.krajskakniznicazilina.sk\/index.php\/wp-json\/wp\/v2\/pages\/2201\/revisions"}],"predecessor-version":[{"id":16408,"href":"https:\/\/www.krajskakniznicazilina.sk\/index.php\/wp-json\/wp\/v2\/pages\/2201\/revisions\/16408"}],"up":[{"embeddable":true,"href":"https:\/\/www.krajskakniznicazilina.sk\/index.php\/wp-json\/wp\/v2\/pages\/147"}],"wp:attachment":[{"href":"https:\/\/www.krajskakniznicazilina.sk\/index.php\/wp-json\/wp\/v2\/media?parent=2201"}],"curies":[{"name":"wp","href":"https:\/\/api.w.org\/{rel}","templated":true}]}}