{"id":2341,"date":"2018-10-05T10:39:14","date_gmt":"2018-10-05T08:39:14","guid":{"rendered":"http:\/\/www.krajskakniznicazilina.sk\/?page_id=2341"},"modified":"2025-10-07T13:26:25","modified_gmt":"2025-10-07T11:26:25","slug":"ochrana-osobnych-udajov","status":"publish","type":"page","link":"https:\/\/www.krajskakniznicazilina.sk\/index.php\/sluzby\/ochrana-osobnych-udajov\/","title":{"rendered":"Ochrana osobn\u00fdch \u00fadajov"},"content":{"rendered":"<p style=\"text-align: justify;\">Spracovanie osobn\u00fdch \u00fadajov je realizovan\u00e9 v s\u00falade s platn\u00fdmi legislat\u00edvnymi dokumentmi SR a E\u00da &#8211; Z\u00e1konom o ochrane osobn\u00fdch \u00fadajov \u010d.18\/2018 a Nariaden\u00edm Eur\u00f3pskeho parlamentu a Rady (E\u00da) 2016\/679.<\/p>\n<p style=\"text-align: justify;\">Legislat\u00edvnym r\u00e1mcom pre spracovanie osobn\u00fdch \u00fadajov pou\u017e\u00edvate\u013eov je Z\u00e1kon \u010d. 126\/2015 Z. z. o kni\u017eniciach, ktor\u00fd ur\u010duje rozsah spracovania osobn\u00fdch \u00fadajov. Podp\u00edsan\u00edm prihl\u00e1\u0161ky vznik\u00e1 medzi pou\u017e\u00edvate\u013eom a kni\u017enicou zmluvn\u00fd vz\u0165ah v zmysle z\u00e1kona \u010d. 40\/1964 Ob\u010diansky z\u00e1konn\u00edk.<\/p>\n<p style=\"text-align: justify;\">Povinn\u00e9 \u00fadaje pre registrovanie pou\u017e\u00edvate\u013ea s\u00fa: meno a priezvisko, trval\u00e9 bydlisko, d\u00e1tum narodenia, druh a \u010d\u00edslo osobn\u00e9ho dokladu (s v\u00fdnimkou malolet\u00fdch). Nepovinn\u00e9 \u00fadaje s\u00fa: titul, kontaktn\u00e1 adresa, email, telef\u00f3nne \u010d\u00edslo, dosiahnut\u00e9 vzdelanie. \u00dadaj pre poskytnutie z\u013eavy pri registr\u00e1cii: \u017eiak, \u0161tudent, V\u0160 \u0161tudent, nezamestnan\u00fd, \u017eena na materskej dovolenke, d\u00f4chodca, vojnov\u00fd veter\u00e1n, dr\u017eite\u013e preukazu Z\u0164P, invalidn\u00fd d\u00f4chodca, Univerzita 3.veku a i.<\/p>\n<p style=\"text-align: justify;\">Povinn\u00e9 \u00fadaje z\u00e1konn\u00e9ho z\u00e1stupcu s\u00fa spracov\u00e1van\u00e9 v obdobnom rozsahu a \u0161trukt\u00fare ako \u00fadaje pou\u017e\u00edvate\u013ea s v\u00fdnimkou d\u00e1tumu narodenia. Nepovinn\u00e9 \u00fadaje nemusia by\u0165 uveden\u00e9, sl\u00fa\u017eia najm\u00e4 na efekt\u00edvnej\u0161iu komunik\u00e1ciu s kni\u017enicou.<\/p>\n<p style=\"text-align: justify;\">Po skon\u010den\u00ed \u010dlenstva, vyrovnan\u00ed z\u00e1v\u00e4zkov vo\u010di kni\u017enici a po splnen\u00ed z\u00e1konom dan\u00e9ho \u00fa\u010delu \u0161tatistick\u00e9ho vykazovania s\u00fa osobn\u00e9 \u00fadaje v datab\u00e1ze zlikvidovan\u00e9 najnesk\u00f4r do 365 dn\u00ed od skon\u010denia \u010dlenstva, alebo i sk\u00f4r na z\u00e1klade p\u00edsomnej \u017eiadosti pou\u017e\u00edvate\u013ea. Likvid\u00e1cia sa uskuto\u010d\u0148uje :<\/p>\n<ul>\n<li style=\"text-align: justify;\">skartovan\u00edm prihl\u00e1\u0161ky a in\u00fdch fyzick\u00fdch dokumentov,<\/li>\n<li style=\"text-align: justify;\">anonymiz\u00e1ciou osobn\u00fdch \u00fadajov v po\u010d\u00edta\u010dovej datab\u00e1ze; anonymizovan\u00e9 \u00fadaje s\u00fa \u010falej pou\u017e\u00edvan\u00e9 len pre \u0161tatistick\u00e9 \u00fa\u010dely bez v\u00e4zby na konkr\u00e9tneho pou\u017e\u00edvate\u013ea.<\/li>\n<\/ul>\n<p style=\"text-align: justify;\">Pou\u017e\u00edvate\u013e m\u00e1 pr\u00e1vo po\u017eiada\u0165 o v\u00fdpis svojich osobn\u00fdch \u00fadajov, ktor\u00e9 kni\u017enica spracov\u00e1va. V pr\u00edpade pochybnosti o spracovan\u00ed a uchov\u00e1van\u00ed svojich osobn\u00fdch \u00fadajov m\u00f4\u017ee po\u017eiada\u0165 o vysvetlenie, resp. n\u00e1pravu zisten\u00e9ho stavu (opravou, doplnen\u00edm, obmedzen\u00edm spracovania alebo likvid\u00e1ciou osobn\u00fdch \u00fadajov), a to osobne alebo p\u00edsomne na adresu kni\u017enice. V pr\u00edpade nulov\u00fdch podl\u017enost\u00ed vo\u010di kni\u017enici a na z\u00e1klade p\u00edsomn\u00e9ho po\u017eiadania kni\u017enica zlikviduje osobn\u00e9 \u00fadaje pou\u017e\u00edvate\u013ea ihne\u010f po schv\u00e1len\u00ed \u017eiadosti.<\/p>\n<p style=\"text-align: justify;\">Inform\u00e1cie o svojich aktivit\u00e1ch rozposiela kni\u017enica len na z\u00e1klade s\u00fahlasu, ktor\u00fd je mo\u017en\u00e9 udeli\u0165, resp. odvola\u0165 osobne v kni\u017enici, telefonicky na \u010d\u00edsle 041\/723 30 90 alebo mailom na adrese<br \/>\nkniznica@krajskakniznicazilina.sk. Po\u010das vybran\u00fdch kult\u00farnych a vzdel\u00e1vac\u00edch\u00a0podujat\u00ed kni\u017enica zhotovuje fotodokument\u00e1ciu na propaga\u010dn\u00e9 a arch\u00edvne \u00fa\u010dely. Pokia\u013e si \u00fa\u010dastn\u00edk podujatia nepraje by\u0165 zachyten\u00fd na dokument\u00e1ci\u00ed, ozn\u00e1mi t\u00fato skuto\u010dnos\u0165 knihovn\u00edkom pred za\u010diatkom podujatia.<\/p>\n<p style=\"text-align: justify;\">Pr\u00edstup k osobn\u00fdm \u00fadajom maj\u00fa iba t\u00ed zamestnanci kni\u017enice, od ktor\u00fdch to vy\u017eaduje plnenie pracovn\u00fdch \u00faloh. O zisten\u00fdch \u00fadajoch s\u00fa povinn\u00ed zachov\u00e1va\u0165 ml\u010danlivos\u0165, a to aj po zaniknut\u00ed pracovn\u00e9ho pomeru.<\/p>\n","protected":false},"excerpt":{"rendered":"<p>Spracovanie osobn\u00fdch \u00fadajov je realizovan\u00e9 v s\u00falade s platn\u00fdmi legislat\u00edvnymi dokumentmi SR a E\u00da &#8211; Z\u00e1konom o ochrane osobn\u00fdch \u00fadajov \u010d.18\/2018 a Nariaden\u00edm Eur\u00f3pskeho parlamentu a Rady (E\u00da) 2016\/679. Legislat\u00edvnym r\u00e1mcom pre spracovanie osobn\u00fdch \u00fadajov pou\u017e\u00edvate\u013eov je Z\u00e1kon \u010d. 126\/2015 Z. z. o kni\u017eniciach, ktor\u00fd ur\u010duje rozsah spracovania osobn\u00fdch \u00fadajov. Podp\u00edsan\u00edm prihl\u00e1\u0161ky vznik\u00e1 medzi pou\u017e\u00edvate\u013eom &#8230; <a title=\"Ochrana osobn\u00fdch \u00fadajov\" class=\"read-more\" href=\"https:\/\/www.krajskakniznicazilina.sk\/index.php\/sluzby\/ochrana-osobnych-udajov\/\" aria-label=\"Pre\u010d\u00edtajte si viac o Ochrana osobn\u00fdch \u00fadajov\">\u010c\u00edta\u0165 viac<\/a><\/p>\n","protected":false},"author":1,"featured_media":0,"parent":31,"menu_order":0,"comment_status":"closed","ping_status":"closed","template":"","meta":{"footnotes":""},"class_list":["post-2341","page","type-page","status-publish"],"_links":{"self":[{"href":"https:\/\/www.krajskakniznicazilina.sk\/index.php\/wp-json\/wp\/v2\/pages\/2341","targetHints":{"allow":["GET"]}}],"collection":[{"href":"https:\/\/www.krajskakniznicazilina.sk\/index.php\/wp-json\/wp\/v2\/pages"}],"about":[{"href":"https:\/\/www.krajskakniznicazilina.sk\/index.php\/wp-json\/wp\/v2\/types\/page"}],"author":[{"embeddable":true,"href":"https:\/\/www.krajskakniznicazilina.sk\/index.php\/wp-json\/wp\/v2\/users\/1"}],"replies":[{"embeddable":true,"href":"https:\/\/www.krajskakniznicazilina.sk\/index.php\/wp-json\/wp\/v2\/comments?post=2341"}],"version-history":[{"count":6,"href":"https:\/\/www.krajskakniznicazilina.sk\/index.php\/wp-json\/wp\/v2\/pages\/2341\/revisions"}],"predecessor-version":[{"id":16038,"href":"https:\/\/www.krajskakniznicazilina.sk\/index.php\/wp-json\/wp\/v2\/pages\/2341\/revisions\/16038"}],"up":[{"embeddable":true,"href":"https:\/\/www.krajskakniznicazilina.sk\/index.php\/wp-json\/wp\/v2\/pages\/31"}],"wp:attachment":[{"href":"https:\/\/www.krajskakniznicazilina.sk\/index.php\/wp-json\/wp\/v2\/media?parent=2341"}],"curies":[{"name":"wp","href":"https:\/\/api.w.org\/{rel}","templated":true}]}}