{"id":31,"date":"2017-08-17T08:24:48","date_gmt":"2017-08-17T06:24:48","guid":{"rendered":"http:\/\/www.krajskakniznicazilina.sk\/novastranka\/?page_id=31"},"modified":"2022-09-20T06:08:03","modified_gmt":"2022-09-20T05:08:03","slug":"sluzby","status":"publish","type":"page","link":"https:\/\/www.krajskakniznicazilina.sk\/index.php\/sluzby\/","title":{"rendered":"Slu\u017eby"},"content":{"rendered":"<p style=\"text-align: justify;\">Krajsk\u00e1 kni\u017enica v \u017diline poskytuje slu\u017eby\u00a0pre v\u0161etk\u00fdch ob\u010danov bez obmedzenia. Poskytuje z\u00e1kladn\u00e9 a \u0161peci\u00e1lne kni\u017eni\u010dno-informa\u010dn\u00e9 slu\u017eby. Z\u00e1kladn\u00e9 slu\u017eby s\u00fa poskytovan\u00e9 bezplatne, \u0161peci\u00e1lne slu\u017eby s\u00fa spoplatnen\u00e9 <a href=\"https:\/\/www.krajskakniznicazilina.sk\/index.php\/sluzby\/cennik\/\">aktu\u00e1lnym cenn\u00edkom<\/a>. V\u0161etky slu\u017eby s\u00fa poskytovan\u00e9 len dr\u017eite\u013eom platn\u00e9ho \u010ditate\u013esk\u00e9ho preukazu.<\/p>\n<ul style=\"text-align: justify;\">\n<li><strong>prezen\u010dn\u00e9 a absen\u010dn\u00e9 v\u00fdpo\u017ei\u010dn\u00e9 slu\u017eby<\/strong> z fondu kni\u017enice<\/li>\n<li>poskytovanie\u00a0<strong>bibliografick\u00fdch a faktografick\u00fdch inform\u00e1ci\u00ed<\/strong><\/li>\n<li><strong>re\u0161er\u0161n\u00e9 slu\u017eby<\/strong><\/li>\n<li>v\u00fdpo\u017ei\u010dn\u00e9 slu\u017eby z in\u00fdch kni\u017en\u00edc prostredn\u00edctvom\u00a0<strong>medzikni\u017eni\u010dnej v\u00fdpo\u017ei\u010dnej slu\u017eby (MVS)<\/strong> a medzin\u00e1rodnej medzikni\u017eni\u010dnej v\u00fdpo\u017ei\u010dnej slu\u017eby (MMVS)<\/li>\n<li><a href=\"https:\/\/kniznicazilina.blogspot.com\/2018\/04\/rezervovat-ci-odlozit-to-je-otazka.html\"><strong>rezerv\u00e1cia<\/strong> a <strong>odlo\u017eenie<\/strong><\/a> dokumentu<\/li>\n<li>spr\u00edstup\u0148ovanie elektronick\u00fdch datab\u00e1z<\/li>\n<li>vyu\u017e\u00edvanie po\u010d\u00edta\u010dovej techniky,\u00a0pr\u00edstup k vonkaj\u0161\u00edm informa\u010dn\u00fdm zdrojom<\/li>\n<li><strong>slu\u017eby Britsk\u00e9ho centra<\/strong><\/li>\n<li>\n<div align=\"left\"><strong>reprografick\u00e9 slu\u017eby<\/strong>\u00a0z materi\u00e1lov kni\u017enice<\/div>\n<\/li>\n<li>\n<div align=\"left\"><strong>podujatia pre verejnos\u0165<\/strong>, informa\u010dn\u00e9 pr\u00edpravy, kult\u00farno-vzdel\u00e1vacie podujatia pre \u0161koly<\/div>\n<\/li>\n<li>kontaktn\u00e9 miesto\u00a0<strong>\u00daradu priemyseln\u00e9ho vlastn\u00edctva<\/strong><\/li>\n<li><strong>slu\u017eby pre <a href=\"https:\/\/www.krajskakniznicazilina.sk\/zrak\/TitulnaStranka.htm\">zdravotne znev\u00fdhodnen\u00fdch ob\u010danov<\/a><\/strong><\/li>\n<\/ul>\n<div style=\"text-align: justify;\" align=\"left\"><\/div>\n","protected":false},"excerpt":{"rendered":"<p>Krajsk\u00e1 kni\u017enica v \u017diline poskytuje slu\u017eby\u00a0pre v\u0161etk\u00fdch ob\u010danov bez obmedzenia. Poskytuje z\u00e1kladn\u00e9 a \u0161peci\u00e1lne kni\u017eni\u010dno-informa\u010dn\u00e9 slu\u017eby. Z\u00e1kladn\u00e9 slu\u017eby s\u00fa poskytovan\u00e9 bezplatne, \u0161peci\u00e1lne slu\u017eby s\u00fa spoplatnen\u00e9 aktu\u00e1lnym cenn\u00edkom. V\u0161etky slu\u017eby s\u00fa poskytovan\u00e9 len dr\u017eite\u013eom platn\u00e9ho \u010ditate\u013esk\u00e9ho preukazu. prezen\u010dn\u00e9 a absen\u010dn\u00e9 v\u00fdpo\u017ei\u010dn\u00e9 slu\u017eby z fondu kni\u017enice poskytovanie\u00a0bibliografick\u00fdch a faktografick\u00fdch inform\u00e1ci\u00ed re\u0161er\u0161n\u00e9 slu\u017eby v\u00fdpo\u017ei\u010dn\u00e9 slu\u017eby z in\u00fdch kni\u017en\u00edc &#8230; <a title=\"Slu\u017eby\" class=\"read-more\" href=\"https:\/\/www.krajskakniznicazilina.sk\/index.php\/sluzby\/\" aria-label=\"Pre\u010d\u00edtajte si viac o Slu\u017eby\">\u010c\u00edta\u0165 viac<\/a><\/p>\n","protected":false},"author":1,"featured_media":0,"parent":0,"menu_order":0,"comment_status":"closed","ping_status":"closed","template":"","meta":{"footnotes":""},"class_list":["post-31","page","type-page","status-publish"],"_links":{"self":[{"href":"https:\/\/www.krajskakniznicazilina.sk\/index.php\/wp-json\/wp\/v2\/pages\/31","targetHints":{"allow":["GET"]}}],"collection":[{"href":"https:\/\/www.krajskakniznicazilina.sk\/index.php\/wp-json\/wp\/v2\/pages"}],"about":[{"href":"https:\/\/www.krajskakniznicazilina.sk\/index.php\/wp-json\/wp\/v2\/types\/page"}],"author":[{"embeddable":true,"href":"https:\/\/www.krajskakniznicazilina.sk\/index.php\/wp-json\/wp\/v2\/users\/1"}],"replies":[{"embeddable":true,"href":"https:\/\/www.krajskakniznicazilina.sk\/index.php\/wp-json\/wp\/v2\/comments?post=31"}],"version-history":[{"count":16,"href":"https:\/\/www.krajskakniznicazilina.sk\/index.php\/wp-json\/wp\/v2\/pages\/31\/revisions"}],"predecessor-version":[{"id":9969,"href":"https:\/\/www.krajskakniznicazilina.sk\/index.php\/wp-json\/wp\/v2\/pages\/31\/revisions\/9969"}],"wp:attachment":[{"href":"https:\/\/www.krajskakniznicazilina.sk\/index.php\/wp-json\/wp\/v2\/media?parent=31"}],"curies":[{"name":"wp","href":"https:\/\/api.w.org\/{rel}","templated":true}]}}