{"id":323,"date":"2017-08-19T19:42:44","date_gmt":"2017-08-19T17:42:44","guid":{"rendered":"http:\/\/www.krajskakniznicazilina.sk\/novastranka\/?page_id=323"},"modified":"2025-11-13T12:01:50","modified_gmt":"2025-11-13T11:01:50","slug":"zdravotne-znevyhodneni","status":"publish","type":"page","link":"https:\/\/www.krajskakniznicazilina.sk\/index.php\/sluzby\/zdravotne-znevyhodneni\/","title":{"rendered":"Zdravotne znev\u00fdhodnen\u00ed"},"content":{"rendered":"<p style=\"text-align: justify;\">Krajsk\u00e1 kni\u017enica bola <strong>debarierizovan\u00e1<\/strong> ako jedna z prv\u00fdch kult\u00farnych in\u0161tit\u00faci\u00ed mesta. Spr\u00edstup\u0148uje <strong>zvukov\u00e9 knihy <\/strong>pre slabozrak\u00fdch, nevidiacich a inak zdravotne postihnut\u00fdch ob\u010danov. Od roku 2012 je slu\u017eba roz\u0161\u00edren\u00e1 aj pre ob\u010danov s in\u00fdm zdravotn\u00fdm postihnut\u00edm po predlo\u017een\u00ed platn\u00e9ho ob\u010dianskeho preukazu a preukazu \u0164ZP, \u0164ZP\/S alebo odpor\u00fa\u010daj\u00faceho stanoviska lek\u00e1ra k vyu\u017e\u00edvaniu tejto slu\u017eby.<\/p>\n<p style=\"text-align: justify;\">Krajsk\u00e1 kni\u017enica \u017dilina umo\u017e\u0148uje vypo\u017ei\u010diavanie zvukov\u00fdch kn\u00edh <strong>iba registrovan\u00fdm \u010ditate\u013eom KKZA s platn\u00fdm \u010ditate\u013esk\u00fdm preukazom<\/strong> a to formou:<\/p>\n<ol style=\"text-align: justify;\">\n<li style=\"text-align: justify;\"><strong> zvukov\u00fdch kn\u00edh vo form\u00e1te MP3 <\/strong>Slovenskej kni\u017enice pre nevidiacich Mateja Hrebendu z Levo\u010de<strong>,<\/strong><\/li>\n<li style=\"text-align: justify;\"><strong> zvukov\u00fdch kn\u00edh Krajskej kni\u017enice \u017dilina vo form\u00e1te MP3<\/strong> a z\u00e1rove\u0148 poskytuje v\u00fdpo\u017ei\u010dky MP3 prehr\u00e1va\u010dov pre slabozrak\u00fdch a nevidiacich ob\u010danov.<\/li>\n<\/ol>\n<p style=\"text-align: justify;\"><strong>Zoznam zvukov\u00fdch MP3 kn\u00edh<\/strong> Krajskej kni\u017enice v \u017diline &#8211; <a href=\"https:\/\/www.krajskakniznicazilina.sk\/menu\/sluz\/znevyh\/Zvukov%C3%A9%20knihy.xlsx\"><strong>excel dokument<\/strong><\/a>, <strong><a href=\"https:\/\/www.krajskakniznicazilina.sk\/menu\/sluz\/znevyh\/Zvukov%C3%A9%20knihy.pdf\">pdf dokument<\/a>. <\/strong>Zoznam zvukov\u00fdch kn\u00edh n\u00e1jdete aj v na\u0161om <strong><a href=\"https:\/\/zsk.tritius.sk\/\">online katal\u00f3gu<\/a>.<\/strong><\/p>\n<p style=\"text-align: justify;\" align=\"left\">V Krajskej kni\u017enici v \u017diline bolo vytvoren\u00e9 <strong>\u0161pecializovan\u00e9 internetov\u00e9\u00a0\u00a0pracovisko pre nevidiacich\u00a0\u00a0a slabozrak\u00fdch<\/strong> (<a href=\"https:\/\/www.youtube.com\/watch?v=26nZxWuu9Fs\">technick\u00e9 vybavenie<\/a>).<\/p>\n<div style=\"text-align: justify;\" align=\"left\"><a href=\"https:\/\/www.skn.sk\/\"><strong>Slovensk\u00e1 kni\u017enica pre nevidiacich Mateja Hrebendu v\u00a0Levo\u010di<\/strong><\/a> umo\u017e\u0148uje s\u0165ahovanie zvukov\u00fdch kn\u00edh vo form\u00e1te MP3 z virtu\u00e1lnej kni\u017enice SKN zdravotne znev\u00fdhodnen\u00fdm ob\u010danom, ktor\u00ed sa zaregistruj\u00fa v\u00a0Slovenskej kni\u017enici pre nevidiacich v\u00a0Levo\u010di prostredn\u00edctvom web str\u00e1nky:<a href=\"https:\/\/www.skn.sk\/\"> <strong>www.skn.sk<\/strong><\/a><\/div>\n","protected":false},"excerpt":{"rendered":"<p>Krajsk\u00e1 kni\u017enica bola debarierizovan\u00e1 ako jedna z prv\u00fdch kult\u00farnych in\u0161tit\u00faci\u00ed mesta. Spr\u00edstup\u0148uje zvukov\u00e9 knihy pre slabozrak\u00fdch, nevidiacich a inak zdravotne postihnut\u00fdch ob\u010danov. Od roku 2012 je slu\u017eba roz\u0161\u00edren\u00e1 aj pre ob\u010danov s in\u00fdm zdravotn\u00fdm postihnut\u00edm po predlo\u017een\u00ed platn\u00e9ho ob\u010dianskeho preukazu a preukazu \u0164ZP, \u0164ZP\/S alebo odpor\u00fa\u010daj\u00faceho stanoviska lek\u00e1ra k vyu\u017e\u00edvaniu tejto slu\u017eby. Krajsk\u00e1 kni\u017enica \u017dilina &#8230; <a title=\"Zdravotne znev\u00fdhodnen\u00ed\" class=\"read-more\" href=\"https:\/\/www.krajskakniznicazilina.sk\/index.php\/sluzby\/zdravotne-znevyhodneni\/\" aria-label=\"Pre\u010d\u00edtajte si viac o Zdravotne znev\u00fdhodnen\u00ed\">\u010c\u00edta\u0165 viac<\/a><\/p>\n","protected":false},"author":1,"featured_media":0,"parent":31,"menu_order":0,"comment_status":"closed","ping_status":"closed","template":"","meta":{"footnotes":""},"class_list":["post-323","page","type-page","status-publish"],"_links":{"self":[{"href":"https:\/\/www.krajskakniznicazilina.sk\/index.php\/wp-json\/wp\/v2\/pages\/323","targetHints":{"allow":["GET"]}}],"collection":[{"href":"https:\/\/www.krajskakniznicazilina.sk\/index.php\/wp-json\/wp\/v2\/pages"}],"about":[{"href":"https:\/\/www.krajskakniznicazilina.sk\/index.php\/wp-json\/wp\/v2\/types\/page"}],"author":[{"embeddable":true,"href":"https:\/\/www.krajskakniznicazilina.sk\/index.php\/wp-json\/wp\/v2\/users\/1"}],"replies":[{"embeddable":true,"href":"https:\/\/www.krajskakniznicazilina.sk\/index.php\/wp-json\/wp\/v2\/comments?post=323"}],"version-history":[{"count":16,"href":"https:\/\/www.krajskakniznicazilina.sk\/index.php\/wp-json\/wp\/v2\/pages\/323\/revisions"}],"predecessor-version":[{"id":16246,"href":"https:\/\/www.krajskakniznicazilina.sk\/index.php\/wp-json\/wp\/v2\/pages\/323\/revisions\/16246"}],"up":[{"embeddable":true,"href":"https:\/\/www.krajskakniznicazilina.sk\/index.php\/wp-json\/wp\/v2\/pages\/31"}],"wp:attachment":[{"href":"https:\/\/www.krajskakniznicazilina.sk\/index.php\/wp-json\/wp\/v2\/media?parent=323"}],"curies":[{"name":"wp","href":"https:\/\/api.w.org\/{rel}","templated":true}]}}