{"id":349,"date":"2017-08-22T10:10:52","date_gmt":"2017-08-22T08:10:52","guid":{"rendered":"http:\/\/www.krajskakniznicazilina.sk\/novastranka\/?page_id=349"},"modified":"2025-12-09T13:33:53","modified_gmt":"2025-12-09T12:33:53","slug":"pracovnici-a-oddelenia","status":"publish","type":"page","link":"https:\/\/www.krajskakniznicazilina.sk\/index.php\/kontakt\/pracovnici-a-oddelenia\/","title":{"rendered":"Pracovn\u00edci a oddelenia"},"content":{"rendered":"<p style=\"text-align: justify;\"><strong>Riadite\u013eka Krajskej kni\u017enice v \u017diline<\/strong><br \/>\nMgr. Katar\u00edna \u0160u\u0161oliakov\u00e1 &#8211;\u00a0<a href=\"mailto:susoliakova@krajskakniznicazilina.sk\">susoliakova@krajskakniznicazilina.sk<br \/>\n<\/a><\/p>\n<p style=\"text-align: justify;\"><strong>Ved\u00faca oddelenia kni\u017eni\u010dno-informa\u010dn\u00fdch slu\u017eieb<br \/>\n<\/strong>Mgr. Zuzana Mjartanov\u00e1 &#8211;\u00a0<a href=\"mailto:mjartanova@krajskakniznicazilina.sk\">mjartanova@krajskakniznicazilina.sk<\/a><\/p>\n<p style=\"text-align: justify;\"><strong>Projektov\u00fd mana\u017e\u00e9r a metodik<\/strong><br \/>\nIng. Jana Elia\u0161ov\u00e1 &#8211;\u00a0<a href=\"mailto:eliasova@krajskakniznicazilina.sk\">eliasova@krajskakniznicazilina.sk<\/a><\/p>\n<p style=\"text-align: justify;\"><strong>Tvorba projektov<\/strong><br \/>\nMgr. Anna Berthotyov\u00e1 &#8211; <a href=\"mailto:berthotyova@krajskakniznicazilina.sk\">berthotyova@krajskakniznicazilina.sk<\/a><br \/>\n<a href=\"mailto:projekty@krajskakniznicazilina.sk\">projekty@krajskakniznicazilina.sk<\/a><\/p>\n<p style=\"text-align: justify;\"><strong>\u00dasek koordin\u00e1cie a metodiky<\/strong><br \/>\nMgr. Anna Berthotyov\u00e1 &#8211; <a href=\"mailto:berthotyova@krajskakniznicazilina.sk\">berthotyova@krajskakniznicazilina.sk<\/a><br \/>\nMgr. Bo\u017eena Sobolov\u00e1 &#8211;\u00a0<a href=\"mailto:sobolova@krajskakniznicazilina.sk\">sobolova@krajskakniznicazilina.sk<\/a><\/p>\n<p style=\"text-align: justify;\"><strong>Oddelenie z\u00edskavania a spracov\u00e1vania kni\u017eni\u010dno-informa\u010dn\u00fdch fondov<br \/>\n<\/strong>Mgr. Anna Rebro\u0161ov\u00e1 &#8211;\u00a0<a href=\"mailto:rebrosova@krajskakniznicazilina.sk\">rebrosova@krajskakniznicazilina.sk<\/a><br \/>\nMgr. Silvia Stan\u010dekov\u00e1 &#8211; <a href=\"mailto:stancekova@krajskakniznicazilina.sk\">stancekova@krajskakniznicazilina.sk<\/a><br \/>\nMgr. Martina Zub\u010dekov\u00e1<br \/>\nRen\u00e1ta Haluskov\u00e1<\/p>\n<p><strong>Marketing<\/strong><br \/>\nMgr. Anna Berthotyov\u00e1 &#8211; <a href=\"mailto:berthotyova@krajskakniznicazilina.sk\">berthotyova@krajskakniznicazilina.sk<\/a> (+ \u00dasek koordin\u00e1cie a metodiky)<br \/>\nMgr. Martina Zub\u010dekov\u00e1 \u2013 <a href=\"mailto:marketing@krajskakniznicazilina.sk\">marketing@krajskakniznicazilina.sk<\/a> (+ Oddelenie z\u00edskavania a spracov\u00e1vania kni\u017eni\u010dno-informa\u010dn\u00fdch fondov)<br \/>\nMgr. Emma G\u00e1borov\u00e1, Ing. Michaela Pastorkov\u00e1, Mgr. Michal Vaclavik<\/p>\n<p style=\"text-align: justify;\"><strong>Ved\u00faca \u00faseku kni\u017eni\u010dno-informa\u010dn\u00fdch slu\u017eieb a <\/strong><strong>koordin\u00e1torka kult\u00farno-v\u00fdchovnej \u010dinnosti<br \/>\n<\/strong>Mgr. Jana Neslu\u0161anov\u00e1 &#8211;\u00a0<a href=\"mailto:neslusanova@krajskakniznicazilina.sk\">neslusanova@krajskakniznicazilina.sk<\/a><br \/>\nobjedn\u00e1vanie podujat\u00ed &#8211;\u00a0<a href=\"mailto:podujatia@krajskakniznicazilina.sk\">podujatia@krajskakniznicazilina.sk<\/a><\/p>\n<p><strong>\u00dasek beletrie a centr\u00e1lny pult<\/strong><br \/>\n<a href=\"mailto:sluzby@krajskakniznicazilina.sk\">sluzby@krajskakniznicazilina.sk<\/a><br \/>\nJana Zurovacov\u00e1 &#8211; z\u00e1stupky\u0148a ved\u00facej KIS<br \/>\nGabriela Babuljakov\u00e1, Eva Bielkov\u00e1, Mgr. Emma G\u00e1borov\u00e1, Anna Kov\u00e1\u010dov\u00e1, Edita Moravcov\u00e1, Ing. Michaela Pastorkov\u00e1, Jarmila T\u00f3thov\u00e1, Mgr. Michal Vaclavik, Jana Vali\u010dkov\u00e1<\/p>\n<p style=\"text-align: justify;\"><strong>\u00dasek<\/strong><strong>\u00a0odbor<\/strong><strong>nej<\/strong><strong>\u00a0literat\u00fary, pracovisko m<\/strong><strong>edzikni\u017eni\u010dnej v\u00fdpo\u017ei\u010dnej slu\u017eby a re\u0161er\u0161\u00ed,\u00a0\u0161tudov\u0148a<br \/>\n<\/strong><a href=\"mailto:kniznica@krajskakniznicazilina.sk\">kniznica@krajskakniznicazilina.sk<\/a><br \/>\nIng. Marjena Babuljakov\u00e1, Mgr. Lucia Hru\u0161kov\u00e1, Mgr. Zuzana Mrekajov\u00e1, Mgr. Michaela Vaclavikov\u00e1<\/p>\n<p style=\"text-align: justify;\"><strong>Region\u00e1lna bibliografia<br \/>\n<\/strong>Nata\u0161a Lajdov\u00e1 &#8211; <a href=\"mailto:lajdova@krajskakniznicazilina.sk\">lajdova@krajskakniznicazilina.sk<\/a><br \/>\nIvana Ur\u00edkov\u00e1 &#8211;\u00a0<a href=\"mailto:urikova@krajskakniznicazilina.sk\">urikova@krajskakniznicazilina.sk<\/a><\/p>\n<p style=\"text-align: justify;\"><strong>\u00dasek literat\u00fary pre deti a ml\u00e1de\u017e<\/strong><br \/>\n<a href=\"mailto:deti@krajskakniznicazilina.sk\">deti@krajskakniznicazilina.sk<\/a><br \/>\nMgr. Barbora Janckul\u00edkov\u00e1, Lada Ryb\u00e1rikov\u00e1, \u013dubica Sol\u010dansk\u00e1, PhDr. Milo\u0161 Zvr\u0161kovec<br \/>\n<strong>objedn\u00e1vanie podujat\u00ed<\/strong> &#8211;\u00a0<a href=\"mailto:podujatia@krajskakniznicazilina.sk\">podujatia@krajskakniznicazilina.sk<\/a><\/p>\n<p><strong>Americk\u00e9 centrum <\/strong><br \/>\n<a href=\"mailto:zilina@americanspaces.sk\">zilina@americanspaces.sk<\/a><br \/>\nIda Berthotyov\u00e1, Mgr. Michaela Vaclavikov\u00e1<\/p>\n<p style=\"text-align: justify;\"><strong>Britsk\u00e9 centrum<\/strong><br \/>\nIda Berthotyov\u00e1 &#8211; <a href=\"mailto:britskecentrum@krajskakniznicazilina.sk\">britskecentrum@krajskakniznicazilina.sk<\/a><\/p>\n<p><strong>Organiz\u00e1cia PC kurzov<\/strong><br \/>\n<a href=\"mailto:pckurzy@krajskakniznicazilina.sk\">pckurzy@krajskakniznicazilina.sk<\/a><br \/>\nIng. Marjena Babuljakov\u00e1, Ida Berthotyov\u00e1, Mgr. Lucia Hru\u0161kov\u00e1, Mgr. Barbora Janckul\u00edkov\u00e1, Mgr. Zuzana Mrekajov\u00e1<\/p>\n<p><strong>Organiz\u00e1cia tvoriv\u00fdch dieln\u00ed<\/strong><br \/>\n<a href=\"mailto:tvorivedielne@krajskakniznicazilina.sk\">tvorivedielne@krajskakniznicazilina.sk<\/a><br \/>\nMgr. Barbora Janckul\u00edkov\u00e1, Jana Vali\u010dkov\u00e1<\/p>\n<p style=\"text-align: justify;\"><strong>Oddelenie ekomicko-technickej \u010dinnosti<br \/>\n<\/strong>Mgr. Ivana G\u00e1borov\u00e1 &#8211;\u00a0<a href=\"mailto:zilknizza@vuczilina.sk\">zilknizza@vuczilina.sk<\/a><br \/>\nAlena Kumi\u010d\u00edkov\u00e1 &#8211;\u00a0<a href=\"mailto:a.kumicikova@vuczilina.sk\">a.kumicikova@vuczilina.sk<\/a><br \/>\nMgr. Silvia Stan\u010dekov\u00e1 &#8211; <a href=\"mailto:silvia.stancekova@vuczilina.sk\">silvia.stancekova@vuczilina.sk<\/a><\/p>\n","protected":false},"excerpt":{"rendered":"<p>Riadite\u013eka Krajskej kni\u017enice v \u017diline Mgr. Katar\u00edna \u0160u\u0161oliakov\u00e1 &#8211;\u00a0susoliakova@krajskakniznicazilina.sk Ved\u00faca oddelenia kni\u017eni\u010dno-informa\u010dn\u00fdch slu\u017eieb Mgr. Zuzana Mjartanov\u00e1 &#8211;\u00a0mjartanova@krajskakniznicazilina.sk Projektov\u00fd mana\u017e\u00e9r a metodik Ing. Jana Elia\u0161ov\u00e1 &#8211;\u00a0eliasova@krajskakniznicazilina.sk Tvorba projektov Mgr. Anna Berthotyov\u00e1 &#8211; berthotyova@krajskakniznicazilina.sk projekty@krajskakniznicazilina.sk \u00dasek koordin\u00e1cie a metodiky Mgr. Anna Berthotyov\u00e1 &#8211; berthotyova@krajskakniznicazilina.sk Mgr. Bo\u017eena Sobolov\u00e1 &#8211;\u00a0sobolova@krajskakniznicazilina.sk Oddelenie z\u00edskavania a spracov\u00e1vania kni\u017eni\u010dno-informa\u010dn\u00fdch fondov Mgr. Anna Rebro\u0161ov\u00e1 &#8230; <a title=\"Pracovn\u00edci a oddelenia\" class=\"read-more\" href=\"https:\/\/www.krajskakniznicazilina.sk\/index.php\/kontakt\/pracovnici-a-oddelenia\/\" aria-label=\"Pre\u010d\u00edtajte si viac o Pracovn\u00edci a oddelenia\">\u010c\u00edta\u0165 viac<\/a><\/p>\n","protected":false},"author":1,"featured_media":0,"parent":54,"menu_order":0,"comment_status":"closed","ping_status":"closed","template":"","meta":{"footnotes":""},"class_list":["post-349","page","type-page","status-publish"],"_links":{"self":[{"href":"https:\/\/www.krajskakniznicazilina.sk\/index.php\/wp-json\/wp\/v2\/pages\/349","targetHints":{"allow":["GET"]}}],"collection":[{"href":"https:\/\/www.krajskakniznicazilina.sk\/index.php\/wp-json\/wp\/v2\/pages"}],"about":[{"href":"https:\/\/www.krajskakniznicazilina.sk\/index.php\/wp-json\/wp\/v2\/types\/page"}],"author":[{"embeddable":true,"href":"https:\/\/www.krajskakniznicazilina.sk\/index.php\/wp-json\/wp\/v2\/users\/1"}],"replies":[{"embeddable":true,"href":"https:\/\/www.krajskakniznicazilina.sk\/index.php\/wp-json\/wp\/v2\/comments?post=349"}],"version-history":[{"count":57,"href":"https:\/\/www.krajskakniznicazilina.sk\/index.php\/wp-json\/wp\/v2\/pages\/349\/revisions"}],"predecessor-version":[{"id":16405,"href":"https:\/\/www.krajskakniznicazilina.sk\/index.php\/wp-json\/wp\/v2\/pages\/349\/revisions\/16405"}],"up":[{"embeddable":true,"href":"https:\/\/www.krajskakniznicazilina.sk\/index.php\/wp-json\/wp\/v2\/pages\/54"}],"wp:attachment":[{"href":"https:\/\/www.krajskakniznicazilina.sk\/index.php\/wp-json\/wp\/v2\/media?parent=349"}],"curies":[{"name":"wp","href":"https:\/\/api.w.org\/{rel}","templated":true}]}}