{"id":3580,"date":"2019-05-10T16:32:13","date_gmt":"2019-05-10T14:32:13","guid":{"rendered":"http:\/\/www.krajskakniznicazilina.sk\/?page_id=3580"},"modified":"2019-05-14T09:52:07","modified_gmt":"2019-05-14T07:52:07","slug":"manifest_kniznic","status":"publish","type":"page","link":"https:\/\/www.krajskakniznicazilina.sk\/index.php\/o-kniznici\/manifest_kniznic\/","title":{"rendered":"Manifest kni\u017en\u00edc pre Eur\u00f3pu"},"content":{"rendered":"<h4>Organiz\u00e1cie zastupuj\u00face kni\u017enice v Eur\u00f3pe, vyz\u00fdvame v\u00e1s, aby ste si pre\u010d\u00edtali a podporili <strong><a href=\"https:\/\/www.europe4libraries2019.eu\/wp-content\/uploads\/2019\/04\/a-library-manifesto-for-europe-sk.pdf\" target=\"_blank\" rel=\"noopener\">Manifest kni\u017en\u00edc pre Eur\u00f3pu<\/a><\/strong>.<\/h4>\n<blockquote>\n<p style=\"text-align: justify;\">Kni\u017enice s\u00fa pre Eur\u00f3pu d\u00f4le\u017eit\u00e9 &#8211; s\u00fa k\u013e\u00fa\u010dov\u00fdmi miestami vzdel\u00e1vania a ob\u010dianskej\u00a0anga\u017eovanosti, oknami do v\u0161etk\u00fdch druhov kult\u00fary a kult\u00farneho dedi\u010dstva, hnacou silou v\u00fdskumu a inov\u00e1ci\u00ed. (Manifest kni\u017en\u00edc pre Eur\u00f3pu)<\/p>\n<\/blockquote>\n","protected":false},"excerpt":{"rendered":"<p>Organiz\u00e1cie zastupuj\u00face kni\u017enice v Eur\u00f3pe, vyz\u00fdvame v\u00e1s, aby ste si pre\u010d\u00edtali a podporili Manifest kni\u017en\u00edc pre Eur\u00f3pu. Kni\u017enice s\u00fa pre Eur\u00f3pu d\u00f4le\u017eit\u00e9 &#8211; s\u00fa k\u013e\u00fa\u010dov\u00fdmi miestami vzdel\u00e1vania a ob\u010dianskej\u00a0anga\u017eovanosti, oknami do v\u0161etk\u00fdch druhov kult\u00fary a kult\u00farneho dedi\u010dstva, hnacou silou v\u00fdskumu a inov\u00e1ci\u00ed. (Manifest kni\u017en\u00edc pre Eur\u00f3pu)<\/p>\n","protected":false},"author":1,"featured_media":0,"parent":7,"menu_order":0,"comment_status":"closed","ping_status":"closed","template":"","meta":{"footnotes":""},"class_list":["post-3580","page","type-page","status-publish"],"_links":{"self":[{"href":"https:\/\/www.krajskakniznicazilina.sk\/index.php\/wp-json\/wp\/v2\/pages\/3580","targetHints":{"allow":["GET"]}}],"collection":[{"href":"https:\/\/www.krajskakniznicazilina.sk\/index.php\/wp-json\/wp\/v2\/pages"}],"about":[{"href":"https:\/\/www.krajskakniznicazilina.sk\/index.php\/wp-json\/wp\/v2\/types\/page"}],"author":[{"embeddable":true,"href":"https:\/\/www.krajskakniznicazilina.sk\/index.php\/wp-json\/wp\/v2\/users\/1"}],"replies":[{"embeddable":true,"href":"https:\/\/www.krajskakniznicazilina.sk\/index.php\/wp-json\/wp\/v2\/comments?post=3580"}],"version-history":[{"count":3,"href":"https:\/\/www.krajskakniznicazilina.sk\/index.php\/wp-json\/wp\/v2\/pages\/3580\/revisions"}],"predecessor-version":[{"id":3610,"href":"https:\/\/www.krajskakniznicazilina.sk\/index.php\/wp-json\/wp\/v2\/pages\/3580\/revisions\/3610"}],"up":[{"embeddable":true,"href":"https:\/\/www.krajskakniznicazilina.sk\/index.php\/wp-json\/wp\/v2\/pages\/7"}],"wp:attachment":[{"href":"https:\/\/www.krajskakniznicazilina.sk\/index.php\/wp-json\/wp\/v2\/media?parent=3580"}],"curies":[{"name":"wp","href":"https:\/\/api.w.org\/{rel}","templated":true}]}}