{"id":377,"date":"2017-08-22T11:20:19","date_gmt":"2017-08-22T09:20:19","guid":{"rendered":"http:\/\/www.krajskakniznicazilina.sk\/novastranka\/?page_id=377"},"modified":"2025-11-13T10:42:23","modified_gmt":"2025-11-13T09:42:23","slug":"cennik","status":"publish","type":"page","link":"https:\/\/www.krajskakniznicazilina.sk\/index.php\/sluzby\/cennik\/","title":{"rendered":"Cenn\u00edk slu\u017eieb a poplatkov"},"content":{"rendered":"<h3>Cenn\u00edk slu\u017eieb a poplatkov k 01 .09. 2025<\/h3>\n<p><strong>1. Poplatky za registr\u00e1ciu <\/strong><strong>pou\u017e\u00edvate\u013ea v Krajskej kni\u017enici v \u017diline<\/strong><\/p>\n\n<table id=\"tablepress-1\" class=\"tablepress tablepress-id-1\">\n<tbody class=\"row-striping row-hover\">\n<tr class=\"row-1\">\n\t<td class=\"column-1\">pred\u0161kol\u00e1ci a deti do 6 r., vojnov\u00ed veter\u00e1ni, od\u00eddenci,<br \/>\ndarca krvi (dr\u017eite\u013e zlatej Jansk\u00e9ho plakety)<\/td><td class=\"column-2\">2,00 \u20ac<\/td>\n<\/tr>\n<tr class=\"row-2\">\n\t<td class=\"column-1\">darca krvi (ak daroval krv za ostatn\u00fdch 365 dn\u00ed)<\/td><td class=\"column-2\">50% z reg. poplatku<\/td>\n<\/tr>\n<tr class=\"row-3\">\n\t<td class=\"column-1\">\u017eiaci z\u00e1kladn\u00fdch \u0161k\u00f4l a deti do 15 rokov,<br \/>\ndr\u017eitelia preukazov Z\u0164P, Z\u0164PS<\/td><td class=\"column-2\">5,00 \u20ac<\/td>\n<\/tr>\n<tr class=\"row-4\">\n\t<td class=\"column-1\">\u0161tudenti S\u0160 a denn\u00e9ho \u0161t\u00fadia V\u0160 do 26 rokov, \u0161tudenti univerzity tretieho veku, d\u00f4chodcovia, invalidn\u00ed d\u00f4chodcovia, nezamestnan\u00ed, \u017eeny na MD<\/td><td class=\"column-2\">8,00 \u20ac<\/td>\n<\/tr>\n<tr class=\"row-5\">\n\t<td class=\"column-1\">dospel\u00ed (zamestnan\u00ed, SZ\u010c)<\/td><td class=\"column-2\">12,00 \u20ac<\/td>\n<\/tr>\n<tr class=\"row-6\">\n\t<td class=\"column-1\">in\u0161tit\u00facie<\/td><td class=\"column-2\">20,00 \u20ac<\/td>\n<\/tr>\n<\/tbody>\n<\/table>\n<!-- #tablepress-1 from cache -->\n<p><strong>Rodinn\u00fd preukaz<\/strong><\/p>\n\n<table id=\"tablepress-2\" class=\"tablepress tablepress-id-2\">\n<tbody class=\"row-striping row-hover\">\n<tr class=\"row-1\">\n\t<td class=\"column-1\">1. rodi\u010d<\/td><td class=\"column-2\">12,00 \u20ac<\/td>\n<\/tr>\n<tr class=\"row-2\">\n\t<td class=\"column-1\">2. rodi\u010d a ka\u017ed\u00e9 die\u0165a do 15 rokov<\/td><td class=\"column-2\">1,00 \u20ac<\/td>\n<\/tr>\n<tr class=\"row-3\">\n\t<td class=\"column-1\">Man\u017eelsk\u00fd preukaz <\/td><td class=\"column-2\">12,00 \u20ac + 1,00 \u20ac<\/td>\n<\/tr>\n<\/tbody>\n<\/table>\n<!-- #tablepress-2 from cache -->\n<p><strong>Z\u013eavy nie je mo\u017en\u00e9 kombinova\u0165.<\/strong><\/p>\n<p>Pou\u017e\u00edvatelia m\u00f4\u017eu prispie\u0165 na \u010dinnos\u0165 kni\u017enice zv\u00fd\u0161en\u00fdm z\u00e1pisn\u00fdm (dobrovo\u013en\u00fdm pr\u00edspevkom).<\/p>\n<p>Za vystavenie <strong>n\u00e1hradn\u00e9ho \u010ditate\u013esk\u00e9ho preukazu<\/strong> pri strate si kni\u017enica \u00fa\u010dtuje manipula\u010dn\u00fd poplatok <strong>2,00 \u20ac<\/strong><\/p>\n<p>2. N\u00e1v\u0161tevn\u00edkom za \u00fa\u010delom <strong>jednod\u0148ov\u00e9ho<\/strong> <strong>prezen\u010dn\u00e9ho<\/strong> pou\u017e\u00edvania dokumentov a slu\u017eieb sa vyd\u00e1va jednod\u0148ov\u00fd \u010ditate\u013esk\u00fd preukaz, za ktor\u00fd kni\u017enica \u00fa\u010dtuje <strong>2,00 \u20ac<\/strong>.<\/p>\n<p>3. <strong>Poplatky za nedodr\u017eanie v\u00fdpo\u017ei\u010dnej lehoty (platn\u00e9 od 27. 10. 2025):<\/strong><\/p>\n<p><strong>Za ka\u017ed\u00fd dokument a ka\u017ed\u00fd de\u0148 \/ 1. \u2013 30. de\u0148 <\/strong>od skon\u010denia v\u00fdpo\u017ei\u010dnej doby \u2013 <strong>0,10 \u20ac<\/strong><\/p>\n<p><strong>Za ka\u017ed\u00fd dokument a ka\u017ed\u00fd de\u0148 \/ 31. \u2013 120. de\u0148 <\/strong>od skon\u010denia v\u00fdpo\u017ei\u010dnej doby \u2013 <strong>0,20 \u20ac<\/strong><\/p>\n<p><strong>V pr\u00edpade MVS sa navy\u0161uje aktu\u00e1lna upomienka ka\u017ed\u00fd za\u010dat\u00fd mesiac o 5 \u20ac.<\/strong><\/p>\n<p><strong>V pr\u00edpade prezen\u010dn\u00e9ho fondu \u0161tudovne sa aktu\u00e1lna upomienka navy\u0161uje ka\u017ed\u00fd za\u010dat\u00fd mesiac o 5 \u20ac.<\/strong><\/p>\n<p><strong>P\u00edsomn\u00e1 upomienka<\/strong> (po 30 a 60 d\u0148och od skon\u010denia v\u00fdpo\u017ei\u010dnej lehoty) uveden\u00fd poplatok je k d\u00e1tumu vygenerovania upomienky a aktu\u00e1lne sa men\u00ed.<\/p>\n<p><strong>Riadite\u013esk\u00e1 upomienka<\/strong> (po 120 d\u0148och od skon\u010denia v\u00fdpo\u017ei\u010dnej lehoty) <strong>7,00 \u20ac, <\/strong>k tejto sume sa pripo\u010d\u00edta aktu\u00e1lny poplatok za nedodr\u017eanie v\u00fdpo\u017ei\u010dnej lehoty v de\u0148 vr\u00e1tenia dokumentu.<\/p>\n<p><strong>Pred\u017ealobn\u00e1 upomienka 10,00 \u20ac, <\/strong>k tejto sume sa pripo\u010d\u00edta aktu\u00e1lny poplatok za nedodr\u017eanie v\u00fdpo\u017ei\u010dnej lehoty v de\u0148 vr\u00e1tenia dokumentu.<\/p>\n<p>Kni\u017enica nezodpoved\u00e1 za pr\u00edpadn\u00e9 nedoru\u010denie ozn\u00e1menia o predupomienke a upomienke. Z\u00e1rove\u0148 nenesie zodpovednos\u0165 za nedoru\u010denie upomienky prostredn\u00edctvom po\u0161ty.<\/p>\n<p>V pr\u00edpade prekro\u010denia dl\u017enej sumy nad 10 \u20ac bud\u00fa pou\u017e\u00edvate\u013eovi zablokovan\u00e9 \u010fal\u0161ie v\u00fdpo\u017ei\u010dky a\u017e do vysporiadania z\u00e1v\u00e4zkov vo\u010di kni\u017enici na v\u0161etk\u00fdch v\u00fdpo\u017ei\u010dn\u00fdch miestach. Dl\u017en\u00fa sumu je pou\u017e\u00edvate\u013e povinn\u00fd uhradi\u0165 najnesk\u00f4r pri nasleduj\u00facej n\u00e1v\u0161teve kni\u017enice.<\/p>\n<p>4. Po\u0161kodenie \u010diarov\u00e9ho\/RFID k\u00f3du \u2013 <strong>2 \u20ac.<\/strong><\/p>\n<p>5. Za sprostredkovanie medzikni\u017eni\u010dnej v\u00fdpo\u017ei\u010dnej slu\u017eby, vr\u00e1tane Medzin\u00e1rodnej medzikni\u017eni\u010dnej v\u00fdpo\u017ei\u010dnej slu\u017eby kni\u017enica \u00fa\u010dtuje vopred <strong>manipula\u010dn\u00fd poplatok 0,50 \u20ac<\/strong> za ka\u017ed\u00fd vybavovan\u00fd titul. Tento poplatok pou\u017e\u00edvate\u013e neplat\u00ed v pr\u00edpade MVS realizovanej v r\u00e1mci region\u00e1lnych kni\u017en\u00edc \u017dSK (Tur\u010dianska kni\u017enica v Martine, Kysuck\u00e1 kni\u017enica v \u010cadci, Liptovsk\u00e1 kni\u017enica G. F. Belopotock\u00e9ho v Liptovskom Mikul\u00e1\u0161i, Oravsk\u00e1 kni\u017enica A. Habov\u0161tiaka v Dolnom Kub\u00edne).<\/p>\n<p>Za ka\u017ed\u00fa zrealizovan\u00fa po\u017eiadavku kni\u017enica \u00fa\u010dtuje:<\/p>\n<ul>\n<li>na n\u00e1klady spojen\u00e9 s touto slu\u017ebou \u2013 <strong>8,00 \u20ac<\/strong><\/li>\n<li>skeny a tla\u010d dokumentov \u2013 <strong>0,30 \u20ac\/strana<\/strong> v s\u00falade s platn\u00fdm autorsk\u00fdm z\u00e1konom.<\/li>\n<\/ul>\n<p>Medzin\u00e1rodn\u00e1 medzikni\u017eni\u010dn\u00e1 v\u00fdpo\u017ei\u010dn\u00e1 slu\u017eba prostredn\u00edctvom SNK v Martine:<\/p>\n<ul>\n<li>z \u010ceskej republiky \u2013 <strong>9 \u20ac\/dokument<\/strong><\/li>\n<li>z Eur\u00f3py \u2013 <strong>14 \u20ac\/dokument<\/strong><\/li>\n<\/ul>\n<p>6. Poplatok za prednostn\u00e9 poskytnutie dokumentu:<\/p>\n<ul>\n<li>rezervovanie a ozn\u00e1menie o rezervovan\u00ed dokumentu \u2013 <strong>1,00 \u20ac\/dokument<\/strong><\/li>\n<li>odlo\u017eenie dokumentu \u2013 <strong>0,50 \u20ac\/dokument<\/strong><\/li>\n<\/ul>\n<p>7. Poplatok za vypo\u017ei\u010danie elektronick\u00e9ho dokumentu <strong>1,80 \u20ac<\/strong> (slu\u017eba <strong>Palmknihy \u2013 eReading)<\/strong><\/p>\n<p>8. Poplatky za reprografick\u00e9 slu\u017eby a tla\u010d dokumentov (kop\u00edrovanie len z dokumentov kni\u017enice a v s\u00falade s platn\u00fdm autorsk\u00fdm z\u00e1konom)<\/p>\n<p><strong>\u010ciernobiela<\/strong> tla\u010d a kop\u00edrovanie:<\/p>\n<ul>\n<li><strong>A4 \u2013 0,20 \u20ac\/strana<\/strong><\/li>\n<li><strong>A3 \u2013 0,30 \u20ac\/strana<\/strong><\/li>\n<\/ul>\n<p><strong>Farebn\u00e1<\/strong> tla\u010d a kop\u00edrovanie:<\/p>\n<ul>\n<li><strong>A4 \u2013 0,50 \u20ac\/strana<\/strong><\/li>\n<li><strong>A3 \u2013 1,00 \u20ac\/strana<\/strong><\/li>\n<\/ul>\n<p>9. Finan\u010dn\u00e9 n\u00e1hrady za po\u0161kodenie alebo stratu dokumentu:<\/p>\n<p>Beletria a detsk\u00e1 literat\u00fara: <strong>cena knihy + manipula\u010dn\u00fd poplatok<\/strong> <strong>min. 5,00 \u20ac<\/strong><\/p>\n<p>Odborn\u00e1 a detsk\u00e1 odborn\u00e1 literat\u00fara: <strong>cena knihy + manipula\u010dn\u00fd poplatok<\/strong>, ur\u010den\u00fd pod\u013ea obsahovej hodnoty knihy nasledovne:<\/p>\n<ul>\n<li>ak ju kni\u017enica m\u00e1 vo svojom fonde len v 1 exempl\u00e1ri a z\u00e1rove\u0148 je publik\u00e1cia \u010dasto \u017eiadan\u00e1 pou\u017e\u00edvate\u013emi a nie je dostupn\u00e1 na be\u017enom trhu, resp. u\u017e nie je v\u00f4bec dostupn\u00e1 <strong> 20,00 \u20ac<\/strong><\/li>\n<li>ak ju kni\u017enica m\u00e1 vo svojom fonde max. v 2 exempl\u00e1roch a z\u00e1rove\u0148 je \u010dasto \u017eiadan\u00e1 pou\u017e\u00edvate\u013emi, tie\u017e pri u\u010debniciach a skript\u00e1ch <strong>15,00 \u20ac<\/strong><\/li>\n<li>v\u0161etky ostatn\u00e9 knihy odborn\u00e9ho charakteru <strong>10,00 \u20ac<\/strong><\/li>\n<\/ul>\n<p>Cudzojazy\u010dn\u00e1 literat\u00fara, encyklop\u00e9die a slovn\u00edky: <strong>cena knihy + manipula\u010dn\u00fd poplatok<\/strong> <strong>min.<\/strong> <strong>15,00 \u20ac<\/strong><\/p>\n<p><strong>Periodik\u00e1<\/strong> \u2013 n\u00e1hrada identick\u00fdm titulom a \u010d\u00edslom, resp. finan\u010dn\u00e1 \u00fahrada vo v\u00fd\u0161ke <strong>ceny periodika + manipula\u010dn\u00fd poplatok<\/strong> \u2013 <strong>2,00 \u20ac<\/strong><\/p>\n<p>Manipula\u010dn\u00fd poplatok pri finan\u010dnej n\u00e1hrade\u00a0 za po\u0161kodenie alebo stratu dokumentu m\u00f4\u017ee by\u0165, pod\u013ea pos\u00fadenia komisie vymenovanej riadite\u013ekou kni\u017enice, zv\u00fd\u0161en\u00fd.<\/p>\n<p>V pr\u00edpade <strong>n\u00e1hrady identick\u00fdm titulom<\/strong>, resp. nov\u0161\u00edm vydan\u00edm toho ist\u00e9ho titulu kni\u017enica \u00fa\u010dtuje manipula\u010dn\u00fd poplatok vo v\u00fd\u0161ke \u2013 <strong>3,00 \u20ac<\/strong><\/p>\n<p>10. Za vyu\u017e\u00edvanie v\u00fdpo\u010dtovej techniky \u00fa\u010dtuje kni\u017enica jednotn\u00fd poplatok pod\u013ea \u010dasu pr\u00e1ce s PC:<\/p>\n<ul>\n<li><strong>do 15 min<\/strong>. (max. 1-kr\u00e1t denne) \u2013 <strong>bezplatne<\/strong><\/li>\n<li><strong>ka\u017ed\u00e1<\/strong> \u010fal\u0161ia <strong>za\u010dat\u00e1<\/strong> <strong>polhodina<\/strong> \u2013 <strong>0,30 \u20ac<\/strong><\/li>\n<\/ul>\n<p>Dr\u017eitelia preukazu Z\u0164P m\u00f4\u017eu vyu\u017e\u00edva\u0165 v\u00fdpo\u010dtov\u00fa techniku zdarma po dobu 2 hod\u00edn denne.<\/p>\n<p>11. Vypracovanie re\u0161er\u0161e (vopred bez oh\u013eadu na po\u010det z\u00e1znamov a tla\u010d):<\/p>\n<ul>\n<li>za vypracovanie do 7 dn\u00ed \u2013 <strong>7,00 \u20ac<\/strong><\/li>\n<li>za vypracovanie do 24 hod\u00edn \u2013<strong> 12,00 \u20ac<\/strong><\/li>\n<\/ul>\n<p>Poplatok za pr\u00edpravu dokumentov z fondu kni\u017enice k vypracovanej re\u0161er\u0161i \u2013 <strong>0,20 \u20ac \/ 1 kni\u017en\u00fd dokument, vr\u00e1tane \u010dl\u00e1nkov a online dokumentov.<\/strong><\/p>\n<p>Poplatok za nevyzdvihnutie pripraven\u00fdch dokumentov k re\u0161er\u0161i \u2013<strong> 2 \u20ac<\/strong>.<\/p>\n<p>12. Pe\u0148a\u017en\u00e1 z\u00e1loha za vypo\u017ei\u010danie \u010d\u00edta\u010dky elektronick\u00fdch kn\u00edh a MP3 prehr\u00e1va\u010da zvukov\u00fdch kn\u00edh \u2013 <strong>30 \u20ac<br \/>\n<\/strong>Poplatok za oneskoren\u00e9 vr\u00e1tenie \u010d\u00edta\u010dky elektronick\u00fdch kn\u00edh a MP3 prehr\u00e1va\u010da \u2013 <strong>0,20 \u20ac<\/strong> za de\u0148.<\/p>\n<p>13. Realiz\u00e1cia podujatia pre komer\u010dn\u00e9 subjekty \u2013 <strong>3,00 \u20ac \/ 1 \u00fa\u010dastn\u00edk<\/strong><\/p>\n<p>14. Poplatok za \u00fa\u010das\u0165 na po\u010d\u00edta\u010dov\u00fdch kurzoch, tvoriv\u00fdch diel\u0148ach, angli\u010dtine pre znev\u00fdhodnen\u00fdch, tr\u00e9ningoch pam\u00e4ti a pod. \u2013 <strong>20 \u20ac \/ cyklus \/ polrok \/ kurz<br \/>\n<\/strong>Jednorazov\u00fd po\u010d\u00edta\u010dov\u00fd kurz \u2013 <strong>5,00 \u20ac<br \/>\n<\/strong>Jednorazov\u00fd poplatok za materi\u00e1l na tvoriv\u00fdch diel\u0148ach \u2013 <strong>3,00 \u20ac \/ stretnutie<\/strong><\/p>\n<p>15. Don\u00e1\u0161kov\u00e1 slu\u017eba:<\/p>\n<ul>\n<li>re\u017eim A \u2013 pou\u017e\u00edvate\u013eov od 18 rokov uhrad\u00ed pau\u0161\u00e1lny poplatok <strong>5 \u20ac <\/strong>za <strong>v\u00fdjazd<\/strong> a <strong>0,50\u20ac<\/strong> <strong>za ka\u017ed\u00fd dodan\u00fd dokument<\/strong>,<\/li>\n<li>re\u017eim B \u2013 osoby so zdravotn\u00fdm znev\u00fdhodnen\u00edm uhradia pau\u0161\u00e1lny poplatok <strong>2,50 \u20ac za ka\u017ed\u00fd dodan\u00fd dokument<\/strong>.<\/li>\n<\/ul>\n<p>16. Pren\u00e1jom miestnost\u00ed pre komer\u010dn\u00e9 a vzdel\u00e1vacie aktivity, pracovn\u00e9 a komunitn\u00e9 stretnutia, organizovanie v\u00fdstav.<\/p>\n<ul>\n<li>Spolo\u010densk\u00e1 miestnos\u0165 \u2013 <strong>25 \u20ac\/h<\/strong><\/li>\n<li>Rozpr\u00e1vkov\u00e1 miestnos\u0165 \u2013 <strong>20 \u20ac\/h<\/strong><\/li>\n<li>Klubov\u0148a \u2013 <strong>20 \u20ac\/h<\/strong><\/li>\n<li>Spolo\u010densk\u00e1 + rozpr\u00e1vkov\u00e1 \u2013 <strong>35 \u20ac\/h<\/strong><\/li>\n<li>V\u00fdstavn\u00e1 plocha \u2013 <strong>10 \u20ac za mesiac<\/strong><\/li>\n<li>Poskytnutie vybavenia kuchynky \u2013 <strong>5\u20ac<\/strong><\/li>\n<\/ul>\n<p>17. SmartLab \u2013 Inteligentn\u00e9 laborat\u00f3rium<\/p>\n<p>Ceny slu\u017eieb <a href=\"https:\/\/www.krajskakniznicazilina.sk\/index.php\/sluzby\/makerspace\/\">SmartLabu<\/a> n\u00e1jdete na na\u0161ej <a href=\"https:\/\/www.krajskakniznicazilina.sk\/index.php\/sluzby\/makerspace\/cennik-smartlab\/\">str\u00e1nke. <\/a>Slu\u017eby SmartLabu s\u00fa poskytovan\u00e9 pou\u017e\u00edvate\u013eom s platn\u00fdm \u010ditate\u013esk\u00fdm preukazom.<\/p>\n<p>&nbsp;<\/p>\n<p>V pr\u00edpade prekro\u010denia dl\u017enej sumy nad 10 \u20ac bud\u00fa pou\u017e\u00edvate\u013eovi zablokovan\u00e9 \u010fal\u0161ie v\u00fdpo\u017ei\u010dky a\u017e do vysporiadania z\u00e1v\u00e4zkov vo\u010di kni\u017enici. Dl\u017en\u00fa sumu je pou\u017e\u00edvate\u013e povinn\u00fd uhradi\u0165 najnesk\u00f4r pri nasleduj\u00facej n\u00e1v\u0161teve kni\u017enice.<\/p>\n<p>Pri preregistr\u00e1cii musia ma\u0165 pou\u017e\u00edvatelia vysporiadan\u00e9 v\u0161etky z\u00e1v\u00e4zky vo\u010di kni\u017enici (napr. pokuty).<\/p>\n<p>Kni\u017enica vyd\u00e1 pou\u017e\u00edvate\u013eovi doklad o zaplaten\u00ed v\u0161etk\u00fdch poplatkov.<\/p>\n<p>Ceny pod\u013ea aktu\u00e1lneho cenn\u00edka bud\u00fa prepo\u010d\u00edtan\u00e9 so sp\u00e4tnou platnos\u0165ou.<\/p>\n","protected":false},"excerpt":{"rendered":"<p>Cenn\u00edk slu\u017eieb a poplatkov k 01 .09. 2025 1. Poplatky za registr\u00e1ciu pou\u017e\u00edvate\u013ea v Krajskej kni\u017enici v \u017diline Rodinn\u00fd preukaz Z\u013eavy nie je mo\u017en\u00e9 kombinova\u0165. Pou\u017e\u00edvatelia m\u00f4\u017eu prispie\u0165 na \u010dinnos\u0165 kni\u017enice zv\u00fd\u0161en\u00fdm z\u00e1pisn\u00fdm (dobrovo\u013en\u00fdm pr\u00edspevkom). Za vystavenie n\u00e1hradn\u00e9ho \u010ditate\u013esk\u00e9ho preukazu pri strate si kni\u017enica \u00fa\u010dtuje manipula\u010dn\u00fd poplatok 2,00 \u20ac 2. N\u00e1v\u0161tevn\u00edkom za \u00fa\u010delom jednod\u0148ov\u00e9ho prezen\u010dn\u00e9ho &#8230; <a title=\"Cenn\u00edk slu\u017eieb a poplatkov\" class=\"read-more\" href=\"https:\/\/www.krajskakniznicazilina.sk\/index.php\/sluzby\/cennik\/\" aria-label=\"Pre\u010d\u00edtajte si viac o Cenn\u00edk slu\u017eieb a poplatkov\">\u010c\u00edta\u0165 viac<\/a><\/p>\n","protected":false},"author":1,"featured_media":0,"parent":31,"menu_order":0,"comment_status":"closed","ping_status":"closed","template":"","meta":{"footnotes":""},"class_list":["post-377","page","type-page","status-publish"],"_links":{"self":[{"href":"https:\/\/www.krajskakniznicazilina.sk\/index.php\/wp-json\/wp\/v2\/pages\/377","targetHints":{"allow":["GET"]}}],"collection":[{"href":"https:\/\/www.krajskakniznicazilina.sk\/index.php\/wp-json\/wp\/v2\/pages"}],"about":[{"href":"https:\/\/www.krajskakniznicazilina.sk\/index.php\/wp-json\/wp\/v2\/types\/page"}],"author":[{"embeddable":true,"href":"https:\/\/www.krajskakniznicazilina.sk\/index.php\/wp-json\/wp\/v2\/users\/1"}],"replies":[{"embeddable":true,"href":"https:\/\/www.krajskakniznicazilina.sk\/index.php\/wp-json\/wp\/v2\/comments?post=377"}],"version-history":[{"count":50,"href":"https:\/\/www.krajskakniznicazilina.sk\/index.php\/wp-json\/wp\/v2\/pages\/377\/revisions"}],"predecessor-version":[{"id":16233,"href":"https:\/\/www.krajskakniznicazilina.sk\/index.php\/wp-json\/wp\/v2\/pages\/377\/revisions\/16233"}],"up":[{"embeddable":true,"href":"https:\/\/www.krajskakniznicazilina.sk\/index.php\/wp-json\/wp\/v2\/pages\/31"}],"wp:attachment":[{"href":"https:\/\/www.krajskakniznicazilina.sk\/index.php\/wp-json\/wp\/v2\/media?parent=377"}],"curies":[{"name":"wp","href":"https:\/\/api.w.org\/{rel}","templated":true}]}}